{"id":48194,"date":"2022-11-07T07:49:17","date_gmt":"2022-11-07T06:49:17","guid":{"rendered":"http:\/\/dev.editorialclaret.cat\/producte\/el-pelegrinatge-com-a-viatge\/"},"modified":"2024-09-16T18:20:23","modified_gmt":"2024-09-16T16:20:23","slug":"el-pelegrinatge-com-a-viatge-9788498463859","status":"publish","type":"product","link":"https:\/\/www.editorialclaret.cat\/es\/producto\/el-pelegrinatge-com-a-viatge-9788498463859\/","title":{"rendered":"EL PELEGRINATGE COM A VIATGE"},"content":{"rendered":"<p>Es podria construir tota una antropologia a partir del terme viatge; una antropologia que seria una doctrina psicol\u00f2gia i social molt completa que donaria ra\u00f3 de les variades formes de pres\u00e8ncia de l\u2019\u00e9sser hum\u00e0 en el seu m\u00f3n quotidi\u00e0. El viatge, perqu\u00e8 \u00e9s vida, \u00e9s moviment, canvi, que, per a b\u00e9 i per a mal, modifica el viatger i totes les coses i les idees que, de lluny o de prop, s\u2019hi relacionen.<br \/>\u00c9s un \u201cjard\u00ed de s\u00edmbols\u201d aptes per expressar de maneres molt diferenciades les transicions i les transformacions de l\u2019exist\u00e8ncia humana: la mort, la vida i els moments forts de la vida social.<\/p>\n","protected":false},"excerpt":{"rendered":"<p>DUCH, LLU\u00cdS<\/p>\n","protected":false},"featured_media":67030,"template":"","meta":{"_acf_changed":false,"rs_blank_template":"","rs_page_bg_color":"","slide_template_v7":"","inline_featured_image":false,"_monsterinsights_skip_tracking":false,"_monsterinsights_sitenote_active":false,"_monsterinsights_sitenote_note":"","_monsterinsights_sitenote_category":0},"product_brand":[],"product_cat":[16],"product_tag":[],"class_list":{"0":"post-48194","1":"product","2":"type-product","3":"status-publish","4":"has-post-thumbnail","6":"product_cat-sense-categoria","8":"first","9":"instock","10":"taxable","11":"shipping-taxable","12":"purchasable","13":"product-type-simple"},"acf":{"autor":"DUCH, LLU\u00cdS","codart":"849846385","libros-coleccion":"FUNDACIO JOAN MARAGALL","ediciones":"1","encuadernacion":"Grapado","fecha_de_publicacion":"01\/06\/2010","novedad":"0","paginas":"36","subtitulo":"","orden":"999","portada":"0","idioma":"cat","autores-libros":[]},"yoast_head":"<!-- This site is optimized with the Yoast SEO plugin v27.3 - https:\/\/yoast.com\/product\/yoast-seo-wordpress\/ -->\n<title>Editorial Claret<\/title>\n<meta name=\"robots\" content=\"noindex, follow, max-snippet:-1, max-image-preview:large, max-video-preview:-1\" \/>\n<meta property=\"og:locale\" content=\"es_ES\" \/>\n<meta property=\"og:type\" content=\"article\" \/>\n<meta property=\"og:title\" content=\"EL PELEGRINATGE COM A VIATGE - Editorial Claret\" \/>\n<meta property=\"og:description\" content=\"DUCH, LLU\u00cdS\" \/>\n<meta property=\"og:url\" content=\"https:\/\/www.editorialclaret.cat\/producte\/el-pelegrinatge-com-a-viatge-9788498463859\/\" \/>\n<meta property=\"og:site_name\" content=\"Editorial Claret\" \/>\n<meta property=\"article:modified_time\" content=\"2024-09-16T16:20:23+00:00\" \/>\n<meta property=\"og:image\" content=\"https:\/\/www.editorialclaret.cat\/wp-content\/uploads\/9788498463859-1.jpg\" \/>\n\t<meta property=\"og:image:width\" content=\"350\" \/>\n\t<meta property=\"og:image:height\" content=\"485\" \/>\n\t<meta property=\"og:image:type\" content=\"image\/jpeg\" \/>\n<meta name=\"twitter:card\" content=\"summary_large_image\" \/>\n<meta name=\"twitter:label1\" content=\"Tiempo de lectura\" \/>\n\t<meta name=\"twitter:data1\" content=\"1 minuto\" \/>\n<script type=\"application\/ld+json\" class=\"yoast-schema-graph\">{\"@context\":\"https:\\\/\\\/schema.org\",\"@graph\":[{\"@type\":\"WebPage\",\"@id\":\"https:\\\/\\\/www.editorialclaret.cat\\\/producte\\\/el-pelegrinatge-com-a-viatge-9788498463859\\\/\",\"url\":\"https:\\\/\\\/www.editorialclaret.cat\\\/producte\\\/el-pelegrinatge-com-a-viatge-9788498463859\\\/\",\"name\":\"EL PELEGRINATGE COM A VIATGE - Editorial Claret\",\"isPartOf\":{\"@id\":\"https:\\\/\\\/www.editorialclaret.cat\\\/#website\"},\"primaryImageOfPage\":{\"@id\":\"https:\\\/\\\/www.editorialclaret.cat\\\/producte\\\/el-pelegrinatge-com-a-viatge-9788498463859\\\/#primaryimage\"},\"image\":{\"@id\":\"https:\\\/\\\/www.editorialclaret.cat\\\/producte\\\/el-pelegrinatge-com-a-viatge-9788498463859\\\/#primaryimage\"},\"thumbnailUrl\":\"https:\\\/\\\/www.editorialclaret.cat\\\/wp-content\\\/uploads\\\/9788498463859-1.jpg\",\"datePublished\":\"2022-11-07T06:49:17+00:00\",\"dateModified\":\"2024-09-16T16:20:23+00:00\",\"breadcrumb\":{\"@id\":\"https:\\\/\\\/www.editorialclaret.cat\\\/producte\\\/el-pelegrinatge-com-a-viatge-9788498463859\\\/#breadcrumb\"},\"inLanguage\":\"es\",\"potentialAction\":[{\"@type\":\"ReadAction\",\"target\":[\"https:\\\/\\\/www.editorialclaret.cat\\\/producte\\\/el-pelegrinatge-com-a-viatge-9788498463859\\\/\"]}]},{\"@type\":\"ImageObject\",\"inLanguage\":\"es\",\"@id\":\"https:\\\/\\\/www.editorialclaret.cat\\\/producte\\\/el-pelegrinatge-com-a-viatge-9788498463859\\\/#primaryimage\",\"url\":\"https:\\\/\\\/www.editorialclaret.cat\\\/wp-content\\\/uploads\\\/9788498463859-1.jpg\",\"contentUrl\":\"https:\\\/\\\/www.editorialclaret.cat\\\/wp-content\\\/uploads\\\/9788498463859-1.jpg\",\"width\":350,\"height\":485,\"caption\":\"9788498463859.jpg\"},{\"@type\":\"BreadcrumbList\",\"@id\":\"https:\\\/\\\/www.editorialclaret.cat\\\/producte\\\/el-pelegrinatge-com-a-viatge-9788498463859\\\/#breadcrumb\",\"itemListElement\":[{\"@type\":\"ListItem\",\"position\":1,\"name\":\"Portada\",\"item\":\"https:\\\/\\\/www.editorialclaret.cat\\\/es\\\/\"},{\"@type\":\"ListItem\",\"position\":2,\"name\":\"Botiga\",\"item\":\"https:\\\/\\\/www.editorialclaret.cat\\\/?page_id=16\"},{\"@type\":\"ListItem\",\"position\":3,\"name\":\"EL PELEGRINATGE COM A VIATGE\"}]},{\"@type\":\"WebSite\",\"@id\":\"https:\\\/\\\/www.editorialclaret.cat\\\/#website\",\"url\":\"https:\\\/\\\/www.editorialclaret.cat\\\/\",\"name\":\"Editorial Claret\",\"description\":\"\",\"publisher\":{\"@id\":\"https:\\\/\\\/www.editorialclaret.cat\\\/#organization\"},\"potentialAction\":[{\"@type\":\"SearchAction\",\"target\":{\"@type\":\"EntryPoint\",\"urlTemplate\":\"https:\\\/\\\/www.editorialclaret.cat\\\/?s={search_term_string}\"},\"query-input\":{\"@type\":\"PropertyValueSpecification\",\"valueRequired\":true,\"valueName\":\"search_term_string\"}}],\"inLanguage\":\"es\"},{\"@type\":\"Organization\",\"@id\":\"https:\\\/\\\/www.editorialclaret.cat\\\/#organization\",\"name\":\"Editorial Claret\",\"url\":\"https:\\\/\\\/www.editorialclaret.cat\\\/\",\"logo\":{\"@type\":\"ImageObject\",\"inLanguage\":\"es\",\"@id\":\"https:\\\/\\\/www.editorialclaret.cat\\\/#\\\/schema\\\/logo\\\/image\\\/\",\"url\":\"https:\\\/\\\/www.editorialclaret.cat\\\/wp-content\\\/uploads\\\/.\\\/logo-claret.png\",\"contentUrl\":\"https:\\\/\\\/www.editorialclaret.cat\\\/wp-content\\\/uploads\\\/.\\\/logo-claret.png\",\"width\":194,\"height\":79,\"caption\":\"Editorial Claret\"},\"image\":{\"@id\":\"https:\\\/\\\/www.editorialclaret.cat\\\/#\\\/schema\\\/logo\\\/image\\\/\"}}]}<\/script>\n<!-- \/ Yoast SEO plugin. -->","yoast_head_json":{"title":"Editorial Claret","robots":{"index":"noindex","follow":"follow","max-snippet":"max-snippet:-1","max-image-preview":"max-image-preview:large","max-video-preview":"max-video-preview:-1"},"og_locale":"es_ES","og_type":"article","og_title":"EL PELEGRINATGE COM A VIATGE - Editorial Claret","og_description":"DUCH, LLU\u00cdS","og_url":"https:\/\/www.editorialclaret.cat\/producte\/el-pelegrinatge-com-a-viatge-9788498463859\/","og_site_name":"Editorial Claret","article_modified_time":"2024-09-16T16:20:23+00:00","og_image":[{"width":350,"height":485,"url":"https:\/\/www.editorialclaret.cat\/wp-content\/uploads\/9788498463859-1.jpg","type":"image\/jpeg"}],"twitter_card":"summary_large_image","twitter_misc":{"Tiempo de lectura":"1 minuto"},"schema":{"@context":"https:\/\/schema.org","@graph":[{"@type":"WebPage","@id":"https:\/\/www.editorialclaret.cat\/producte\/el-pelegrinatge-com-a-viatge-9788498463859\/","url":"https:\/\/www.editorialclaret.cat\/producte\/el-pelegrinatge-com-a-viatge-9788498463859\/","name":"EL PELEGRINATGE COM A VIATGE - Editorial Claret","isPartOf":{"@id":"https:\/\/www.editorialclaret.cat\/#website"},"primaryImageOfPage":{"@id":"https:\/\/www.editorialclaret.cat\/producte\/el-pelegrinatge-com-a-viatge-9788498463859\/#primaryimage"},"image":{"@id":"https:\/\/www.editorialclaret.cat\/producte\/el-pelegrinatge-com-a-viatge-9788498463859\/#primaryimage"},"thumbnailUrl":"https:\/\/www.editorialclaret.cat\/wp-content\/uploads\/9788498463859-1.jpg","datePublished":"2022-11-07T06:49:17+00:00","dateModified":"2024-09-16T16:20:23+00:00","breadcrumb":{"@id":"https:\/\/www.editorialclaret.cat\/producte\/el-pelegrinatge-com-a-viatge-9788498463859\/#breadcrumb"},"inLanguage":"es","potentialAction":[{"@type":"ReadAction","target":["https:\/\/www.editorialclaret.cat\/producte\/el-pelegrinatge-com-a-viatge-9788498463859\/"]}]},{"@type":"ImageObject","inLanguage":"es","@id":"https:\/\/www.editorialclaret.cat\/producte\/el-pelegrinatge-com-a-viatge-9788498463859\/#primaryimage","url":"https:\/\/www.editorialclaret.cat\/wp-content\/uploads\/9788498463859-1.jpg","contentUrl":"https:\/\/www.editorialclaret.cat\/wp-content\/uploads\/9788498463859-1.jpg","width":350,"height":485,"caption":"9788498463859.jpg"},{"@type":"BreadcrumbList","@id":"https:\/\/www.editorialclaret.cat\/producte\/el-pelegrinatge-com-a-viatge-9788498463859\/#breadcrumb","itemListElement":[{"@type":"ListItem","position":1,"name":"Portada","item":"https:\/\/www.editorialclaret.cat\/es\/"},{"@type":"ListItem","position":2,"name":"Botiga","item":"https:\/\/www.editorialclaret.cat\/?page_id=16"},{"@type":"ListItem","position":3,"name":"EL PELEGRINATGE COM A VIATGE"}]},{"@type":"WebSite","@id":"https:\/\/www.editorialclaret.cat\/#website","url":"https:\/\/www.editorialclaret.cat\/","name":"Editorial Claret","description":"","publisher":{"@id":"https:\/\/www.editorialclaret.cat\/#organization"},"potentialAction":[{"@type":"SearchAction","target":{"@type":"EntryPoint","urlTemplate":"https:\/\/www.editorialclaret.cat\/?s={search_term_string}"},"query-input":{"@type":"PropertyValueSpecification","valueRequired":true,"valueName":"search_term_string"}}],"inLanguage":"es"},{"@type":"Organization","@id":"https:\/\/www.editorialclaret.cat\/#organization","name":"Editorial Claret","url":"https:\/\/www.editorialclaret.cat\/","logo":{"@type":"ImageObject","inLanguage":"es","@id":"https:\/\/www.editorialclaret.cat\/#\/schema\/logo\/image\/","url":"https:\/\/www.editorialclaret.cat\/wp-content\/uploads\/.\/logo-claret.png","contentUrl":"https:\/\/www.editorialclaret.cat\/wp-content\/uploads\/.\/logo-claret.png","width":194,"height":79,"caption":"Editorial Claret"},"image":{"@id":"https:\/\/www.editorialclaret.cat\/#\/schema\/logo\/image\/"}}]}},"_links":{"self":[{"href":"https:\/\/www.editorialclaret.cat\/es\/wp-json\/wp\/v2\/product\/48194","targetHints":{"allow":["GET"]}}],"collection":[{"href":"https:\/\/www.editorialclaret.cat\/es\/wp-json\/wp\/v2\/product"}],"about":[{"href":"https:\/\/www.editorialclaret.cat\/es\/wp-json\/wp\/v2\/types\/product"}],"wp:featuredmedia":[{"embeddable":true,"href":"https:\/\/www.editorialclaret.cat\/es\/wp-json\/wp\/v2\/media\/67030"}],"wp:attachment":[{"href":"https:\/\/www.editorialclaret.cat\/es\/wp-json\/wp\/v2\/media?parent=48194"}],"wp:term":[{"taxonomy":"product_brand","embeddable":true,"href":"https:\/\/www.editorialclaret.cat\/es\/wp-json\/wp\/v2\/product_brand?post=48194"},{"taxonomy":"product_cat","embeddable":true,"href":"https:\/\/www.editorialclaret.cat\/es\/wp-json\/wp\/v2\/product_cat?post=48194"},{"taxonomy":"product_tag","embeddable":true,"href":"https:\/\/www.editorialclaret.cat\/es\/wp-json\/wp\/v2\/product_tag?post=48194"}],"curies":[{"name":"wp","href":"https:\/\/api.w.org\/{rel}","templated":true}]}}