{"id":48038,"date":"2022-11-07T07:46:32","date_gmt":"2022-11-07T06:46:32","guid":{"rendered":"http:\/\/dev.editorialclaret.cat\/producte\/el-compromis-de-lafrica-africa-munus\/"},"modified":"2024-05-22T13:20:37","modified_gmt":"2024-05-22T11:20:37","slug":"el-compromis-de-lafrica-africa-munus-9788498466355","status":"publish","type":"product","link":"https:\/\/www.editorialclaret.cat\/es\/producto\/el-compromis-de-lafrica-africa-munus-9788498466355\/","title":{"rendered":"EL COMPROM\u00cdS DE L&#8217;\u00c0FRICA &#8211; AFRICA MUNUS"},"content":{"rendered":"<p>Exhortaci\u00f3 apost\u00f2lica postsinodal Africae munus als bisbes, al clergat, a les persones consagrades i als fidels laics sobre l\u2019Esgl\u00e9sia a l\u2019\u00c0frica al servei de la reconciliaci\u00f3, la just\u00edcia i la pau.<br \/>El papa Benet XVI va convocar una segona Assemblea especial per a l\u2019\u00c0frica del S\u00ednode dels Bisbes, celebrada del 4 al 25 d\u2019octubre de 2009 al Vatic\u00e0. El comprom\u00eds de l\u2019\u00c0frica amb el Senyor Jes\u00fas \u00e9s un tresor preci\u00f3s que el papa Benet XVI confia en aquest comen\u00e7ament del tercer mil\u00b7leni als bisbes, als preveres, als diaques permanents, a les persones consagrades, als catequistes i als laics d\u2019aquest continent i de les illes ve\u00efnes.<\/p>\n","protected":false},"excerpt":{"rendered":"<p>BENET XVI<\/p>\n","protected":false},"featured_media":48039,"template":"","meta":{"_acf_changed":false,"rs_blank_template":"","rs_page_bg_color":"","slide_template_v7":"","inline_featured_image":false,"_monsterinsights_skip_tracking":false,"_monsterinsights_sitenote_active":false,"_monsterinsights_sitenote_note":"","_monsterinsights_sitenote_category":0},"product_brand":[],"product_cat":[1288],"product_tag":[],"class_list":{"0":"post-48038","1":"product","2":"type-product","3":"status-publish","4":"has-post-thumbnail","6":"product_cat-documents-dels-masgisteri","8":"first","9":"instock","10":"taxable","11":"shipping-taxable","12":"purchasable","13":"product-type-simple"},"acf":{"autor":"BENET XVI","codart":"849846635","libros-coleccion":"DOCUMENTS DEL MAGISTERI","ediciones":"1","encuadernacion":"R\u00fastica","fecha_de_publicacion":"14\/12\/2011","novedad":"0","paginas":"133","subtitulo":"EXHORTACI\u00d3 APOST\u00d2LICA POSTSINODAL","orden":"999","portada":"0","idioma":"cat","autores-libros":[{"ID":46750,"post_author":"3","post_date":"2022-11-06 20:30:50","post_date_gmt":"2022-11-06 19:30:50","post_content":"","post_title":"BENET XVI","post_excerpt":"","post_status":"publish","comment_status":"closed","ping_status":"closed","post_password":"","post_name":"benet-xvi","to_ping":"","pinged":"","post_modified":"2022-11-06 20:30:50","post_modified_gmt":"2022-11-06 19:30:50","post_content_filtered":"","post_parent":0,"guid":"http:\/\/dev.editorialclaret.cat\/autor\/benet-xvi\/","menu_order":0,"post_type":"autor","post_mime_type":"","comment_count":"0","filter":"raw"}]},"yoast_head":"<!-- This site is optimized with the Yoast SEO plugin v27.3 - https:\/\/yoast.com\/product\/yoast-seo-wordpress\/ -->\n<title>Editorial Claret<\/title>\n<meta name=\"robots\" content=\"noindex, follow, max-snippet:-1, max-image-preview:large, max-video-preview:-1\" \/>\n<meta property=\"og:locale\" content=\"es_ES\" \/>\n<meta property=\"og:type\" content=\"article\" \/>\n<meta property=\"og:title\" content=\"EL COMPROM\u00cdS DE L&#039;\u00c0FRICA - AFRICA MUNUS - Editorial Claret\" \/>\n<meta property=\"og:description\" content=\"BENET XVI\" \/>\n<meta property=\"og:url\" content=\"https:\/\/www.editorialclaret.cat\/producte\/el-compromis-de-lafrica-africa-munus-9788498466355\/\" \/>\n<meta property=\"og:site_name\" content=\"Editorial Claret\" \/>\n<meta property=\"article:modified_time\" content=\"2024-05-22T11:20:37+00:00\" \/>\n<meta property=\"og:image\" content=\"https:\/\/www.editorialclaret.cat\/wp-content\/uploads\/.\/9788498466355.png\" \/>\n\t<meta property=\"og:image:width\" content=\"201\" \/>\n\t<meta property=\"og:image:height\" content=\"345\" \/>\n\t<meta property=\"og:image:type\" content=\"image\/png\" \/>\n<meta name=\"twitter:card\" content=\"summary_large_image\" \/>\n<meta name=\"twitter:label1\" content=\"Tiempo de lectura\" \/>\n\t<meta name=\"twitter:data1\" content=\"1 minuto\" \/>\n<script type=\"application\/ld+json\" class=\"yoast-schema-graph\">{\"@context\":\"https:\\\/\\\/schema.org\",\"@graph\":[{\"@type\":\"WebPage\",\"@id\":\"https:\\\/\\\/www.editorialclaret.cat\\\/producte\\\/el-compromis-de-lafrica-africa-munus-9788498466355\\\/\",\"url\":\"https:\\\/\\\/www.editorialclaret.cat\\\/producte\\\/el-compromis-de-lafrica-africa-munus-9788498466355\\\/\",\"name\":\"EL COMPROM\u00cdS DE L'\u00c0FRICA - AFRICA MUNUS - Editorial Claret\",\"isPartOf\":{\"@id\":\"https:\\\/\\\/www.editorialclaret.cat\\\/#website\"},\"primaryImageOfPage\":{\"@id\":\"https:\\\/\\\/www.editorialclaret.cat\\\/producte\\\/el-compromis-de-lafrica-africa-munus-9788498466355\\\/#primaryimage\"},\"image\":{\"@id\":\"https:\\\/\\\/www.editorialclaret.cat\\\/producte\\\/el-compromis-de-lafrica-africa-munus-9788498466355\\\/#primaryimage\"},\"thumbnailUrl\":\"https:\\\/\\\/www.editorialclaret.cat\\\/wp-content\\\/uploads\\\/.\\\/9788498466355.png\",\"datePublished\":\"2022-11-07T06:46:32+00:00\",\"dateModified\":\"2024-05-22T11:20:37+00:00\",\"breadcrumb\":{\"@id\":\"https:\\\/\\\/www.editorialclaret.cat\\\/producte\\\/el-compromis-de-lafrica-africa-munus-9788498466355\\\/#breadcrumb\"},\"inLanguage\":\"es\",\"potentialAction\":[{\"@type\":\"ReadAction\",\"target\":[\"https:\\\/\\\/www.editorialclaret.cat\\\/producte\\\/el-compromis-de-lafrica-africa-munus-9788498466355\\\/\"]}]},{\"@type\":\"ImageObject\",\"inLanguage\":\"es\",\"@id\":\"https:\\\/\\\/www.editorialclaret.cat\\\/producte\\\/el-compromis-de-lafrica-africa-munus-9788498466355\\\/#primaryimage\",\"url\":\"https:\\\/\\\/www.editorialclaret.cat\\\/wp-content\\\/uploads\\\/.\\\/9788498466355.png\",\"contentUrl\":\"https:\\\/\\\/www.editorialclaret.cat\\\/wp-content\\\/uploads\\\/.\\\/9788498466355.png\",\"width\":201,\"height\":345,\"caption\":\"9788498466355.png\"},{\"@type\":\"BreadcrumbList\",\"@id\":\"https:\\\/\\\/www.editorialclaret.cat\\\/producte\\\/el-compromis-de-lafrica-africa-munus-9788498466355\\\/#breadcrumb\",\"itemListElement\":[{\"@type\":\"ListItem\",\"position\":1,\"name\":\"Portada\",\"item\":\"https:\\\/\\\/www.editorialclaret.cat\\\/es\\\/\"},{\"@type\":\"ListItem\",\"position\":2,\"name\":\"Botiga\",\"item\":\"https:\\\/\\\/www.editorialclaret.cat\\\/?page_id=16\"},{\"@type\":\"ListItem\",\"position\":3,\"name\":\"EL COMPROM\u00cdS DE L&#8217;\u00c0FRICA &#8211; AFRICA MUNUS\"}]},{\"@type\":\"WebSite\",\"@id\":\"https:\\\/\\\/www.editorialclaret.cat\\\/#website\",\"url\":\"https:\\\/\\\/www.editorialclaret.cat\\\/\",\"name\":\"Editorial Claret\",\"description\":\"\",\"publisher\":{\"@id\":\"https:\\\/\\\/www.editorialclaret.cat\\\/#organization\"},\"potentialAction\":[{\"@type\":\"SearchAction\",\"target\":{\"@type\":\"EntryPoint\",\"urlTemplate\":\"https:\\\/\\\/www.editorialclaret.cat\\\/?s={search_term_string}\"},\"query-input\":{\"@type\":\"PropertyValueSpecification\",\"valueRequired\":true,\"valueName\":\"search_term_string\"}}],\"inLanguage\":\"es\"},{\"@type\":\"Organization\",\"@id\":\"https:\\\/\\\/www.editorialclaret.cat\\\/#organization\",\"name\":\"Editorial Claret\",\"url\":\"https:\\\/\\\/www.editorialclaret.cat\\\/\",\"logo\":{\"@type\":\"ImageObject\",\"inLanguage\":\"es\",\"@id\":\"https:\\\/\\\/www.editorialclaret.cat\\\/#\\\/schema\\\/logo\\\/image\\\/\",\"url\":\"https:\\\/\\\/www.editorialclaret.cat\\\/wp-content\\\/uploads\\\/.\\\/logo-claret.png\",\"contentUrl\":\"https:\\\/\\\/www.editorialclaret.cat\\\/wp-content\\\/uploads\\\/.\\\/logo-claret.png\",\"width\":194,\"height\":79,\"caption\":\"Editorial Claret\"},\"image\":{\"@id\":\"https:\\\/\\\/www.editorialclaret.cat\\\/#\\\/schema\\\/logo\\\/image\\\/\"}}]}<\/script>\n<!-- \/ Yoast SEO plugin. -->","yoast_head_json":{"title":"Editorial Claret","robots":{"index":"noindex","follow":"follow","max-snippet":"max-snippet:-1","max-image-preview":"max-image-preview:large","max-video-preview":"max-video-preview:-1"},"og_locale":"es_ES","og_type":"article","og_title":"EL COMPROM\u00cdS DE L'\u00c0FRICA - AFRICA MUNUS - Editorial Claret","og_description":"BENET XVI","og_url":"https:\/\/www.editorialclaret.cat\/producte\/el-compromis-de-lafrica-africa-munus-9788498466355\/","og_site_name":"Editorial Claret","article_modified_time":"2024-05-22T11:20:37+00:00","og_image":[{"width":201,"height":345,"url":"https:\/\/www.editorialclaret.cat\/wp-content\/uploads\/.\/9788498466355.png","type":"image\/png"}],"twitter_card":"summary_large_image","twitter_misc":{"Tiempo de lectura":"1 minuto"},"schema":{"@context":"https:\/\/schema.org","@graph":[{"@type":"WebPage","@id":"https:\/\/www.editorialclaret.cat\/producte\/el-compromis-de-lafrica-africa-munus-9788498466355\/","url":"https:\/\/www.editorialclaret.cat\/producte\/el-compromis-de-lafrica-africa-munus-9788498466355\/","name":"EL COMPROM\u00cdS DE L'\u00c0FRICA - AFRICA MUNUS - Editorial Claret","isPartOf":{"@id":"https:\/\/www.editorialclaret.cat\/#website"},"primaryImageOfPage":{"@id":"https:\/\/www.editorialclaret.cat\/producte\/el-compromis-de-lafrica-africa-munus-9788498466355\/#primaryimage"},"image":{"@id":"https:\/\/www.editorialclaret.cat\/producte\/el-compromis-de-lafrica-africa-munus-9788498466355\/#primaryimage"},"thumbnailUrl":"https:\/\/www.editorialclaret.cat\/wp-content\/uploads\/.\/9788498466355.png","datePublished":"2022-11-07T06:46:32+00:00","dateModified":"2024-05-22T11:20:37+00:00","breadcrumb":{"@id":"https:\/\/www.editorialclaret.cat\/producte\/el-compromis-de-lafrica-africa-munus-9788498466355\/#breadcrumb"},"inLanguage":"es","potentialAction":[{"@type":"ReadAction","target":["https:\/\/www.editorialclaret.cat\/producte\/el-compromis-de-lafrica-africa-munus-9788498466355\/"]}]},{"@type":"ImageObject","inLanguage":"es","@id":"https:\/\/www.editorialclaret.cat\/producte\/el-compromis-de-lafrica-africa-munus-9788498466355\/#primaryimage","url":"https:\/\/www.editorialclaret.cat\/wp-content\/uploads\/.\/9788498466355.png","contentUrl":"https:\/\/www.editorialclaret.cat\/wp-content\/uploads\/.\/9788498466355.png","width":201,"height":345,"caption":"9788498466355.png"},{"@type":"BreadcrumbList","@id":"https:\/\/www.editorialclaret.cat\/producte\/el-compromis-de-lafrica-africa-munus-9788498466355\/#breadcrumb","itemListElement":[{"@type":"ListItem","position":1,"name":"Portada","item":"https:\/\/www.editorialclaret.cat\/es\/"},{"@type":"ListItem","position":2,"name":"Botiga","item":"https:\/\/www.editorialclaret.cat\/?page_id=16"},{"@type":"ListItem","position":3,"name":"EL COMPROM\u00cdS DE L&#8217;\u00c0FRICA &#8211; AFRICA MUNUS"}]},{"@type":"WebSite","@id":"https:\/\/www.editorialclaret.cat\/#website","url":"https:\/\/www.editorialclaret.cat\/","name":"Editorial Claret","description":"","publisher":{"@id":"https:\/\/www.editorialclaret.cat\/#organization"},"potentialAction":[{"@type":"SearchAction","target":{"@type":"EntryPoint","urlTemplate":"https:\/\/www.editorialclaret.cat\/?s={search_term_string}"},"query-input":{"@type":"PropertyValueSpecification","valueRequired":true,"valueName":"search_term_string"}}],"inLanguage":"es"},{"@type":"Organization","@id":"https:\/\/www.editorialclaret.cat\/#organization","name":"Editorial Claret","url":"https:\/\/www.editorialclaret.cat\/","logo":{"@type":"ImageObject","inLanguage":"es","@id":"https:\/\/www.editorialclaret.cat\/#\/schema\/logo\/image\/","url":"https:\/\/www.editorialclaret.cat\/wp-content\/uploads\/.\/logo-claret.png","contentUrl":"https:\/\/www.editorialclaret.cat\/wp-content\/uploads\/.\/logo-claret.png","width":194,"height":79,"caption":"Editorial Claret"},"image":{"@id":"https:\/\/www.editorialclaret.cat\/#\/schema\/logo\/image\/"}}]}},"_links":{"self":[{"href":"https:\/\/www.editorialclaret.cat\/es\/wp-json\/wp\/v2\/product\/48038","targetHints":{"allow":["GET"]}}],"collection":[{"href":"https:\/\/www.editorialclaret.cat\/es\/wp-json\/wp\/v2\/product"}],"about":[{"href":"https:\/\/www.editorialclaret.cat\/es\/wp-json\/wp\/v2\/types\/product"}],"wp:featuredmedia":[{"embeddable":true,"href":"https:\/\/www.editorialclaret.cat\/es\/wp-json\/wp\/v2\/media\/48039"}],"wp:attachment":[{"href":"https:\/\/www.editorialclaret.cat\/es\/wp-json\/wp\/v2\/media?parent=48038"}],"wp:term":[{"taxonomy":"product_brand","embeddable":true,"href":"https:\/\/www.editorialclaret.cat\/es\/wp-json\/wp\/v2\/product_brand?post=48038"},{"taxonomy":"product_cat","embeddable":true,"href":"https:\/\/www.editorialclaret.cat\/es\/wp-json\/wp\/v2\/product_cat?post=48038"},{"taxonomy":"product_tag","embeddable":true,"href":"https:\/\/www.editorialclaret.cat\/es\/wp-json\/wp\/v2\/product_tag?post=48038"}],"curies":[{"name":"wp","href":"https:\/\/api.w.org\/{rel}","templated":true}]}}