{"id":48029,"date":"2022-11-07T07:46:23","date_gmt":"2022-11-07T06:46:23","guid":{"rendered":"http:\/\/dev.editorialclaret.cat\/producte\/carta-als-joves\/"},"modified":"2026-01-26T19:53:25","modified_gmt":"2026-01-26T18:53:25","slug":"carta-als-joves-9788498466034","status":"publish","type":"product","link":"https:\/\/www.editorialclaret.cat\/es\/producto\/carta-als-joves-9788498466034\/","title":{"rendered":"CARTA ALS JOVES"},"content":{"rendered":"<p>La recerca i desenvolupament de la fe no \u00e9s quelcom ali\u00e8 a la manera de ser de l\u2019home, sin\u00f3 que, per contra, sintonitza amb les seves aspiracions m\u00e9s genu\u00efnes, \u00e9s a dir, el desig de relacions personals, l\u2019inter\u00e8s per l\u2019amor, la necessitat de con\u00e8ixer, la recerca de la realitzaci\u00f3 personal i la voluntat de ser \u00fatil i d\u2019aportar alguna cosa bona a la societat. En un context social dif\u00edcil per a la fe cristiana, amb escassa formaci\u00f3 religiosa familiar, com pot entrar un jove en contacte amb Jes\u00fas? Com pot iniciar-se en el cam\u00ed de la fe i tenir una trobada personal amb Ell? Aquesta carta de Xavier Novell i Gom\u00e0, bisbe de Solsona, convida els joves a avan\u00e7ar cap a una vida creient, amb l\u2019aspiraci\u00f3 de despertar en aquells qui no creuen l\u2019inter\u00e8s per con\u00e8ixer la proposta cristiana i d\u2019impulsar els ja creients a avan\u00e7ar en un cam\u00ed personal de fe. Aquesta edici\u00f3 en catal\u00e0 incorpora dos apartats nous; per una banda l\u2019ep\u00edleg de l\u2019apartat quatre; els joves cat\u00f2lics: una minoria creativa, i per l\u2019altra, l\u2019ap\u00e8ndix tres; catequesis als joves de la jornada mundial de la joventut.<\/p>\n","protected":false},"excerpt":{"rendered":"<p>NOVELL I GOM\u00c0, XAVIER (BI<\/p>\n","protected":false},"featured_media":70315,"template":"","meta":{"_acf_changed":false,"rs_blank_template":"","rs_page_bg_color":"","slide_template_v7":"","inline_featured_image":false,"_monsterinsights_skip_tracking":false,"_monsterinsights_sitenote_active":false,"_monsterinsights_sitenote_note":"","_monsterinsights_sitenote_category":0},"product_brand":[],"product_cat":[16],"product_tag":[],"class_list":{"0":"post-48029","1":"product","2":"type-product","3":"status-publish","4":"has-post-thumbnail","6":"product_cat-sense-categoria","8":"first","9":"instock","10":"taxable","11":"shipping-taxable","12":"purchasable","13":"product-type-simple"},"acf":{"autor":"NOVELL I GOM\u00c0, XAVIER (BI","codart":"849846603","libros-coleccion":"","ediciones":"1","encuadernacion":"R\u00fastica","fecha_de_publicacion":"20\/12\/2011","novedad":"0","paginas":"132","subtitulo":"","orden":"999","portada":"0","idioma":"cat","autores-libros":[{"ID":47111,"post_author":"3","post_date":"2022-11-06 20:33:35","post_date_gmt":"2022-11-06 19:33:35","post_content":"","post_title":"XAVIER (BISBE DE SOLSONA) NOVELL I GOM\u00c0","post_excerpt":"","post_status":"publish","comment_status":"closed","ping_status":"closed","post_password":"","post_name":"xavier-bisbe-de-solsona-novell-i-goma","to_ping":"","pinged":"","post_modified":"2022-11-06 20:33:35","post_modified_gmt":"2022-11-06 19:33:35","post_content_filtered":"","post_parent":0,"guid":"http:\/\/dev.editorialclaret.cat\/autor\/xavier-bisbe-de-solsona-novell-i-goma\/","menu_order":0,"post_type":"autor","post_mime_type":"","comment_count":"0","filter":"raw"}],"booktrailer":"","resenas":""},"yoast_head":"<!-- This site is optimized with the Yoast SEO plugin v27.3 - https:\/\/yoast.com\/product\/yoast-seo-wordpress\/ -->\n<title>Editorial Claret<\/title>\n<meta name=\"robots\" content=\"noindex, follow, max-snippet:-1, max-image-preview:large, max-video-preview:-1\" \/>\n<meta property=\"og:locale\" content=\"es_ES\" \/>\n<meta property=\"og:type\" content=\"article\" \/>\n<meta property=\"og:title\" content=\"CARTA ALS JOVES - Editorial Claret\" \/>\n<meta property=\"og:description\" content=\"NOVELL I GOM\u00c0, XAVIER (BI\" \/>\n<meta property=\"og:url\" content=\"https:\/\/www.editorialclaret.cat\/producte\/carta-als-joves-9788498466034\/\" \/>\n<meta property=\"og:site_name\" content=\"Editorial Claret\" \/>\n<meta property=\"article:modified_time\" content=\"2026-01-26T18:53:25+00:00\" \/>\n<meta property=\"og:image\" content=\"https:\/\/www.editorialclaret.cat\/wp-content\/uploads\/9788498466034-1.jpg\" \/>\n\t<meta property=\"og:image:width\" content=\"455\" \/>\n\t<meta property=\"og:image:height\" content=\"675\" \/>\n\t<meta property=\"og:image:type\" content=\"image\/jpeg\" \/>\n<meta name=\"twitter:card\" content=\"summary_large_image\" \/>\n<meta name=\"twitter:label1\" content=\"Tiempo de lectura\" \/>\n\t<meta name=\"twitter:data1\" content=\"1 minuto\" \/>\n<script type=\"application\/ld+json\" class=\"yoast-schema-graph\">{\"@context\":\"https:\\\/\\\/schema.org\",\"@graph\":[{\"@type\":\"WebPage\",\"@id\":\"https:\\\/\\\/www.editorialclaret.cat\\\/producte\\\/carta-als-joves-9788498466034\\\/\",\"url\":\"https:\\\/\\\/www.editorialclaret.cat\\\/producte\\\/carta-als-joves-9788498466034\\\/\",\"name\":\"CARTA ALS JOVES - Editorial Claret\",\"isPartOf\":{\"@id\":\"https:\\\/\\\/www.editorialclaret.cat\\\/#website\"},\"primaryImageOfPage\":{\"@id\":\"https:\\\/\\\/www.editorialclaret.cat\\\/producte\\\/carta-als-joves-9788498466034\\\/#primaryimage\"},\"image\":{\"@id\":\"https:\\\/\\\/www.editorialclaret.cat\\\/producte\\\/carta-als-joves-9788498466034\\\/#primaryimage\"},\"thumbnailUrl\":\"https:\\\/\\\/www.editorialclaret.cat\\\/wp-content\\\/uploads\\\/9788498466034-1.jpg\",\"datePublished\":\"2022-11-07T06:46:23+00:00\",\"dateModified\":\"2026-01-26T18:53:25+00:00\",\"breadcrumb\":{\"@id\":\"https:\\\/\\\/www.editorialclaret.cat\\\/producte\\\/carta-als-joves-9788498466034\\\/#breadcrumb\"},\"inLanguage\":\"es\",\"potentialAction\":[{\"@type\":\"ReadAction\",\"target\":[\"https:\\\/\\\/www.editorialclaret.cat\\\/producte\\\/carta-als-joves-9788498466034\\\/\"]}]},{\"@type\":\"ImageObject\",\"inLanguage\":\"es\",\"@id\":\"https:\\\/\\\/www.editorialclaret.cat\\\/producte\\\/carta-als-joves-9788498466034\\\/#primaryimage\",\"url\":\"https:\\\/\\\/www.editorialclaret.cat\\\/wp-content\\\/uploads\\\/9788498466034-1.jpg\",\"contentUrl\":\"https:\\\/\\\/www.editorialclaret.cat\\\/wp-content\\\/uploads\\\/9788498466034-1.jpg\",\"width\":455,\"height\":675,\"caption\":\"9788498466034.jpg\"},{\"@type\":\"BreadcrumbList\",\"@id\":\"https:\\\/\\\/www.editorialclaret.cat\\\/producte\\\/carta-als-joves-9788498466034\\\/#breadcrumb\",\"itemListElement\":[{\"@type\":\"ListItem\",\"position\":1,\"name\":\"Portada\",\"item\":\"https:\\\/\\\/www.editorialclaret.cat\\\/es\\\/\"},{\"@type\":\"ListItem\",\"position\":2,\"name\":\"Botiga\",\"item\":\"https:\\\/\\\/www.editorialclaret.cat\\\/?page_id=16\"},{\"@type\":\"ListItem\",\"position\":3,\"name\":\"CARTA ALS JOVES\"}]},{\"@type\":\"WebSite\",\"@id\":\"https:\\\/\\\/www.editorialclaret.cat\\\/#website\",\"url\":\"https:\\\/\\\/www.editorialclaret.cat\\\/\",\"name\":\"Editorial Claret\",\"description\":\"\",\"publisher\":{\"@id\":\"https:\\\/\\\/www.editorialclaret.cat\\\/#organization\"},\"potentialAction\":[{\"@type\":\"SearchAction\",\"target\":{\"@type\":\"EntryPoint\",\"urlTemplate\":\"https:\\\/\\\/www.editorialclaret.cat\\\/?s={search_term_string}\"},\"query-input\":{\"@type\":\"PropertyValueSpecification\",\"valueRequired\":true,\"valueName\":\"search_term_string\"}}],\"inLanguage\":\"es\"},{\"@type\":\"Organization\",\"@id\":\"https:\\\/\\\/www.editorialclaret.cat\\\/#organization\",\"name\":\"Editorial Claret\",\"url\":\"https:\\\/\\\/www.editorialclaret.cat\\\/\",\"logo\":{\"@type\":\"ImageObject\",\"inLanguage\":\"es\",\"@id\":\"https:\\\/\\\/www.editorialclaret.cat\\\/#\\\/schema\\\/logo\\\/image\\\/\",\"url\":\"https:\\\/\\\/www.editorialclaret.cat\\\/wp-content\\\/uploads\\\/.\\\/logo-claret.png\",\"contentUrl\":\"https:\\\/\\\/www.editorialclaret.cat\\\/wp-content\\\/uploads\\\/.\\\/logo-claret.png\",\"width\":194,\"height\":79,\"caption\":\"Editorial Claret\"},\"image\":{\"@id\":\"https:\\\/\\\/www.editorialclaret.cat\\\/#\\\/schema\\\/logo\\\/image\\\/\"}}]}<\/script>\n<!-- \/ Yoast SEO plugin. -->","yoast_head_json":{"title":"Editorial Claret","robots":{"index":"noindex","follow":"follow","max-snippet":"max-snippet:-1","max-image-preview":"max-image-preview:large","max-video-preview":"max-video-preview:-1"},"og_locale":"es_ES","og_type":"article","og_title":"CARTA ALS JOVES - Editorial Claret","og_description":"NOVELL I GOM\u00c0, XAVIER (BI","og_url":"https:\/\/www.editorialclaret.cat\/producte\/carta-als-joves-9788498466034\/","og_site_name":"Editorial Claret","article_modified_time":"2026-01-26T18:53:25+00:00","og_image":[{"width":455,"height":675,"url":"https:\/\/www.editorialclaret.cat\/wp-content\/uploads\/9788498466034-1.jpg","type":"image\/jpeg"}],"twitter_card":"summary_large_image","twitter_misc":{"Tiempo de lectura":"1 minuto"},"schema":{"@context":"https:\/\/schema.org","@graph":[{"@type":"WebPage","@id":"https:\/\/www.editorialclaret.cat\/producte\/carta-als-joves-9788498466034\/","url":"https:\/\/www.editorialclaret.cat\/producte\/carta-als-joves-9788498466034\/","name":"CARTA ALS JOVES - Editorial Claret","isPartOf":{"@id":"https:\/\/www.editorialclaret.cat\/#website"},"primaryImageOfPage":{"@id":"https:\/\/www.editorialclaret.cat\/producte\/carta-als-joves-9788498466034\/#primaryimage"},"image":{"@id":"https:\/\/www.editorialclaret.cat\/producte\/carta-als-joves-9788498466034\/#primaryimage"},"thumbnailUrl":"https:\/\/www.editorialclaret.cat\/wp-content\/uploads\/9788498466034-1.jpg","datePublished":"2022-11-07T06:46:23+00:00","dateModified":"2026-01-26T18:53:25+00:00","breadcrumb":{"@id":"https:\/\/www.editorialclaret.cat\/producte\/carta-als-joves-9788498466034\/#breadcrumb"},"inLanguage":"es","potentialAction":[{"@type":"ReadAction","target":["https:\/\/www.editorialclaret.cat\/producte\/carta-als-joves-9788498466034\/"]}]},{"@type":"ImageObject","inLanguage":"es","@id":"https:\/\/www.editorialclaret.cat\/producte\/carta-als-joves-9788498466034\/#primaryimage","url":"https:\/\/www.editorialclaret.cat\/wp-content\/uploads\/9788498466034-1.jpg","contentUrl":"https:\/\/www.editorialclaret.cat\/wp-content\/uploads\/9788498466034-1.jpg","width":455,"height":675,"caption":"9788498466034.jpg"},{"@type":"BreadcrumbList","@id":"https:\/\/www.editorialclaret.cat\/producte\/carta-als-joves-9788498466034\/#breadcrumb","itemListElement":[{"@type":"ListItem","position":1,"name":"Portada","item":"https:\/\/www.editorialclaret.cat\/es\/"},{"@type":"ListItem","position":2,"name":"Botiga","item":"https:\/\/www.editorialclaret.cat\/?page_id=16"},{"@type":"ListItem","position":3,"name":"CARTA ALS JOVES"}]},{"@type":"WebSite","@id":"https:\/\/www.editorialclaret.cat\/#website","url":"https:\/\/www.editorialclaret.cat\/","name":"Editorial Claret","description":"","publisher":{"@id":"https:\/\/www.editorialclaret.cat\/#organization"},"potentialAction":[{"@type":"SearchAction","target":{"@type":"EntryPoint","urlTemplate":"https:\/\/www.editorialclaret.cat\/?s={search_term_string}"},"query-input":{"@type":"PropertyValueSpecification","valueRequired":true,"valueName":"search_term_string"}}],"inLanguage":"es"},{"@type":"Organization","@id":"https:\/\/www.editorialclaret.cat\/#organization","name":"Editorial Claret","url":"https:\/\/www.editorialclaret.cat\/","logo":{"@type":"ImageObject","inLanguage":"es","@id":"https:\/\/www.editorialclaret.cat\/#\/schema\/logo\/image\/","url":"https:\/\/www.editorialclaret.cat\/wp-content\/uploads\/.\/logo-claret.png","contentUrl":"https:\/\/www.editorialclaret.cat\/wp-content\/uploads\/.\/logo-claret.png","width":194,"height":79,"caption":"Editorial Claret"},"image":{"@id":"https:\/\/www.editorialclaret.cat\/#\/schema\/logo\/image\/"}}]}},"_links":{"self":[{"href":"https:\/\/www.editorialclaret.cat\/es\/wp-json\/wp\/v2\/product\/48029","targetHints":{"allow":["GET"]}}],"collection":[{"href":"https:\/\/www.editorialclaret.cat\/es\/wp-json\/wp\/v2\/product"}],"about":[{"href":"https:\/\/www.editorialclaret.cat\/es\/wp-json\/wp\/v2\/types\/product"}],"wp:featuredmedia":[{"embeddable":true,"href":"https:\/\/www.editorialclaret.cat\/es\/wp-json\/wp\/v2\/media\/70315"}],"wp:attachment":[{"href":"https:\/\/www.editorialclaret.cat\/es\/wp-json\/wp\/v2\/media?parent=48029"}],"wp:term":[{"taxonomy":"product_brand","embeddable":true,"href":"https:\/\/www.editorialclaret.cat\/es\/wp-json\/wp\/v2\/product_brand?post=48029"},{"taxonomy":"product_cat","embeddable":true,"href":"https:\/\/www.editorialclaret.cat\/es\/wp-json\/wp\/v2\/product_cat?post=48029"},{"taxonomy":"product_tag","embeddable":true,"href":"https:\/\/www.editorialclaret.cat\/es\/wp-json\/wp\/v2\/product_tag?post=48029"}],"curies":[{"name":"wp","href":"https:\/\/api.w.org\/{rel}","templated":true}]}}