{"id":47900,"date":"2022-11-07T07:44:06","date_gmt":"2022-11-07T06:44:06","guid":{"rendered":"http:\/\/dev.editorialclaret.cat\/producte\/donde-el-evangelio-te-lleve\/"},"modified":"2024-05-22T13:23:48","modified_gmt":"2024-05-22T11:23:48","slug":"donde-el-evangelio-te-lleve-9788498466621","status":"publish","type":"product","link":"https:\/\/www.editorialclaret.cat\/es\/producto\/donde-el-evangelio-te-lleve-9788498466621\/","title":{"rendered":"DONDE EL EVANGELIO TE LLEVE"},"content":{"rendered":"<p>El t\u00edtol del llibre fa refer\u00e8ncia a la publicaci\u00f3 escrita per la italiana Susanna Tamaro fa alguns anys i que es titulava exactament Donde el coraz\u00f3n te lleve. L\u2019autor per\u00f2 no ha volgut oferir un enfocament semblant al de Tamaro. Ell ens ofereix els seus comentaris personals de l\u2019Evangeli, principalment del de Marc.<\/p>\n<p>L\u2019autor declara que el llibre del te\u00f2leg Jos\u00e9 Antonio Pagola, Jes\u00fas, una aproximaci\u00f3 hist\u00f2rica, l\u2019ha influenciat positivament a escriure aquest llibre, i a adquirir una visi\u00f3 diferent de la persona de Jes\u00fas.<\/p>\n","protected":false},"excerpt":{"rendered":"<p>ZAPATERO BALLESTEROS, JUAN<\/p>\n","protected":false},"featured_media":47901,"template":"","meta":{"_acf_changed":false,"rs_blank_template":"","rs_page_bg_color":"","slide_template_v7":"","inline_featured_image":false,"_monsterinsights_skip_tracking":false,"_monsterinsights_sitenote_active":false,"_monsterinsights_sitenote_note":"","_monsterinsights_sitenote_category":0},"product_brand":[],"product_cat":[829,1066,1092,855],"product_tag":[],"class_list":{"0":"post-47900","1":"product","2":"type-product","3":"status-publish","4":"has-post-thumbnail","6":"product_cat-cristologia","7":"product_cat-cristologia-espiritualidad","8":"product_cat-juvenil-2","9":"product_cat-juvenil","11":"first","12":"instock","13":"taxable","14":"shipping-taxable","15":"purchasable","16":"product-type-simple"},"acf":{"autor":"ZAPATERO BALLESTEROS, JUAN","codart":"849846662","libros-coleccion":"","ediciones":"1","encuadernacion":"R\u00fastica","fecha_de_publicacion":"31\/10\/2012","novedad":"0","paginas":"238","subtitulo":"EVANGELIO Y VIDA FRENTE A FRENTE","orden":"999","portada":"0","idioma":"spa","autores-libros":[{"ID":46950,"post_author":"3","post_date":"2022-11-06 20:32:20","post_date_gmt":"2022-11-06 19:32:20","post_content":"","post_title":"JUAN ZAPATERO BALLESTEROS","post_excerpt":"","post_status":"publish","comment_status":"closed","ping_status":"closed","post_password":"","post_name":"juan-zapatero-ballesteros","to_ping":"","pinged":"","post_modified":"2022-11-06 20:32:20","post_modified_gmt":"2022-11-06 19:32:20","post_content_filtered":"","post_parent":0,"guid":"http:\/\/dev.editorialclaret.cat\/autor\/juan-zapatero-ballesteros\/","menu_order":0,"post_type":"autor","post_mime_type":"","comment_count":"0","filter":"raw"}]},"yoast_head":"<!-- This site is optimized with the Yoast SEO plugin v27.3 - https:\/\/yoast.com\/product\/yoast-seo-wordpress\/ -->\n<title>Editorial Claret<\/title>\n<meta name=\"robots\" content=\"noindex, follow, max-snippet:-1, max-image-preview:large, max-video-preview:-1\" \/>\n<meta property=\"og:locale\" content=\"es_ES\" \/>\n<meta property=\"og:type\" content=\"article\" \/>\n<meta property=\"og:title\" content=\"DONDE EL EVANGELIO TE LLEVE - Editorial Claret\" \/>\n<meta property=\"og:description\" content=\"ZAPATERO BALLESTEROS, JUAN\" \/>\n<meta property=\"og:url\" content=\"https:\/\/www.editorialclaret.cat\/producte\/donde-el-evangelio-te-lleve-9788498466621\/\" \/>\n<meta property=\"og:site_name\" content=\"Editorial Claret\" \/>\n<meta property=\"article:modified_time\" content=\"2024-05-22T11:23:48+00:00\" \/>\n<meta property=\"og:image\" content=\"https:\/\/www.editorialclaret.cat\/wp-content\/uploads\/.\/9788498466621.jpg\" \/>\n\t<meta property=\"og:image:width\" content=\"225\" \/>\n\t<meta property=\"og:image:height\" content=\"332\" \/>\n\t<meta property=\"og:image:type\" content=\"image\/jpeg\" \/>\n<meta name=\"twitter:card\" content=\"summary_large_image\" \/>\n<script type=\"application\/ld+json\" class=\"yoast-schema-graph\">{\"@context\":\"https:\\\/\\\/schema.org\",\"@graph\":[{\"@type\":\"WebPage\",\"@id\":\"https:\\\/\\\/www.editorialclaret.cat\\\/producte\\\/donde-el-evangelio-te-lleve-9788498466621\\\/\",\"url\":\"https:\\\/\\\/www.editorialclaret.cat\\\/producte\\\/donde-el-evangelio-te-lleve-9788498466621\\\/\",\"name\":\"DONDE EL EVANGELIO TE LLEVE - Editorial Claret\",\"isPartOf\":{\"@id\":\"https:\\\/\\\/www.editorialclaret.cat\\\/#website\"},\"primaryImageOfPage\":{\"@id\":\"https:\\\/\\\/www.editorialclaret.cat\\\/producte\\\/donde-el-evangelio-te-lleve-9788498466621\\\/#primaryimage\"},\"image\":{\"@id\":\"https:\\\/\\\/www.editorialclaret.cat\\\/producte\\\/donde-el-evangelio-te-lleve-9788498466621\\\/#primaryimage\"},\"thumbnailUrl\":\"https:\\\/\\\/www.editorialclaret.cat\\\/wp-content\\\/uploads\\\/.\\\/9788498466621.jpg\",\"datePublished\":\"2022-11-07T06:44:06+00:00\",\"dateModified\":\"2024-05-22T11:23:48+00:00\",\"breadcrumb\":{\"@id\":\"https:\\\/\\\/www.editorialclaret.cat\\\/producte\\\/donde-el-evangelio-te-lleve-9788498466621\\\/#breadcrumb\"},\"inLanguage\":\"es\",\"potentialAction\":[{\"@type\":\"ReadAction\",\"target\":[\"https:\\\/\\\/www.editorialclaret.cat\\\/producte\\\/donde-el-evangelio-te-lleve-9788498466621\\\/\"]}]},{\"@type\":\"ImageObject\",\"inLanguage\":\"es\",\"@id\":\"https:\\\/\\\/www.editorialclaret.cat\\\/producte\\\/donde-el-evangelio-te-lleve-9788498466621\\\/#primaryimage\",\"url\":\"https:\\\/\\\/www.editorialclaret.cat\\\/wp-content\\\/uploads\\\/.\\\/9788498466621.jpg\",\"contentUrl\":\"https:\\\/\\\/www.editorialclaret.cat\\\/wp-content\\\/uploads\\\/.\\\/9788498466621.jpg\",\"width\":225,\"height\":332,\"caption\":\"9788498466621.jpg\"},{\"@type\":\"BreadcrumbList\",\"@id\":\"https:\\\/\\\/www.editorialclaret.cat\\\/producte\\\/donde-el-evangelio-te-lleve-9788498466621\\\/#breadcrumb\",\"itemListElement\":[{\"@type\":\"ListItem\",\"position\":1,\"name\":\"Portada\",\"item\":\"https:\\\/\\\/www.editorialclaret.cat\\\/es\\\/\"},{\"@type\":\"ListItem\",\"position\":2,\"name\":\"Botiga\",\"item\":\"https:\\\/\\\/www.editorialclaret.cat\\\/?page_id=16\"},{\"@type\":\"ListItem\",\"position\":3,\"name\":\"DONDE EL EVANGELIO TE LLEVE\"}]},{\"@type\":\"WebSite\",\"@id\":\"https:\\\/\\\/www.editorialclaret.cat\\\/#website\",\"url\":\"https:\\\/\\\/www.editorialclaret.cat\\\/\",\"name\":\"Editorial Claret\",\"description\":\"\",\"publisher\":{\"@id\":\"https:\\\/\\\/www.editorialclaret.cat\\\/#organization\"},\"potentialAction\":[{\"@type\":\"SearchAction\",\"target\":{\"@type\":\"EntryPoint\",\"urlTemplate\":\"https:\\\/\\\/www.editorialclaret.cat\\\/?s={search_term_string}\"},\"query-input\":{\"@type\":\"PropertyValueSpecification\",\"valueRequired\":true,\"valueName\":\"search_term_string\"}}],\"inLanguage\":\"es\"},{\"@type\":\"Organization\",\"@id\":\"https:\\\/\\\/www.editorialclaret.cat\\\/#organization\",\"name\":\"Editorial Claret\",\"url\":\"https:\\\/\\\/www.editorialclaret.cat\\\/\",\"logo\":{\"@type\":\"ImageObject\",\"inLanguage\":\"es\",\"@id\":\"https:\\\/\\\/www.editorialclaret.cat\\\/#\\\/schema\\\/logo\\\/image\\\/\",\"url\":\"https:\\\/\\\/www.editorialclaret.cat\\\/wp-content\\\/uploads\\\/.\\\/logo-claret.png\",\"contentUrl\":\"https:\\\/\\\/www.editorialclaret.cat\\\/wp-content\\\/uploads\\\/.\\\/logo-claret.png\",\"width\":194,\"height\":79,\"caption\":\"Editorial Claret\"},\"image\":{\"@id\":\"https:\\\/\\\/www.editorialclaret.cat\\\/#\\\/schema\\\/logo\\\/image\\\/\"}}]}<\/script>\n<!-- \/ Yoast SEO plugin. -->","yoast_head_json":{"title":"Editorial Claret","robots":{"index":"noindex","follow":"follow","max-snippet":"max-snippet:-1","max-image-preview":"max-image-preview:large","max-video-preview":"max-video-preview:-1"},"og_locale":"es_ES","og_type":"article","og_title":"DONDE EL EVANGELIO TE LLEVE - Editorial Claret","og_description":"ZAPATERO BALLESTEROS, JUAN","og_url":"https:\/\/www.editorialclaret.cat\/producte\/donde-el-evangelio-te-lleve-9788498466621\/","og_site_name":"Editorial Claret","article_modified_time":"2024-05-22T11:23:48+00:00","og_image":[{"width":225,"height":332,"url":"https:\/\/www.editorialclaret.cat\/wp-content\/uploads\/.\/9788498466621.jpg","type":"image\/jpeg"}],"twitter_card":"summary_large_image","schema":{"@context":"https:\/\/schema.org","@graph":[{"@type":"WebPage","@id":"https:\/\/www.editorialclaret.cat\/producte\/donde-el-evangelio-te-lleve-9788498466621\/","url":"https:\/\/www.editorialclaret.cat\/producte\/donde-el-evangelio-te-lleve-9788498466621\/","name":"DONDE EL EVANGELIO TE LLEVE - Editorial Claret","isPartOf":{"@id":"https:\/\/www.editorialclaret.cat\/#website"},"primaryImageOfPage":{"@id":"https:\/\/www.editorialclaret.cat\/producte\/donde-el-evangelio-te-lleve-9788498466621\/#primaryimage"},"image":{"@id":"https:\/\/www.editorialclaret.cat\/producte\/donde-el-evangelio-te-lleve-9788498466621\/#primaryimage"},"thumbnailUrl":"https:\/\/www.editorialclaret.cat\/wp-content\/uploads\/.\/9788498466621.jpg","datePublished":"2022-11-07T06:44:06+00:00","dateModified":"2024-05-22T11:23:48+00:00","breadcrumb":{"@id":"https:\/\/www.editorialclaret.cat\/producte\/donde-el-evangelio-te-lleve-9788498466621\/#breadcrumb"},"inLanguage":"es","potentialAction":[{"@type":"ReadAction","target":["https:\/\/www.editorialclaret.cat\/producte\/donde-el-evangelio-te-lleve-9788498466621\/"]}]},{"@type":"ImageObject","inLanguage":"es","@id":"https:\/\/www.editorialclaret.cat\/producte\/donde-el-evangelio-te-lleve-9788498466621\/#primaryimage","url":"https:\/\/www.editorialclaret.cat\/wp-content\/uploads\/.\/9788498466621.jpg","contentUrl":"https:\/\/www.editorialclaret.cat\/wp-content\/uploads\/.\/9788498466621.jpg","width":225,"height":332,"caption":"9788498466621.jpg"},{"@type":"BreadcrumbList","@id":"https:\/\/www.editorialclaret.cat\/producte\/donde-el-evangelio-te-lleve-9788498466621\/#breadcrumb","itemListElement":[{"@type":"ListItem","position":1,"name":"Portada","item":"https:\/\/www.editorialclaret.cat\/es\/"},{"@type":"ListItem","position":2,"name":"Botiga","item":"https:\/\/www.editorialclaret.cat\/?page_id=16"},{"@type":"ListItem","position":3,"name":"DONDE EL EVANGELIO TE LLEVE"}]},{"@type":"WebSite","@id":"https:\/\/www.editorialclaret.cat\/#website","url":"https:\/\/www.editorialclaret.cat\/","name":"Editorial Claret","description":"","publisher":{"@id":"https:\/\/www.editorialclaret.cat\/#organization"},"potentialAction":[{"@type":"SearchAction","target":{"@type":"EntryPoint","urlTemplate":"https:\/\/www.editorialclaret.cat\/?s={search_term_string}"},"query-input":{"@type":"PropertyValueSpecification","valueRequired":true,"valueName":"search_term_string"}}],"inLanguage":"es"},{"@type":"Organization","@id":"https:\/\/www.editorialclaret.cat\/#organization","name":"Editorial Claret","url":"https:\/\/www.editorialclaret.cat\/","logo":{"@type":"ImageObject","inLanguage":"es","@id":"https:\/\/www.editorialclaret.cat\/#\/schema\/logo\/image\/","url":"https:\/\/www.editorialclaret.cat\/wp-content\/uploads\/.\/logo-claret.png","contentUrl":"https:\/\/www.editorialclaret.cat\/wp-content\/uploads\/.\/logo-claret.png","width":194,"height":79,"caption":"Editorial Claret"},"image":{"@id":"https:\/\/www.editorialclaret.cat\/#\/schema\/logo\/image\/"}}]}},"_links":{"self":[{"href":"https:\/\/www.editorialclaret.cat\/es\/wp-json\/wp\/v2\/product\/47900","targetHints":{"allow":["GET"]}}],"collection":[{"href":"https:\/\/www.editorialclaret.cat\/es\/wp-json\/wp\/v2\/product"}],"about":[{"href":"https:\/\/www.editorialclaret.cat\/es\/wp-json\/wp\/v2\/types\/product"}],"wp:featuredmedia":[{"embeddable":true,"href":"https:\/\/www.editorialclaret.cat\/es\/wp-json\/wp\/v2\/media\/47901"}],"wp:attachment":[{"href":"https:\/\/www.editorialclaret.cat\/es\/wp-json\/wp\/v2\/media?parent=47900"}],"wp:term":[{"taxonomy":"product_brand","embeddable":true,"href":"https:\/\/www.editorialclaret.cat\/es\/wp-json\/wp\/v2\/product_brand?post=47900"},{"taxonomy":"product_cat","embeddable":true,"href":"https:\/\/www.editorialclaret.cat\/es\/wp-json\/wp\/v2\/product_cat?post=47900"},{"taxonomy":"product_tag","embeddable":true,"href":"https:\/\/www.editorialclaret.cat\/es\/wp-json\/wp\/v2\/product_tag?post=47900"}],"curies":[{"name":"wp","href":"https:\/\/api.w.org\/{rel}","templated":true}]}}