{"id":47882,"date":"2022-11-07T07:43:46","date_gmt":"2022-11-07T06:43:46","guid":{"rendered":"http:\/\/dev.editorialclaret.cat\/producte\/ante-la-adversidad-amor-y-libertad\/"},"modified":"2026-01-27T10:16:26","modified_gmt":"2026-01-27T09:16:26","slug":"ante-la-adversidad-amor-y-libertad-9788498466850","status":"publish","type":"product","link":"https:\/\/www.editorialclaret.cat\/es\/producto\/ante-la-adversidad-amor-y-libertad-9788498466850\/","title":{"rendered":"ANTE LA ADVERSIDAD, AMOR Y LIBERTAD"},"content":{"rendered":"<p>Aquella ma\u00f1ana, me mir\u00f3 a los ojos y me dijo: \u00abVivo cada minuto, cada hora, cada d\u00eda como si fuera el \u00faltimo instante de mi existencia, \u00bfo quiz\u00e1 t\u00fa o cualquier otra persona puede saber cu\u00e1ndo ser\u00e1 el \u00faltimo momento de su vida?\u00bb.Javier Melgarejo ten\u00eda una vida que podr\u00edamos calificar como \u00abnormal\u00bb, hasta que unos extra\u00f1os dolores aparecieron en su espalda. Le diagnosticaron c\u00e1ncer, enfermedad a la que decidi\u00f3 enfrentarse.Esta lucha le sirvi\u00f3 como excusa para hacer un an\u00e1lisis profundo de algunos de los aspectos m\u00e1s relevantes de su existencia: la importancia de la educaci\u00f3n y la ense\u00f1anza en nuestros hijos, su tesis doctoral, su familia, su fe&#8230;Un libro que no deja indiferente: un alegato a favor de la vida, una llamada al amor.<\/p>\n","protected":false},"excerpt":{"rendered":"<p>CERVERA, JOSEP MARIA; MELGAREJO, XAVIER<\/p>\n","protected":false},"featured_media":70319,"template":"","meta":{"_acf_changed":false,"rs_blank_template":"","rs_page_bg_color":"","slide_template_v7":"","inline_featured_image":false,"_monsterinsights_skip_tracking":false,"_monsterinsights_sitenote_active":false,"_monsterinsights_sitenote_note":"","_monsterinsights_sitenote_category":0},"product_brand":[],"product_cat":[1302,1297],"product_tag":[],"class_list":{"0":"post-47882","1":"product","2":"type-product","3":"status-publish","4":"has-post-thumbnail","6":"product_cat-contrastes","7":"product_cat-contrastos","9":"first","10":"instock","11":"taxable","12":"shipping-taxable","13":"purchasable","14":"product-type-simple"},"acf":{"autor":"CERVERA, JOSEP MARIA; MELGAREJO, XAVIER","codart":"849846685","libros-coleccion":"","ediciones":"1","encuadernacion":"R\u00fastica","fecha_de_publicacion":"03\/12\/2012","novedad":"0","paginas":"112","subtitulo":"","orden":"999","portada":"0","idioma":"spa","autores-libros":[{"ID":46934,"post_author":"3","post_date":"2022-11-06 20:32:13","post_date_gmt":"2022-11-06 19:32:13","post_content":"","post_title":"JOSEP MAR\u00cdA CERVERA","post_excerpt":"","post_status":"publish","comment_status":"closed","ping_status":"closed","post_password":"","post_name":"josep-maria-cervera","to_ping":"","pinged":"","post_modified":"2022-11-06 20:32:13","post_modified_gmt":"2022-11-06 19:32:13","post_content_filtered":"","post_parent":0,"guid":"http:\/\/dev.editorialclaret.cat\/autor\/josep-maria-cervera\/","menu_order":0,"post_type":"autor","post_mime_type":"","comment_count":"0","filter":"raw"},{"ID":21952,"post_author":"3","post_date":"2022-10-19 01:42:47","post_date_gmt":"2022-10-18 23:42:47","post_content":"","post_title":"XAVIER MELGAREJO","post_excerpt":"","post_status":"publish","comment_status":"closed","ping_status":"closed","post_password":"","post_name":"xavier-melgarejo","to_ping":"","pinged":"","post_modified":"2022-10-19 01:42:47","post_modified_gmt":"2022-10-18 23:42:47","post_content_filtered":"","post_parent":0,"guid":"http:\/\/dev.editorialclaret.cat\/autor\/xavier-melgarejo\/","menu_order":0,"post_type":"autor","post_mime_type":"","comment_count":"0","filter":"raw"}],"booktrailer":"","resenas":""},"yoast_head":"<!-- This site is optimized with the Yoast SEO plugin v27.3 - https:\/\/yoast.com\/product\/yoast-seo-wordpress\/ -->\n<title>Editorial Claret<\/title>\n<meta name=\"robots\" content=\"noindex, follow, max-snippet:-1, max-image-preview:large, max-video-preview:-1\" \/>\n<meta property=\"og:locale\" content=\"es_ES\" \/>\n<meta property=\"og:type\" content=\"article\" \/>\n<meta property=\"og:title\" content=\"ANTE LA ADVERSIDAD, AMOR Y LIBERTAD - Editorial Claret\" \/>\n<meta property=\"og:description\" content=\"CERVERA, JOSEP MARIA; MELGAREJO, XAVIER\" \/>\n<meta property=\"og:url\" content=\"https:\/\/www.editorialclaret.cat\/producte\/ante-la-adversidad-amor-y-libertad-9788498466850\/\" \/>\n<meta property=\"og:site_name\" content=\"Editorial Claret\" \/>\n<meta property=\"article:modified_time\" content=\"2026-01-27T09:16:26+00:00\" \/>\n<meta property=\"og:image\" content=\"https:\/\/www.editorialclaret.cat\/wp-content\/uploads\/9788498466850-1.jpg\" \/>\n\t<meta property=\"og:image:width\" content=\"393\" \/>\n\t<meta property=\"og:image:height\" content=\"617\" \/>\n\t<meta property=\"og:image:type\" content=\"image\/jpeg\" \/>\n<meta name=\"twitter:card\" content=\"summary_large_image\" \/>\n<meta name=\"twitter:label1\" content=\"Tiempo de lectura\" \/>\n\t<meta name=\"twitter:data1\" content=\"1 minuto\" \/>\n<script type=\"application\/ld+json\" class=\"yoast-schema-graph\">{\"@context\":\"https:\\\/\\\/schema.org\",\"@graph\":[{\"@type\":\"WebPage\",\"@id\":\"https:\\\/\\\/www.editorialclaret.cat\\\/producte\\\/ante-la-adversidad-amor-y-libertad-9788498466850\\\/\",\"url\":\"https:\\\/\\\/www.editorialclaret.cat\\\/producte\\\/ante-la-adversidad-amor-y-libertad-9788498466850\\\/\",\"name\":\"ANTE LA ADVERSIDAD, AMOR Y LIBERTAD - Editorial Claret\",\"isPartOf\":{\"@id\":\"https:\\\/\\\/www.editorialclaret.cat\\\/#website\"},\"primaryImageOfPage\":{\"@id\":\"https:\\\/\\\/www.editorialclaret.cat\\\/producte\\\/ante-la-adversidad-amor-y-libertad-9788498466850\\\/#primaryimage\"},\"image\":{\"@id\":\"https:\\\/\\\/www.editorialclaret.cat\\\/producte\\\/ante-la-adversidad-amor-y-libertad-9788498466850\\\/#primaryimage\"},\"thumbnailUrl\":\"https:\\\/\\\/www.editorialclaret.cat\\\/wp-content\\\/uploads\\\/9788498466850-1.jpg\",\"datePublished\":\"2022-11-07T06:43:46+00:00\",\"dateModified\":\"2026-01-27T09:16:26+00:00\",\"breadcrumb\":{\"@id\":\"https:\\\/\\\/www.editorialclaret.cat\\\/producte\\\/ante-la-adversidad-amor-y-libertad-9788498466850\\\/#breadcrumb\"},\"inLanguage\":\"es\",\"potentialAction\":[{\"@type\":\"ReadAction\",\"target\":[\"https:\\\/\\\/www.editorialclaret.cat\\\/producte\\\/ante-la-adversidad-amor-y-libertad-9788498466850\\\/\"]}]},{\"@type\":\"ImageObject\",\"inLanguage\":\"es\",\"@id\":\"https:\\\/\\\/www.editorialclaret.cat\\\/producte\\\/ante-la-adversidad-amor-y-libertad-9788498466850\\\/#primaryimage\",\"url\":\"https:\\\/\\\/www.editorialclaret.cat\\\/wp-content\\\/uploads\\\/9788498466850-1.jpg\",\"contentUrl\":\"https:\\\/\\\/www.editorialclaret.cat\\\/wp-content\\\/uploads\\\/9788498466850-1.jpg\",\"width\":393,\"height\":617,\"caption\":\"9788498466850.jpg\"},{\"@type\":\"BreadcrumbList\",\"@id\":\"https:\\\/\\\/www.editorialclaret.cat\\\/producte\\\/ante-la-adversidad-amor-y-libertad-9788498466850\\\/#breadcrumb\",\"itemListElement\":[{\"@type\":\"ListItem\",\"position\":1,\"name\":\"Portada\",\"item\":\"https:\\\/\\\/www.editorialclaret.cat\\\/es\\\/\"},{\"@type\":\"ListItem\",\"position\":2,\"name\":\"Botiga\",\"item\":\"https:\\\/\\\/www.editorialclaret.cat\\\/?page_id=16\"},{\"@type\":\"ListItem\",\"position\":3,\"name\":\"ANTE LA ADVERSIDAD, AMOR Y LIBERTAD\"}]},{\"@type\":\"WebSite\",\"@id\":\"https:\\\/\\\/www.editorialclaret.cat\\\/#website\",\"url\":\"https:\\\/\\\/www.editorialclaret.cat\\\/\",\"name\":\"Editorial Claret\",\"description\":\"\",\"publisher\":{\"@id\":\"https:\\\/\\\/www.editorialclaret.cat\\\/#organization\"},\"potentialAction\":[{\"@type\":\"SearchAction\",\"target\":{\"@type\":\"EntryPoint\",\"urlTemplate\":\"https:\\\/\\\/www.editorialclaret.cat\\\/?s={search_term_string}\"},\"query-input\":{\"@type\":\"PropertyValueSpecification\",\"valueRequired\":true,\"valueName\":\"search_term_string\"}}],\"inLanguage\":\"es\"},{\"@type\":\"Organization\",\"@id\":\"https:\\\/\\\/www.editorialclaret.cat\\\/#organization\",\"name\":\"Editorial Claret\",\"url\":\"https:\\\/\\\/www.editorialclaret.cat\\\/\",\"logo\":{\"@type\":\"ImageObject\",\"inLanguage\":\"es\",\"@id\":\"https:\\\/\\\/www.editorialclaret.cat\\\/#\\\/schema\\\/logo\\\/image\\\/\",\"url\":\"https:\\\/\\\/www.editorialclaret.cat\\\/wp-content\\\/uploads\\\/.\\\/logo-claret.png\",\"contentUrl\":\"https:\\\/\\\/www.editorialclaret.cat\\\/wp-content\\\/uploads\\\/.\\\/logo-claret.png\",\"width\":194,\"height\":79,\"caption\":\"Editorial Claret\"},\"image\":{\"@id\":\"https:\\\/\\\/www.editorialclaret.cat\\\/#\\\/schema\\\/logo\\\/image\\\/\"}}]}<\/script>\n<!-- \/ Yoast SEO plugin. -->","yoast_head_json":{"title":"Editorial Claret","robots":{"index":"noindex","follow":"follow","max-snippet":"max-snippet:-1","max-image-preview":"max-image-preview:large","max-video-preview":"max-video-preview:-1"},"og_locale":"es_ES","og_type":"article","og_title":"ANTE LA ADVERSIDAD, AMOR Y LIBERTAD - Editorial Claret","og_description":"CERVERA, JOSEP MARIA; MELGAREJO, XAVIER","og_url":"https:\/\/www.editorialclaret.cat\/producte\/ante-la-adversidad-amor-y-libertad-9788498466850\/","og_site_name":"Editorial Claret","article_modified_time":"2026-01-27T09:16:26+00:00","og_image":[{"width":393,"height":617,"url":"https:\/\/www.editorialclaret.cat\/wp-content\/uploads\/9788498466850-1.jpg","type":"image\/jpeg"}],"twitter_card":"summary_large_image","twitter_misc":{"Tiempo de lectura":"1 minuto"},"schema":{"@context":"https:\/\/schema.org","@graph":[{"@type":"WebPage","@id":"https:\/\/www.editorialclaret.cat\/producte\/ante-la-adversidad-amor-y-libertad-9788498466850\/","url":"https:\/\/www.editorialclaret.cat\/producte\/ante-la-adversidad-amor-y-libertad-9788498466850\/","name":"ANTE LA ADVERSIDAD, AMOR Y LIBERTAD - Editorial Claret","isPartOf":{"@id":"https:\/\/www.editorialclaret.cat\/#website"},"primaryImageOfPage":{"@id":"https:\/\/www.editorialclaret.cat\/producte\/ante-la-adversidad-amor-y-libertad-9788498466850\/#primaryimage"},"image":{"@id":"https:\/\/www.editorialclaret.cat\/producte\/ante-la-adversidad-amor-y-libertad-9788498466850\/#primaryimage"},"thumbnailUrl":"https:\/\/www.editorialclaret.cat\/wp-content\/uploads\/9788498466850-1.jpg","datePublished":"2022-11-07T06:43:46+00:00","dateModified":"2026-01-27T09:16:26+00:00","breadcrumb":{"@id":"https:\/\/www.editorialclaret.cat\/producte\/ante-la-adversidad-amor-y-libertad-9788498466850\/#breadcrumb"},"inLanguage":"es","potentialAction":[{"@type":"ReadAction","target":["https:\/\/www.editorialclaret.cat\/producte\/ante-la-adversidad-amor-y-libertad-9788498466850\/"]}]},{"@type":"ImageObject","inLanguage":"es","@id":"https:\/\/www.editorialclaret.cat\/producte\/ante-la-adversidad-amor-y-libertad-9788498466850\/#primaryimage","url":"https:\/\/www.editorialclaret.cat\/wp-content\/uploads\/9788498466850-1.jpg","contentUrl":"https:\/\/www.editorialclaret.cat\/wp-content\/uploads\/9788498466850-1.jpg","width":393,"height":617,"caption":"9788498466850.jpg"},{"@type":"BreadcrumbList","@id":"https:\/\/www.editorialclaret.cat\/producte\/ante-la-adversidad-amor-y-libertad-9788498466850\/#breadcrumb","itemListElement":[{"@type":"ListItem","position":1,"name":"Portada","item":"https:\/\/www.editorialclaret.cat\/es\/"},{"@type":"ListItem","position":2,"name":"Botiga","item":"https:\/\/www.editorialclaret.cat\/?page_id=16"},{"@type":"ListItem","position":3,"name":"ANTE LA ADVERSIDAD, AMOR Y LIBERTAD"}]},{"@type":"WebSite","@id":"https:\/\/www.editorialclaret.cat\/#website","url":"https:\/\/www.editorialclaret.cat\/","name":"Editorial Claret","description":"","publisher":{"@id":"https:\/\/www.editorialclaret.cat\/#organization"},"potentialAction":[{"@type":"SearchAction","target":{"@type":"EntryPoint","urlTemplate":"https:\/\/www.editorialclaret.cat\/?s={search_term_string}"},"query-input":{"@type":"PropertyValueSpecification","valueRequired":true,"valueName":"search_term_string"}}],"inLanguage":"es"},{"@type":"Organization","@id":"https:\/\/www.editorialclaret.cat\/#organization","name":"Editorial Claret","url":"https:\/\/www.editorialclaret.cat\/","logo":{"@type":"ImageObject","inLanguage":"es","@id":"https:\/\/www.editorialclaret.cat\/#\/schema\/logo\/image\/","url":"https:\/\/www.editorialclaret.cat\/wp-content\/uploads\/.\/logo-claret.png","contentUrl":"https:\/\/www.editorialclaret.cat\/wp-content\/uploads\/.\/logo-claret.png","width":194,"height":79,"caption":"Editorial Claret"},"image":{"@id":"https:\/\/www.editorialclaret.cat\/#\/schema\/logo\/image\/"}}]}},"_links":{"self":[{"href":"https:\/\/www.editorialclaret.cat\/es\/wp-json\/wp\/v2\/product\/47882","targetHints":{"allow":["GET"]}}],"collection":[{"href":"https:\/\/www.editorialclaret.cat\/es\/wp-json\/wp\/v2\/product"}],"about":[{"href":"https:\/\/www.editorialclaret.cat\/es\/wp-json\/wp\/v2\/types\/product"}],"wp:featuredmedia":[{"embeddable":true,"href":"https:\/\/www.editorialclaret.cat\/es\/wp-json\/wp\/v2\/media\/70319"}],"wp:attachment":[{"href":"https:\/\/www.editorialclaret.cat\/es\/wp-json\/wp\/v2\/media?parent=47882"}],"wp:term":[{"taxonomy":"product_brand","embeddable":true,"href":"https:\/\/www.editorialclaret.cat\/es\/wp-json\/wp\/v2\/product_brand?post=47882"},{"taxonomy":"product_cat","embeddable":true,"href":"https:\/\/www.editorialclaret.cat\/es\/wp-json\/wp\/v2\/product_cat?post=47882"},{"taxonomy":"product_tag","embeddable":true,"href":"https:\/\/www.editorialclaret.cat\/es\/wp-json\/wp\/v2\/product_tag?post=47882"}],"curies":[{"name":"wp","href":"https:\/\/api.w.org\/{rel}","templated":true}]}}