{"id":47857,"date":"2022-11-07T07:43:19","date_gmt":"2022-11-07T06:43:19","guid":{"rendered":"http:\/\/dev.editorialclaret.cat\/producte\/materials-per-a-la-catequesi-quaresma-i-pasqua\/"},"modified":"2024-05-22T13:28:30","modified_gmt":"2024-05-22T11:28:30","slug":"materials-per-a-la-catequesi-quaresma-i-pasqua-9788498467529","status":"publish","type":"product","link":"https:\/\/www.editorialclaret.cat\/es\/producto\/materials-per-a-la-catequesi-quaresma-i-pasqua-9788498467529\/","title":{"rendered":"MATERIALS PER A LA CATEQUESI &#8211; QUARESMA I PASQUA"},"content":{"rendered":"<p>Amb aquesta nova publicaci\u00f3 dels materials catequ\u00e8tics del butllet\u00ed Efat\u00e0, la Delegaci\u00f3 Diocesana de Catequesi expressa, una vegada m\u00e9s, la seva fidelitat a la missi\u00f3 encomanada: estar al servei de la catequesi diocesana, al servei dels catequistes, dels infants, joves i adults que reben aquest servei eclesial, dels pares i de les parr\u00f2quies.<\/p>\n<p>L\u2019actual equip de Delegaci\u00f3 de Catequesi li va semblar positiu recopilar i organitzar els materials catequ\u00e8tics que havien anat surtint durant els cinquanta n\u00fameros de Quaresma i Pasqua.<\/p>\n<p>Aquests materials han anat sortint en diversos anys, \u00e9s per aix\u00f2 que no hi ha una continuitat l\u00f2gica entre ells, sin\u00f3 tot un seguit d\u2019eines que poden ser \u00fatils com a complements catequ\u00e8tics. Aquest material no \u00e9s substitutiu de cap catecisme, en els quals es vol oferir un itinerari catequ\u00e8tic complert; sin\u00f3 que, \u00e9s un recolzament a la sessi\u00f3 de catequesi o a possibles celebracions catequ\u00e8tiques.<\/p>\n<p>Aix\u00ed mateix, la majoria de les activitats, que no totes, estan pensades pels infants en edat catequ\u00e8tica, per\u00f2 es poden adaptar segons les necessitats i destinataris.<\/p>\n","protected":false},"excerpt":{"rendered":"<p>DELEGACI\u00d3 DIOCESANA DE CATEQUESIS DE VIC<\/p>\n","protected":false},"featured_media":47858,"template":"","meta":{"_acf_changed":false,"rs_blank_template":"","rs_page_bg_color":"","slide_template_v7":"","inline_featured_image":false,"_monsterinsights_skip_tracking":false,"_monsterinsights_sitenote_active":false,"_monsterinsights_sitenote_note":"","_monsterinsights_sitenote_category":0},"product_brand":[],"product_cat":[16],"product_tag":[],"class_list":{"0":"post-47857","1":"product","2":"type-product","3":"status-publish","4":"has-post-thumbnail","6":"product_cat-sense-categoria","8":"first","9":"instock","10":"taxable","11":"shipping-taxable","12":"purchasable","13":"product-type-simple"},"acf":{"autor":"DELEGACI\u00d3 DIOCESANA DE CATEQUESIS DE VIC","codart":"849846752","libros-coleccion":"","ediciones":"1","encuadernacion":"R\u00fastica","fecha_de_publicacion":"08\/02\/2013","novedad":"0","paginas":"126","subtitulo":"CUARESMA I PASQUA - EFAT\u00c0","orden":"999","portada":"0","idioma":"cat","autores-libros":[{"ID":46797,"post_author":"3","post_date":"2022-11-06 20:31:11","post_date_gmt":"2022-11-06 19:31:11","post_content":"","post_title":"DELEGACI\u00d3 DIOCESANA DE CATEQUESIS DE VIC","post_excerpt":"","post_status":"publish","comment_status":"closed","ping_status":"closed","post_password":"","post_name":"delegacio-diocesana-de-catequesis-de-vic","to_ping":"","pinged":"","post_modified":"2022-11-06 20:31:11","post_modified_gmt":"2022-11-06 19:31:11","post_content_filtered":"","post_parent":0,"guid":"http:\/\/dev.editorialclaret.cat\/autor\/delegacio-diocesana-de-catequesis-de-vic\/","menu_order":0,"post_type":"autor","post_mime_type":"","comment_count":"0","filter":"raw"}]},"yoast_head":"<!-- This site is optimized with the Yoast SEO plugin v27.3 - https:\/\/yoast.com\/product\/yoast-seo-wordpress\/ -->\n<title>Editorial Claret<\/title>\n<meta name=\"robots\" content=\"noindex, follow, max-snippet:-1, max-image-preview:large, max-video-preview:-1\" \/>\n<meta property=\"og:locale\" content=\"es_ES\" \/>\n<meta property=\"og:type\" content=\"article\" \/>\n<meta property=\"og:title\" content=\"MATERIALS PER A LA CATEQUESI - QUARESMA I PASQUA - Editorial Claret\" \/>\n<meta property=\"og:description\" content=\"DELEGACI\u00d3 DIOCESANA DE CATEQUESIS DE VIC\" \/>\n<meta property=\"og:url\" content=\"https:\/\/www.editorialclaret.cat\/producte\/materials-per-a-la-catequesi-quaresma-i-pasqua-9788498467529\/\" \/>\n<meta property=\"og:site_name\" content=\"Editorial Claret\" \/>\n<meta property=\"article:modified_time\" content=\"2024-05-22T11:28:30+00:00\" \/>\n<meta property=\"og:image\" content=\"https:\/\/www.editorialclaret.cat\/wp-content\/uploads\/.\/9788498467529.jpg\" \/>\n\t<meta property=\"og:image:width\" content=\"225\" \/>\n\t<meta property=\"og:image:height\" content=\"259\" \/>\n\t<meta property=\"og:image:type\" content=\"image\/jpeg\" \/>\n<meta name=\"twitter:card\" content=\"summary_large_image\" \/>\n<meta name=\"twitter:label1\" content=\"Tiempo de lectura\" \/>\n\t<meta name=\"twitter:data1\" content=\"1 minuto\" \/>\n<script type=\"application\/ld+json\" class=\"yoast-schema-graph\">{\"@context\":\"https:\\\/\\\/schema.org\",\"@graph\":[{\"@type\":\"WebPage\",\"@id\":\"https:\\\/\\\/www.editorialclaret.cat\\\/producte\\\/materials-per-a-la-catequesi-quaresma-i-pasqua-9788498467529\\\/\",\"url\":\"https:\\\/\\\/www.editorialclaret.cat\\\/producte\\\/materials-per-a-la-catequesi-quaresma-i-pasqua-9788498467529\\\/\",\"name\":\"MATERIALS PER A LA CATEQUESI - QUARESMA I PASQUA - Editorial Claret\",\"isPartOf\":{\"@id\":\"https:\\\/\\\/www.editorialclaret.cat\\\/#website\"},\"primaryImageOfPage\":{\"@id\":\"https:\\\/\\\/www.editorialclaret.cat\\\/producte\\\/materials-per-a-la-catequesi-quaresma-i-pasqua-9788498467529\\\/#primaryimage\"},\"image\":{\"@id\":\"https:\\\/\\\/www.editorialclaret.cat\\\/producte\\\/materials-per-a-la-catequesi-quaresma-i-pasqua-9788498467529\\\/#primaryimage\"},\"thumbnailUrl\":\"https:\\\/\\\/www.editorialclaret.cat\\\/wp-content\\\/uploads\\\/.\\\/9788498467529.jpg\",\"datePublished\":\"2022-11-07T06:43:19+00:00\",\"dateModified\":\"2024-05-22T11:28:30+00:00\",\"breadcrumb\":{\"@id\":\"https:\\\/\\\/www.editorialclaret.cat\\\/producte\\\/materials-per-a-la-catequesi-quaresma-i-pasqua-9788498467529\\\/#breadcrumb\"},\"inLanguage\":\"es\",\"potentialAction\":[{\"@type\":\"ReadAction\",\"target\":[\"https:\\\/\\\/www.editorialclaret.cat\\\/producte\\\/materials-per-a-la-catequesi-quaresma-i-pasqua-9788498467529\\\/\"]}]},{\"@type\":\"ImageObject\",\"inLanguage\":\"es\",\"@id\":\"https:\\\/\\\/www.editorialclaret.cat\\\/producte\\\/materials-per-a-la-catequesi-quaresma-i-pasqua-9788498467529\\\/#primaryimage\",\"url\":\"https:\\\/\\\/www.editorialclaret.cat\\\/wp-content\\\/uploads\\\/.\\\/9788498467529.jpg\",\"contentUrl\":\"https:\\\/\\\/www.editorialclaret.cat\\\/wp-content\\\/uploads\\\/.\\\/9788498467529.jpg\",\"width\":225,\"height\":259,\"caption\":\"9788498467529.jpg\"},{\"@type\":\"BreadcrumbList\",\"@id\":\"https:\\\/\\\/www.editorialclaret.cat\\\/producte\\\/materials-per-a-la-catequesi-quaresma-i-pasqua-9788498467529\\\/#breadcrumb\",\"itemListElement\":[{\"@type\":\"ListItem\",\"position\":1,\"name\":\"Portada\",\"item\":\"https:\\\/\\\/www.editorialclaret.cat\\\/es\\\/\"},{\"@type\":\"ListItem\",\"position\":2,\"name\":\"Botiga\",\"item\":\"https:\\\/\\\/www.editorialclaret.cat\\\/?page_id=16\"},{\"@type\":\"ListItem\",\"position\":3,\"name\":\"MATERIALS PER A LA CATEQUESI &#8211; QUARESMA I PASQUA\"}]},{\"@type\":\"WebSite\",\"@id\":\"https:\\\/\\\/www.editorialclaret.cat\\\/#website\",\"url\":\"https:\\\/\\\/www.editorialclaret.cat\\\/\",\"name\":\"Editorial Claret\",\"description\":\"\",\"publisher\":{\"@id\":\"https:\\\/\\\/www.editorialclaret.cat\\\/#organization\"},\"potentialAction\":[{\"@type\":\"SearchAction\",\"target\":{\"@type\":\"EntryPoint\",\"urlTemplate\":\"https:\\\/\\\/www.editorialclaret.cat\\\/?s={search_term_string}\"},\"query-input\":{\"@type\":\"PropertyValueSpecification\",\"valueRequired\":true,\"valueName\":\"search_term_string\"}}],\"inLanguage\":\"es\"},{\"@type\":\"Organization\",\"@id\":\"https:\\\/\\\/www.editorialclaret.cat\\\/#organization\",\"name\":\"Editorial Claret\",\"url\":\"https:\\\/\\\/www.editorialclaret.cat\\\/\",\"logo\":{\"@type\":\"ImageObject\",\"inLanguage\":\"es\",\"@id\":\"https:\\\/\\\/www.editorialclaret.cat\\\/#\\\/schema\\\/logo\\\/image\\\/\",\"url\":\"https:\\\/\\\/www.editorialclaret.cat\\\/wp-content\\\/uploads\\\/.\\\/logo-claret.png\",\"contentUrl\":\"https:\\\/\\\/www.editorialclaret.cat\\\/wp-content\\\/uploads\\\/.\\\/logo-claret.png\",\"width\":194,\"height\":79,\"caption\":\"Editorial Claret\"},\"image\":{\"@id\":\"https:\\\/\\\/www.editorialclaret.cat\\\/#\\\/schema\\\/logo\\\/image\\\/\"}}]}<\/script>\n<!-- \/ Yoast SEO plugin. -->","yoast_head_json":{"title":"Editorial Claret","robots":{"index":"noindex","follow":"follow","max-snippet":"max-snippet:-1","max-image-preview":"max-image-preview:large","max-video-preview":"max-video-preview:-1"},"og_locale":"es_ES","og_type":"article","og_title":"MATERIALS PER A LA CATEQUESI - QUARESMA I PASQUA - Editorial Claret","og_description":"DELEGACI\u00d3 DIOCESANA DE CATEQUESIS DE VIC","og_url":"https:\/\/www.editorialclaret.cat\/producte\/materials-per-a-la-catequesi-quaresma-i-pasqua-9788498467529\/","og_site_name":"Editorial Claret","article_modified_time":"2024-05-22T11:28:30+00:00","og_image":[{"width":225,"height":259,"url":"https:\/\/www.editorialclaret.cat\/wp-content\/uploads\/.\/9788498467529.jpg","type":"image\/jpeg"}],"twitter_card":"summary_large_image","twitter_misc":{"Tiempo de lectura":"1 minuto"},"schema":{"@context":"https:\/\/schema.org","@graph":[{"@type":"WebPage","@id":"https:\/\/www.editorialclaret.cat\/producte\/materials-per-a-la-catequesi-quaresma-i-pasqua-9788498467529\/","url":"https:\/\/www.editorialclaret.cat\/producte\/materials-per-a-la-catequesi-quaresma-i-pasqua-9788498467529\/","name":"MATERIALS PER A LA CATEQUESI - QUARESMA I PASQUA - Editorial Claret","isPartOf":{"@id":"https:\/\/www.editorialclaret.cat\/#website"},"primaryImageOfPage":{"@id":"https:\/\/www.editorialclaret.cat\/producte\/materials-per-a-la-catequesi-quaresma-i-pasqua-9788498467529\/#primaryimage"},"image":{"@id":"https:\/\/www.editorialclaret.cat\/producte\/materials-per-a-la-catequesi-quaresma-i-pasqua-9788498467529\/#primaryimage"},"thumbnailUrl":"https:\/\/www.editorialclaret.cat\/wp-content\/uploads\/.\/9788498467529.jpg","datePublished":"2022-11-07T06:43:19+00:00","dateModified":"2024-05-22T11:28:30+00:00","breadcrumb":{"@id":"https:\/\/www.editorialclaret.cat\/producte\/materials-per-a-la-catequesi-quaresma-i-pasqua-9788498467529\/#breadcrumb"},"inLanguage":"es","potentialAction":[{"@type":"ReadAction","target":["https:\/\/www.editorialclaret.cat\/producte\/materials-per-a-la-catequesi-quaresma-i-pasqua-9788498467529\/"]}]},{"@type":"ImageObject","inLanguage":"es","@id":"https:\/\/www.editorialclaret.cat\/producte\/materials-per-a-la-catequesi-quaresma-i-pasqua-9788498467529\/#primaryimage","url":"https:\/\/www.editorialclaret.cat\/wp-content\/uploads\/.\/9788498467529.jpg","contentUrl":"https:\/\/www.editorialclaret.cat\/wp-content\/uploads\/.\/9788498467529.jpg","width":225,"height":259,"caption":"9788498467529.jpg"},{"@type":"BreadcrumbList","@id":"https:\/\/www.editorialclaret.cat\/producte\/materials-per-a-la-catequesi-quaresma-i-pasqua-9788498467529\/#breadcrumb","itemListElement":[{"@type":"ListItem","position":1,"name":"Portada","item":"https:\/\/www.editorialclaret.cat\/es\/"},{"@type":"ListItem","position":2,"name":"Botiga","item":"https:\/\/www.editorialclaret.cat\/?page_id=16"},{"@type":"ListItem","position":3,"name":"MATERIALS PER A LA CATEQUESI &#8211; QUARESMA I PASQUA"}]},{"@type":"WebSite","@id":"https:\/\/www.editorialclaret.cat\/#website","url":"https:\/\/www.editorialclaret.cat\/","name":"Editorial Claret","description":"","publisher":{"@id":"https:\/\/www.editorialclaret.cat\/#organization"},"potentialAction":[{"@type":"SearchAction","target":{"@type":"EntryPoint","urlTemplate":"https:\/\/www.editorialclaret.cat\/?s={search_term_string}"},"query-input":{"@type":"PropertyValueSpecification","valueRequired":true,"valueName":"search_term_string"}}],"inLanguage":"es"},{"@type":"Organization","@id":"https:\/\/www.editorialclaret.cat\/#organization","name":"Editorial Claret","url":"https:\/\/www.editorialclaret.cat\/","logo":{"@type":"ImageObject","inLanguage":"es","@id":"https:\/\/www.editorialclaret.cat\/#\/schema\/logo\/image\/","url":"https:\/\/www.editorialclaret.cat\/wp-content\/uploads\/.\/logo-claret.png","contentUrl":"https:\/\/www.editorialclaret.cat\/wp-content\/uploads\/.\/logo-claret.png","width":194,"height":79,"caption":"Editorial Claret"},"image":{"@id":"https:\/\/www.editorialclaret.cat\/#\/schema\/logo\/image\/"}}]}},"_links":{"self":[{"href":"https:\/\/www.editorialclaret.cat\/es\/wp-json\/wp\/v2\/product\/47857","targetHints":{"allow":["GET"]}}],"collection":[{"href":"https:\/\/www.editorialclaret.cat\/es\/wp-json\/wp\/v2\/product"}],"about":[{"href":"https:\/\/www.editorialclaret.cat\/es\/wp-json\/wp\/v2\/types\/product"}],"wp:featuredmedia":[{"embeddable":true,"href":"https:\/\/www.editorialclaret.cat\/es\/wp-json\/wp\/v2\/media\/47858"}],"wp:attachment":[{"href":"https:\/\/www.editorialclaret.cat\/es\/wp-json\/wp\/v2\/media?parent=47857"}],"wp:term":[{"taxonomy":"product_brand","embeddable":true,"href":"https:\/\/www.editorialclaret.cat\/es\/wp-json\/wp\/v2\/product_brand?post=47857"},{"taxonomy":"product_cat","embeddable":true,"href":"https:\/\/www.editorialclaret.cat\/es\/wp-json\/wp\/v2\/product_cat?post=47857"},{"taxonomy":"product_tag","embeddable":true,"href":"https:\/\/www.editorialclaret.cat\/es\/wp-json\/wp\/v2\/product_tag?post=47857"}],"curies":[{"name":"wp","href":"https:\/\/api.w.org\/{rel}","templated":true}]}}