{"id":47842,"date":"2022-11-07T07:43:03","date_gmt":"2022-11-07T06:43:03","guid":{"rendered":"http:\/\/dev.editorialclaret.cat\/producte\/introduccio-al-nou-testament\/"},"modified":"2026-03-25T18:40:38","modified_gmt":"2026-03-25T17:40:38","slug":"introduccio-al-nou-testament-9788498467321","status":"publish","type":"product","link":"https:\/\/www.editorialclaret.cat\/es\/producto\/introduccio-al-nou-testament-9788498467321\/","title":{"rendered":"INTRODUCCI\u00d3 AL NOU TESTAMENT"},"content":{"rendered":"<p>El Nou Testament \u00e9s el conjunt d&#8217;escrits de les primeres comunitats cristianes, que han estat considerats per aquestes com a normatius. Per comprendre el tresor que suposen aquests 27 escrits -per a creients i per a nocreients- \u00e9s de gran ajuda contemplar-los en el seu conjunt, posar-se les ulleres adequades a cada tipus d&#8217;escrit, deixar de banda els esquemes de la cultura del lector, aprendre el seu llenguatge, el significat dels seus simbolismes, el seu ambient d&#8217;origen, el sentit de la seva recopilaci\u00f3. En una paraula, cal apropar-se a l&#8217;experi\u00e8ncia espiritual dels seus autors i dels seus lectors originals.<\/p>\n<p>Aquesta Introducci\u00f3 al Nou Testament -la primera publicada en catal\u00e0- desitja ser llegida de forma seguida- la seva brevetat ho facilita-, per aconseguir una visi\u00f3 de conjunt d&#8217;aquesta col\u00b7lecci\u00f3 de textos que ha marcat profundament tota la cultura occidental. T\u00e9 en compte les postures majorit\u00e0ries dels estudiosos, per\u00f2 presenta al mateix temps una interpretaci\u00f3 nova i original.<\/p>\n","protected":false},"excerpt":{"rendered":"<p>PUIGDOLLERS I NOBLOM, RODOLF<\/p>\n","protected":false},"featured_media":67842,"template":"","meta":{"_acf_changed":false,"rs_blank_template":"","rs_page_bg_color":"","slide_template_v7":"","inline_featured_image":false,"_monsterinsights_skip_tracking":false,"_monsterinsights_sitenote_active":false,"_monsterinsights_sitenote_note":"","_monsterinsights_sitenote_category":0},"product_brand":[],"product_cat":[1298,1306],"product_tag":[],"class_list":{"0":"post-47842","1":"product","2":"type-product","3":"status-publish","4":"has-post-thumbnail","6":"product_cat-la-gran-biblioteca","7":"product_cat-la-gran-biblioteca-2","9":"first","10":"instock","11":"taxable","12":"shipping-taxable","13":"purchasable","14":"product-type-simple"},"acf":{"autor":"PUIGDOLLERS I NOBLOM, RODOLF","codart":"849846732","libros-coleccion":"","ediciones":"1","encuadernacion":"R\u00fastica","fecha_de_publicacion":"08\/03\/2013","novedad":"0","paginas":"296","subtitulo":"QUAN LA PARAULA ES FA ESCRIPTURA","orden":"999","portada":"0","idioma":"cat","autores-libros":[{"ID":46618,"post_author":"3","post_date":"2022-10-24 13:04:24","post_date_gmt":"2022-10-24 11:04:24","post_content":"","post_title":"RODOLF PUIGDOLLERS I NOBLOM","post_excerpt":"","post_status":"publish","comment_status":"closed","ping_status":"closed","post_password":"","post_name":"rodolf-puigdollers-i-noblom","to_ping":"","pinged":"","post_modified":"2022-10-24 13:04:24","post_modified_gmt":"2022-10-24 11:04:24","post_content_filtered":"","post_parent":0,"guid":"http:\/\/dev.editorialclaret.cat\/autor\/rodolf-puigdollers-i-noblom\/","menu_order":0,"post_type":"autor","post_mime_type":"","comment_count":"0","filter":"raw"}],"traductores-libros":"","ilustradores-libros":"","formato":"","linkebook":"","precioebook":"","ficha":"","muestra":"","presentacion":"","booktrailer":"","resenas":"","recomendamos":"","mas_vendido":""},"yoast_head":"<!-- This site is optimized with the Yoast SEO plugin v27.3 - https:\/\/yoast.com\/product\/yoast-seo-wordpress\/ -->\n<title>Editorial Claret<\/title>\n<meta name=\"robots\" content=\"noindex, follow, max-snippet:-1, max-image-preview:large, max-video-preview:-1\" \/>\n<meta property=\"og:locale\" content=\"es_ES\" \/>\n<meta property=\"og:type\" content=\"article\" \/>\n<meta property=\"og:title\" content=\"INTRODUCCI\u00d3 AL NOU TESTAMENT - Editorial Claret\" \/>\n<meta property=\"og:description\" content=\"PUIGDOLLERS I NOBLOM, RODOLF\" \/>\n<meta property=\"og:url\" content=\"https:\/\/www.editorialclaret.cat\/producte\/introduccio-al-nou-testament-9788498467321\/\" \/>\n<meta property=\"og:site_name\" content=\"Editorial Claret\" \/>\n<meta property=\"article:modified_time\" content=\"2026-03-25T17:40:38+00:00\" \/>\n<meta property=\"og:image\" content=\"https:\/\/www.editorialclaret.cat\/wp-content\/uploads\/9788498467321-2.jpg\" \/>\n\t<meta property=\"og:image:width\" content=\"278\" \/>\n\t<meta property=\"og:image:height\" content=\"411\" \/>\n\t<meta property=\"og:image:type\" content=\"image\/jpeg\" \/>\n<meta name=\"twitter:card\" content=\"summary_large_image\" \/>\n<meta name=\"twitter:label1\" content=\"Tiempo de lectura\" \/>\n\t<meta name=\"twitter:data1\" content=\"1 minuto\" \/>\n<script type=\"application\/ld+json\" class=\"yoast-schema-graph\">{\"@context\":\"https:\\\/\\\/schema.org\",\"@graph\":[{\"@type\":\"WebPage\",\"@id\":\"https:\\\/\\\/www.editorialclaret.cat\\\/producte\\\/introduccio-al-nou-testament-9788498467321\\\/\",\"url\":\"https:\\\/\\\/www.editorialclaret.cat\\\/producte\\\/introduccio-al-nou-testament-9788498467321\\\/\",\"name\":\"INTRODUCCI\u00d3 AL NOU TESTAMENT - Editorial Claret\",\"isPartOf\":{\"@id\":\"https:\\\/\\\/www.editorialclaret.cat\\\/#website\"},\"primaryImageOfPage\":{\"@id\":\"https:\\\/\\\/www.editorialclaret.cat\\\/producte\\\/introduccio-al-nou-testament-9788498467321\\\/#primaryimage\"},\"image\":{\"@id\":\"https:\\\/\\\/www.editorialclaret.cat\\\/producte\\\/introduccio-al-nou-testament-9788498467321\\\/#primaryimage\"},\"thumbnailUrl\":\"https:\\\/\\\/www.editorialclaret.cat\\\/wp-content\\\/uploads\\\/9788498467321-2.jpg\",\"datePublished\":\"2022-11-07T06:43:03+00:00\",\"dateModified\":\"2026-03-25T17:40:38+00:00\",\"breadcrumb\":{\"@id\":\"https:\\\/\\\/www.editorialclaret.cat\\\/producte\\\/introduccio-al-nou-testament-9788498467321\\\/#breadcrumb\"},\"inLanguage\":\"es\",\"potentialAction\":[{\"@type\":\"ReadAction\",\"target\":[\"https:\\\/\\\/www.editorialclaret.cat\\\/producte\\\/introduccio-al-nou-testament-9788498467321\\\/\"]}]},{\"@type\":\"ImageObject\",\"inLanguage\":\"es\",\"@id\":\"https:\\\/\\\/www.editorialclaret.cat\\\/producte\\\/introduccio-al-nou-testament-9788498467321\\\/#primaryimage\",\"url\":\"https:\\\/\\\/www.editorialclaret.cat\\\/wp-content\\\/uploads\\\/9788498467321-2.jpg\",\"contentUrl\":\"https:\\\/\\\/www.editorialclaret.cat\\\/wp-content\\\/uploads\\\/9788498467321-2.jpg\",\"width\":278,\"height\":411,\"caption\":\"9788498467321.jpg\"},{\"@type\":\"BreadcrumbList\",\"@id\":\"https:\\\/\\\/www.editorialclaret.cat\\\/producte\\\/introduccio-al-nou-testament-9788498467321\\\/#breadcrumb\",\"itemListElement\":[{\"@type\":\"ListItem\",\"position\":1,\"name\":\"Portada\",\"item\":\"https:\\\/\\\/www.editorialclaret.cat\\\/es\\\/\"},{\"@type\":\"ListItem\",\"position\":2,\"name\":\"Botiga\",\"item\":\"https:\\\/\\\/www.editorialclaret.cat\\\/?page_id=16\"},{\"@type\":\"ListItem\",\"position\":3,\"name\":\"INTRODUCCI\u00d3 AL NOU TESTAMENT\"}]},{\"@type\":\"WebSite\",\"@id\":\"https:\\\/\\\/www.editorialclaret.cat\\\/#website\",\"url\":\"https:\\\/\\\/www.editorialclaret.cat\\\/\",\"name\":\"Editorial Claret\",\"description\":\"\",\"publisher\":{\"@id\":\"https:\\\/\\\/www.editorialclaret.cat\\\/#organization\"},\"potentialAction\":[{\"@type\":\"SearchAction\",\"target\":{\"@type\":\"EntryPoint\",\"urlTemplate\":\"https:\\\/\\\/www.editorialclaret.cat\\\/?s={search_term_string}\"},\"query-input\":{\"@type\":\"PropertyValueSpecification\",\"valueRequired\":true,\"valueName\":\"search_term_string\"}}],\"inLanguage\":\"es\"},{\"@type\":\"Organization\",\"@id\":\"https:\\\/\\\/www.editorialclaret.cat\\\/#organization\",\"name\":\"Editorial Claret\",\"url\":\"https:\\\/\\\/www.editorialclaret.cat\\\/\",\"logo\":{\"@type\":\"ImageObject\",\"inLanguage\":\"es\",\"@id\":\"https:\\\/\\\/www.editorialclaret.cat\\\/#\\\/schema\\\/logo\\\/image\\\/\",\"url\":\"https:\\\/\\\/www.editorialclaret.cat\\\/wp-content\\\/uploads\\\/.\\\/logo-claret.png\",\"contentUrl\":\"https:\\\/\\\/www.editorialclaret.cat\\\/wp-content\\\/uploads\\\/.\\\/logo-claret.png\",\"width\":194,\"height\":79,\"caption\":\"Editorial Claret\"},\"image\":{\"@id\":\"https:\\\/\\\/www.editorialclaret.cat\\\/#\\\/schema\\\/logo\\\/image\\\/\"}}]}<\/script>\n<!-- \/ Yoast SEO plugin. -->","yoast_head_json":{"title":"Editorial Claret","robots":{"index":"noindex","follow":"follow","max-snippet":"max-snippet:-1","max-image-preview":"max-image-preview:large","max-video-preview":"max-video-preview:-1"},"og_locale":"es_ES","og_type":"article","og_title":"INTRODUCCI\u00d3 AL NOU TESTAMENT - Editorial Claret","og_description":"PUIGDOLLERS I NOBLOM, RODOLF","og_url":"https:\/\/www.editorialclaret.cat\/producte\/introduccio-al-nou-testament-9788498467321\/","og_site_name":"Editorial Claret","article_modified_time":"2026-03-25T17:40:38+00:00","og_image":[{"width":278,"height":411,"url":"https:\/\/www.editorialclaret.cat\/wp-content\/uploads\/9788498467321-2.jpg","type":"image\/jpeg"}],"twitter_card":"summary_large_image","twitter_misc":{"Tiempo de lectura":"1 minuto"},"schema":{"@context":"https:\/\/schema.org","@graph":[{"@type":"WebPage","@id":"https:\/\/www.editorialclaret.cat\/producte\/introduccio-al-nou-testament-9788498467321\/","url":"https:\/\/www.editorialclaret.cat\/producte\/introduccio-al-nou-testament-9788498467321\/","name":"INTRODUCCI\u00d3 AL NOU TESTAMENT - Editorial Claret","isPartOf":{"@id":"https:\/\/www.editorialclaret.cat\/#website"},"primaryImageOfPage":{"@id":"https:\/\/www.editorialclaret.cat\/producte\/introduccio-al-nou-testament-9788498467321\/#primaryimage"},"image":{"@id":"https:\/\/www.editorialclaret.cat\/producte\/introduccio-al-nou-testament-9788498467321\/#primaryimage"},"thumbnailUrl":"https:\/\/www.editorialclaret.cat\/wp-content\/uploads\/9788498467321-2.jpg","datePublished":"2022-11-07T06:43:03+00:00","dateModified":"2026-03-25T17:40:38+00:00","breadcrumb":{"@id":"https:\/\/www.editorialclaret.cat\/producte\/introduccio-al-nou-testament-9788498467321\/#breadcrumb"},"inLanguage":"es","potentialAction":[{"@type":"ReadAction","target":["https:\/\/www.editorialclaret.cat\/producte\/introduccio-al-nou-testament-9788498467321\/"]}]},{"@type":"ImageObject","inLanguage":"es","@id":"https:\/\/www.editorialclaret.cat\/producte\/introduccio-al-nou-testament-9788498467321\/#primaryimage","url":"https:\/\/www.editorialclaret.cat\/wp-content\/uploads\/9788498467321-2.jpg","contentUrl":"https:\/\/www.editorialclaret.cat\/wp-content\/uploads\/9788498467321-2.jpg","width":278,"height":411,"caption":"9788498467321.jpg"},{"@type":"BreadcrumbList","@id":"https:\/\/www.editorialclaret.cat\/producte\/introduccio-al-nou-testament-9788498467321\/#breadcrumb","itemListElement":[{"@type":"ListItem","position":1,"name":"Portada","item":"https:\/\/www.editorialclaret.cat\/es\/"},{"@type":"ListItem","position":2,"name":"Botiga","item":"https:\/\/www.editorialclaret.cat\/?page_id=16"},{"@type":"ListItem","position":3,"name":"INTRODUCCI\u00d3 AL NOU TESTAMENT"}]},{"@type":"WebSite","@id":"https:\/\/www.editorialclaret.cat\/#website","url":"https:\/\/www.editorialclaret.cat\/","name":"Editorial Claret","description":"","publisher":{"@id":"https:\/\/www.editorialclaret.cat\/#organization"},"potentialAction":[{"@type":"SearchAction","target":{"@type":"EntryPoint","urlTemplate":"https:\/\/www.editorialclaret.cat\/?s={search_term_string}"},"query-input":{"@type":"PropertyValueSpecification","valueRequired":true,"valueName":"search_term_string"}}],"inLanguage":"es"},{"@type":"Organization","@id":"https:\/\/www.editorialclaret.cat\/#organization","name":"Editorial Claret","url":"https:\/\/www.editorialclaret.cat\/","logo":{"@type":"ImageObject","inLanguage":"es","@id":"https:\/\/www.editorialclaret.cat\/#\/schema\/logo\/image\/","url":"https:\/\/www.editorialclaret.cat\/wp-content\/uploads\/.\/logo-claret.png","contentUrl":"https:\/\/www.editorialclaret.cat\/wp-content\/uploads\/.\/logo-claret.png","width":194,"height":79,"caption":"Editorial Claret"},"image":{"@id":"https:\/\/www.editorialclaret.cat\/#\/schema\/logo\/image\/"}}]}},"_links":{"self":[{"href":"https:\/\/www.editorialclaret.cat\/es\/wp-json\/wp\/v2\/product\/47842","targetHints":{"allow":["GET"]}}],"collection":[{"href":"https:\/\/www.editorialclaret.cat\/es\/wp-json\/wp\/v2\/product"}],"about":[{"href":"https:\/\/www.editorialclaret.cat\/es\/wp-json\/wp\/v2\/types\/product"}],"wp:featuredmedia":[{"embeddable":true,"href":"https:\/\/www.editorialclaret.cat\/es\/wp-json\/wp\/v2\/media\/67842"}],"wp:attachment":[{"href":"https:\/\/www.editorialclaret.cat\/es\/wp-json\/wp\/v2\/media?parent=47842"}],"wp:term":[{"taxonomy":"product_brand","embeddable":true,"href":"https:\/\/www.editorialclaret.cat\/es\/wp-json\/wp\/v2\/product_brand?post=47842"},{"taxonomy":"product_cat","embeddable":true,"href":"https:\/\/www.editorialclaret.cat\/es\/wp-json\/wp\/v2\/product_cat?post=47842"},{"taxonomy":"product_tag","embeddable":true,"href":"https:\/\/www.editorialclaret.cat\/es\/wp-json\/wp\/v2\/product_tag?post=47842"}],"curies":[{"name":"wp","href":"https:\/\/api.w.org\/{rel}","templated":true}]}}