{"id":47770,"date":"2022-11-07T07:41:46","date_gmt":"2022-11-07T06:41:46","guid":{"rendered":"http:\/\/dev.editorialclaret.cat\/producte\/els-jesuites-a-la-rambla-de-barcelona\/"},"modified":"2024-05-22T13:30:52","modified_gmt":"2024-05-22T11:30:52","slug":"els-jesuites-a-la-rambla-de-barcelona-9788498467741","status":"publish","type":"product","link":"https:\/\/www.editorialclaret.cat\/es\/producto\/els-jesuites-a-la-rambla-de-barcelona-9788498467741\/","title":{"rendered":"ELS JESU\u00cfTES A LA RAMBLA DE BARCELONA"},"content":{"rendered":"<p>El present llibre \u00e9s un llibre tem\u00e0tic amb una projecci\u00f3 hist\u00f2rica dels segles XVI i XVII sobre la Companyia de<br \/>Jes\u00fas a Barcelona.<\/p>\n<p>El llibre est\u00e0 estructurat en torn de tres eixos. El primer, la figura central \u00e9s Ignasi de Loiola que, com a pelegr\u00ed, va viure a Barcelona dos anys i uns mesos prop de l\u2019esgl\u00e9sia de Santa Maria del Mar. En la resta de la seva vida, la ciutat de Barcelona va ser emblem\u00e0tica per a ell. El segon \u00e9s la Companyia de Jes\u00fas, tant en el seu assentament a la ciutat, com en les seves dues dimensions apost\u00f2liques m\u00e9s rellevants, la pastoral i la docent. Finalment, el tercer eix d\u2019uni\u00f3 correspon a Barcelona. S\u00f3n els esdeveniments que afectaran la ciutat de Barcelona i implicaren tamb\u00e9 la Companyia de Jes\u00fas. En el pr\u00f2leg recordem que el proper any 2014 se celebrar\u00e0 el bicentenari de la Restauraci\u00f3 de la Companyia. Expulsats els jesu\u00eftes d\u2019Espanya (1767), tres institucions de Barcelona van sortir en llur defensa: l\u2019Ajuntament, la Parr\u00f2quia del Pi i la Companyia de Maria. Poc despr\u00e9s, el 1773, el papa Climent XIV l\u2019extingia.<\/p>\n","protected":false},"excerpt":{"rendered":"<p>VILA I DESPUJOL, IGNASI<\/p>\n","protected":false},"featured_media":47771,"template":"","meta":{"_acf_changed":false,"rs_blank_template":"","rs_page_bg_color":"","slide_template_v7":"","inline_featured_image":false,"_monsterinsights_skip_tracking":false,"_monsterinsights_sitenote_active":false,"_monsterinsights_sitenote_note":"","_monsterinsights_sitenote_category":0},"product_brand":[],"product_cat":[831,1068,1061,823,1216,979,1067,830],"product_tag":[],"class_list":{"0":"post-47770","1":"product","2":"type-product","3":"status-publish","4":"has-post-thumbnail","6":"product_cat-eclesiologia","7":"product_cat-eclesiologia-espiritualidad","8":"product_cat-historia-humanidades","9":"product_cat-historia","10":"product_cat-ignaciana-espiritualidad-espiritualidad","11":"product_cat-ignaciana","12":"product_cat-vida-religiosa-espiritualidad","13":"product_cat-vida-religiosa","15":"first","16":"instock","17":"taxable","18":"shipping-taxable","19":"purchasable","20":"product-type-simple"},"acf":{"autor":"VILA I DESPUJOL, IGNASI","codart":"849846774","libros-coleccion":"","ediciones":"1","encuadernacion":"R\u00fastica","fecha_de_publicacion":"22\/10\/2013","novedad":"0","paginas":"324","subtitulo":"","orden":"999","portada":"0","idioma":"cat","autores-libros":[{"ID":46860,"post_author":"3","post_date":"2022-11-06 20:31:40","post_date_gmt":"2022-11-06 19:31:40","post_content":"","post_title":"IGNASI VILA I DESPUJOL","post_excerpt":"","post_status":"publish","comment_status":"closed","ping_status":"closed","post_password":"","post_name":"ignasi-vila-i-despujol","to_ping":"","pinged":"","post_modified":"2022-11-06 20:31:40","post_modified_gmt":"2022-11-06 19:31:40","post_content_filtered":"","post_parent":0,"guid":"http:\/\/dev.editorialclaret.cat\/autor\/ignasi-vila-i-despujol\/","menu_order":0,"post_type":"autor","post_mime_type":"","comment_count":"0","filter":"raw"}]},"yoast_head":"<!-- This site is optimized with the Yoast SEO plugin v27.3 - https:\/\/yoast.com\/product\/yoast-seo-wordpress\/ -->\n<title>Editorial Claret<\/title>\n<meta name=\"robots\" content=\"noindex, follow, max-snippet:-1, max-image-preview:large, max-video-preview:-1\" \/>\n<meta property=\"og:locale\" content=\"es_ES\" \/>\n<meta property=\"og:type\" content=\"article\" \/>\n<meta property=\"og:title\" content=\"ELS JESU\u00cfTES A LA RAMBLA DE BARCELONA - Editorial Claret\" \/>\n<meta property=\"og:description\" content=\"VILA I DESPUJOL, IGNASI\" \/>\n<meta property=\"og:url\" content=\"https:\/\/www.editorialclaret.cat\/producte\/els-jesuites-a-la-rambla-de-barcelona-9788498467741\/\" \/>\n<meta property=\"og:site_name\" content=\"Editorial Claret\" \/>\n<meta property=\"article:modified_time\" content=\"2024-05-22T11:30:52+00:00\" \/>\n<meta property=\"og:image\" content=\"https:\/\/www.editorialclaret.cat\/wp-content\/uploads\/.\/9788498467741.jpg\" \/>\n\t<meta property=\"og:image:width\" content=\"225\" \/>\n\t<meta property=\"og:image:height\" content=\"338\" \/>\n\t<meta property=\"og:image:type\" content=\"image\/jpeg\" \/>\n<meta name=\"twitter:card\" content=\"summary_large_image\" \/>\n<meta name=\"twitter:label1\" content=\"Tiempo de lectura\" \/>\n\t<meta name=\"twitter:data1\" content=\"1 minuto\" \/>\n<script type=\"application\/ld+json\" class=\"yoast-schema-graph\">{\"@context\":\"https:\\\/\\\/schema.org\",\"@graph\":[{\"@type\":\"WebPage\",\"@id\":\"https:\\\/\\\/www.editorialclaret.cat\\\/producte\\\/els-jesuites-a-la-rambla-de-barcelona-9788498467741\\\/\",\"url\":\"https:\\\/\\\/www.editorialclaret.cat\\\/producte\\\/els-jesuites-a-la-rambla-de-barcelona-9788498467741\\\/\",\"name\":\"ELS JESU\u00cfTES A LA RAMBLA DE BARCELONA - Editorial Claret\",\"isPartOf\":{\"@id\":\"https:\\\/\\\/www.editorialclaret.cat\\\/#website\"},\"primaryImageOfPage\":{\"@id\":\"https:\\\/\\\/www.editorialclaret.cat\\\/producte\\\/els-jesuites-a-la-rambla-de-barcelona-9788498467741\\\/#primaryimage\"},\"image\":{\"@id\":\"https:\\\/\\\/www.editorialclaret.cat\\\/producte\\\/els-jesuites-a-la-rambla-de-barcelona-9788498467741\\\/#primaryimage\"},\"thumbnailUrl\":\"https:\\\/\\\/www.editorialclaret.cat\\\/wp-content\\\/uploads\\\/.\\\/9788498467741.jpg\",\"datePublished\":\"2022-11-07T06:41:46+00:00\",\"dateModified\":\"2024-05-22T11:30:52+00:00\",\"breadcrumb\":{\"@id\":\"https:\\\/\\\/www.editorialclaret.cat\\\/producte\\\/els-jesuites-a-la-rambla-de-barcelona-9788498467741\\\/#breadcrumb\"},\"inLanguage\":\"es\",\"potentialAction\":[{\"@type\":\"ReadAction\",\"target\":[\"https:\\\/\\\/www.editorialclaret.cat\\\/producte\\\/els-jesuites-a-la-rambla-de-barcelona-9788498467741\\\/\"]}]},{\"@type\":\"ImageObject\",\"inLanguage\":\"es\",\"@id\":\"https:\\\/\\\/www.editorialclaret.cat\\\/producte\\\/els-jesuites-a-la-rambla-de-barcelona-9788498467741\\\/#primaryimage\",\"url\":\"https:\\\/\\\/www.editorialclaret.cat\\\/wp-content\\\/uploads\\\/.\\\/9788498467741.jpg\",\"contentUrl\":\"https:\\\/\\\/www.editorialclaret.cat\\\/wp-content\\\/uploads\\\/.\\\/9788498467741.jpg\",\"width\":225,\"height\":338,\"caption\":\"9788498467741.jpg\"},{\"@type\":\"BreadcrumbList\",\"@id\":\"https:\\\/\\\/www.editorialclaret.cat\\\/producte\\\/els-jesuites-a-la-rambla-de-barcelona-9788498467741\\\/#breadcrumb\",\"itemListElement\":[{\"@type\":\"ListItem\",\"position\":1,\"name\":\"Portada\",\"item\":\"https:\\\/\\\/www.editorialclaret.cat\\\/es\\\/\"},{\"@type\":\"ListItem\",\"position\":2,\"name\":\"Botiga\",\"item\":\"https:\\\/\\\/www.editorialclaret.cat\\\/?page_id=16\"},{\"@type\":\"ListItem\",\"position\":3,\"name\":\"ELS JESU\u00cfTES A LA RAMBLA DE BARCELONA\"}]},{\"@type\":\"WebSite\",\"@id\":\"https:\\\/\\\/www.editorialclaret.cat\\\/#website\",\"url\":\"https:\\\/\\\/www.editorialclaret.cat\\\/\",\"name\":\"Editorial Claret\",\"description\":\"\",\"publisher\":{\"@id\":\"https:\\\/\\\/www.editorialclaret.cat\\\/#organization\"},\"potentialAction\":[{\"@type\":\"SearchAction\",\"target\":{\"@type\":\"EntryPoint\",\"urlTemplate\":\"https:\\\/\\\/www.editorialclaret.cat\\\/?s={search_term_string}\"},\"query-input\":{\"@type\":\"PropertyValueSpecification\",\"valueRequired\":true,\"valueName\":\"search_term_string\"}}],\"inLanguage\":\"es\"},{\"@type\":\"Organization\",\"@id\":\"https:\\\/\\\/www.editorialclaret.cat\\\/#organization\",\"name\":\"Editorial Claret\",\"url\":\"https:\\\/\\\/www.editorialclaret.cat\\\/\",\"logo\":{\"@type\":\"ImageObject\",\"inLanguage\":\"es\",\"@id\":\"https:\\\/\\\/www.editorialclaret.cat\\\/#\\\/schema\\\/logo\\\/image\\\/\",\"url\":\"https:\\\/\\\/www.editorialclaret.cat\\\/wp-content\\\/uploads\\\/.\\\/logo-claret.png\",\"contentUrl\":\"https:\\\/\\\/www.editorialclaret.cat\\\/wp-content\\\/uploads\\\/.\\\/logo-claret.png\",\"width\":194,\"height\":79,\"caption\":\"Editorial Claret\"},\"image\":{\"@id\":\"https:\\\/\\\/www.editorialclaret.cat\\\/#\\\/schema\\\/logo\\\/image\\\/\"}}]}<\/script>\n<!-- \/ Yoast SEO plugin. -->","yoast_head_json":{"title":"Editorial Claret","robots":{"index":"noindex","follow":"follow","max-snippet":"max-snippet:-1","max-image-preview":"max-image-preview:large","max-video-preview":"max-video-preview:-1"},"og_locale":"es_ES","og_type":"article","og_title":"ELS JESU\u00cfTES A LA RAMBLA DE BARCELONA - Editorial Claret","og_description":"VILA I DESPUJOL, IGNASI","og_url":"https:\/\/www.editorialclaret.cat\/producte\/els-jesuites-a-la-rambla-de-barcelona-9788498467741\/","og_site_name":"Editorial Claret","article_modified_time":"2024-05-22T11:30:52+00:00","og_image":[{"width":225,"height":338,"url":"https:\/\/www.editorialclaret.cat\/wp-content\/uploads\/.\/9788498467741.jpg","type":"image\/jpeg"}],"twitter_card":"summary_large_image","twitter_misc":{"Tiempo de lectura":"1 minuto"},"schema":{"@context":"https:\/\/schema.org","@graph":[{"@type":"WebPage","@id":"https:\/\/www.editorialclaret.cat\/producte\/els-jesuites-a-la-rambla-de-barcelona-9788498467741\/","url":"https:\/\/www.editorialclaret.cat\/producte\/els-jesuites-a-la-rambla-de-barcelona-9788498467741\/","name":"ELS JESU\u00cfTES A LA RAMBLA DE BARCELONA - Editorial Claret","isPartOf":{"@id":"https:\/\/www.editorialclaret.cat\/#website"},"primaryImageOfPage":{"@id":"https:\/\/www.editorialclaret.cat\/producte\/els-jesuites-a-la-rambla-de-barcelona-9788498467741\/#primaryimage"},"image":{"@id":"https:\/\/www.editorialclaret.cat\/producte\/els-jesuites-a-la-rambla-de-barcelona-9788498467741\/#primaryimage"},"thumbnailUrl":"https:\/\/www.editorialclaret.cat\/wp-content\/uploads\/.\/9788498467741.jpg","datePublished":"2022-11-07T06:41:46+00:00","dateModified":"2024-05-22T11:30:52+00:00","breadcrumb":{"@id":"https:\/\/www.editorialclaret.cat\/producte\/els-jesuites-a-la-rambla-de-barcelona-9788498467741\/#breadcrumb"},"inLanguage":"es","potentialAction":[{"@type":"ReadAction","target":["https:\/\/www.editorialclaret.cat\/producte\/els-jesuites-a-la-rambla-de-barcelona-9788498467741\/"]}]},{"@type":"ImageObject","inLanguage":"es","@id":"https:\/\/www.editorialclaret.cat\/producte\/els-jesuites-a-la-rambla-de-barcelona-9788498467741\/#primaryimage","url":"https:\/\/www.editorialclaret.cat\/wp-content\/uploads\/.\/9788498467741.jpg","contentUrl":"https:\/\/www.editorialclaret.cat\/wp-content\/uploads\/.\/9788498467741.jpg","width":225,"height":338,"caption":"9788498467741.jpg"},{"@type":"BreadcrumbList","@id":"https:\/\/www.editorialclaret.cat\/producte\/els-jesuites-a-la-rambla-de-barcelona-9788498467741\/#breadcrumb","itemListElement":[{"@type":"ListItem","position":1,"name":"Portada","item":"https:\/\/www.editorialclaret.cat\/es\/"},{"@type":"ListItem","position":2,"name":"Botiga","item":"https:\/\/www.editorialclaret.cat\/?page_id=16"},{"@type":"ListItem","position":3,"name":"ELS JESU\u00cfTES A LA RAMBLA DE BARCELONA"}]},{"@type":"WebSite","@id":"https:\/\/www.editorialclaret.cat\/#website","url":"https:\/\/www.editorialclaret.cat\/","name":"Editorial Claret","description":"","publisher":{"@id":"https:\/\/www.editorialclaret.cat\/#organization"},"potentialAction":[{"@type":"SearchAction","target":{"@type":"EntryPoint","urlTemplate":"https:\/\/www.editorialclaret.cat\/?s={search_term_string}"},"query-input":{"@type":"PropertyValueSpecification","valueRequired":true,"valueName":"search_term_string"}}],"inLanguage":"es"},{"@type":"Organization","@id":"https:\/\/www.editorialclaret.cat\/#organization","name":"Editorial Claret","url":"https:\/\/www.editorialclaret.cat\/","logo":{"@type":"ImageObject","inLanguage":"es","@id":"https:\/\/www.editorialclaret.cat\/#\/schema\/logo\/image\/","url":"https:\/\/www.editorialclaret.cat\/wp-content\/uploads\/.\/logo-claret.png","contentUrl":"https:\/\/www.editorialclaret.cat\/wp-content\/uploads\/.\/logo-claret.png","width":194,"height":79,"caption":"Editorial Claret"},"image":{"@id":"https:\/\/www.editorialclaret.cat\/#\/schema\/logo\/image\/"}}]}},"_links":{"self":[{"href":"https:\/\/www.editorialclaret.cat\/es\/wp-json\/wp\/v2\/product\/47770","targetHints":{"allow":["GET"]}}],"collection":[{"href":"https:\/\/www.editorialclaret.cat\/es\/wp-json\/wp\/v2\/product"}],"about":[{"href":"https:\/\/www.editorialclaret.cat\/es\/wp-json\/wp\/v2\/types\/product"}],"wp:featuredmedia":[{"embeddable":true,"href":"https:\/\/www.editorialclaret.cat\/es\/wp-json\/wp\/v2\/media\/47771"}],"wp:attachment":[{"href":"https:\/\/www.editorialclaret.cat\/es\/wp-json\/wp\/v2\/media?parent=47770"}],"wp:term":[{"taxonomy":"product_brand","embeddable":true,"href":"https:\/\/www.editorialclaret.cat\/es\/wp-json\/wp\/v2\/product_brand?post=47770"},{"taxonomy":"product_cat","embeddable":true,"href":"https:\/\/www.editorialclaret.cat\/es\/wp-json\/wp\/v2\/product_cat?post=47770"},{"taxonomy":"product_tag","embeddable":true,"href":"https:\/\/www.editorialclaret.cat\/es\/wp-json\/wp\/v2\/product_tag?post=47770"}],"curies":[{"name":"wp","href":"https:\/\/api.w.org\/{rel}","templated":true}]}}