{"id":47532,"date":"2022-11-07T07:37:40","date_gmt":"2022-11-07T06:37:40","guid":{"rendered":"http:\/\/dev.editorialclaret.cat\/producte\/converses-sobre-educacio-en-el-lleure-i-accio-social\/"},"modified":"2024-05-22T13:43:04","modified_gmt":"2024-05-22T11:43:04","slug":"converses-sobre-educacio-en-el-lleure-i-accio-social-9788498469844","status":"publish","type":"product","link":"https:\/\/www.editorialclaret.cat\/es\/producto\/converses-sobre-educacio-en-el-lleure-i-accio-social-9788498469844\/","title":{"rendered":"CONVERSES SOBRE EDUCACI\u00d3 EN EL LLEURE I ACCI\u00d3 SOCIAL"},"content":{"rendered":"<p>El valor de les col\u00f2nies, dels esplais, dels casals, l\u2019educaci\u00f3 social, el treball social, la formaci\u00f3 de monitors, l\u2019educaci\u00f3 ambiental, l\u2019atenci\u00f3 a col\u00b7lectius vulnerables com ara la pobresa infantil, l\u2019espiritualitat, la gesti\u00f3 del Tercer Sector s\u00f3n alguns dels temes que es poden trobar en aquest llibre. Es tracta d\u2019un recull d\u2019articles s\u2019han anat publicant en el bloc de la Fundaci\u00f3 Pere Tarr\u00e9s (http:\/\/bloc.peretarres.org), un espai digital que es va posar en marxa l\u2019any 2011 per compartir experi\u00e8ncies i opinions al voltant de l\u2019educaci\u00f3 i l\u2019acci\u00f3 social. Durant aquest temps, m\u00e9s d\u2019un centenar de professionals i voluntaris vinculats a aquesta entitat han contribu\u00eft amb el seu coneixement a generar espais de reflexi\u00f3 i intercanvi en els \u00e0mbits on la Fundaci\u00f3 Pere Tarr\u00e9s interv\u00e9 per aconseguir una societat millor.<\/p>\n","protected":false},"excerpt":{"rendered":"<p>PAREJA, NATI; VERGARA, ISABEL<\/p>\n","protected":false},"featured_media":47533,"template":"","meta":{"_acf_changed":false,"rs_blank_template":"","rs_page_bg_color":"","slide_template_v7":"","inline_featured_image":false,"_monsterinsights_skip_tracking":false,"_monsterinsights_sitenote_active":false,"_monsterinsights_sitenote_note":"","_monsterinsights_sitenote_category":0},"product_brand":[],"product_cat":[16],"product_tag":[],"class_list":{"0":"post-47532","1":"product","2":"type-product","3":"status-publish","4":"has-post-thumbnail","6":"product_cat-sense-categoria","8":"first","9":"instock","10":"taxable","11":"shipping-taxable","12":"purchasable","13":"product-type-simple"},"acf":{"autor":"PAREJA, NATI; VERGARA, ISABEL","codart":"849846984","libros-coleccion":"","ediciones":"1","encuadernacion":"R\u00fastica","fecha_de_publicacion":"04\/12\/2015","novedad":"0","paginas":"172","subtitulo":"","orden":"999","portada":"0","idioma":"cat","autores-libros":[{"ID":47019,"post_author":"3","post_date":"2022-11-06 20:32:54","post_date_gmt":"2022-11-06 19:32:54","post_content":"","post_title":"NATI PAREJA","post_excerpt":"","post_status":"publish","comment_status":"closed","ping_status":"closed","post_password":"","post_name":"nati-pareja","to_ping":"","pinged":"","post_modified":"2022-11-06 20:32:54","post_modified_gmt":"2022-11-06 19:32:54","post_content_filtered":"","post_parent":0,"guid":"http:\/\/dev.editorialclaret.cat\/autor\/nati-pareja\/","menu_order":0,"post_type":"autor","post_mime_type":"","comment_count":"0","filter":"raw"},{"ID":46866,"post_author":"3","post_date":"2022-11-06 20:31:42","post_date_gmt":"2022-11-06 19:31:42","post_content":"","post_title":"ISABEL VERGARA","post_excerpt":"","post_status":"publish","comment_status":"closed","ping_status":"closed","post_password":"","post_name":"isabel-vergara","to_ping":"","pinged":"","post_modified":"2022-11-06 20:31:42","post_modified_gmt":"2022-11-06 19:31:42","post_content_filtered":"","post_parent":0,"guid":"http:\/\/dev.editorialclaret.cat\/autor\/isabel-vergara\/","menu_order":0,"post_type":"autor","post_mime_type":"","comment_count":"0","filter":"raw"}]},"yoast_head":"<!-- This site is optimized with the Yoast SEO plugin v27.3 - https:\/\/yoast.com\/product\/yoast-seo-wordpress\/ -->\n<title>Editorial Claret<\/title>\n<meta name=\"robots\" content=\"noindex, follow, max-snippet:-1, max-image-preview:large, max-video-preview:-1\" \/>\n<meta property=\"og:locale\" content=\"es_ES\" \/>\n<meta property=\"og:type\" content=\"article\" \/>\n<meta property=\"og:title\" content=\"CONVERSES SOBRE EDUCACI\u00d3 EN EL LLEURE I ACCI\u00d3 SOCIAL - Editorial Claret\" \/>\n<meta property=\"og:description\" content=\"PAREJA, NATI; VERGARA, ISABEL\" \/>\n<meta property=\"og:url\" content=\"https:\/\/www.editorialclaret.cat\/producte\/converses-sobre-educacio-en-el-lleure-i-accio-social-9788498469844\/\" \/>\n<meta property=\"og:site_name\" content=\"Editorial Claret\" \/>\n<meta property=\"article:modified_time\" content=\"2024-05-22T11:43:04+00:00\" \/>\n<meta property=\"og:image\" content=\"https:\/\/www.editorialclaret.cat\/wp-content\/uploads\/.\/9788498469844.png\" \/>\n\t<meta property=\"og:image:width\" content=\"225\" \/>\n\t<meta property=\"og:image:height\" content=\"311\" \/>\n\t<meta property=\"og:image:type\" content=\"image\/png\" \/>\n<meta name=\"twitter:card\" content=\"summary_large_image\" \/>\n<meta name=\"twitter:label1\" content=\"Tiempo de lectura\" \/>\n\t<meta name=\"twitter:data1\" content=\"1 minuto\" \/>\n<script type=\"application\/ld+json\" class=\"yoast-schema-graph\">{\"@context\":\"https:\\\/\\\/schema.org\",\"@graph\":[{\"@type\":\"WebPage\",\"@id\":\"https:\\\/\\\/www.editorialclaret.cat\\\/producte\\\/converses-sobre-educacio-en-el-lleure-i-accio-social-9788498469844\\\/\",\"url\":\"https:\\\/\\\/www.editorialclaret.cat\\\/producte\\\/converses-sobre-educacio-en-el-lleure-i-accio-social-9788498469844\\\/\",\"name\":\"CONVERSES SOBRE EDUCACI\u00d3 EN EL LLEURE I ACCI\u00d3 SOCIAL - Editorial Claret\",\"isPartOf\":{\"@id\":\"https:\\\/\\\/www.editorialclaret.cat\\\/#website\"},\"primaryImageOfPage\":{\"@id\":\"https:\\\/\\\/www.editorialclaret.cat\\\/producte\\\/converses-sobre-educacio-en-el-lleure-i-accio-social-9788498469844\\\/#primaryimage\"},\"image\":{\"@id\":\"https:\\\/\\\/www.editorialclaret.cat\\\/producte\\\/converses-sobre-educacio-en-el-lleure-i-accio-social-9788498469844\\\/#primaryimage\"},\"thumbnailUrl\":\"https:\\\/\\\/www.editorialclaret.cat\\\/wp-content\\\/uploads\\\/.\\\/9788498469844.png\",\"datePublished\":\"2022-11-07T06:37:40+00:00\",\"dateModified\":\"2024-05-22T11:43:04+00:00\",\"breadcrumb\":{\"@id\":\"https:\\\/\\\/www.editorialclaret.cat\\\/producte\\\/converses-sobre-educacio-en-el-lleure-i-accio-social-9788498469844\\\/#breadcrumb\"},\"inLanguage\":\"es\",\"potentialAction\":[{\"@type\":\"ReadAction\",\"target\":[\"https:\\\/\\\/www.editorialclaret.cat\\\/producte\\\/converses-sobre-educacio-en-el-lleure-i-accio-social-9788498469844\\\/\"]}]},{\"@type\":\"ImageObject\",\"inLanguage\":\"es\",\"@id\":\"https:\\\/\\\/www.editorialclaret.cat\\\/producte\\\/converses-sobre-educacio-en-el-lleure-i-accio-social-9788498469844\\\/#primaryimage\",\"url\":\"https:\\\/\\\/www.editorialclaret.cat\\\/wp-content\\\/uploads\\\/.\\\/9788498469844.png\",\"contentUrl\":\"https:\\\/\\\/www.editorialclaret.cat\\\/wp-content\\\/uploads\\\/.\\\/9788498469844.png\",\"width\":225,\"height\":311,\"caption\":\"9788498469844.png\"},{\"@type\":\"BreadcrumbList\",\"@id\":\"https:\\\/\\\/www.editorialclaret.cat\\\/producte\\\/converses-sobre-educacio-en-el-lleure-i-accio-social-9788498469844\\\/#breadcrumb\",\"itemListElement\":[{\"@type\":\"ListItem\",\"position\":1,\"name\":\"Portada\",\"item\":\"https:\\\/\\\/www.editorialclaret.cat\\\/es\\\/\"},{\"@type\":\"ListItem\",\"position\":2,\"name\":\"Botiga\",\"item\":\"https:\\\/\\\/www.editorialclaret.cat\\\/?page_id=16\"},{\"@type\":\"ListItem\",\"position\":3,\"name\":\"CONVERSES SOBRE EDUCACI\u00d3 EN EL LLEURE I ACCI\u00d3 SOCIAL\"}]},{\"@type\":\"WebSite\",\"@id\":\"https:\\\/\\\/www.editorialclaret.cat\\\/#website\",\"url\":\"https:\\\/\\\/www.editorialclaret.cat\\\/\",\"name\":\"Editorial Claret\",\"description\":\"\",\"publisher\":{\"@id\":\"https:\\\/\\\/www.editorialclaret.cat\\\/#organization\"},\"potentialAction\":[{\"@type\":\"SearchAction\",\"target\":{\"@type\":\"EntryPoint\",\"urlTemplate\":\"https:\\\/\\\/www.editorialclaret.cat\\\/?s={search_term_string}\"},\"query-input\":{\"@type\":\"PropertyValueSpecification\",\"valueRequired\":true,\"valueName\":\"search_term_string\"}}],\"inLanguage\":\"es\"},{\"@type\":\"Organization\",\"@id\":\"https:\\\/\\\/www.editorialclaret.cat\\\/#organization\",\"name\":\"Editorial Claret\",\"url\":\"https:\\\/\\\/www.editorialclaret.cat\\\/\",\"logo\":{\"@type\":\"ImageObject\",\"inLanguage\":\"es\",\"@id\":\"https:\\\/\\\/www.editorialclaret.cat\\\/#\\\/schema\\\/logo\\\/image\\\/\",\"url\":\"https:\\\/\\\/www.editorialclaret.cat\\\/wp-content\\\/uploads\\\/.\\\/logo-claret.png\",\"contentUrl\":\"https:\\\/\\\/www.editorialclaret.cat\\\/wp-content\\\/uploads\\\/.\\\/logo-claret.png\",\"width\":194,\"height\":79,\"caption\":\"Editorial Claret\"},\"image\":{\"@id\":\"https:\\\/\\\/www.editorialclaret.cat\\\/#\\\/schema\\\/logo\\\/image\\\/\"}}]}<\/script>\n<!-- \/ Yoast SEO plugin. -->","yoast_head_json":{"title":"Editorial Claret","robots":{"index":"noindex","follow":"follow","max-snippet":"max-snippet:-1","max-image-preview":"max-image-preview:large","max-video-preview":"max-video-preview:-1"},"og_locale":"es_ES","og_type":"article","og_title":"CONVERSES SOBRE EDUCACI\u00d3 EN EL LLEURE I ACCI\u00d3 SOCIAL - Editorial Claret","og_description":"PAREJA, NATI; VERGARA, ISABEL","og_url":"https:\/\/www.editorialclaret.cat\/producte\/converses-sobre-educacio-en-el-lleure-i-accio-social-9788498469844\/","og_site_name":"Editorial Claret","article_modified_time":"2024-05-22T11:43:04+00:00","og_image":[{"width":225,"height":311,"url":"https:\/\/www.editorialclaret.cat\/wp-content\/uploads\/.\/9788498469844.png","type":"image\/png"}],"twitter_card":"summary_large_image","twitter_misc":{"Tiempo de lectura":"1 minuto"},"schema":{"@context":"https:\/\/schema.org","@graph":[{"@type":"WebPage","@id":"https:\/\/www.editorialclaret.cat\/producte\/converses-sobre-educacio-en-el-lleure-i-accio-social-9788498469844\/","url":"https:\/\/www.editorialclaret.cat\/producte\/converses-sobre-educacio-en-el-lleure-i-accio-social-9788498469844\/","name":"CONVERSES SOBRE EDUCACI\u00d3 EN EL LLEURE I ACCI\u00d3 SOCIAL - Editorial Claret","isPartOf":{"@id":"https:\/\/www.editorialclaret.cat\/#website"},"primaryImageOfPage":{"@id":"https:\/\/www.editorialclaret.cat\/producte\/converses-sobre-educacio-en-el-lleure-i-accio-social-9788498469844\/#primaryimage"},"image":{"@id":"https:\/\/www.editorialclaret.cat\/producte\/converses-sobre-educacio-en-el-lleure-i-accio-social-9788498469844\/#primaryimage"},"thumbnailUrl":"https:\/\/www.editorialclaret.cat\/wp-content\/uploads\/.\/9788498469844.png","datePublished":"2022-11-07T06:37:40+00:00","dateModified":"2024-05-22T11:43:04+00:00","breadcrumb":{"@id":"https:\/\/www.editorialclaret.cat\/producte\/converses-sobre-educacio-en-el-lleure-i-accio-social-9788498469844\/#breadcrumb"},"inLanguage":"es","potentialAction":[{"@type":"ReadAction","target":["https:\/\/www.editorialclaret.cat\/producte\/converses-sobre-educacio-en-el-lleure-i-accio-social-9788498469844\/"]}]},{"@type":"ImageObject","inLanguage":"es","@id":"https:\/\/www.editorialclaret.cat\/producte\/converses-sobre-educacio-en-el-lleure-i-accio-social-9788498469844\/#primaryimage","url":"https:\/\/www.editorialclaret.cat\/wp-content\/uploads\/.\/9788498469844.png","contentUrl":"https:\/\/www.editorialclaret.cat\/wp-content\/uploads\/.\/9788498469844.png","width":225,"height":311,"caption":"9788498469844.png"},{"@type":"BreadcrumbList","@id":"https:\/\/www.editorialclaret.cat\/producte\/converses-sobre-educacio-en-el-lleure-i-accio-social-9788498469844\/#breadcrumb","itemListElement":[{"@type":"ListItem","position":1,"name":"Portada","item":"https:\/\/www.editorialclaret.cat\/es\/"},{"@type":"ListItem","position":2,"name":"Botiga","item":"https:\/\/www.editorialclaret.cat\/?page_id=16"},{"@type":"ListItem","position":3,"name":"CONVERSES SOBRE EDUCACI\u00d3 EN EL LLEURE I ACCI\u00d3 SOCIAL"}]},{"@type":"WebSite","@id":"https:\/\/www.editorialclaret.cat\/#website","url":"https:\/\/www.editorialclaret.cat\/","name":"Editorial Claret","description":"","publisher":{"@id":"https:\/\/www.editorialclaret.cat\/#organization"},"potentialAction":[{"@type":"SearchAction","target":{"@type":"EntryPoint","urlTemplate":"https:\/\/www.editorialclaret.cat\/?s={search_term_string}"},"query-input":{"@type":"PropertyValueSpecification","valueRequired":true,"valueName":"search_term_string"}}],"inLanguage":"es"},{"@type":"Organization","@id":"https:\/\/www.editorialclaret.cat\/#organization","name":"Editorial Claret","url":"https:\/\/www.editorialclaret.cat\/","logo":{"@type":"ImageObject","inLanguage":"es","@id":"https:\/\/www.editorialclaret.cat\/#\/schema\/logo\/image\/","url":"https:\/\/www.editorialclaret.cat\/wp-content\/uploads\/.\/logo-claret.png","contentUrl":"https:\/\/www.editorialclaret.cat\/wp-content\/uploads\/.\/logo-claret.png","width":194,"height":79,"caption":"Editorial Claret"},"image":{"@id":"https:\/\/www.editorialclaret.cat\/#\/schema\/logo\/image\/"}}]}},"_links":{"self":[{"href":"https:\/\/www.editorialclaret.cat\/es\/wp-json\/wp\/v2\/product\/47532","targetHints":{"allow":["GET"]}}],"collection":[{"href":"https:\/\/www.editorialclaret.cat\/es\/wp-json\/wp\/v2\/product"}],"about":[{"href":"https:\/\/www.editorialclaret.cat\/es\/wp-json\/wp\/v2\/types\/product"}],"wp:featuredmedia":[{"embeddable":true,"href":"https:\/\/www.editorialclaret.cat\/es\/wp-json\/wp\/v2\/media\/47533"}],"wp:attachment":[{"href":"https:\/\/www.editorialclaret.cat\/es\/wp-json\/wp\/v2\/media?parent=47532"}],"wp:term":[{"taxonomy":"product_brand","embeddable":true,"href":"https:\/\/www.editorialclaret.cat\/es\/wp-json\/wp\/v2\/product_brand?post=47532"},{"taxonomy":"product_cat","embeddable":true,"href":"https:\/\/www.editorialclaret.cat\/es\/wp-json\/wp\/v2\/product_cat?post=47532"},{"taxonomy":"product_tag","embeddable":true,"href":"https:\/\/www.editorialclaret.cat\/es\/wp-json\/wp\/v2\/product_tag?post=47532"}],"curies":[{"name":"wp","href":"https:\/\/api.w.org\/{rel}","templated":true}]}}