{"id":47526,"date":"2022-11-07T07:37:35","date_gmt":"2022-11-07T06:37:35","guid":{"rendered":"http:\/\/dev.editorialclaret.cat\/producte\/veinte-canciones-desesperadas-y-un-poema-de-amor\/"},"modified":"2024-05-22T13:32:51","modified_gmt":"2024-05-22T11:32:51","slug":"veinte-canciones-desesperadas-y-un-poema-de-amor-9788498467864","status":"publish","type":"product","link":"https:\/\/www.editorialclaret.cat\/es\/producto\/veinte-canciones-desesperadas-y-un-poema-de-amor-9788498467864\/","title":{"rendered":"VEINTE CANCIONES DESESPERADAS Y UN POEMA DE AMOR"},"content":{"rendered":"<p>Hace veinte a\u00f1os, cuando llevaba ya unos cuantos en este mundo llamado Cuarto, y que ha llenado mi vida desde entonces, escrib\u00ed este libro que contiene mis primeras impresiones en \u00e9l.<br \/>Si entre los muchos que llevo escritos desde entonces y antes de \u00e9l, tuviera que escoger o salvar alguno, creo que ser\u00eda \u00e9ste. Tiene la ingenuidad que aporta la sorpresa al adentrarme en un mundo hasta entonces desconocido por m\u00ed, tiene la riqueza del recuerdo de un momento hist\u00f3rico \u2013cuando aparece el SIDA con todas sus consecuencias y antes de que los retrovirales evitaran una muerte segura\u2013, y acumula centenares de comentarios de j\u00f3venes y adolescentes que, durante unos a\u00f1os leyeron estas sencillas aventuras en sus a\u00f1os de bachillerato y las comentaron emocionados al saber que, en su misma ciudad, pod\u00eda encontrarse tanto dolor que ellos desconoc\u00edan o tanto amor con el que ellos pod\u00edan enriquecerse.<br \/>Quiero tambi\u00e9n dedicar este libro a mi gran maestra de la ternura, Sor Genoveva Massip. Ella fue la que entonces me hizo la bell\u00edsima dedicatoria del pr\u00f3logo y a ella me remito, segura de que, desde el cielo sigue velando por los que llam\u00f3 \u00abde los nuestros\u00bb en una de sus \u00faltimas conversaciones conmigo que no olvidar\u00e9:<br \/>\u00abViqui \u2013me dijo\u2013 \u00bft\u00fa sigues con los nuestros, verdad?\u00bb \u00abClaro\u00bb \u2013le respond\u00ed\u2013. Y fue entonces cuando me dijo: \u00abYo lo seguir\u00e9 haciendo desde el cielo\u00bb.<\/p>\n","protected":false},"excerpt":{"rendered":"<p>MOLINS, M. VICT\u00d2RIA<\/p>\n","protected":false},"featured_media":47527,"template":"","meta":{"_acf_changed":false,"rs_blank_template":"","rs_page_bg_color":"","slide_template_v7":"","inline_featured_image":false,"_monsterinsights_skip_tracking":false,"_monsterinsights_sitenote_active":false,"_monsterinsights_sitenote_note":"","_monsterinsights_sitenote_category":0},"product_brand":[],"product_cat":[822,1060],"product_tag":[],"class_list":{"0":"post-47526","1":"product","2":"type-product","3":"status-publish","4":"has-post-thumbnail","6":"product_cat-sociologia","7":"product_cat-sociologia-humanidades","9":"first","10":"instock","11":"taxable","12":"shipping-taxable","13":"purchasable","14":"product-type-simple"},"acf":{"autor":"MOLINS, M. VICT\u00d2RIA","codart":"849846786","libros-coleccion":"","ediciones":"1","encuadernacion":"R\u00fastica","fecha_de_publicacion":"15\/12\/2015","novedad":"0","paginas":"174","subtitulo":"EXPERIENCIAS DE VIDA EN EL CUARTO MUNDO","orden":"999","portada":"0","idioma":"spa","autores-libros":[{"ID":46594,"post_author":"3","post_date":"2022-10-24 13:04:08","post_date_gmt":"2022-10-24 11:04:08","post_content":"M. Vict\u00f2ria Molins neix el 1936 a Barcelona. \u00c9s la cinquena de mou germans.\u00a0Despr\u00e9s d\u2019ingressar a la Companyia de\u00a0Santa Teresa de Jes\u00fas, es va llicenciar\u00a0en Filosofia i Lletres, i va ser professora\u00a0de filosofia i literatura i directora en una escola teresiana.\u00a0Va ser directora de l\u2019Editorial STJ, ha fet cr\u00edtica de llibres\u00a0i pel\u00b7l\u00edcules i \u00e9s autora de m\u00e9s de seixanta obres sobre\u00a0q\u00fcestions d\u2019educaci\u00f3, pastoral i sobre pobresa i marginaci\u00f3. Actualment segueix dedicant-se plenament als\u00a0marginats del barri del Raval de Barcelona, sense abandonar la seva vocaci\u00f3 d\u2019escriptora de llibre i articles.\u00a0El 2015 fou investida Doctora Honoris Causa per la\u00a0Universitat Ramon Llull. Ha rebut tamb\u00e9 el 32\u00e8 Premi\u00a0Internacional Alfons Com\u00edn, la creu de Sant Jordi de la\u00a0Generalitat de Catalunya i el premi Persona i Democr\u00e0cia Joaquim Xicoy.","post_title":"M. VICT\u00d2RIA MOLINS","post_excerpt":"","post_status":"publish","comment_status":"closed","ping_status":"closed","post_password":"","post_name":"m-victoria-molins","to_ping":"","pinged":"","post_modified":"2023-06-28 12:08:44","post_modified_gmt":"2023-06-28 10:08:44","post_content_filtered":"","post_parent":0,"guid":"http:\/\/dev.editorialclaret.cat\/autor\/m-victoria-molins\/","menu_order":0,"post_type":"autor","post_mime_type":"","comment_count":"0","filter":"raw"}]},"yoast_head":"<!-- This site is optimized with the Yoast SEO plugin v27.3 - https:\/\/yoast.com\/product\/yoast-seo-wordpress\/ -->\n<title>Editorial Claret<\/title>\n<meta name=\"robots\" content=\"noindex, follow, max-snippet:-1, max-image-preview:large, max-video-preview:-1\" \/>\n<meta property=\"og:locale\" content=\"es_ES\" \/>\n<meta property=\"og:type\" content=\"article\" \/>\n<meta property=\"og:title\" content=\"VEINTE CANCIONES DESESPERADAS Y UN POEMA DE AMOR - Editorial Claret\" \/>\n<meta property=\"og:description\" content=\"MOLINS, M. VICT\u00d2RIA\" \/>\n<meta property=\"og:url\" content=\"https:\/\/www.editorialclaret.cat\/producte\/veinte-canciones-desesperadas-y-un-poema-de-amor-9788498467864\/\" \/>\n<meta property=\"og:site_name\" content=\"Editorial Claret\" \/>\n<meta property=\"article:modified_time\" content=\"2024-05-22T11:32:51+00:00\" \/>\n<meta property=\"og:image\" content=\"https:\/\/www.editorialclaret.cat\/wp-content\/uploads\/.\/9788498467864.jpg\" \/>\n\t<meta property=\"og:image:width\" content=\"204\" \/>\n\t<meta property=\"og:image:height\" content=\"320\" \/>\n\t<meta property=\"og:image:type\" content=\"image\/jpeg\" \/>\n<meta name=\"twitter:card\" content=\"summary_large_image\" \/>\n<meta name=\"twitter:label1\" content=\"Tiempo de lectura\" \/>\n\t<meta name=\"twitter:data1\" content=\"1 minuto\" \/>\n<script type=\"application\/ld+json\" class=\"yoast-schema-graph\">{\"@context\":\"https:\\\/\\\/schema.org\",\"@graph\":[{\"@type\":\"WebPage\",\"@id\":\"https:\\\/\\\/www.editorialclaret.cat\\\/producte\\\/veinte-canciones-desesperadas-y-un-poema-de-amor-9788498467864\\\/\",\"url\":\"https:\\\/\\\/www.editorialclaret.cat\\\/producte\\\/veinte-canciones-desesperadas-y-un-poema-de-amor-9788498467864\\\/\",\"name\":\"VEINTE CANCIONES DESESPERADAS Y UN POEMA DE AMOR - Editorial Claret\",\"isPartOf\":{\"@id\":\"https:\\\/\\\/www.editorialclaret.cat\\\/#website\"},\"primaryImageOfPage\":{\"@id\":\"https:\\\/\\\/www.editorialclaret.cat\\\/producte\\\/veinte-canciones-desesperadas-y-un-poema-de-amor-9788498467864\\\/#primaryimage\"},\"image\":{\"@id\":\"https:\\\/\\\/www.editorialclaret.cat\\\/producte\\\/veinte-canciones-desesperadas-y-un-poema-de-amor-9788498467864\\\/#primaryimage\"},\"thumbnailUrl\":\"https:\\\/\\\/www.editorialclaret.cat\\\/wp-content\\\/uploads\\\/.\\\/9788498467864.jpg\",\"datePublished\":\"2022-11-07T06:37:35+00:00\",\"dateModified\":\"2024-05-22T11:32:51+00:00\",\"breadcrumb\":{\"@id\":\"https:\\\/\\\/www.editorialclaret.cat\\\/producte\\\/veinte-canciones-desesperadas-y-un-poema-de-amor-9788498467864\\\/#breadcrumb\"},\"inLanguage\":\"es\",\"potentialAction\":[{\"@type\":\"ReadAction\",\"target\":[\"https:\\\/\\\/www.editorialclaret.cat\\\/producte\\\/veinte-canciones-desesperadas-y-un-poema-de-amor-9788498467864\\\/\"]}]},{\"@type\":\"ImageObject\",\"inLanguage\":\"es\",\"@id\":\"https:\\\/\\\/www.editorialclaret.cat\\\/producte\\\/veinte-canciones-desesperadas-y-un-poema-de-amor-9788498467864\\\/#primaryimage\",\"url\":\"https:\\\/\\\/www.editorialclaret.cat\\\/wp-content\\\/uploads\\\/.\\\/9788498467864.jpg\",\"contentUrl\":\"https:\\\/\\\/www.editorialclaret.cat\\\/wp-content\\\/uploads\\\/.\\\/9788498467864.jpg\",\"width\":204,\"height\":320,\"caption\":\"9788498467864.jpg\"},{\"@type\":\"BreadcrumbList\",\"@id\":\"https:\\\/\\\/www.editorialclaret.cat\\\/producte\\\/veinte-canciones-desesperadas-y-un-poema-de-amor-9788498467864\\\/#breadcrumb\",\"itemListElement\":[{\"@type\":\"ListItem\",\"position\":1,\"name\":\"Portada\",\"item\":\"https:\\\/\\\/www.editorialclaret.cat\\\/es\\\/\"},{\"@type\":\"ListItem\",\"position\":2,\"name\":\"Botiga\",\"item\":\"https:\\\/\\\/www.editorialclaret.cat\\\/?page_id=16\"},{\"@type\":\"ListItem\",\"position\":3,\"name\":\"VEINTE CANCIONES DESESPERADAS Y UN POEMA DE AMOR\"}]},{\"@type\":\"WebSite\",\"@id\":\"https:\\\/\\\/www.editorialclaret.cat\\\/#website\",\"url\":\"https:\\\/\\\/www.editorialclaret.cat\\\/\",\"name\":\"Editorial Claret\",\"description\":\"\",\"publisher\":{\"@id\":\"https:\\\/\\\/www.editorialclaret.cat\\\/#organization\"},\"potentialAction\":[{\"@type\":\"SearchAction\",\"target\":{\"@type\":\"EntryPoint\",\"urlTemplate\":\"https:\\\/\\\/www.editorialclaret.cat\\\/?s={search_term_string}\"},\"query-input\":{\"@type\":\"PropertyValueSpecification\",\"valueRequired\":true,\"valueName\":\"search_term_string\"}}],\"inLanguage\":\"es\"},{\"@type\":\"Organization\",\"@id\":\"https:\\\/\\\/www.editorialclaret.cat\\\/#organization\",\"name\":\"Editorial Claret\",\"url\":\"https:\\\/\\\/www.editorialclaret.cat\\\/\",\"logo\":{\"@type\":\"ImageObject\",\"inLanguage\":\"es\",\"@id\":\"https:\\\/\\\/www.editorialclaret.cat\\\/#\\\/schema\\\/logo\\\/image\\\/\",\"url\":\"https:\\\/\\\/www.editorialclaret.cat\\\/wp-content\\\/uploads\\\/.\\\/logo-claret.png\",\"contentUrl\":\"https:\\\/\\\/www.editorialclaret.cat\\\/wp-content\\\/uploads\\\/.\\\/logo-claret.png\",\"width\":194,\"height\":79,\"caption\":\"Editorial Claret\"},\"image\":{\"@id\":\"https:\\\/\\\/www.editorialclaret.cat\\\/#\\\/schema\\\/logo\\\/image\\\/\"}}]}<\/script>\n<!-- \/ Yoast SEO plugin. -->","yoast_head_json":{"title":"Editorial Claret","robots":{"index":"noindex","follow":"follow","max-snippet":"max-snippet:-1","max-image-preview":"max-image-preview:large","max-video-preview":"max-video-preview:-1"},"og_locale":"es_ES","og_type":"article","og_title":"VEINTE CANCIONES DESESPERADAS Y UN POEMA DE AMOR - Editorial Claret","og_description":"MOLINS, M. VICT\u00d2RIA","og_url":"https:\/\/www.editorialclaret.cat\/producte\/veinte-canciones-desesperadas-y-un-poema-de-amor-9788498467864\/","og_site_name":"Editorial Claret","article_modified_time":"2024-05-22T11:32:51+00:00","og_image":[{"width":204,"height":320,"url":"https:\/\/www.editorialclaret.cat\/wp-content\/uploads\/.\/9788498467864.jpg","type":"image\/jpeg"}],"twitter_card":"summary_large_image","twitter_misc":{"Tiempo de lectura":"1 minuto"},"schema":{"@context":"https:\/\/schema.org","@graph":[{"@type":"WebPage","@id":"https:\/\/www.editorialclaret.cat\/producte\/veinte-canciones-desesperadas-y-un-poema-de-amor-9788498467864\/","url":"https:\/\/www.editorialclaret.cat\/producte\/veinte-canciones-desesperadas-y-un-poema-de-amor-9788498467864\/","name":"VEINTE CANCIONES DESESPERADAS Y UN POEMA DE AMOR - Editorial Claret","isPartOf":{"@id":"https:\/\/www.editorialclaret.cat\/#website"},"primaryImageOfPage":{"@id":"https:\/\/www.editorialclaret.cat\/producte\/veinte-canciones-desesperadas-y-un-poema-de-amor-9788498467864\/#primaryimage"},"image":{"@id":"https:\/\/www.editorialclaret.cat\/producte\/veinte-canciones-desesperadas-y-un-poema-de-amor-9788498467864\/#primaryimage"},"thumbnailUrl":"https:\/\/www.editorialclaret.cat\/wp-content\/uploads\/.\/9788498467864.jpg","datePublished":"2022-11-07T06:37:35+00:00","dateModified":"2024-05-22T11:32:51+00:00","breadcrumb":{"@id":"https:\/\/www.editorialclaret.cat\/producte\/veinte-canciones-desesperadas-y-un-poema-de-amor-9788498467864\/#breadcrumb"},"inLanguage":"es","potentialAction":[{"@type":"ReadAction","target":["https:\/\/www.editorialclaret.cat\/producte\/veinte-canciones-desesperadas-y-un-poema-de-amor-9788498467864\/"]}]},{"@type":"ImageObject","inLanguage":"es","@id":"https:\/\/www.editorialclaret.cat\/producte\/veinte-canciones-desesperadas-y-un-poema-de-amor-9788498467864\/#primaryimage","url":"https:\/\/www.editorialclaret.cat\/wp-content\/uploads\/.\/9788498467864.jpg","contentUrl":"https:\/\/www.editorialclaret.cat\/wp-content\/uploads\/.\/9788498467864.jpg","width":204,"height":320,"caption":"9788498467864.jpg"},{"@type":"BreadcrumbList","@id":"https:\/\/www.editorialclaret.cat\/producte\/veinte-canciones-desesperadas-y-un-poema-de-amor-9788498467864\/#breadcrumb","itemListElement":[{"@type":"ListItem","position":1,"name":"Portada","item":"https:\/\/www.editorialclaret.cat\/es\/"},{"@type":"ListItem","position":2,"name":"Botiga","item":"https:\/\/www.editorialclaret.cat\/?page_id=16"},{"@type":"ListItem","position":3,"name":"VEINTE CANCIONES DESESPERADAS Y UN POEMA DE AMOR"}]},{"@type":"WebSite","@id":"https:\/\/www.editorialclaret.cat\/#website","url":"https:\/\/www.editorialclaret.cat\/","name":"Editorial Claret","description":"","publisher":{"@id":"https:\/\/www.editorialclaret.cat\/#organization"},"potentialAction":[{"@type":"SearchAction","target":{"@type":"EntryPoint","urlTemplate":"https:\/\/www.editorialclaret.cat\/?s={search_term_string}"},"query-input":{"@type":"PropertyValueSpecification","valueRequired":true,"valueName":"search_term_string"}}],"inLanguage":"es"},{"@type":"Organization","@id":"https:\/\/www.editorialclaret.cat\/#organization","name":"Editorial Claret","url":"https:\/\/www.editorialclaret.cat\/","logo":{"@type":"ImageObject","inLanguage":"es","@id":"https:\/\/www.editorialclaret.cat\/#\/schema\/logo\/image\/","url":"https:\/\/www.editorialclaret.cat\/wp-content\/uploads\/.\/logo-claret.png","contentUrl":"https:\/\/www.editorialclaret.cat\/wp-content\/uploads\/.\/logo-claret.png","width":194,"height":79,"caption":"Editorial Claret"},"image":{"@id":"https:\/\/www.editorialclaret.cat\/#\/schema\/logo\/image\/"}}]}},"_links":{"self":[{"href":"https:\/\/www.editorialclaret.cat\/es\/wp-json\/wp\/v2\/product\/47526","targetHints":{"allow":["GET"]}}],"collection":[{"href":"https:\/\/www.editorialclaret.cat\/es\/wp-json\/wp\/v2\/product"}],"about":[{"href":"https:\/\/www.editorialclaret.cat\/es\/wp-json\/wp\/v2\/types\/product"}],"wp:featuredmedia":[{"embeddable":true,"href":"https:\/\/www.editorialclaret.cat\/es\/wp-json\/wp\/v2\/media\/47527"}],"wp:attachment":[{"href":"https:\/\/www.editorialclaret.cat\/es\/wp-json\/wp\/v2\/media?parent=47526"}],"wp:term":[{"taxonomy":"product_brand","embeddable":true,"href":"https:\/\/www.editorialclaret.cat\/es\/wp-json\/wp\/v2\/product_brand?post=47526"},{"taxonomy":"product_cat","embeddable":true,"href":"https:\/\/www.editorialclaret.cat\/es\/wp-json\/wp\/v2\/product_cat?post=47526"},{"taxonomy":"product_tag","embeddable":true,"href":"https:\/\/www.editorialclaret.cat\/es\/wp-json\/wp\/v2\/product_tag?post=47526"}],"curies":[{"name":"wp","href":"https:\/\/api.w.org\/{rel}","templated":true}]}}