{"id":47520,"date":"2022-11-07T07:37:28","date_gmt":"2022-11-07T06:37:28","guid":{"rendered":"http:\/\/dev.editorialclaret.cat\/producte\/cartas-liricas-a-teresa-de-avila\/"},"modified":"2023-05-11T11:08:18","modified_gmt":"2023-05-11T09:08:18","slug":"cartas-liricas-a-teresa-de-avila-9788498465655","status":"publish","type":"product","link":"https:\/\/www.editorialclaret.cat\/es\/producto\/cartas-liricas-a-teresa-de-avila-9788498465655\/","title":{"rendered":"CARTAS LIRICAS A TERESA DE \u00c1VILA"},"content":{"rendered":"<p>Teresa de Jes\u00fas protagoniza, a trav\u00e9s de la relectura que hace la autora del Libro de la vida, la mayor\u00eda de las p\u00e1ginas de este libro. Teresina, como fiel seguidora de Teresa, tan solo unas pocas p\u00e1ginas que, podr\u00edan no estar, pero que es necesario que aparezcan porque as\u00ed lo entiende la autora. De esta manera, de forma natural, se las reconoce a cada una el papel que decidieron adoptar en la historia del Carmelo descalzo. Teresa, protagonista y fundadora, abri\u00f3 un camino, se acreci\u00f3 para dar la cara por sus monjas ante los prelados y reyes, defendiendo la fortaleza de la mujer y su lugar en la historia.<\/p>\n","protected":false},"excerpt":{"rendered":"<p>BALAGUER TARIB\u00d3, MONTSERRAT<\/p>\n","protected":false},"featured_media":47521,"template":"","meta":{"_acf_changed":false,"rs_blank_template":"","rs_page_bg_color":"","slide_template_v7":"","inline_featured_image":false,"_monsterinsights_skip_tracking":false,"_monsterinsights_sitenote_active":false,"_monsterinsights_sitenote_note":"","_monsterinsights_sitenote_category":0},"product_brand":[],"product_cat":[1055],"product_tag":[],"class_list":{"0":"post-47520","1":"product","2":"type-product","3":"status-publish","4":"has-post-thumbnail","6":"product_cat-espiritualidad-espiritualidad","8":"first","9":"instock","10":"taxable","11":"shipping-taxable","12":"purchasable","13":"product-type-simple"},"acf":{"autor":"BALAGUER TARIB\u00d3, MONTSERRAT","codart":"849846565","libros-coleccion":"","ediciones":"1","encuadernacion":"R\u00fastica","fecha_de_publicacion":"17\/12\/2015","novedad":"0","paginas":"121","subtitulo":"","orden":"999","portada":"0","idioma":"spa","autores-libros":[{"ID":47012,"post_author":"3","post_date":"2022-11-06 20:32:51","post_date_gmt":"2022-11-06 19:32:51","post_content":"","post_title":"MONTSERRAT BALAGUER TARIBO","post_excerpt":"","post_status":"publish","comment_status":"closed","ping_status":"closed","post_password":"","post_name":"montserrat-balaguer-taribo","to_ping":"","pinged":"","post_modified":"2022-11-06 20:32:51","post_modified_gmt":"2022-11-06 19:32:51","post_content_filtered":"","post_parent":0,"guid":"http:\/\/dev.editorialclaret.cat\/autor\/montserrat-balaguer-taribo\/","menu_order":0,"post_type":"autor","post_mime_type":"","comment_count":"0","filter":"raw"}]},"yoast_head":"<!-- This site is optimized with the Yoast SEO plugin v27.3 - https:\/\/yoast.com\/product\/yoast-seo-wordpress\/ -->\n<title>Editorial Claret<\/title>\n<meta name=\"robots\" content=\"noindex, follow, max-snippet:-1, max-image-preview:large, max-video-preview:-1\" \/>\n<meta property=\"og:locale\" content=\"es_ES\" \/>\n<meta property=\"og:type\" content=\"article\" \/>\n<meta property=\"og:title\" content=\"CARTAS LIRICAS A TERESA DE \u00c1VILA - Editorial Claret\" \/>\n<meta property=\"og:description\" content=\"BALAGUER TARIB\u00d3, MONTSERRAT\" \/>\n<meta property=\"og:url\" content=\"https:\/\/www.editorialclaret.cat\/producte\/cartas-liricas-a-teresa-de-avila-9788498465655\/\" \/>\n<meta property=\"og:site_name\" content=\"Editorial Claret\" \/>\n<meta property=\"article:modified_time\" content=\"2023-05-11T09:08:18+00:00\" \/>\n<meta property=\"og:image\" content=\"https:\/\/www.editorialclaret.cat\/wp-content\/uploads\/.\/9788498465655.jpg\" \/>\n\t<meta property=\"og:image:width\" content=\"218\" \/>\n\t<meta property=\"og:image:height\" content=\"320\" \/>\n\t<meta property=\"og:image:type\" content=\"image\/jpeg\" \/>\n<meta name=\"twitter:card\" content=\"summary_large_image\" \/>\n<meta name=\"twitter:label1\" content=\"Tiempo de lectura\" \/>\n\t<meta name=\"twitter:data1\" content=\"1 minuto\" \/>\n<script type=\"application\/ld+json\" class=\"yoast-schema-graph\">{\"@context\":\"https:\\\/\\\/schema.org\",\"@graph\":[{\"@type\":\"WebPage\",\"@id\":\"https:\\\/\\\/www.editorialclaret.cat\\\/producte\\\/cartas-liricas-a-teresa-de-avila-9788498465655\\\/\",\"url\":\"https:\\\/\\\/www.editorialclaret.cat\\\/producte\\\/cartas-liricas-a-teresa-de-avila-9788498465655\\\/\",\"name\":\"CARTAS LIRICAS A TERESA DE \u00c1VILA - Editorial Claret\",\"isPartOf\":{\"@id\":\"https:\\\/\\\/www.editorialclaret.cat\\\/#website\"},\"primaryImageOfPage\":{\"@id\":\"https:\\\/\\\/www.editorialclaret.cat\\\/producte\\\/cartas-liricas-a-teresa-de-avila-9788498465655\\\/#primaryimage\"},\"image\":{\"@id\":\"https:\\\/\\\/www.editorialclaret.cat\\\/producte\\\/cartas-liricas-a-teresa-de-avila-9788498465655\\\/#primaryimage\"},\"thumbnailUrl\":\"https:\\\/\\\/www.editorialclaret.cat\\\/wp-content\\\/uploads\\\/.\\\/9788498465655.jpg\",\"datePublished\":\"2022-11-07T06:37:28+00:00\",\"dateModified\":\"2023-05-11T09:08:18+00:00\",\"breadcrumb\":{\"@id\":\"https:\\\/\\\/www.editorialclaret.cat\\\/producte\\\/cartas-liricas-a-teresa-de-avila-9788498465655\\\/#breadcrumb\"},\"inLanguage\":\"es\",\"potentialAction\":[{\"@type\":\"ReadAction\",\"target\":[\"https:\\\/\\\/www.editorialclaret.cat\\\/producte\\\/cartas-liricas-a-teresa-de-avila-9788498465655\\\/\"]}]},{\"@type\":\"ImageObject\",\"inLanguage\":\"es\",\"@id\":\"https:\\\/\\\/www.editorialclaret.cat\\\/producte\\\/cartas-liricas-a-teresa-de-avila-9788498465655\\\/#primaryimage\",\"url\":\"https:\\\/\\\/www.editorialclaret.cat\\\/wp-content\\\/uploads\\\/.\\\/9788498465655.jpg\",\"contentUrl\":\"https:\\\/\\\/www.editorialclaret.cat\\\/wp-content\\\/uploads\\\/.\\\/9788498465655.jpg\",\"width\":218,\"height\":320,\"caption\":\"9788498465655.jpg\"},{\"@type\":\"BreadcrumbList\",\"@id\":\"https:\\\/\\\/www.editorialclaret.cat\\\/producte\\\/cartas-liricas-a-teresa-de-avila-9788498465655\\\/#breadcrumb\",\"itemListElement\":[{\"@type\":\"ListItem\",\"position\":1,\"name\":\"Portada\",\"item\":\"https:\\\/\\\/www.editorialclaret.cat\\\/es\\\/\"},{\"@type\":\"ListItem\",\"position\":2,\"name\":\"Botiga\",\"item\":\"https:\\\/\\\/www.editorialclaret.cat\\\/?page_id=16\"},{\"@type\":\"ListItem\",\"position\":3,\"name\":\"CARTAS LIRICAS A TERESA DE \u00c1VILA\"}]},{\"@type\":\"WebSite\",\"@id\":\"https:\\\/\\\/www.editorialclaret.cat\\\/#website\",\"url\":\"https:\\\/\\\/www.editorialclaret.cat\\\/\",\"name\":\"Editorial Claret\",\"description\":\"\",\"publisher\":{\"@id\":\"https:\\\/\\\/www.editorialclaret.cat\\\/#organization\"},\"potentialAction\":[{\"@type\":\"SearchAction\",\"target\":{\"@type\":\"EntryPoint\",\"urlTemplate\":\"https:\\\/\\\/www.editorialclaret.cat\\\/?s={search_term_string}\"},\"query-input\":{\"@type\":\"PropertyValueSpecification\",\"valueRequired\":true,\"valueName\":\"search_term_string\"}}],\"inLanguage\":\"es\"},{\"@type\":\"Organization\",\"@id\":\"https:\\\/\\\/www.editorialclaret.cat\\\/#organization\",\"name\":\"Editorial Claret\",\"url\":\"https:\\\/\\\/www.editorialclaret.cat\\\/\",\"logo\":{\"@type\":\"ImageObject\",\"inLanguage\":\"es\",\"@id\":\"https:\\\/\\\/www.editorialclaret.cat\\\/#\\\/schema\\\/logo\\\/image\\\/\",\"url\":\"https:\\\/\\\/www.editorialclaret.cat\\\/wp-content\\\/uploads\\\/.\\\/logo-claret.png\",\"contentUrl\":\"https:\\\/\\\/www.editorialclaret.cat\\\/wp-content\\\/uploads\\\/.\\\/logo-claret.png\",\"width\":194,\"height\":79,\"caption\":\"Editorial Claret\"},\"image\":{\"@id\":\"https:\\\/\\\/www.editorialclaret.cat\\\/#\\\/schema\\\/logo\\\/image\\\/\"}}]}<\/script>\n<!-- \/ Yoast SEO plugin. -->","yoast_head_json":{"title":"Editorial Claret","robots":{"index":"noindex","follow":"follow","max-snippet":"max-snippet:-1","max-image-preview":"max-image-preview:large","max-video-preview":"max-video-preview:-1"},"og_locale":"es_ES","og_type":"article","og_title":"CARTAS LIRICAS A TERESA DE \u00c1VILA - Editorial Claret","og_description":"BALAGUER TARIB\u00d3, MONTSERRAT","og_url":"https:\/\/www.editorialclaret.cat\/producte\/cartas-liricas-a-teresa-de-avila-9788498465655\/","og_site_name":"Editorial Claret","article_modified_time":"2023-05-11T09:08:18+00:00","og_image":[{"width":218,"height":320,"url":"https:\/\/www.editorialclaret.cat\/wp-content\/uploads\/.\/9788498465655.jpg","type":"image\/jpeg"}],"twitter_card":"summary_large_image","twitter_misc":{"Tiempo de lectura":"1 minuto"},"schema":{"@context":"https:\/\/schema.org","@graph":[{"@type":"WebPage","@id":"https:\/\/www.editorialclaret.cat\/producte\/cartas-liricas-a-teresa-de-avila-9788498465655\/","url":"https:\/\/www.editorialclaret.cat\/producte\/cartas-liricas-a-teresa-de-avila-9788498465655\/","name":"CARTAS LIRICAS A TERESA DE \u00c1VILA - Editorial Claret","isPartOf":{"@id":"https:\/\/www.editorialclaret.cat\/#website"},"primaryImageOfPage":{"@id":"https:\/\/www.editorialclaret.cat\/producte\/cartas-liricas-a-teresa-de-avila-9788498465655\/#primaryimage"},"image":{"@id":"https:\/\/www.editorialclaret.cat\/producte\/cartas-liricas-a-teresa-de-avila-9788498465655\/#primaryimage"},"thumbnailUrl":"https:\/\/www.editorialclaret.cat\/wp-content\/uploads\/.\/9788498465655.jpg","datePublished":"2022-11-07T06:37:28+00:00","dateModified":"2023-05-11T09:08:18+00:00","breadcrumb":{"@id":"https:\/\/www.editorialclaret.cat\/producte\/cartas-liricas-a-teresa-de-avila-9788498465655\/#breadcrumb"},"inLanguage":"es","potentialAction":[{"@type":"ReadAction","target":["https:\/\/www.editorialclaret.cat\/producte\/cartas-liricas-a-teresa-de-avila-9788498465655\/"]}]},{"@type":"ImageObject","inLanguage":"es","@id":"https:\/\/www.editorialclaret.cat\/producte\/cartas-liricas-a-teresa-de-avila-9788498465655\/#primaryimage","url":"https:\/\/www.editorialclaret.cat\/wp-content\/uploads\/.\/9788498465655.jpg","contentUrl":"https:\/\/www.editorialclaret.cat\/wp-content\/uploads\/.\/9788498465655.jpg","width":218,"height":320,"caption":"9788498465655.jpg"},{"@type":"BreadcrumbList","@id":"https:\/\/www.editorialclaret.cat\/producte\/cartas-liricas-a-teresa-de-avila-9788498465655\/#breadcrumb","itemListElement":[{"@type":"ListItem","position":1,"name":"Portada","item":"https:\/\/www.editorialclaret.cat\/es\/"},{"@type":"ListItem","position":2,"name":"Botiga","item":"https:\/\/www.editorialclaret.cat\/?page_id=16"},{"@type":"ListItem","position":3,"name":"CARTAS LIRICAS A TERESA DE \u00c1VILA"}]},{"@type":"WebSite","@id":"https:\/\/www.editorialclaret.cat\/#website","url":"https:\/\/www.editorialclaret.cat\/","name":"Editorial Claret","description":"","publisher":{"@id":"https:\/\/www.editorialclaret.cat\/#organization"},"potentialAction":[{"@type":"SearchAction","target":{"@type":"EntryPoint","urlTemplate":"https:\/\/www.editorialclaret.cat\/?s={search_term_string}"},"query-input":{"@type":"PropertyValueSpecification","valueRequired":true,"valueName":"search_term_string"}}],"inLanguage":"es"},{"@type":"Organization","@id":"https:\/\/www.editorialclaret.cat\/#organization","name":"Editorial Claret","url":"https:\/\/www.editorialclaret.cat\/","logo":{"@type":"ImageObject","inLanguage":"es","@id":"https:\/\/www.editorialclaret.cat\/#\/schema\/logo\/image\/","url":"https:\/\/www.editorialclaret.cat\/wp-content\/uploads\/.\/logo-claret.png","contentUrl":"https:\/\/www.editorialclaret.cat\/wp-content\/uploads\/.\/logo-claret.png","width":194,"height":79,"caption":"Editorial Claret"},"image":{"@id":"https:\/\/www.editorialclaret.cat\/#\/schema\/logo\/image\/"}}]}},"_links":{"self":[{"href":"https:\/\/www.editorialclaret.cat\/es\/wp-json\/wp\/v2\/product\/47520","targetHints":{"allow":["GET"]}}],"collection":[{"href":"https:\/\/www.editorialclaret.cat\/es\/wp-json\/wp\/v2\/product"}],"about":[{"href":"https:\/\/www.editorialclaret.cat\/es\/wp-json\/wp\/v2\/types\/product"}],"wp:featuredmedia":[{"embeddable":true,"href":"https:\/\/www.editorialclaret.cat\/es\/wp-json\/wp\/v2\/media\/47521"}],"wp:attachment":[{"href":"https:\/\/www.editorialclaret.cat\/es\/wp-json\/wp\/v2\/media?parent=47520"}],"wp:term":[{"taxonomy":"product_brand","embeddable":true,"href":"https:\/\/www.editorialclaret.cat\/es\/wp-json\/wp\/v2\/product_brand?post=47520"},{"taxonomy":"product_cat","embeddable":true,"href":"https:\/\/www.editorialclaret.cat\/es\/wp-json\/wp\/v2\/product_cat?post=47520"},{"taxonomy":"product_tag","embeddable":true,"href":"https:\/\/www.editorialclaret.cat\/es\/wp-json\/wp\/v2\/product_tag?post=47520"}],"curies":[{"name":"wp","href":"https:\/\/api.w.org\/{rel}","templated":true}]}}