{"id":47499,"date":"2022-11-07T07:37:07","date_gmt":"2022-11-07T06:37:07","guid":{"rendered":"http:\/\/dev.editorialclaret.cat\/producte\/un-amor-sense-limits-les-catorze-obres-de-misericordia\/"},"modified":"2025-02-14T17:08:13","modified_gmt":"2025-02-14T16:08:13","slug":"un-amor-sense-limits-les-catorze-obres-de-misericordia-9788498465723","status":"publish","type":"product","link":"https:\/\/www.editorialclaret.cat\/es\/producto\/un-amor-sense-limits-les-catorze-obres-de-misericordia-9788498465723\/","title":{"rendered":"UN AMOR SENSE L\u00cdMITS. LES CATORZE OBRES DE MISERIC\u00d2RDIA"},"content":{"rendered":"<p>El llibre que teniu entre mans ressegueix les anomenades \u00abcatorze obres de miseric\u00f2rdia\u00bb, set de corporals i set d\u2019espirituals, segons la tipologia emprada en els tradicionals catecismes cat\u00f2lics, que molts hav\u00edem apr\u00e8s d\u2019infants, i que s\u00f3n de la m\u00e9s urgent d\u2019actualitat. Es tracta, com ha proposat el Papa Francesc en Misericordiae Vultus, la butlla de proclamaci\u00f3 del Jubileu Extraordinari, de respondre catorze actituds fonamentals que traduexien la vida cristiana en termes de mideric\u00f2rdia. Les accions que se\u2019n deriven s\u00f3n nombroses i variades, i cal una sana imaginaci\u00f3 per anar extraient conseq\u00fc\u00e8ncies dels catorze enunciats. S\u00f3n \u00abobres\u00bb que es poden multiplicar i cr\u00e9ixer en la mesura de les necessitats que sorgeixen en el nostre m\u00f3n i en els diversos contextos que el configuren. El seu denominador com\u00fa \u00e9s, per\u00f2, un de sol: la commoci\u00f3 interior davant una necessitat material que resulta imprescindible per a viure, i la sensibilitat del cor davant una persona que pateix pel fet d\u2019estar mancada d\u2019una visi\u00f3 o d\u2019una llum. Per aix\u00f2 la divisi\u00f3 de les obres de miseric\u00f2rdia entre \u00abcorporals\u00bb i \u00abespirituals\u00bb pret\u00e9n cobrir tots els \u00e0mbits de la vida.<\/p>\n","protected":false},"excerpt":{"rendered":"<p>MIRACLE, NORBERT<\/p>\n","protected":false},"featured_media":68116,"template":"","meta":{"_acf_changed":false,"rs_blank_template":"","rs_page_bg_color":"","slide_template_v7":"","inline_featured_image":false,"_monsterinsights_skip_tracking":false,"_monsterinsights_sitenote_active":false,"_monsterinsights_sitenote_note":"","_monsterinsights_sitenote_category":0},"product_brand":[],"product_cat":[1055,817],"product_tag":[],"class_list":{"0":"post-47499","1":"product","2":"type-product","3":"status-publish","4":"has-post-thumbnail","6":"product_cat-espiritualidad-espiritualidad","7":"product_cat-espiritualitat-espiritualitat","9":"first","10":"instock","11":"taxable","12":"shipping-taxable","13":"purchasable","14":"product-type-simple"},"acf":{"autor":"MIRACLE, NORBERT","codart":"849846572","libros-coleccion":"","ediciones":"1","encuadernacion":"R\u00fastica","fecha_de_publicacion":"01\/02\/2016","novedad":"0","paginas":"188","subtitulo":"LES CATORZE OBRES DE MISERIC\u00d2RDIA","orden":"999","portada":"0","idioma":"cat","autores-libros":[{"ID":47022,"post_author":"3","post_date":"2022-11-06 20:32:56","post_date_gmt":"2022-11-06 19:32:56","post_content":"","post_title":"NORBERT MIRACLE","post_excerpt":"","post_status":"publish","comment_status":"closed","ping_status":"closed","post_password":"","post_name":"norbert-miracle","to_ping":"","pinged":"","post_modified":"2022-11-06 20:32:56","post_modified_gmt":"2022-11-06 19:32:56","post_content_filtered":"","post_parent":0,"guid":"http:\/\/dev.editorialclaret.cat\/autor\/norbert-miracle\/","menu_order":0,"post_type":"autor","post_mime_type":"","comment_count":"0","filter":"raw"}]},"yoast_head":"<!-- This site is optimized with the Yoast SEO plugin v27.3 - https:\/\/yoast.com\/product\/yoast-seo-wordpress\/ -->\n<title>Editorial Claret<\/title>\n<meta name=\"robots\" content=\"noindex, follow, max-snippet:-1, max-image-preview:large, max-video-preview:-1\" \/>\n<meta property=\"og:locale\" content=\"es_ES\" \/>\n<meta property=\"og:type\" content=\"article\" \/>\n<meta property=\"og:title\" content=\"UN AMOR SENSE L\u00cdMITS. LES CATORZE OBRES DE MISERIC\u00d2RDIA - Editorial Claret\" \/>\n<meta property=\"og:description\" content=\"MIRACLE, NORBERT\" \/>\n<meta property=\"og:url\" content=\"https:\/\/www.editorialclaret.cat\/producte\/un-amor-sense-limits-les-catorze-obres-de-misericordia-9788498465723\/\" \/>\n<meta property=\"og:site_name\" content=\"Editorial Claret\" \/>\n<meta property=\"article:modified_time\" content=\"2025-02-14T16:08:13+00:00\" \/>\n<meta property=\"og:image\" content=\"https:\/\/www.editorialclaret.cat\/wp-content\/uploads\/9788498465723-1.jpg\" \/>\n\t<meta property=\"og:image:width\" content=\"246\" \/>\n\t<meta property=\"og:image:height\" content=\"350\" \/>\n\t<meta property=\"og:image:type\" content=\"image\/jpeg\" \/>\n<meta name=\"twitter:card\" content=\"summary_large_image\" \/>\n<meta name=\"twitter:label1\" content=\"Tiempo de lectura\" \/>\n\t<meta name=\"twitter:data1\" content=\"1 minuto\" \/>\n<script type=\"application\/ld+json\" class=\"yoast-schema-graph\">{\"@context\":\"https:\\\/\\\/schema.org\",\"@graph\":[{\"@type\":\"WebPage\",\"@id\":\"https:\\\/\\\/www.editorialclaret.cat\\\/producte\\\/un-amor-sense-limits-les-catorze-obres-de-misericordia-9788498465723\\\/\",\"url\":\"https:\\\/\\\/www.editorialclaret.cat\\\/producte\\\/un-amor-sense-limits-les-catorze-obres-de-misericordia-9788498465723\\\/\",\"name\":\"UN AMOR SENSE L\u00cdMITS. LES CATORZE OBRES DE MISERIC\u00d2RDIA - Editorial Claret\",\"isPartOf\":{\"@id\":\"https:\\\/\\\/www.editorialclaret.cat\\\/#website\"},\"primaryImageOfPage\":{\"@id\":\"https:\\\/\\\/www.editorialclaret.cat\\\/producte\\\/un-amor-sense-limits-les-catorze-obres-de-misericordia-9788498465723\\\/#primaryimage\"},\"image\":{\"@id\":\"https:\\\/\\\/www.editorialclaret.cat\\\/producte\\\/un-amor-sense-limits-les-catorze-obres-de-misericordia-9788498465723\\\/#primaryimage\"},\"thumbnailUrl\":\"https:\\\/\\\/www.editorialclaret.cat\\\/wp-content\\\/uploads\\\/9788498465723-1.jpg\",\"datePublished\":\"2022-11-07T06:37:07+00:00\",\"dateModified\":\"2025-02-14T16:08:13+00:00\",\"breadcrumb\":{\"@id\":\"https:\\\/\\\/www.editorialclaret.cat\\\/producte\\\/un-amor-sense-limits-les-catorze-obres-de-misericordia-9788498465723\\\/#breadcrumb\"},\"inLanguage\":\"es\",\"potentialAction\":[{\"@type\":\"ReadAction\",\"target\":[\"https:\\\/\\\/www.editorialclaret.cat\\\/producte\\\/un-amor-sense-limits-les-catorze-obres-de-misericordia-9788498465723\\\/\"]}]},{\"@type\":\"ImageObject\",\"inLanguage\":\"es\",\"@id\":\"https:\\\/\\\/www.editorialclaret.cat\\\/producte\\\/un-amor-sense-limits-les-catorze-obres-de-misericordia-9788498465723\\\/#primaryimage\",\"url\":\"https:\\\/\\\/www.editorialclaret.cat\\\/wp-content\\\/uploads\\\/9788498465723-1.jpg\",\"contentUrl\":\"https:\\\/\\\/www.editorialclaret.cat\\\/wp-content\\\/uploads\\\/9788498465723-1.jpg\",\"width\":246,\"height\":350,\"caption\":\"9788498465723.jpg\"},{\"@type\":\"BreadcrumbList\",\"@id\":\"https:\\\/\\\/www.editorialclaret.cat\\\/producte\\\/un-amor-sense-limits-les-catorze-obres-de-misericordia-9788498465723\\\/#breadcrumb\",\"itemListElement\":[{\"@type\":\"ListItem\",\"position\":1,\"name\":\"Portada\",\"item\":\"https:\\\/\\\/www.editorialclaret.cat\\\/es\\\/\"},{\"@type\":\"ListItem\",\"position\":2,\"name\":\"Botiga\",\"item\":\"https:\\\/\\\/www.editorialclaret.cat\\\/?page_id=16\"},{\"@type\":\"ListItem\",\"position\":3,\"name\":\"UN AMOR SENSE L\u00cdMITS. LES CATORZE OBRES DE MISERIC\u00d2RDIA\"}]},{\"@type\":\"WebSite\",\"@id\":\"https:\\\/\\\/www.editorialclaret.cat\\\/#website\",\"url\":\"https:\\\/\\\/www.editorialclaret.cat\\\/\",\"name\":\"Editorial Claret\",\"description\":\"\",\"publisher\":{\"@id\":\"https:\\\/\\\/www.editorialclaret.cat\\\/#organization\"},\"potentialAction\":[{\"@type\":\"SearchAction\",\"target\":{\"@type\":\"EntryPoint\",\"urlTemplate\":\"https:\\\/\\\/www.editorialclaret.cat\\\/?s={search_term_string}\"},\"query-input\":{\"@type\":\"PropertyValueSpecification\",\"valueRequired\":true,\"valueName\":\"search_term_string\"}}],\"inLanguage\":\"es\"},{\"@type\":\"Organization\",\"@id\":\"https:\\\/\\\/www.editorialclaret.cat\\\/#organization\",\"name\":\"Editorial Claret\",\"url\":\"https:\\\/\\\/www.editorialclaret.cat\\\/\",\"logo\":{\"@type\":\"ImageObject\",\"inLanguage\":\"es\",\"@id\":\"https:\\\/\\\/www.editorialclaret.cat\\\/#\\\/schema\\\/logo\\\/image\\\/\",\"url\":\"https:\\\/\\\/www.editorialclaret.cat\\\/wp-content\\\/uploads\\\/.\\\/logo-claret.png\",\"contentUrl\":\"https:\\\/\\\/www.editorialclaret.cat\\\/wp-content\\\/uploads\\\/.\\\/logo-claret.png\",\"width\":194,\"height\":79,\"caption\":\"Editorial Claret\"},\"image\":{\"@id\":\"https:\\\/\\\/www.editorialclaret.cat\\\/#\\\/schema\\\/logo\\\/image\\\/\"}}]}<\/script>\n<!-- \/ Yoast SEO plugin. -->","yoast_head_json":{"title":"Editorial Claret","robots":{"index":"noindex","follow":"follow","max-snippet":"max-snippet:-1","max-image-preview":"max-image-preview:large","max-video-preview":"max-video-preview:-1"},"og_locale":"es_ES","og_type":"article","og_title":"UN AMOR SENSE L\u00cdMITS. LES CATORZE OBRES DE MISERIC\u00d2RDIA - Editorial Claret","og_description":"MIRACLE, NORBERT","og_url":"https:\/\/www.editorialclaret.cat\/producte\/un-amor-sense-limits-les-catorze-obres-de-misericordia-9788498465723\/","og_site_name":"Editorial Claret","article_modified_time":"2025-02-14T16:08:13+00:00","og_image":[{"width":246,"height":350,"url":"https:\/\/www.editorialclaret.cat\/wp-content\/uploads\/9788498465723-1.jpg","type":"image\/jpeg"}],"twitter_card":"summary_large_image","twitter_misc":{"Tiempo de lectura":"1 minuto"},"schema":{"@context":"https:\/\/schema.org","@graph":[{"@type":"WebPage","@id":"https:\/\/www.editorialclaret.cat\/producte\/un-amor-sense-limits-les-catorze-obres-de-misericordia-9788498465723\/","url":"https:\/\/www.editorialclaret.cat\/producte\/un-amor-sense-limits-les-catorze-obres-de-misericordia-9788498465723\/","name":"UN AMOR SENSE L\u00cdMITS. LES CATORZE OBRES DE MISERIC\u00d2RDIA - Editorial Claret","isPartOf":{"@id":"https:\/\/www.editorialclaret.cat\/#website"},"primaryImageOfPage":{"@id":"https:\/\/www.editorialclaret.cat\/producte\/un-amor-sense-limits-les-catorze-obres-de-misericordia-9788498465723\/#primaryimage"},"image":{"@id":"https:\/\/www.editorialclaret.cat\/producte\/un-amor-sense-limits-les-catorze-obres-de-misericordia-9788498465723\/#primaryimage"},"thumbnailUrl":"https:\/\/www.editorialclaret.cat\/wp-content\/uploads\/9788498465723-1.jpg","datePublished":"2022-11-07T06:37:07+00:00","dateModified":"2025-02-14T16:08:13+00:00","breadcrumb":{"@id":"https:\/\/www.editorialclaret.cat\/producte\/un-amor-sense-limits-les-catorze-obres-de-misericordia-9788498465723\/#breadcrumb"},"inLanguage":"es","potentialAction":[{"@type":"ReadAction","target":["https:\/\/www.editorialclaret.cat\/producte\/un-amor-sense-limits-les-catorze-obres-de-misericordia-9788498465723\/"]}]},{"@type":"ImageObject","inLanguage":"es","@id":"https:\/\/www.editorialclaret.cat\/producte\/un-amor-sense-limits-les-catorze-obres-de-misericordia-9788498465723\/#primaryimage","url":"https:\/\/www.editorialclaret.cat\/wp-content\/uploads\/9788498465723-1.jpg","contentUrl":"https:\/\/www.editorialclaret.cat\/wp-content\/uploads\/9788498465723-1.jpg","width":246,"height":350,"caption":"9788498465723.jpg"},{"@type":"BreadcrumbList","@id":"https:\/\/www.editorialclaret.cat\/producte\/un-amor-sense-limits-les-catorze-obres-de-misericordia-9788498465723\/#breadcrumb","itemListElement":[{"@type":"ListItem","position":1,"name":"Portada","item":"https:\/\/www.editorialclaret.cat\/es\/"},{"@type":"ListItem","position":2,"name":"Botiga","item":"https:\/\/www.editorialclaret.cat\/?page_id=16"},{"@type":"ListItem","position":3,"name":"UN AMOR SENSE L\u00cdMITS. LES CATORZE OBRES DE MISERIC\u00d2RDIA"}]},{"@type":"WebSite","@id":"https:\/\/www.editorialclaret.cat\/#website","url":"https:\/\/www.editorialclaret.cat\/","name":"Editorial Claret","description":"","publisher":{"@id":"https:\/\/www.editorialclaret.cat\/#organization"},"potentialAction":[{"@type":"SearchAction","target":{"@type":"EntryPoint","urlTemplate":"https:\/\/www.editorialclaret.cat\/?s={search_term_string}"},"query-input":{"@type":"PropertyValueSpecification","valueRequired":true,"valueName":"search_term_string"}}],"inLanguage":"es"},{"@type":"Organization","@id":"https:\/\/www.editorialclaret.cat\/#organization","name":"Editorial Claret","url":"https:\/\/www.editorialclaret.cat\/","logo":{"@type":"ImageObject","inLanguage":"es","@id":"https:\/\/www.editorialclaret.cat\/#\/schema\/logo\/image\/","url":"https:\/\/www.editorialclaret.cat\/wp-content\/uploads\/.\/logo-claret.png","contentUrl":"https:\/\/www.editorialclaret.cat\/wp-content\/uploads\/.\/logo-claret.png","width":194,"height":79,"caption":"Editorial Claret"},"image":{"@id":"https:\/\/www.editorialclaret.cat\/#\/schema\/logo\/image\/"}}]}},"_links":{"self":[{"href":"https:\/\/www.editorialclaret.cat\/es\/wp-json\/wp\/v2\/product\/47499","targetHints":{"allow":["GET"]}}],"collection":[{"href":"https:\/\/www.editorialclaret.cat\/es\/wp-json\/wp\/v2\/product"}],"about":[{"href":"https:\/\/www.editorialclaret.cat\/es\/wp-json\/wp\/v2\/types\/product"}],"wp:featuredmedia":[{"embeddable":true,"href":"https:\/\/www.editorialclaret.cat\/es\/wp-json\/wp\/v2\/media\/68116"}],"wp:attachment":[{"href":"https:\/\/www.editorialclaret.cat\/es\/wp-json\/wp\/v2\/media?parent=47499"}],"wp:term":[{"taxonomy":"product_brand","embeddable":true,"href":"https:\/\/www.editorialclaret.cat\/es\/wp-json\/wp\/v2\/product_brand?post=47499"},{"taxonomy":"product_cat","embeddable":true,"href":"https:\/\/www.editorialclaret.cat\/es\/wp-json\/wp\/v2\/product_cat?post=47499"},{"taxonomy":"product_tag","embeddable":true,"href":"https:\/\/www.editorialclaret.cat\/es\/wp-json\/wp\/v2\/product_tag?post=47499"}],"curies":[{"name":"wp","href":"https:\/\/api.w.org\/{rel}","templated":true}]}}