{"id":47469,"date":"2022-11-07T07:36:37","date_gmt":"2022-11-07T06:36:37","guid":{"rendered":"http:\/\/dev.editorialclaret.cat\/producte\/estava-a-la-preso-i-em-vau-visitar\/"},"modified":"2026-03-10T19:20:21","modified_gmt":"2026-03-10T18:20:21","slug":"estava-a-la-preso-i-em-vau-visitar-9788498465013","status":"publish","type":"product","link":"https:\/\/www.editorialclaret.cat\/es\/producto\/estava-a-la-preso-i-em-vau-visitar-9788498465013\/","title":{"rendered":"ESTAVA A LA PRES\u00d3 I EM VAU VISITAR"},"content":{"rendered":"<p>Us presentem una selecci\u00f3 d\u2019hist\u00f2ries viscudes per la Viqui<br \/>Molins en les seves visites a la pres\u00f3 de Quatre Camins, a on<br \/>va cada setmana per acompanyar, ajudar i sobretot escoltar<br \/>els interns en els seus patiments i en les seves esperances.<br \/>\u00abLes hist\u00f2ries viscudes en la pres\u00f3\u00bb, diu, \u00abs\u00f3n les que m\u00e9s<br \/>m\u2019han commogut i m\u2019han ajudat perqu\u00e8 el meu cor es torn\u00e9s<br \/>m\u00e9s misericordi\u00f3s. El contemplar aquesta obra de D\u00e9u en els<br \/>seus preferits, en aquells que visito a la pres\u00f3, \u2013que no s\u00f3n<br \/>precisament els qui compleixen condemna per tenir diners<br \/>en paradisos fiscals o per fraus a gran escala, sin\u00f3 aquells a<br \/>qui la seva infantesa els ha convertit en carn de can\u00f3\u2013 m\u2019ha<br \/>ensenyat molt m\u00e9s del que podria aprendre en els llibres.\u00bb<br \/>\u00abAquest llibre no t\u00e9 en els seus cap\u00edtols un ordre determinat,<br \/>per\u00f2 s\u00ed un lla\u00e7 conductor: el de la miseric\u00f2rdia de D\u00e9u que fa<br \/>la seva obra darrere les reixes, i en la que tots hem de tenir<br \/>amb aquests germans que ens duen a preguntar-nos sovint si<br \/>s\u00f3n culpables o v\u00edctimes.\u00bb<\/p>\n","protected":false},"excerpt":{"rendered":"<p>MOLINS, M. VICT\u00d2RIA<\/p>\n","protected":false},"featured_media":68320,"template":"","meta":{"_acf_changed":false,"rs_blank_template":"","rs_page_bg_color":"","slide_template_v7":"","inline_featured_image":false,"_monsterinsights_skip_tracking":false,"_monsterinsights_sitenote_active":false,"_monsterinsights_sitenote_note":"","_monsterinsights_sitenote_category":0},"product_brand":[],"product_cat":[822,1060],"product_tag":[],"class_list":{"0":"post-47469","1":"product","2":"type-product","3":"status-publish","4":"has-post-thumbnail","6":"product_cat-sociologia","7":"product_cat-sociologia-humanidades","9":"first","10":"instock","11":"taxable","12":"shipping-taxable","13":"purchasable","14":"product-type-simple"},"acf":{"autor":"MOLINS, M. VICT\u00d2RIA","codart":"849846501","libros-coleccion":"","ediciones":"1","encuadernacion":"R\u00fastica","fecha_de_publicacion":"13\/04\/2016","novedad":"0","paginas":"136","subtitulo":"","orden":"999","portada":"0","idioma":"cat","autores-libros":[{"ID":46594,"post_author":"3","post_date":"2022-10-24 13:04:08","post_date_gmt":"2022-10-24 11:04:08","post_content":"M. Vict\u00f2ria Molins neix el 1936 a Barcelona. \u00c9s la cinquena de mou germans.\u00a0Despr\u00e9s d\u2019ingressar a la Companyia de\u00a0Santa Teresa de Jes\u00fas, es va llicenciar\u00a0en Filosofia i Lletres, i va ser professora\u00a0de filosofia i literatura i directora en una escola teresiana.\u00a0Va ser directora de l\u2019Editorial STJ, ha fet cr\u00edtica de llibres\u00a0i pel\u00b7l\u00edcules i \u00e9s autora de m\u00e9s de seixanta obres sobre\u00a0q\u00fcestions d\u2019educaci\u00f3, pastoral i sobre pobresa i marginaci\u00f3. Actualment segueix dedicant-se plenament als\u00a0marginats del barri del Raval de Barcelona, sense abandonar la seva vocaci\u00f3 d\u2019escriptora de llibre i articles.\u00a0El 2015 fou investida Doctora Honoris Causa per la\u00a0Universitat Ramon Llull. Ha rebut tamb\u00e9 el 32\u00e8 Premi\u00a0Internacional Alfons Com\u00edn, la creu de Sant Jordi de la\u00a0Generalitat de Catalunya i el premi Persona i Democr\u00e0cia Joaquim Xicoy.","post_title":"M. VICT\u00d2RIA MOLINS","post_excerpt":"","post_status":"publish","comment_status":"closed","ping_status":"closed","post_password":"","post_name":"m-victoria-molins","to_ping":"","pinged":"","post_modified":"2023-06-28 12:08:44","post_modified_gmt":"2023-06-28 10:08:44","post_content_filtered":"","post_parent":0,"guid":"http:\/\/dev.editorialclaret.cat\/autor\/m-victoria-molins\/","menu_order":0,"post_type":"autor","post_mime_type":"","comment_count":"0","filter":"raw"}],"booktrailer":"","resenas":""},"yoast_head":"<!-- This site is optimized with the Yoast SEO plugin v27.3 - https:\/\/yoast.com\/product\/yoast-seo-wordpress\/ -->\n<title>Editorial Claret<\/title>\n<meta name=\"robots\" content=\"noindex, follow, max-snippet:-1, max-image-preview:large, max-video-preview:-1\" \/>\n<meta property=\"og:locale\" content=\"es_ES\" \/>\n<meta property=\"og:type\" content=\"article\" \/>\n<meta property=\"og:title\" content=\"ESTAVA A LA PRES\u00d3 I EM VAU VISITAR - Editorial Claret\" \/>\n<meta property=\"og:description\" content=\"MOLINS, M. VICT\u00d2RIA\" \/>\n<meta property=\"og:url\" content=\"https:\/\/www.editorialclaret.cat\/producte\/estava-a-la-preso-i-em-vau-visitar-9788498465013\/\" \/>\n<meta property=\"og:site_name\" content=\"Editorial Claret\" \/>\n<meta property=\"article:modified_time\" content=\"2026-03-10T18:20:21+00:00\" \/>\n<meta property=\"og:image\" content=\"https:\/\/www.editorialclaret.cat\/wp-content\/uploads\/9788498465013-1.jpg\" \/>\n\t<meta property=\"og:image:width\" content=\"1630\" \/>\n\t<meta property=\"og:image:height\" content=\"2560\" \/>\n\t<meta property=\"og:image:type\" content=\"image\/jpeg\" \/>\n<meta name=\"twitter:card\" content=\"summary_large_image\" \/>\n<meta name=\"twitter:label1\" content=\"Tiempo de lectura\" \/>\n\t<meta name=\"twitter:data1\" content=\"1 minuto\" \/>\n<script type=\"application\/ld+json\" class=\"yoast-schema-graph\">{\"@context\":\"https:\\\/\\\/schema.org\",\"@graph\":[{\"@type\":\"WebPage\",\"@id\":\"https:\\\/\\\/www.editorialclaret.cat\\\/producte\\\/estava-a-la-preso-i-em-vau-visitar-9788498465013\\\/\",\"url\":\"https:\\\/\\\/www.editorialclaret.cat\\\/producte\\\/estava-a-la-preso-i-em-vau-visitar-9788498465013\\\/\",\"name\":\"ESTAVA A LA PRES\u00d3 I EM VAU VISITAR - Editorial Claret\",\"isPartOf\":{\"@id\":\"https:\\\/\\\/www.editorialclaret.cat\\\/#website\"},\"primaryImageOfPage\":{\"@id\":\"https:\\\/\\\/www.editorialclaret.cat\\\/producte\\\/estava-a-la-preso-i-em-vau-visitar-9788498465013\\\/#primaryimage\"},\"image\":{\"@id\":\"https:\\\/\\\/www.editorialclaret.cat\\\/producte\\\/estava-a-la-preso-i-em-vau-visitar-9788498465013\\\/#primaryimage\"},\"thumbnailUrl\":\"https:\\\/\\\/www.editorialclaret.cat\\\/wp-content\\\/uploads\\\/9788498465013-1.jpg\",\"datePublished\":\"2022-11-07T06:36:37+00:00\",\"dateModified\":\"2026-03-10T18:20:21+00:00\",\"breadcrumb\":{\"@id\":\"https:\\\/\\\/www.editorialclaret.cat\\\/producte\\\/estava-a-la-preso-i-em-vau-visitar-9788498465013\\\/#breadcrumb\"},\"inLanguage\":\"es\",\"potentialAction\":[{\"@type\":\"ReadAction\",\"target\":[\"https:\\\/\\\/www.editorialclaret.cat\\\/producte\\\/estava-a-la-preso-i-em-vau-visitar-9788498465013\\\/\"]}]},{\"@type\":\"ImageObject\",\"inLanguage\":\"es\",\"@id\":\"https:\\\/\\\/www.editorialclaret.cat\\\/producte\\\/estava-a-la-preso-i-em-vau-visitar-9788498465013\\\/#primaryimage\",\"url\":\"https:\\\/\\\/www.editorialclaret.cat\\\/wp-content\\\/uploads\\\/9788498465013-1.jpg\",\"contentUrl\":\"https:\\\/\\\/www.editorialclaret.cat\\\/wp-content\\\/uploads\\\/9788498465013-1.jpg\",\"width\":1630,\"height\":2560,\"caption\":\"9788498465013.jpg\"},{\"@type\":\"BreadcrumbList\",\"@id\":\"https:\\\/\\\/www.editorialclaret.cat\\\/producte\\\/estava-a-la-preso-i-em-vau-visitar-9788498465013\\\/#breadcrumb\",\"itemListElement\":[{\"@type\":\"ListItem\",\"position\":1,\"name\":\"Portada\",\"item\":\"https:\\\/\\\/www.editorialclaret.cat\\\/es\\\/\"},{\"@type\":\"ListItem\",\"position\":2,\"name\":\"Botiga\",\"item\":\"https:\\\/\\\/www.editorialclaret.cat\\\/?page_id=16\"},{\"@type\":\"ListItem\",\"position\":3,\"name\":\"ESTAVA A LA PRES\u00d3 I EM VAU VISITAR\"}]},{\"@type\":\"WebSite\",\"@id\":\"https:\\\/\\\/www.editorialclaret.cat\\\/#website\",\"url\":\"https:\\\/\\\/www.editorialclaret.cat\\\/\",\"name\":\"Editorial Claret\",\"description\":\"\",\"publisher\":{\"@id\":\"https:\\\/\\\/www.editorialclaret.cat\\\/#organization\"},\"potentialAction\":[{\"@type\":\"SearchAction\",\"target\":{\"@type\":\"EntryPoint\",\"urlTemplate\":\"https:\\\/\\\/www.editorialclaret.cat\\\/?s={search_term_string}\"},\"query-input\":{\"@type\":\"PropertyValueSpecification\",\"valueRequired\":true,\"valueName\":\"search_term_string\"}}],\"inLanguage\":\"es\"},{\"@type\":\"Organization\",\"@id\":\"https:\\\/\\\/www.editorialclaret.cat\\\/#organization\",\"name\":\"Editorial Claret\",\"url\":\"https:\\\/\\\/www.editorialclaret.cat\\\/\",\"logo\":{\"@type\":\"ImageObject\",\"inLanguage\":\"es\",\"@id\":\"https:\\\/\\\/www.editorialclaret.cat\\\/#\\\/schema\\\/logo\\\/image\\\/\",\"url\":\"https:\\\/\\\/www.editorialclaret.cat\\\/wp-content\\\/uploads\\\/.\\\/logo-claret.png\",\"contentUrl\":\"https:\\\/\\\/www.editorialclaret.cat\\\/wp-content\\\/uploads\\\/.\\\/logo-claret.png\",\"width\":194,\"height\":79,\"caption\":\"Editorial Claret\"},\"image\":{\"@id\":\"https:\\\/\\\/www.editorialclaret.cat\\\/#\\\/schema\\\/logo\\\/image\\\/\"}}]}<\/script>\n<!-- \/ Yoast SEO plugin. -->","yoast_head_json":{"title":"Editorial Claret","robots":{"index":"noindex","follow":"follow","max-snippet":"max-snippet:-1","max-image-preview":"max-image-preview:large","max-video-preview":"max-video-preview:-1"},"og_locale":"es_ES","og_type":"article","og_title":"ESTAVA A LA PRES\u00d3 I EM VAU VISITAR - Editorial Claret","og_description":"MOLINS, M. VICT\u00d2RIA","og_url":"https:\/\/www.editorialclaret.cat\/producte\/estava-a-la-preso-i-em-vau-visitar-9788498465013\/","og_site_name":"Editorial Claret","article_modified_time":"2026-03-10T18:20:21+00:00","og_image":[{"width":1630,"height":2560,"url":"https:\/\/www.editorialclaret.cat\/wp-content\/uploads\/9788498465013-1.jpg","type":"image\/jpeg"}],"twitter_card":"summary_large_image","twitter_misc":{"Tiempo de lectura":"1 minuto"},"schema":{"@context":"https:\/\/schema.org","@graph":[{"@type":"WebPage","@id":"https:\/\/www.editorialclaret.cat\/producte\/estava-a-la-preso-i-em-vau-visitar-9788498465013\/","url":"https:\/\/www.editorialclaret.cat\/producte\/estava-a-la-preso-i-em-vau-visitar-9788498465013\/","name":"ESTAVA A LA PRES\u00d3 I EM VAU VISITAR - Editorial Claret","isPartOf":{"@id":"https:\/\/www.editorialclaret.cat\/#website"},"primaryImageOfPage":{"@id":"https:\/\/www.editorialclaret.cat\/producte\/estava-a-la-preso-i-em-vau-visitar-9788498465013\/#primaryimage"},"image":{"@id":"https:\/\/www.editorialclaret.cat\/producte\/estava-a-la-preso-i-em-vau-visitar-9788498465013\/#primaryimage"},"thumbnailUrl":"https:\/\/www.editorialclaret.cat\/wp-content\/uploads\/9788498465013-1.jpg","datePublished":"2022-11-07T06:36:37+00:00","dateModified":"2026-03-10T18:20:21+00:00","breadcrumb":{"@id":"https:\/\/www.editorialclaret.cat\/producte\/estava-a-la-preso-i-em-vau-visitar-9788498465013\/#breadcrumb"},"inLanguage":"es","potentialAction":[{"@type":"ReadAction","target":["https:\/\/www.editorialclaret.cat\/producte\/estava-a-la-preso-i-em-vau-visitar-9788498465013\/"]}]},{"@type":"ImageObject","inLanguage":"es","@id":"https:\/\/www.editorialclaret.cat\/producte\/estava-a-la-preso-i-em-vau-visitar-9788498465013\/#primaryimage","url":"https:\/\/www.editorialclaret.cat\/wp-content\/uploads\/9788498465013-1.jpg","contentUrl":"https:\/\/www.editorialclaret.cat\/wp-content\/uploads\/9788498465013-1.jpg","width":1630,"height":2560,"caption":"9788498465013.jpg"},{"@type":"BreadcrumbList","@id":"https:\/\/www.editorialclaret.cat\/producte\/estava-a-la-preso-i-em-vau-visitar-9788498465013\/#breadcrumb","itemListElement":[{"@type":"ListItem","position":1,"name":"Portada","item":"https:\/\/www.editorialclaret.cat\/es\/"},{"@type":"ListItem","position":2,"name":"Botiga","item":"https:\/\/www.editorialclaret.cat\/?page_id=16"},{"@type":"ListItem","position":3,"name":"ESTAVA A LA PRES\u00d3 I EM VAU VISITAR"}]},{"@type":"WebSite","@id":"https:\/\/www.editorialclaret.cat\/#website","url":"https:\/\/www.editorialclaret.cat\/","name":"Editorial Claret","description":"","publisher":{"@id":"https:\/\/www.editorialclaret.cat\/#organization"},"potentialAction":[{"@type":"SearchAction","target":{"@type":"EntryPoint","urlTemplate":"https:\/\/www.editorialclaret.cat\/?s={search_term_string}"},"query-input":{"@type":"PropertyValueSpecification","valueRequired":true,"valueName":"search_term_string"}}],"inLanguage":"es"},{"@type":"Organization","@id":"https:\/\/www.editorialclaret.cat\/#organization","name":"Editorial Claret","url":"https:\/\/www.editorialclaret.cat\/","logo":{"@type":"ImageObject","inLanguage":"es","@id":"https:\/\/www.editorialclaret.cat\/#\/schema\/logo\/image\/","url":"https:\/\/www.editorialclaret.cat\/wp-content\/uploads\/.\/logo-claret.png","contentUrl":"https:\/\/www.editorialclaret.cat\/wp-content\/uploads\/.\/logo-claret.png","width":194,"height":79,"caption":"Editorial Claret"},"image":{"@id":"https:\/\/www.editorialclaret.cat\/#\/schema\/logo\/image\/"}}]}},"_links":{"self":[{"href":"https:\/\/www.editorialclaret.cat\/es\/wp-json\/wp\/v2\/product\/47469","targetHints":{"allow":["GET"]}}],"collection":[{"href":"https:\/\/www.editorialclaret.cat\/es\/wp-json\/wp\/v2\/product"}],"about":[{"href":"https:\/\/www.editorialclaret.cat\/es\/wp-json\/wp\/v2\/types\/product"}],"wp:featuredmedia":[{"embeddable":true,"href":"https:\/\/www.editorialclaret.cat\/es\/wp-json\/wp\/v2\/media\/68320"}],"wp:attachment":[{"href":"https:\/\/www.editorialclaret.cat\/es\/wp-json\/wp\/v2\/media?parent=47469"}],"wp:term":[{"taxonomy":"product_brand","embeddable":true,"href":"https:\/\/www.editorialclaret.cat\/es\/wp-json\/wp\/v2\/product_brand?post=47469"},{"taxonomy":"product_cat","embeddable":true,"href":"https:\/\/www.editorialclaret.cat\/es\/wp-json\/wp\/v2\/product_cat?post=47469"},{"taxonomy":"product_tag","embeddable":true,"href":"https:\/\/www.editorialclaret.cat\/es\/wp-json\/wp\/v2\/product_tag?post=47469"}],"curies":[{"name":"wp","href":"https:\/\/api.w.org\/{rel}","templated":true}]}}