{"id":47448,"date":"2022-11-07T07:36:14","date_gmt":"2022-11-07T06:36:14","guid":{"rendered":"http:\/\/dev.editorialclaret.cat\/producte\/cartas-de-chinchachoma\/"},"modified":"2025-07-28T13:16:10","modified_gmt":"2025-07-28T11:16:10","slug":"cartas-de-chinchachoma-9788498465990","status":"publish","type":"product","link":"https:\/\/www.editorialclaret.cat\/es\/producto\/cartas-de-chinchachoma-9788498465990\/","title":{"rendered":"CARTAS DE CHINCHACHOMA"},"content":{"rendered":"<p>Este libro, complemento de las Obras completas de Chinchachoma, presenta las cartas, las confesiones, de un padre a sus hijos. Les habla del nacimiento, de la muerte, de la adolescencia, de las virtudes humanas, de la importancia del estudio y del ahorro, de la formaci\u00f3n de la pareja, del amor de Dios. Les habla tambi\u00e9n de su dolor porque para conseguir dinero para la familia debe viajar mucho, dar conferencias, aparecer en actos, visitar fundaciones de todo el mundo. Todo ese trasiego le impide estar al lado de cada uno de sus hijos en momentos en que le necesitan. Esa tensi\u00f3n va desgastando su coraz\u00f3n.<\/p>\n<p>Ese padre es un sacerdote espa\u00f1ol, escolapio, que al llegar a M\u00e9xico se encuentra con unos ni\u00f1os callejeros que le piden que forme un hogar con ellos. El sacerdote sigue la voluntad de Dios y en poco tiempo va fundando veintitr\u00e9s hogares donde atiende a unos trescientos callejeros.<\/p>\n<p>Ve su tarea como hacer recuperar a cada muchacho la conciencia de su val\u00eda. Pero las \u00faltimas generaciones que atiende se encuentran con un pap\u00e1 muy cansado, aunque siga con la misma entrega.<\/p>\n<p>La lectura de estas Cartas nos hace entender mejor a Dios como padre lleno de misericordia hacia sus peque\u00f1os, lleno de amor.<\/p>\n","protected":false},"excerpt":{"rendered":"<p>GARC\u00cdA-DUR\u00c1N DE LARA, ALEJANDRO<\/p>\n","protected":false},"featured_media":68925,"template":"","meta":{"_acf_changed":false,"rs_blank_template":"","rs_page_bg_color":"","slide_template_v7":"","inline_featured_image":false,"_monsterinsights_skip_tracking":false,"_monsterinsights_sitenote_active":false,"_monsterinsights_sitenote_note":"","_monsterinsights_sitenote_category":0},"product_brand":[],"product_cat":[16],"product_tag":[],"class_list":{"0":"post-47448","1":"product","2":"type-product","3":"status-publish","4":"has-post-thumbnail","6":"product_cat-sense-categoria","8":"first","9":"outofstock","10":"taxable","11":"shipping-taxable","12":"purchasable","13":"product-type-simple"},"acf":{"autor":"GARC\u00cdA-DUR\u00c1N DE LARA, ALEJANDRO","codart":"849846599","libros-coleccion":"","ediciones":"1","encuadernacion":"R\u00fastica","fecha_de_publicacion":"05\/09\/2016","novedad":"0","paginas":"262","subtitulo":"M\u00c9XICO 1981 - 1999","orden":"999","portada":"0","idioma":"spa","autores-libros":[{"ID":46718,"post_author":"3","post_date":"2022-11-06 20:30:36","post_date_gmt":"2022-11-06 19:30:36","post_content":"","post_title":"ALEJANDRO GARC\u00cdA-DUR\u00c1N DE LARA","post_excerpt":"","post_status":"publish","comment_status":"closed","ping_status":"closed","post_password":"","post_name":"alejandro-garcia-duran-de-lara","to_ping":"","pinged":"","post_modified":"2022-11-06 20:30:36","post_modified_gmt":"2022-11-06 19:30:36","post_content_filtered":"","post_parent":0,"guid":"http:\/\/dev.editorialclaret.cat\/autor\/alejandro-garcia-duran-de-lara\/","menu_order":0,"post_type":"autor","post_mime_type":"","comment_count":"0","filter":"raw"}],"booktrailer":"","resenas":""},"yoast_head":"<!-- This site is optimized with the Yoast SEO plugin v27.3 - https:\/\/yoast.com\/product\/yoast-seo-wordpress\/ -->\n<title>Editorial Claret<\/title>\n<meta name=\"robots\" content=\"noindex, follow, max-snippet:-1, max-image-preview:large, max-video-preview:-1\" \/>\n<meta property=\"og:locale\" content=\"es_ES\" \/>\n<meta property=\"og:type\" content=\"article\" \/>\n<meta property=\"og:title\" content=\"CARTAS DE CHINCHACHOMA - Editorial Claret\" \/>\n<meta property=\"og:description\" content=\"GARC\u00cdA-DUR\u00c1N DE LARA, ALEJANDRO\" \/>\n<meta property=\"og:url\" content=\"https:\/\/www.editorialclaret.cat\/producte\/cartas-de-chinchachoma-9788498465990\/\" \/>\n<meta property=\"og:site_name\" content=\"Editorial Claret\" \/>\n<meta property=\"article:modified_time\" content=\"2025-07-28T11:16:10+00:00\" \/>\n<meta property=\"og:image\" content=\"https:\/\/www.editorialclaret.cat\/wp-content\/uploads\/9788498465990-1.jpg\" \/>\n\t<meta property=\"og:image:width\" content=\"350\" \/>\n\t<meta property=\"og:image:height\" content=\"513\" \/>\n\t<meta property=\"og:image:type\" content=\"image\/jpeg\" \/>\n<meta name=\"twitter:card\" content=\"summary_large_image\" \/>\n<meta name=\"twitter:label1\" content=\"Tiempo de lectura\" \/>\n\t<meta name=\"twitter:data1\" content=\"1 minuto\" \/>\n<script type=\"application\/ld+json\" class=\"yoast-schema-graph\">{\"@context\":\"https:\\\/\\\/schema.org\",\"@graph\":[{\"@type\":\"WebPage\",\"@id\":\"https:\\\/\\\/www.editorialclaret.cat\\\/producte\\\/cartas-de-chinchachoma-9788498465990\\\/\",\"url\":\"https:\\\/\\\/www.editorialclaret.cat\\\/producte\\\/cartas-de-chinchachoma-9788498465990\\\/\",\"name\":\"CARTAS DE CHINCHACHOMA - Editorial Claret\",\"isPartOf\":{\"@id\":\"https:\\\/\\\/www.editorialclaret.cat\\\/#website\"},\"primaryImageOfPage\":{\"@id\":\"https:\\\/\\\/www.editorialclaret.cat\\\/producte\\\/cartas-de-chinchachoma-9788498465990\\\/#primaryimage\"},\"image\":{\"@id\":\"https:\\\/\\\/www.editorialclaret.cat\\\/producte\\\/cartas-de-chinchachoma-9788498465990\\\/#primaryimage\"},\"thumbnailUrl\":\"https:\\\/\\\/www.editorialclaret.cat\\\/wp-content\\\/uploads\\\/9788498465990-1.jpg\",\"datePublished\":\"2022-11-07T06:36:14+00:00\",\"dateModified\":\"2025-07-28T11:16:10+00:00\",\"breadcrumb\":{\"@id\":\"https:\\\/\\\/www.editorialclaret.cat\\\/producte\\\/cartas-de-chinchachoma-9788498465990\\\/#breadcrumb\"},\"inLanguage\":\"es\",\"potentialAction\":[{\"@type\":\"ReadAction\",\"target\":[\"https:\\\/\\\/www.editorialclaret.cat\\\/producte\\\/cartas-de-chinchachoma-9788498465990\\\/\"]}]},{\"@type\":\"ImageObject\",\"inLanguage\":\"es\",\"@id\":\"https:\\\/\\\/www.editorialclaret.cat\\\/producte\\\/cartas-de-chinchachoma-9788498465990\\\/#primaryimage\",\"url\":\"https:\\\/\\\/www.editorialclaret.cat\\\/wp-content\\\/uploads\\\/9788498465990-1.jpg\",\"contentUrl\":\"https:\\\/\\\/www.editorialclaret.cat\\\/wp-content\\\/uploads\\\/9788498465990-1.jpg\",\"width\":350,\"height\":513,\"caption\":\"9788498465990.jpg\"},{\"@type\":\"BreadcrumbList\",\"@id\":\"https:\\\/\\\/www.editorialclaret.cat\\\/producte\\\/cartas-de-chinchachoma-9788498465990\\\/#breadcrumb\",\"itemListElement\":[{\"@type\":\"ListItem\",\"position\":1,\"name\":\"Portada\",\"item\":\"https:\\\/\\\/www.editorialclaret.cat\\\/es\\\/\"},{\"@type\":\"ListItem\",\"position\":2,\"name\":\"Botiga\",\"item\":\"https:\\\/\\\/www.editorialclaret.cat\\\/?page_id=16\"},{\"@type\":\"ListItem\",\"position\":3,\"name\":\"CARTAS DE CHINCHACHOMA\"}]},{\"@type\":\"WebSite\",\"@id\":\"https:\\\/\\\/www.editorialclaret.cat\\\/#website\",\"url\":\"https:\\\/\\\/www.editorialclaret.cat\\\/\",\"name\":\"Editorial Claret\",\"description\":\"\",\"publisher\":{\"@id\":\"https:\\\/\\\/www.editorialclaret.cat\\\/#organization\"},\"potentialAction\":[{\"@type\":\"SearchAction\",\"target\":{\"@type\":\"EntryPoint\",\"urlTemplate\":\"https:\\\/\\\/www.editorialclaret.cat\\\/?s={search_term_string}\"},\"query-input\":{\"@type\":\"PropertyValueSpecification\",\"valueRequired\":true,\"valueName\":\"search_term_string\"}}],\"inLanguage\":\"es\"},{\"@type\":\"Organization\",\"@id\":\"https:\\\/\\\/www.editorialclaret.cat\\\/#organization\",\"name\":\"Editorial Claret\",\"url\":\"https:\\\/\\\/www.editorialclaret.cat\\\/\",\"logo\":{\"@type\":\"ImageObject\",\"inLanguage\":\"es\",\"@id\":\"https:\\\/\\\/www.editorialclaret.cat\\\/#\\\/schema\\\/logo\\\/image\\\/\",\"url\":\"https:\\\/\\\/www.editorialclaret.cat\\\/wp-content\\\/uploads\\\/.\\\/logo-claret.png\",\"contentUrl\":\"https:\\\/\\\/www.editorialclaret.cat\\\/wp-content\\\/uploads\\\/.\\\/logo-claret.png\",\"width\":194,\"height\":79,\"caption\":\"Editorial Claret\"},\"image\":{\"@id\":\"https:\\\/\\\/www.editorialclaret.cat\\\/#\\\/schema\\\/logo\\\/image\\\/\"}}]}<\/script>\n<!-- \/ Yoast SEO plugin. -->","yoast_head_json":{"title":"Editorial Claret","robots":{"index":"noindex","follow":"follow","max-snippet":"max-snippet:-1","max-image-preview":"max-image-preview:large","max-video-preview":"max-video-preview:-1"},"og_locale":"es_ES","og_type":"article","og_title":"CARTAS DE CHINCHACHOMA - Editorial Claret","og_description":"GARC\u00cdA-DUR\u00c1N DE LARA, ALEJANDRO","og_url":"https:\/\/www.editorialclaret.cat\/producte\/cartas-de-chinchachoma-9788498465990\/","og_site_name":"Editorial Claret","article_modified_time":"2025-07-28T11:16:10+00:00","og_image":[{"width":350,"height":513,"url":"https:\/\/www.editorialclaret.cat\/wp-content\/uploads\/9788498465990-1.jpg","type":"image\/jpeg"}],"twitter_card":"summary_large_image","twitter_misc":{"Tiempo de lectura":"1 minuto"},"schema":{"@context":"https:\/\/schema.org","@graph":[{"@type":"WebPage","@id":"https:\/\/www.editorialclaret.cat\/producte\/cartas-de-chinchachoma-9788498465990\/","url":"https:\/\/www.editorialclaret.cat\/producte\/cartas-de-chinchachoma-9788498465990\/","name":"CARTAS DE CHINCHACHOMA - Editorial Claret","isPartOf":{"@id":"https:\/\/www.editorialclaret.cat\/#website"},"primaryImageOfPage":{"@id":"https:\/\/www.editorialclaret.cat\/producte\/cartas-de-chinchachoma-9788498465990\/#primaryimage"},"image":{"@id":"https:\/\/www.editorialclaret.cat\/producte\/cartas-de-chinchachoma-9788498465990\/#primaryimage"},"thumbnailUrl":"https:\/\/www.editorialclaret.cat\/wp-content\/uploads\/9788498465990-1.jpg","datePublished":"2022-11-07T06:36:14+00:00","dateModified":"2025-07-28T11:16:10+00:00","breadcrumb":{"@id":"https:\/\/www.editorialclaret.cat\/producte\/cartas-de-chinchachoma-9788498465990\/#breadcrumb"},"inLanguage":"es","potentialAction":[{"@type":"ReadAction","target":["https:\/\/www.editorialclaret.cat\/producte\/cartas-de-chinchachoma-9788498465990\/"]}]},{"@type":"ImageObject","inLanguage":"es","@id":"https:\/\/www.editorialclaret.cat\/producte\/cartas-de-chinchachoma-9788498465990\/#primaryimage","url":"https:\/\/www.editorialclaret.cat\/wp-content\/uploads\/9788498465990-1.jpg","contentUrl":"https:\/\/www.editorialclaret.cat\/wp-content\/uploads\/9788498465990-1.jpg","width":350,"height":513,"caption":"9788498465990.jpg"},{"@type":"BreadcrumbList","@id":"https:\/\/www.editorialclaret.cat\/producte\/cartas-de-chinchachoma-9788498465990\/#breadcrumb","itemListElement":[{"@type":"ListItem","position":1,"name":"Portada","item":"https:\/\/www.editorialclaret.cat\/es\/"},{"@type":"ListItem","position":2,"name":"Botiga","item":"https:\/\/www.editorialclaret.cat\/?page_id=16"},{"@type":"ListItem","position":3,"name":"CARTAS DE CHINCHACHOMA"}]},{"@type":"WebSite","@id":"https:\/\/www.editorialclaret.cat\/#website","url":"https:\/\/www.editorialclaret.cat\/","name":"Editorial Claret","description":"","publisher":{"@id":"https:\/\/www.editorialclaret.cat\/#organization"},"potentialAction":[{"@type":"SearchAction","target":{"@type":"EntryPoint","urlTemplate":"https:\/\/www.editorialclaret.cat\/?s={search_term_string}"},"query-input":{"@type":"PropertyValueSpecification","valueRequired":true,"valueName":"search_term_string"}}],"inLanguage":"es"},{"@type":"Organization","@id":"https:\/\/www.editorialclaret.cat\/#organization","name":"Editorial Claret","url":"https:\/\/www.editorialclaret.cat\/","logo":{"@type":"ImageObject","inLanguage":"es","@id":"https:\/\/www.editorialclaret.cat\/#\/schema\/logo\/image\/","url":"https:\/\/www.editorialclaret.cat\/wp-content\/uploads\/.\/logo-claret.png","contentUrl":"https:\/\/www.editorialclaret.cat\/wp-content\/uploads\/.\/logo-claret.png","width":194,"height":79,"caption":"Editorial Claret"},"image":{"@id":"https:\/\/www.editorialclaret.cat\/#\/schema\/logo\/image\/"}}]}},"_links":{"self":[{"href":"https:\/\/www.editorialclaret.cat\/es\/wp-json\/wp\/v2\/product\/47448","targetHints":{"allow":["GET"]}}],"collection":[{"href":"https:\/\/www.editorialclaret.cat\/es\/wp-json\/wp\/v2\/product"}],"about":[{"href":"https:\/\/www.editorialclaret.cat\/es\/wp-json\/wp\/v2\/types\/product"}],"wp:featuredmedia":[{"embeddable":true,"href":"https:\/\/www.editorialclaret.cat\/es\/wp-json\/wp\/v2\/media\/68925"}],"wp:attachment":[{"href":"https:\/\/www.editorialclaret.cat\/es\/wp-json\/wp\/v2\/media?parent=47448"}],"wp:term":[{"taxonomy":"product_brand","embeddable":true,"href":"https:\/\/www.editorialclaret.cat\/es\/wp-json\/wp\/v2\/product_brand?post=47448"},{"taxonomy":"product_cat","embeddable":true,"href":"https:\/\/www.editorialclaret.cat\/es\/wp-json\/wp\/v2\/product_cat?post=47448"},{"taxonomy":"product_tag","embeddable":true,"href":"https:\/\/www.editorialclaret.cat\/es\/wp-json\/wp\/v2\/product_tag?post=47448"}],"curies":[{"name":"wp","href":"https:\/\/api.w.org\/{rel}","templated":true}]}}