{"id":47415,"date":"2022-11-07T07:35:41","date_gmt":"2022-11-07T06:35:41","guid":{"rendered":"http:\/\/dev.editorialclaret.cat\/producte\/cataleg-exposicio-la-llum-endins-escrita\/"},"modified":"2023-05-11T11:07:58","modified_gmt":"2023-05-11T09:07:58","slug":"cataleg-exposicio-la-llum-endins-escrita-9789952141320","status":"publish","type":"product","link":"https:\/\/www.editorialclaret.cat\/es\/producto\/cataleg-exposicio-la-llum-endins-escrita-9789952141320\/","title":{"rendered":"CAT\u00c0LEG EXPOSICI\u00d3 &#8216;LA LLUM. ENDINS ESCRITA&#8217;"},"content":{"rendered":"<p>Una invitaci\u00f3 al desvetllament a trav\u00e9s de la poesia i de la pintura.<br \/>L&#8217;exposici\u00f3 La llum, endins escrita, neix gr\u00e0cies a la conflu\u00e8ncia -en part atzarosa- de dues sensibilitats art\u00edstiques unides per un mateix fil: la voluntat de posar en relleu la necessitat actual de reflexionar i de q\u00fcestionar-se alguns dels aspectes m\u00e9s essencials de l&#8217;\u00e9sser hum\u00e0.<\/p>\n","protected":false},"excerpt":{"rendered":"<p>AMAT, MERC\u00c8 \/ COLOMER, JOAN<\/p>\n","protected":false},"featured_media":47416,"template":"","meta":{"_acf_changed":false,"rs_blank_template":"","rs_page_bg_color":"","slide_template_v7":"","inline_featured_image":false,"_monsterinsights_skip_tracking":false,"_monsterinsights_sitenote_active":false,"_monsterinsights_sitenote_note":"","_monsterinsights_sitenote_category":0},"product_brand":[],"product_cat":[843],"product_tag":[],"class_list":{"0":"post-47415","1":"product","2":"type-product","3":"status-publish","4":"has-post-thumbnail","6":"product_cat-regal","8":"first","9":"instock","10":"taxable","11":"shipping-taxable","12":"purchasable","13":"product-type-simple"},"acf":{"autor":"AMAT, MERC\u00c8 \/ COLOMER, JOAN","codart":"995214132","libros-coleccion":"","ediciones":"1","encuadernacion":"Grapado","fecha_de_publicacion":"17\/11\/2017","novedad":"0","paginas":"26","subtitulo":"","orden":"0","portada":"0","idioma":"cat","autores-libros":[{"ID":46991,"post_author":"3","post_date":"2022-11-06 20:32:41","post_date_gmt":"2022-11-06 19:32:41","post_content":"","post_title":"MERC\u00c8 AMAT","post_excerpt":"","post_status":"publish","comment_status":"closed","ping_status":"closed","post_password":"","post_name":"merce-amat","to_ping":"","pinged":"","post_modified":"2022-11-06 20:32:41","post_modified_gmt":"2022-11-06 19:32:41","post_content_filtered":"","post_parent":0,"guid":"http:\/\/dev.editorialclaret.cat\/autor\/merce-amat\/","menu_order":0,"post_type":"autor","post_mime_type":"","comment_count":"0","filter":"raw"},{"ID":46888,"post_author":"3","post_date":"2022-11-06 20:31:52","post_date_gmt":"2022-11-06 19:31:52","post_content":"","post_title":"JOAN COLOMER","post_excerpt":"","post_status":"publish","comment_status":"closed","ping_status":"closed","post_password":"","post_name":"joan-colomer","to_ping":"","pinged":"","post_modified":"2022-11-06 20:31:52","post_modified_gmt":"2022-11-06 19:31:52","post_content_filtered":"","post_parent":0,"guid":"http:\/\/dev.editorialclaret.cat\/autor\/joan-colomer\/","menu_order":0,"post_type":"autor","post_mime_type":"","comment_count":"0","filter":"raw"}]},"yoast_head":"<!-- This site is optimized with the Yoast SEO plugin v27.3 - https:\/\/yoast.com\/product\/yoast-seo-wordpress\/ -->\n<title>Editorial Claret<\/title>\n<meta name=\"robots\" content=\"noindex, follow, max-snippet:-1, max-image-preview:large, max-video-preview:-1\" \/>\n<meta property=\"og:locale\" content=\"es_ES\" \/>\n<meta property=\"og:type\" content=\"article\" \/>\n<meta property=\"og:title\" content=\"CAT\u00c0LEG EXPOSICI\u00d3 &#039;LA LLUM. ENDINS ESCRITA&#039; - Editorial Claret\" \/>\n<meta property=\"og:description\" content=\"AMAT, MERC\u00c8 \/ COLOMER, JOAN\" \/>\n<meta property=\"og:url\" content=\"https:\/\/www.editorialclaret.cat\/producte\/cataleg-exposicio-la-llum-endins-escrita-9789952141320\/\" \/>\n<meta property=\"og:site_name\" content=\"Editorial Claret\" \/>\n<meta property=\"article:modified_time\" content=\"2023-05-11T09:07:58+00:00\" \/>\n<meta property=\"og:image\" content=\"https:\/\/www.editorialclaret.cat\/wp-content\/uploads\/.\/9789952141320.jpg\" \/>\n\t<meta property=\"og:image:width\" content=\"225\" \/>\n\t<meta property=\"og:image:height\" content=\"328\" \/>\n\t<meta property=\"og:image:type\" content=\"image\/jpeg\" \/>\n<meta name=\"twitter:card\" content=\"summary_large_image\" \/>\n<script type=\"application\/ld+json\" class=\"yoast-schema-graph\">{\"@context\":\"https:\\\/\\\/schema.org\",\"@graph\":[{\"@type\":\"WebPage\",\"@id\":\"https:\\\/\\\/www.editorialclaret.cat\\\/producte\\\/cataleg-exposicio-la-llum-endins-escrita-9789952141320\\\/\",\"url\":\"https:\\\/\\\/www.editorialclaret.cat\\\/producte\\\/cataleg-exposicio-la-llum-endins-escrita-9789952141320\\\/\",\"name\":\"CAT\u00c0LEG EXPOSICI\u00d3 'LA LLUM. ENDINS ESCRITA' - Editorial Claret\",\"isPartOf\":{\"@id\":\"https:\\\/\\\/www.editorialclaret.cat\\\/#website\"},\"primaryImageOfPage\":{\"@id\":\"https:\\\/\\\/www.editorialclaret.cat\\\/producte\\\/cataleg-exposicio-la-llum-endins-escrita-9789952141320\\\/#primaryimage\"},\"image\":{\"@id\":\"https:\\\/\\\/www.editorialclaret.cat\\\/producte\\\/cataleg-exposicio-la-llum-endins-escrita-9789952141320\\\/#primaryimage\"},\"thumbnailUrl\":\"https:\\\/\\\/www.editorialclaret.cat\\\/wp-content\\\/uploads\\\/.\\\/9789952141320.jpg\",\"datePublished\":\"2022-11-07T06:35:41+00:00\",\"dateModified\":\"2023-05-11T09:07:58+00:00\",\"breadcrumb\":{\"@id\":\"https:\\\/\\\/www.editorialclaret.cat\\\/producte\\\/cataleg-exposicio-la-llum-endins-escrita-9789952141320\\\/#breadcrumb\"},\"inLanguage\":\"es\",\"potentialAction\":[{\"@type\":\"ReadAction\",\"target\":[\"https:\\\/\\\/www.editorialclaret.cat\\\/producte\\\/cataleg-exposicio-la-llum-endins-escrita-9789952141320\\\/\"]}]},{\"@type\":\"ImageObject\",\"inLanguage\":\"es\",\"@id\":\"https:\\\/\\\/www.editorialclaret.cat\\\/producte\\\/cataleg-exposicio-la-llum-endins-escrita-9789952141320\\\/#primaryimage\",\"url\":\"https:\\\/\\\/www.editorialclaret.cat\\\/wp-content\\\/uploads\\\/.\\\/9789952141320.jpg\",\"contentUrl\":\"https:\\\/\\\/www.editorialclaret.cat\\\/wp-content\\\/uploads\\\/.\\\/9789952141320.jpg\",\"width\":225,\"height\":328,\"caption\":\"9789952141320.jpg\"},{\"@type\":\"BreadcrumbList\",\"@id\":\"https:\\\/\\\/www.editorialclaret.cat\\\/producte\\\/cataleg-exposicio-la-llum-endins-escrita-9789952141320\\\/#breadcrumb\",\"itemListElement\":[{\"@type\":\"ListItem\",\"position\":1,\"name\":\"Portada\",\"item\":\"https:\\\/\\\/www.editorialclaret.cat\\\/es\\\/\"},{\"@type\":\"ListItem\",\"position\":2,\"name\":\"Botiga\",\"item\":\"https:\\\/\\\/www.editorialclaret.cat\\\/?page_id=16\"},{\"@type\":\"ListItem\",\"position\":3,\"name\":\"CAT\u00c0LEG EXPOSICI\u00d3 &#8216;LA LLUM. ENDINS ESCRITA&#8217;\"}]},{\"@type\":\"WebSite\",\"@id\":\"https:\\\/\\\/www.editorialclaret.cat\\\/#website\",\"url\":\"https:\\\/\\\/www.editorialclaret.cat\\\/\",\"name\":\"Editorial Claret\",\"description\":\"\",\"publisher\":{\"@id\":\"https:\\\/\\\/www.editorialclaret.cat\\\/#organization\"},\"potentialAction\":[{\"@type\":\"SearchAction\",\"target\":{\"@type\":\"EntryPoint\",\"urlTemplate\":\"https:\\\/\\\/www.editorialclaret.cat\\\/?s={search_term_string}\"},\"query-input\":{\"@type\":\"PropertyValueSpecification\",\"valueRequired\":true,\"valueName\":\"search_term_string\"}}],\"inLanguage\":\"es\"},{\"@type\":\"Organization\",\"@id\":\"https:\\\/\\\/www.editorialclaret.cat\\\/#organization\",\"name\":\"Editorial Claret\",\"url\":\"https:\\\/\\\/www.editorialclaret.cat\\\/\",\"logo\":{\"@type\":\"ImageObject\",\"inLanguage\":\"es\",\"@id\":\"https:\\\/\\\/www.editorialclaret.cat\\\/#\\\/schema\\\/logo\\\/image\\\/\",\"url\":\"https:\\\/\\\/www.editorialclaret.cat\\\/wp-content\\\/uploads\\\/.\\\/logo-claret.png\",\"contentUrl\":\"https:\\\/\\\/www.editorialclaret.cat\\\/wp-content\\\/uploads\\\/.\\\/logo-claret.png\",\"width\":194,\"height\":79,\"caption\":\"Editorial Claret\"},\"image\":{\"@id\":\"https:\\\/\\\/www.editorialclaret.cat\\\/#\\\/schema\\\/logo\\\/image\\\/\"}}]}<\/script>\n<!-- \/ Yoast SEO plugin. -->","yoast_head_json":{"title":"Editorial Claret","robots":{"index":"noindex","follow":"follow","max-snippet":"max-snippet:-1","max-image-preview":"max-image-preview:large","max-video-preview":"max-video-preview:-1"},"og_locale":"es_ES","og_type":"article","og_title":"CAT\u00c0LEG EXPOSICI\u00d3 'LA LLUM. ENDINS ESCRITA' - Editorial Claret","og_description":"AMAT, MERC\u00c8 \/ COLOMER, JOAN","og_url":"https:\/\/www.editorialclaret.cat\/producte\/cataleg-exposicio-la-llum-endins-escrita-9789952141320\/","og_site_name":"Editorial Claret","article_modified_time":"2023-05-11T09:07:58+00:00","og_image":[{"width":225,"height":328,"url":"https:\/\/www.editorialclaret.cat\/wp-content\/uploads\/.\/9789952141320.jpg","type":"image\/jpeg"}],"twitter_card":"summary_large_image","schema":{"@context":"https:\/\/schema.org","@graph":[{"@type":"WebPage","@id":"https:\/\/www.editorialclaret.cat\/producte\/cataleg-exposicio-la-llum-endins-escrita-9789952141320\/","url":"https:\/\/www.editorialclaret.cat\/producte\/cataleg-exposicio-la-llum-endins-escrita-9789952141320\/","name":"CAT\u00c0LEG EXPOSICI\u00d3 'LA LLUM. ENDINS ESCRITA' - Editorial Claret","isPartOf":{"@id":"https:\/\/www.editorialclaret.cat\/#website"},"primaryImageOfPage":{"@id":"https:\/\/www.editorialclaret.cat\/producte\/cataleg-exposicio-la-llum-endins-escrita-9789952141320\/#primaryimage"},"image":{"@id":"https:\/\/www.editorialclaret.cat\/producte\/cataleg-exposicio-la-llum-endins-escrita-9789952141320\/#primaryimage"},"thumbnailUrl":"https:\/\/www.editorialclaret.cat\/wp-content\/uploads\/.\/9789952141320.jpg","datePublished":"2022-11-07T06:35:41+00:00","dateModified":"2023-05-11T09:07:58+00:00","breadcrumb":{"@id":"https:\/\/www.editorialclaret.cat\/producte\/cataleg-exposicio-la-llum-endins-escrita-9789952141320\/#breadcrumb"},"inLanguage":"es","potentialAction":[{"@type":"ReadAction","target":["https:\/\/www.editorialclaret.cat\/producte\/cataleg-exposicio-la-llum-endins-escrita-9789952141320\/"]}]},{"@type":"ImageObject","inLanguage":"es","@id":"https:\/\/www.editorialclaret.cat\/producte\/cataleg-exposicio-la-llum-endins-escrita-9789952141320\/#primaryimage","url":"https:\/\/www.editorialclaret.cat\/wp-content\/uploads\/.\/9789952141320.jpg","contentUrl":"https:\/\/www.editorialclaret.cat\/wp-content\/uploads\/.\/9789952141320.jpg","width":225,"height":328,"caption":"9789952141320.jpg"},{"@type":"BreadcrumbList","@id":"https:\/\/www.editorialclaret.cat\/producte\/cataleg-exposicio-la-llum-endins-escrita-9789952141320\/#breadcrumb","itemListElement":[{"@type":"ListItem","position":1,"name":"Portada","item":"https:\/\/www.editorialclaret.cat\/es\/"},{"@type":"ListItem","position":2,"name":"Botiga","item":"https:\/\/www.editorialclaret.cat\/?page_id=16"},{"@type":"ListItem","position":3,"name":"CAT\u00c0LEG EXPOSICI\u00d3 &#8216;LA LLUM. ENDINS ESCRITA&#8217;"}]},{"@type":"WebSite","@id":"https:\/\/www.editorialclaret.cat\/#website","url":"https:\/\/www.editorialclaret.cat\/","name":"Editorial Claret","description":"","publisher":{"@id":"https:\/\/www.editorialclaret.cat\/#organization"},"potentialAction":[{"@type":"SearchAction","target":{"@type":"EntryPoint","urlTemplate":"https:\/\/www.editorialclaret.cat\/?s={search_term_string}"},"query-input":{"@type":"PropertyValueSpecification","valueRequired":true,"valueName":"search_term_string"}}],"inLanguage":"es"},{"@type":"Organization","@id":"https:\/\/www.editorialclaret.cat\/#organization","name":"Editorial Claret","url":"https:\/\/www.editorialclaret.cat\/","logo":{"@type":"ImageObject","inLanguage":"es","@id":"https:\/\/www.editorialclaret.cat\/#\/schema\/logo\/image\/","url":"https:\/\/www.editorialclaret.cat\/wp-content\/uploads\/.\/logo-claret.png","contentUrl":"https:\/\/www.editorialclaret.cat\/wp-content\/uploads\/.\/logo-claret.png","width":194,"height":79,"caption":"Editorial Claret"},"image":{"@id":"https:\/\/www.editorialclaret.cat\/#\/schema\/logo\/image\/"}}]}},"_links":{"self":[{"href":"https:\/\/www.editorialclaret.cat\/es\/wp-json\/wp\/v2\/product\/47415","targetHints":{"allow":["GET"]}}],"collection":[{"href":"https:\/\/www.editorialclaret.cat\/es\/wp-json\/wp\/v2\/product"}],"about":[{"href":"https:\/\/www.editorialclaret.cat\/es\/wp-json\/wp\/v2\/types\/product"}],"wp:featuredmedia":[{"embeddable":true,"href":"https:\/\/www.editorialclaret.cat\/es\/wp-json\/wp\/v2\/media\/47416"}],"wp:attachment":[{"href":"https:\/\/www.editorialclaret.cat\/es\/wp-json\/wp\/v2\/media?parent=47415"}],"wp:term":[{"taxonomy":"product_brand","embeddable":true,"href":"https:\/\/www.editorialclaret.cat\/es\/wp-json\/wp\/v2\/product_brand?post=47415"},{"taxonomy":"product_cat","embeddable":true,"href":"https:\/\/www.editorialclaret.cat\/es\/wp-json\/wp\/v2\/product_cat?post=47415"},{"taxonomy":"product_tag","embeddable":true,"href":"https:\/\/www.editorialclaret.cat\/es\/wp-json\/wp\/v2\/product_tag?post=47415"}],"curies":[{"name":"wp","href":"https:\/\/api.w.org\/{rel}","templated":true}]}}