{"id":47259,"date":"2022-11-07T07:33:06","date_gmt":"2022-11-07T06:33:06","guid":{"rendered":"http:\/\/dev.editorialclaret.cat\/producte\/sant-josep-eucaristic\/"},"modified":"2024-05-22T12:35:16","modified_gmt":"2024-05-22T10:35:16","slug":"sant-josep-eucaristic-9788491363477","status":"publish","type":"product","link":"https:\/\/www.editorialclaret.cat\/es\/producto\/sant-josep-eucaristic-9788491363477\/","title":{"rendered":"SANT JOSEP EUCAR\u00cdSTIC"},"content":{"rendered":"<p>El passat 8 de desembre de 2020, el papa Francesc va recordar el 150\u00e8 aniversari de la declaraci\u00f3 de sant Josep com a patr\u00f3 de l\u2019Esgl\u00e9sia Universal. \u00c9s per aix\u00f2 que des del 8 de desembre de 2020 fins al 8 de desembre de l&#8217;any seg\u00fcent se celebrar\u00e0 un any dedicat a ell.<\/p>\n<p>Estant, doncs, confinat, he tingut temps per a llegir i anar recopilant pensaments del nostre glori\u00f3s patriarca sant Josep i anar-los meditant i escrivint a poc a poc, centrant me en la jaculat\u00f2ria \u00abSant Josep, esp\u00f2s virginal de Maria, pare nutrici de Jes\u00fas i patriarca de l&#8217;Esgl\u00e9sia, pregueu per nosaltres, pecadors, ara i en l&#8217;hora de la nostra mort. Am\u00e9n.\u00bb Trobareu en aquest escrit, en la primera part, un text sobre sant Josep i l&#8217;Eucaristia, i, en la segona part, una novena a sant Josep, seguida d&#8217;una versi\u00f3 abreujada, una meditaci\u00f3 per a la festa de Sant Josep, el rosari de sant Josep \u2013que jo mateix he anat resant tot aquest darrer any abans d&#8217;anar a dormir\u2013, seguit d&#8217;una explicaci\u00f3 de com he arribat als cinc misteris, i les lletanies de sant Josep. Espero que tot plegat pugui fer b\u00e9 als qui ho llegiran. (Fragment del pr\u00f2leg)<\/p>\n","protected":false},"excerpt":{"rendered":"<p>CASAS I GRIERA, JOAN, PREV.<\/p>\n","protected":false},"featured_media":47260,"template":"","meta":{"_acf_changed":false,"rs_blank_template":"","rs_page_bg_color":"","slide_template_v7":"","inline_featured_image":false,"_monsterinsights_skip_tracking":false,"_monsterinsights_sitenote_active":false,"_monsterinsights_sitenote_note":"","_monsterinsights_sitenote_category":0},"product_brand":[],"product_cat":[1204,967,972,1209],"product_tag":[],"class_list":{"0":"post-47259","1":"product","2":"type-product","3":"status-publish","4":"has-post-thumbnail","6":"product_cat-autores-espiritualidad-espiritualidad","7":"product_cat-autors-espiritualitat-espiritualitat","8":"product_cat-cami-de-perfeccionament","9":"product_cat-camino-de-perfeccionamiento","11":"first","12":"instock","13":"taxable","14":"shipping-taxable","15":"purchasable","16":"product-type-simple"},"acf":{"autor":"CASAS I GRIERA, JOAN, PREV.","codart":"849136347","libros-coleccion":"","ediciones":"1","encuadernacion":"R\u00fastica","fecha_de_publicacion":"17\/02\/2021","novedad":"0","paginas":"146","subtitulo":"NOVENA MEDITADA. NOVENA RESADA. ROSARI DE SANT JOSEP.","orden":"0","portada":"0","idioma":"cat","autores-libros":[{"ID":46887,"post_author":"3","post_date":"2022-11-06 20:31:52","post_date_gmt":"2022-11-06 19:31:52","post_content":"","post_title":"JOAN CASAS I GRIERA","post_excerpt":"","post_status":"publish","comment_status":"closed","ping_status":"closed","post_password":"","post_name":"joan-casas-i-griera","to_ping":"","pinged":"","post_modified":"2022-11-06 20:31:52","post_modified_gmt":"2022-11-06 19:31:52","post_content_filtered":"","post_parent":0,"guid":"http:\/\/dev.editorialclaret.cat\/autor\/joan-casas-i-griera\/","menu_order":0,"post_type":"autor","post_mime_type":"","comment_count":"0","filter":"raw"}],"booktrailer":"","linkebook":"","ficha":"849136347_1689075605.pdf","muestra":"","precioebook":"0","presentacion":"","resenas":""},"yoast_head":"<!-- This site is optimized with the Yoast SEO plugin v27.3 - https:\/\/yoast.com\/product\/yoast-seo-wordpress\/ -->\n<title>Editorial Claret<\/title>\n<meta name=\"robots\" content=\"noindex, follow, max-snippet:-1, max-image-preview:large, max-video-preview:-1\" \/>\n<meta property=\"og:locale\" content=\"es_ES\" \/>\n<meta property=\"og:type\" content=\"article\" \/>\n<meta property=\"og:title\" content=\"SANT JOSEP EUCAR\u00cdSTIC - Editorial Claret\" \/>\n<meta property=\"og:description\" content=\"CASAS I GRIERA, JOAN, PREV.\" \/>\n<meta property=\"og:url\" content=\"https:\/\/www.editorialclaret.cat\/producte\/sant-josep-eucaristic-9788491363477\/\" \/>\n<meta property=\"og:site_name\" content=\"Editorial Claret\" \/>\n<meta property=\"article:modified_time\" content=\"2024-05-22T10:35:16+00:00\" \/>\n<meta property=\"og:image\" content=\"https:\/\/www.editorialclaret.cat\/wp-content\/uploads\/.\/9788491363477.jpg\" \/>\n\t<meta property=\"og:image:width\" content=\"213\" \/>\n\t<meta property=\"og:image:height\" content=\"345\" \/>\n\t<meta property=\"og:image:type\" content=\"image\/jpeg\" \/>\n<meta name=\"twitter:card\" content=\"summary_large_image\" \/>\n<meta name=\"twitter:label1\" content=\"Tiempo de lectura\" \/>\n\t<meta name=\"twitter:data1\" content=\"1 minuto\" \/>\n<script type=\"application\/ld+json\" class=\"yoast-schema-graph\">{\"@context\":\"https:\\\/\\\/schema.org\",\"@graph\":[{\"@type\":\"WebPage\",\"@id\":\"https:\\\/\\\/www.editorialclaret.cat\\\/producte\\\/sant-josep-eucaristic-9788491363477\\\/\",\"url\":\"https:\\\/\\\/www.editorialclaret.cat\\\/producte\\\/sant-josep-eucaristic-9788491363477\\\/\",\"name\":\"SANT JOSEP EUCAR\u00cdSTIC - Editorial Claret\",\"isPartOf\":{\"@id\":\"https:\\\/\\\/www.editorialclaret.cat\\\/#website\"},\"primaryImageOfPage\":{\"@id\":\"https:\\\/\\\/www.editorialclaret.cat\\\/producte\\\/sant-josep-eucaristic-9788491363477\\\/#primaryimage\"},\"image\":{\"@id\":\"https:\\\/\\\/www.editorialclaret.cat\\\/producte\\\/sant-josep-eucaristic-9788491363477\\\/#primaryimage\"},\"thumbnailUrl\":\"https:\\\/\\\/www.editorialclaret.cat\\\/wp-content\\\/uploads\\\/.\\\/9788491363477.jpg\",\"datePublished\":\"2022-11-07T06:33:06+00:00\",\"dateModified\":\"2024-05-22T10:35:16+00:00\",\"breadcrumb\":{\"@id\":\"https:\\\/\\\/www.editorialclaret.cat\\\/producte\\\/sant-josep-eucaristic-9788491363477\\\/#breadcrumb\"},\"inLanguage\":\"es\",\"potentialAction\":[{\"@type\":\"ReadAction\",\"target\":[\"https:\\\/\\\/www.editorialclaret.cat\\\/producte\\\/sant-josep-eucaristic-9788491363477\\\/\"]}]},{\"@type\":\"ImageObject\",\"inLanguage\":\"es\",\"@id\":\"https:\\\/\\\/www.editorialclaret.cat\\\/producte\\\/sant-josep-eucaristic-9788491363477\\\/#primaryimage\",\"url\":\"https:\\\/\\\/www.editorialclaret.cat\\\/wp-content\\\/uploads\\\/.\\\/9788491363477.jpg\",\"contentUrl\":\"https:\\\/\\\/www.editorialclaret.cat\\\/wp-content\\\/uploads\\\/.\\\/9788491363477.jpg\",\"width\":213,\"height\":345,\"caption\":\"9788491363477.jpg\"},{\"@type\":\"BreadcrumbList\",\"@id\":\"https:\\\/\\\/www.editorialclaret.cat\\\/producte\\\/sant-josep-eucaristic-9788491363477\\\/#breadcrumb\",\"itemListElement\":[{\"@type\":\"ListItem\",\"position\":1,\"name\":\"Portada\",\"item\":\"https:\\\/\\\/www.editorialclaret.cat\\\/es\\\/\"},{\"@type\":\"ListItem\",\"position\":2,\"name\":\"Botiga\",\"item\":\"https:\\\/\\\/www.editorialclaret.cat\\\/?page_id=16\"},{\"@type\":\"ListItem\",\"position\":3,\"name\":\"SANT JOSEP EUCAR\u00cdSTIC\"}]},{\"@type\":\"WebSite\",\"@id\":\"https:\\\/\\\/www.editorialclaret.cat\\\/#website\",\"url\":\"https:\\\/\\\/www.editorialclaret.cat\\\/\",\"name\":\"Editorial Claret\",\"description\":\"\",\"publisher\":{\"@id\":\"https:\\\/\\\/www.editorialclaret.cat\\\/#organization\"},\"potentialAction\":[{\"@type\":\"SearchAction\",\"target\":{\"@type\":\"EntryPoint\",\"urlTemplate\":\"https:\\\/\\\/www.editorialclaret.cat\\\/?s={search_term_string}\"},\"query-input\":{\"@type\":\"PropertyValueSpecification\",\"valueRequired\":true,\"valueName\":\"search_term_string\"}}],\"inLanguage\":\"es\"},{\"@type\":\"Organization\",\"@id\":\"https:\\\/\\\/www.editorialclaret.cat\\\/#organization\",\"name\":\"Editorial Claret\",\"url\":\"https:\\\/\\\/www.editorialclaret.cat\\\/\",\"logo\":{\"@type\":\"ImageObject\",\"inLanguage\":\"es\",\"@id\":\"https:\\\/\\\/www.editorialclaret.cat\\\/#\\\/schema\\\/logo\\\/image\\\/\",\"url\":\"https:\\\/\\\/www.editorialclaret.cat\\\/wp-content\\\/uploads\\\/.\\\/logo-claret.png\",\"contentUrl\":\"https:\\\/\\\/www.editorialclaret.cat\\\/wp-content\\\/uploads\\\/.\\\/logo-claret.png\",\"width\":194,\"height\":79,\"caption\":\"Editorial Claret\"},\"image\":{\"@id\":\"https:\\\/\\\/www.editorialclaret.cat\\\/#\\\/schema\\\/logo\\\/image\\\/\"}}]}<\/script>\n<!-- \/ Yoast SEO plugin. -->","yoast_head_json":{"title":"Editorial Claret","robots":{"index":"noindex","follow":"follow","max-snippet":"max-snippet:-1","max-image-preview":"max-image-preview:large","max-video-preview":"max-video-preview:-1"},"og_locale":"es_ES","og_type":"article","og_title":"SANT JOSEP EUCAR\u00cdSTIC - Editorial Claret","og_description":"CASAS I GRIERA, JOAN, PREV.","og_url":"https:\/\/www.editorialclaret.cat\/producte\/sant-josep-eucaristic-9788491363477\/","og_site_name":"Editorial Claret","article_modified_time":"2024-05-22T10:35:16+00:00","og_image":[{"width":213,"height":345,"url":"https:\/\/www.editorialclaret.cat\/wp-content\/uploads\/.\/9788491363477.jpg","type":"image\/jpeg"}],"twitter_card":"summary_large_image","twitter_misc":{"Tiempo de lectura":"1 minuto"},"schema":{"@context":"https:\/\/schema.org","@graph":[{"@type":"WebPage","@id":"https:\/\/www.editorialclaret.cat\/producte\/sant-josep-eucaristic-9788491363477\/","url":"https:\/\/www.editorialclaret.cat\/producte\/sant-josep-eucaristic-9788491363477\/","name":"SANT JOSEP EUCAR\u00cdSTIC - Editorial Claret","isPartOf":{"@id":"https:\/\/www.editorialclaret.cat\/#website"},"primaryImageOfPage":{"@id":"https:\/\/www.editorialclaret.cat\/producte\/sant-josep-eucaristic-9788491363477\/#primaryimage"},"image":{"@id":"https:\/\/www.editorialclaret.cat\/producte\/sant-josep-eucaristic-9788491363477\/#primaryimage"},"thumbnailUrl":"https:\/\/www.editorialclaret.cat\/wp-content\/uploads\/.\/9788491363477.jpg","datePublished":"2022-11-07T06:33:06+00:00","dateModified":"2024-05-22T10:35:16+00:00","breadcrumb":{"@id":"https:\/\/www.editorialclaret.cat\/producte\/sant-josep-eucaristic-9788491363477\/#breadcrumb"},"inLanguage":"es","potentialAction":[{"@type":"ReadAction","target":["https:\/\/www.editorialclaret.cat\/producte\/sant-josep-eucaristic-9788491363477\/"]}]},{"@type":"ImageObject","inLanguage":"es","@id":"https:\/\/www.editorialclaret.cat\/producte\/sant-josep-eucaristic-9788491363477\/#primaryimage","url":"https:\/\/www.editorialclaret.cat\/wp-content\/uploads\/.\/9788491363477.jpg","contentUrl":"https:\/\/www.editorialclaret.cat\/wp-content\/uploads\/.\/9788491363477.jpg","width":213,"height":345,"caption":"9788491363477.jpg"},{"@type":"BreadcrumbList","@id":"https:\/\/www.editorialclaret.cat\/producte\/sant-josep-eucaristic-9788491363477\/#breadcrumb","itemListElement":[{"@type":"ListItem","position":1,"name":"Portada","item":"https:\/\/www.editorialclaret.cat\/es\/"},{"@type":"ListItem","position":2,"name":"Botiga","item":"https:\/\/www.editorialclaret.cat\/?page_id=16"},{"@type":"ListItem","position":3,"name":"SANT JOSEP EUCAR\u00cdSTIC"}]},{"@type":"WebSite","@id":"https:\/\/www.editorialclaret.cat\/#website","url":"https:\/\/www.editorialclaret.cat\/","name":"Editorial Claret","description":"","publisher":{"@id":"https:\/\/www.editorialclaret.cat\/#organization"},"potentialAction":[{"@type":"SearchAction","target":{"@type":"EntryPoint","urlTemplate":"https:\/\/www.editorialclaret.cat\/?s={search_term_string}"},"query-input":{"@type":"PropertyValueSpecification","valueRequired":true,"valueName":"search_term_string"}}],"inLanguage":"es"},{"@type":"Organization","@id":"https:\/\/www.editorialclaret.cat\/#organization","name":"Editorial Claret","url":"https:\/\/www.editorialclaret.cat\/","logo":{"@type":"ImageObject","inLanguage":"es","@id":"https:\/\/www.editorialclaret.cat\/#\/schema\/logo\/image\/","url":"https:\/\/www.editorialclaret.cat\/wp-content\/uploads\/.\/logo-claret.png","contentUrl":"https:\/\/www.editorialclaret.cat\/wp-content\/uploads\/.\/logo-claret.png","width":194,"height":79,"caption":"Editorial Claret"},"image":{"@id":"https:\/\/www.editorialclaret.cat\/#\/schema\/logo\/image\/"}}]}},"_links":{"self":[{"href":"https:\/\/www.editorialclaret.cat\/es\/wp-json\/wp\/v2\/product\/47259","targetHints":{"allow":["GET"]}}],"collection":[{"href":"https:\/\/www.editorialclaret.cat\/es\/wp-json\/wp\/v2\/product"}],"about":[{"href":"https:\/\/www.editorialclaret.cat\/es\/wp-json\/wp\/v2\/types\/product"}],"wp:featuredmedia":[{"embeddable":true,"href":"https:\/\/www.editorialclaret.cat\/es\/wp-json\/wp\/v2\/media\/47260"}],"wp:attachment":[{"href":"https:\/\/www.editorialclaret.cat\/es\/wp-json\/wp\/v2\/media?parent=47259"}],"wp:term":[{"taxonomy":"product_brand","embeddable":true,"href":"https:\/\/www.editorialclaret.cat\/es\/wp-json\/wp\/v2\/product_brand?post=47259"},{"taxonomy":"product_cat","embeddable":true,"href":"https:\/\/www.editorialclaret.cat\/es\/wp-json\/wp\/v2\/product_cat?post=47259"},{"taxonomy":"product_tag","embeddable":true,"href":"https:\/\/www.editorialclaret.cat\/es\/wp-json\/wp\/v2\/product_tag?post=47259"}],"curies":[{"name":"wp","href":"https:\/\/api.w.org\/{rel}","templated":true}]}}