{"id":40924,"date":"2022-10-19T12:27:18","date_gmt":"2022-10-19T10:27:18","guid":{"rendered":"http:\/\/dev.editorialclaret.cat\/producte\/historia-de-lesglesia-a-catalunya\/"},"modified":"2024-12-03T11:40:45","modified_gmt":"2024-12-03T10:40:45","slug":"historia-de-lesglesia-a-catalunya-8498460025","status":"publish","type":"product","link":"https:\/\/www.editorialclaret.cat\/es\/producto\/historia-de-lesglesia-a-catalunya-8498460025\/","title":{"rendered":"HIST\u00d2RIA DE L&#8217;ESGL\u00c9SIA A CATALUNYA"},"content":{"rendered":"<p>En l\u2019article sobre la historiografia religiosa a Catalunya, del Diccionari d\u2019hist\u00f2ria eclesi\u00e0stica de Catalunya, en tres volums (Generalitat de Catalunya-Claret 2000), llegim: \u201cPer disposar d\u2019una s\u00edntesi d\u2019extensi\u00f3 modesta amb el t\u00edtol d\u2019Hist\u00f2ria de l\u2019Esgl\u00e9sia a Catalunya, calgu\u00e9 esperar a la redactada per Antoni Pladevall el 1989, arran del mil\u2022lenari de Catalunya. Es aquesta primera s\u00edntesi, revisada i ampliada en alguns aspectes i posada al dia fins a entrat el segon mil\u2022lenni, la que aqu\u00ed s\u2019ofereix de nou.<br \/>Com s\u2019exposa en la seva introducci\u00f3 va \u00e9sser el resultat d\u2019una s\u00e8rie de petits treballs, publicats al Full Dioces\u00e0, de les di\u00f2cesis de Tarragona, Solsona i Vic, amb la intenci\u00f3 d\u2019oferir als lectors una visi\u00f3 breu, ben fonamentada i continuada del passat de l\u2019Esgl\u00e9sia al nostre pa\u00eds, sense pensar inicialment en la seva publicaci\u00f3 conjunta. L\u2019\u00e8xit assolit per l\u2019obra va \u00e9sser causa de dues edicions consecutives i que en poc temps s\u2019esgot\u00e9s tamb\u00e9 la segona.<br \/>Des d\u2019aleshores s\u2019ha publicat molt sobre l\u2019Esgl\u00e9sia catalana i fins alguna obra de s\u00edntesi, no obstant la present era reclamada, sobretot per institucions docents, per la seva claredat, concisi\u00f3 i presentaci\u00f3 en apartats no massa llargs, aix\u00ed corn per la seva bibliografia, ap\u00e8ndixs i cronologia, que la fan una obra \u00fatil i seriosa. \u00c9s amb el desig de complaure aquestes peticions que s\u2019ha decidit de dur a terme aquesta tercera edici\u00f3.<\/p>\n","protected":false},"excerpt":{"rendered":"<p>PLADEVALL, ANTONI<\/p>\n","protected":false},"featured_media":50342,"template":"","meta":{"_acf_changed":false,"rs_blank_template":"","rs_page_bg_color":"","slide_template_v7":"","inline_featured_image":false,"_monsterinsights_skip_tracking":false,"_monsterinsights_sitenote_active":false,"_monsterinsights_sitenote_note":"","_monsterinsights_sitenote_category":0},"product_brand":[],"product_cat":[1125,888,1254,1017],"product_tag":[],"class_list":{"0":"post-40924","1":"product","2":"type-product","3":"status-publish","4":"has-post-thumbnail","6":"product_cat-contemporanea","7":"product_cat-contemporania","8":"product_cat-eclesiologia-teologia-espiritualidad","9":"product_cat-eclesiologia-teologia","11":"first","12":"instock","13":"taxable","14":"shipping-taxable","15":"purchasable","16":"product-type-simple"},"acf":{"autor":"PLADEVALL, ANTONI","codart":"849846002","libros-coleccion":"","ediciones":"3","encuadernacion":"R\u00fastica","fecha_de_publicacion":"28\/03\/2007","novedad":"0","paginas":"337","subtitulo":"","orden":"0","portada":"0","idioma":"cat","autores-libros":[{"ID":46738,"post_author":"3","post_date":"2022-11-06 20:30:45","post_date_gmt":"2022-11-06 19:30:45","post_content":"","post_title":"ANTONI PLADEVALL","post_excerpt":"","post_status":"publish","comment_status":"closed","ping_status":"closed","post_password":"","post_name":"antoni-pladevall","to_ping":"","pinged":"","post_modified":"2022-11-06 20:30:45","post_modified_gmt":"2022-11-06 19:30:45","post_content_filtered":"","post_parent":0,"guid":"http:\/\/dev.editorialclaret.cat\/autor\/antoni-pladevall\/","menu_order":0,"post_type":"autor","post_mime_type":"","comment_count":"0","filter":"raw"}]},"yoast_head":"<!-- This site is optimized with the Yoast SEO plugin v27.3 - https:\/\/yoast.com\/product\/yoast-seo-wordpress\/ -->\n<title>Editorial Claret<\/title>\n<meta name=\"robots\" content=\"noindex, follow, max-snippet:-1, max-image-preview:large, max-video-preview:-1\" \/>\n<meta property=\"og:locale\" content=\"es_ES\" \/>\n<meta property=\"og:type\" content=\"article\" \/>\n<meta property=\"og:title\" content=\"HIST\u00d2RIA DE L&#039;ESGL\u00c9SIA A CATALUNYA - Editorial Claret\" \/>\n<meta property=\"og:description\" content=\"PLADEVALL, ANTONI\" \/>\n<meta property=\"og:url\" content=\"https:\/\/www.editorialclaret.cat\/producte\/historia-de-lesglesia-a-catalunya-8498460025\/\" \/>\n<meta property=\"og:site_name\" content=\"Editorial Claret\" \/>\n<meta property=\"article:modified_time\" content=\"2024-12-03T10:40:45+00:00\" \/>\n<meta property=\"og:image\" content=\"https:\/\/www.editorialclaret.cat\/wp-content\/uploads\/.\/9788498460025.jpg\" \/>\n\t<meta property=\"og:image:width\" content=\"350\" \/>\n\t<meta property=\"og:image:height\" content=\"485\" \/>\n\t<meta property=\"og:image:type\" content=\"image\/jpeg\" \/>\n<meta name=\"twitter:card\" content=\"summary_large_image\" \/>\n<meta name=\"twitter:label1\" content=\"Tiempo de lectura\" \/>\n\t<meta name=\"twitter:data1\" content=\"1 minuto\" \/>\n<script type=\"application\/ld+json\" class=\"yoast-schema-graph\">{\"@context\":\"https:\\\/\\\/schema.org\",\"@graph\":[{\"@type\":\"WebPage\",\"@id\":\"https:\\\/\\\/www.editorialclaret.cat\\\/producte\\\/historia-de-lesglesia-a-catalunya-8498460025\\\/\",\"url\":\"https:\\\/\\\/www.editorialclaret.cat\\\/producte\\\/historia-de-lesglesia-a-catalunya-8498460025\\\/\",\"name\":\"HIST\u00d2RIA DE L'ESGL\u00c9SIA A CATALUNYA - Editorial Claret\",\"isPartOf\":{\"@id\":\"https:\\\/\\\/www.editorialclaret.cat\\\/#website\"},\"primaryImageOfPage\":{\"@id\":\"https:\\\/\\\/www.editorialclaret.cat\\\/producte\\\/historia-de-lesglesia-a-catalunya-8498460025\\\/#primaryimage\"},\"image\":{\"@id\":\"https:\\\/\\\/www.editorialclaret.cat\\\/producte\\\/historia-de-lesglesia-a-catalunya-8498460025\\\/#primaryimage\"},\"thumbnailUrl\":\"https:\\\/\\\/www.editorialclaret.cat\\\/wp-content\\\/uploads\\\/.\\\/9788498460025.jpg\",\"datePublished\":\"2022-10-19T10:27:18+00:00\",\"dateModified\":\"2024-12-03T10:40:45+00:00\",\"breadcrumb\":{\"@id\":\"https:\\\/\\\/www.editorialclaret.cat\\\/producte\\\/historia-de-lesglesia-a-catalunya-8498460025\\\/#breadcrumb\"},\"inLanguage\":\"es\",\"potentialAction\":[{\"@type\":\"ReadAction\",\"target\":[\"https:\\\/\\\/www.editorialclaret.cat\\\/producte\\\/historia-de-lesglesia-a-catalunya-8498460025\\\/\"]}]},{\"@type\":\"ImageObject\",\"inLanguage\":\"es\",\"@id\":\"https:\\\/\\\/www.editorialclaret.cat\\\/producte\\\/historia-de-lesglesia-a-catalunya-8498460025\\\/#primaryimage\",\"url\":\"https:\\\/\\\/www.editorialclaret.cat\\\/wp-content\\\/uploads\\\/.\\\/9788498460025.jpg\",\"contentUrl\":\"https:\\\/\\\/www.editorialclaret.cat\\\/wp-content\\\/uploads\\\/.\\\/9788498460025.jpg\",\"width\":350,\"height\":485,\"caption\":\"9788498460025.jpg\"},{\"@type\":\"BreadcrumbList\",\"@id\":\"https:\\\/\\\/www.editorialclaret.cat\\\/producte\\\/historia-de-lesglesia-a-catalunya-8498460025\\\/#breadcrumb\",\"itemListElement\":[{\"@type\":\"ListItem\",\"position\":1,\"name\":\"Portada\",\"item\":\"https:\\\/\\\/www.editorialclaret.cat\\\/es\\\/\"},{\"@type\":\"ListItem\",\"position\":2,\"name\":\"Botiga\",\"item\":\"https:\\\/\\\/www.editorialclaret.cat\\\/?page_id=16\"},{\"@type\":\"ListItem\",\"position\":3,\"name\":\"HIST\u00d2RIA DE L&#8217;ESGL\u00c9SIA A CATALUNYA\"}]},{\"@type\":\"WebSite\",\"@id\":\"https:\\\/\\\/www.editorialclaret.cat\\\/#website\",\"url\":\"https:\\\/\\\/www.editorialclaret.cat\\\/\",\"name\":\"Editorial Claret\",\"description\":\"\",\"publisher\":{\"@id\":\"https:\\\/\\\/www.editorialclaret.cat\\\/#organization\"},\"potentialAction\":[{\"@type\":\"SearchAction\",\"target\":{\"@type\":\"EntryPoint\",\"urlTemplate\":\"https:\\\/\\\/www.editorialclaret.cat\\\/?s={search_term_string}\"},\"query-input\":{\"@type\":\"PropertyValueSpecification\",\"valueRequired\":true,\"valueName\":\"search_term_string\"}}],\"inLanguage\":\"es\"},{\"@type\":\"Organization\",\"@id\":\"https:\\\/\\\/www.editorialclaret.cat\\\/#organization\",\"name\":\"Editorial Claret\",\"url\":\"https:\\\/\\\/www.editorialclaret.cat\\\/\",\"logo\":{\"@type\":\"ImageObject\",\"inLanguage\":\"es\",\"@id\":\"https:\\\/\\\/www.editorialclaret.cat\\\/#\\\/schema\\\/logo\\\/image\\\/\",\"url\":\"https:\\\/\\\/www.editorialclaret.cat\\\/wp-content\\\/uploads\\\/.\\\/logo-claret.png\",\"contentUrl\":\"https:\\\/\\\/www.editorialclaret.cat\\\/wp-content\\\/uploads\\\/.\\\/logo-claret.png\",\"width\":194,\"height\":79,\"caption\":\"Editorial Claret\"},\"image\":{\"@id\":\"https:\\\/\\\/www.editorialclaret.cat\\\/#\\\/schema\\\/logo\\\/image\\\/\"}}]}<\/script>\n<!-- \/ Yoast SEO plugin. -->","yoast_head_json":{"title":"Editorial Claret","robots":{"index":"noindex","follow":"follow","max-snippet":"max-snippet:-1","max-image-preview":"max-image-preview:large","max-video-preview":"max-video-preview:-1"},"og_locale":"es_ES","og_type":"article","og_title":"HIST\u00d2RIA DE L'ESGL\u00c9SIA A CATALUNYA - Editorial Claret","og_description":"PLADEVALL, ANTONI","og_url":"https:\/\/www.editorialclaret.cat\/producte\/historia-de-lesglesia-a-catalunya-8498460025\/","og_site_name":"Editorial Claret","article_modified_time":"2024-12-03T10:40:45+00:00","og_image":[{"width":350,"height":485,"url":"https:\/\/www.editorialclaret.cat\/wp-content\/uploads\/.\/9788498460025.jpg","type":"image\/jpeg"}],"twitter_card":"summary_large_image","twitter_misc":{"Tiempo de lectura":"1 minuto"},"schema":{"@context":"https:\/\/schema.org","@graph":[{"@type":"WebPage","@id":"https:\/\/www.editorialclaret.cat\/producte\/historia-de-lesglesia-a-catalunya-8498460025\/","url":"https:\/\/www.editorialclaret.cat\/producte\/historia-de-lesglesia-a-catalunya-8498460025\/","name":"HIST\u00d2RIA DE L'ESGL\u00c9SIA A CATALUNYA - Editorial Claret","isPartOf":{"@id":"https:\/\/www.editorialclaret.cat\/#website"},"primaryImageOfPage":{"@id":"https:\/\/www.editorialclaret.cat\/producte\/historia-de-lesglesia-a-catalunya-8498460025\/#primaryimage"},"image":{"@id":"https:\/\/www.editorialclaret.cat\/producte\/historia-de-lesglesia-a-catalunya-8498460025\/#primaryimage"},"thumbnailUrl":"https:\/\/www.editorialclaret.cat\/wp-content\/uploads\/.\/9788498460025.jpg","datePublished":"2022-10-19T10:27:18+00:00","dateModified":"2024-12-03T10:40:45+00:00","breadcrumb":{"@id":"https:\/\/www.editorialclaret.cat\/producte\/historia-de-lesglesia-a-catalunya-8498460025\/#breadcrumb"},"inLanguage":"es","potentialAction":[{"@type":"ReadAction","target":["https:\/\/www.editorialclaret.cat\/producte\/historia-de-lesglesia-a-catalunya-8498460025\/"]}]},{"@type":"ImageObject","inLanguage":"es","@id":"https:\/\/www.editorialclaret.cat\/producte\/historia-de-lesglesia-a-catalunya-8498460025\/#primaryimage","url":"https:\/\/www.editorialclaret.cat\/wp-content\/uploads\/.\/9788498460025.jpg","contentUrl":"https:\/\/www.editorialclaret.cat\/wp-content\/uploads\/.\/9788498460025.jpg","width":350,"height":485,"caption":"9788498460025.jpg"},{"@type":"BreadcrumbList","@id":"https:\/\/www.editorialclaret.cat\/producte\/historia-de-lesglesia-a-catalunya-8498460025\/#breadcrumb","itemListElement":[{"@type":"ListItem","position":1,"name":"Portada","item":"https:\/\/www.editorialclaret.cat\/es\/"},{"@type":"ListItem","position":2,"name":"Botiga","item":"https:\/\/www.editorialclaret.cat\/?page_id=16"},{"@type":"ListItem","position":3,"name":"HIST\u00d2RIA DE L&#8217;ESGL\u00c9SIA A CATALUNYA"}]},{"@type":"WebSite","@id":"https:\/\/www.editorialclaret.cat\/#website","url":"https:\/\/www.editorialclaret.cat\/","name":"Editorial Claret","description":"","publisher":{"@id":"https:\/\/www.editorialclaret.cat\/#organization"},"potentialAction":[{"@type":"SearchAction","target":{"@type":"EntryPoint","urlTemplate":"https:\/\/www.editorialclaret.cat\/?s={search_term_string}"},"query-input":{"@type":"PropertyValueSpecification","valueRequired":true,"valueName":"search_term_string"}}],"inLanguage":"es"},{"@type":"Organization","@id":"https:\/\/www.editorialclaret.cat\/#organization","name":"Editorial Claret","url":"https:\/\/www.editorialclaret.cat\/","logo":{"@type":"ImageObject","inLanguage":"es","@id":"https:\/\/www.editorialclaret.cat\/#\/schema\/logo\/image\/","url":"https:\/\/www.editorialclaret.cat\/wp-content\/uploads\/.\/logo-claret.png","contentUrl":"https:\/\/www.editorialclaret.cat\/wp-content\/uploads\/.\/logo-claret.png","width":194,"height":79,"caption":"Editorial Claret"},"image":{"@id":"https:\/\/www.editorialclaret.cat\/#\/schema\/logo\/image\/"}}]}},"_links":{"self":[{"href":"https:\/\/www.editorialclaret.cat\/es\/wp-json\/wp\/v2\/product\/40924","targetHints":{"allow":["GET"]}}],"collection":[{"href":"https:\/\/www.editorialclaret.cat\/es\/wp-json\/wp\/v2\/product"}],"about":[{"href":"https:\/\/www.editorialclaret.cat\/es\/wp-json\/wp\/v2\/types\/product"}],"wp:featuredmedia":[{"embeddable":true,"href":"https:\/\/www.editorialclaret.cat\/es\/wp-json\/wp\/v2\/media\/50342"}],"wp:attachment":[{"href":"https:\/\/www.editorialclaret.cat\/es\/wp-json\/wp\/v2\/media?parent=40924"}],"wp:term":[{"taxonomy":"product_brand","embeddable":true,"href":"https:\/\/www.editorialclaret.cat\/es\/wp-json\/wp\/v2\/product_brand?post=40924"},{"taxonomy":"product_cat","embeddable":true,"href":"https:\/\/www.editorialclaret.cat\/es\/wp-json\/wp\/v2\/product_cat?post=40924"},{"taxonomy":"product_tag","embeddable":true,"href":"https:\/\/www.editorialclaret.cat\/es\/wp-json\/wp\/v2\/product_tag?post=40924"}],"curies":[{"name":"wp","href":"https:\/\/api.w.org\/{rel}","templated":true}]}}