{"id":31286,"date":"2022-10-19T07:13:09","date_gmt":"2022-10-19T05:13:09","guid":{"rendered":"http:\/\/dev.editorialclaret.cat\/producte\/pren-te-temps-v\/"},"modified":"2024-05-22T11:49:23","modified_gmt":"2024-05-22T09:49:23","slug":"prente-temps-v-8482977709","status":"publish","type":"product","link":"https:\/\/www.editorialclaret.cat\/es\/producto\/prente-temps-v-8482977709\/","title":{"rendered":"PREN-TE TEMPS V"},"content":{"rendered":"<p>La preg\u00e0ria \u00e9s important en la nostra vida, ja que \u00e9s l\u2019aliment que necessitem per reflexionar el que fem i com ho vivim.<br \/>Per aquest motiu, de tant en tant Coordinaci\u00f3 Catalana publica un nou recull de textos que puguin ajudar en la tasca evangelitzadora dins els grups de monitors, joves i infants.<br \/>\u00abPren-te temps\u00bb \u00e9s una eina que ja fa anys que acompanya nombroses reunions de joves i les preg\u00e0ries de campaments i d\u2019esplai. Un instrument que ha estat per a molts mat\u00e8ria de reflexi\u00f3 i preg\u00e0ria.<br \/>En les seves successives edicions, \u00abPren-te temps\u00bb ha demostrat ser una eina v\u00e0lida i que tothom valora.<br \/>Els diversos textos es reparteixen en set blocs diferents: Contes, Nadal, Valors, D\u00e9u-Preg\u00e0ria, Infants, Monitors, i Textos per a la reflexi\u00f3.<\/p>\n","protected":false},"excerpt":{"rendered":"<p>CLARET<\/p>\n","protected":false},"featured_media":0,"template":"","meta":{"_acf_changed":false,"rs_blank_template":"","rs_page_bg_color":"","slide_template_v7":"","inline_featured_image":false,"_monsterinsights_skip_tracking":false,"_monsterinsights_sitenote_active":false,"_monsterinsights_sitenote_note":"","_monsterinsights_sitenote_category":0},"product_brand":[],"product_cat":[1201,964,1001,1238,955,1192,1003,1240,956,1193],"product_tag":[],"class_list":{"0":"post-31286","1":"product","2":"type-product","3":"status-publish","5":"product_cat-convivencias-y-colonias","6":"product_cat-convivencies-i-colonies","7":"product_cat-infantil-pastoral","8":"product_cat-infantil-pastoral-espiritualidad","9":"product_cat-infantil-catequesi","10":"product_cat-infantil-catequesis","11":"product_cat-juvenil-pastoral","12":"product_cat-juvenil-pastoral-espiritualidad","13":"product_cat-juvenil-catequesi","14":"product_cat-juvenil-catequesis","16":"first","17":"instock","18":"taxable","19":"shipping-taxable","20":"purchasable","21":"product-type-simple"},"acf":{"autor":"CLARET","codart":"848297770","libros-coleccion":"ELS DAUS","ediciones":"1","encuadernacion":"R\u00fastica","fecha_de_publicacion":"01\/11\/2004","novedad":"0","paginas":"151","subtitulo":"PREG\u00c0RIES I MATERIALS PER A LA REFLEXI\u00d3","orden":"999","portada":"0","idioma":"cat","autores-libros":[{"ID":46770,"post_author":"3","post_date":"2022-11-06 20:30:59","post_date_gmt":"2022-11-06 19:30:59","post_content":"","post_title":"CASALS I CLUBS D\u00b4ESPLAI] [COORDINACI\u00d3 CATALANA DE COL\u00d2NIES","post_excerpt":"","post_status":"publish","comment_status":"closed","ping_status":"closed","post_password":"","post_name":"casals-i-clubs-desplai-coordinacio-catalana-de-colonies","to_ping":"","pinged":"","post_modified":"2022-11-06 20:30:59","post_modified_gmt":"2022-11-06 19:30:59","post_content_filtered":"","post_parent":0,"guid":"http:\/\/dev.editorialclaret.cat\/autor\/casals-i-clubs-desplai-coordinacio-catalana-de-colonies\/","menu_order":0,"post_type":"autor","post_mime_type":"","comment_count":"0","filter":"raw"}]},"yoast_head":"<!-- This site is optimized with the Yoast SEO plugin v27.3 - https:\/\/yoast.com\/product\/yoast-seo-wordpress\/ -->\n<title>Editorial Claret<\/title>\n<meta name=\"robots\" content=\"noindex, follow, max-snippet:-1, max-image-preview:large, max-video-preview:-1\" \/>\n<meta property=\"og:locale\" content=\"es_ES\" \/>\n<meta property=\"og:type\" content=\"article\" \/>\n<meta property=\"og:title\" content=\"PREN-TE TEMPS V - Editorial Claret\" \/>\n<meta property=\"og:description\" content=\"CLARET\" \/>\n<meta property=\"og:url\" content=\"https:\/\/www.editorialclaret.cat\/producte\/prente-temps-v-8482977709\/\" \/>\n<meta property=\"og:site_name\" content=\"Editorial Claret\" \/>\n<meta property=\"article:modified_time\" content=\"2024-05-22T09:49:23+00:00\" \/>\n<meta name=\"twitter:card\" content=\"summary_large_image\" \/>\n<meta name=\"twitter:label1\" content=\"Tiempo de lectura\" \/>\n\t<meta name=\"twitter:data1\" content=\"1 minuto\" \/>\n<script type=\"application\/ld+json\" class=\"yoast-schema-graph\">{\"@context\":\"https:\\\/\\\/schema.org\",\"@graph\":[{\"@type\":\"WebPage\",\"@id\":\"https:\\\/\\\/www.editorialclaret.cat\\\/producte\\\/prente-temps-v-8482977709\\\/\",\"url\":\"https:\\\/\\\/www.editorialclaret.cat\\\/producte\\\/prente-temps-v-8482977709\\\/\",\"name\":\"PREN-TE TEMPS V - Editorial Claret\",\"isPartOf\":{\"@id\":\"https:\\\/\\\/www.editorialclaret.cat\\\/#website\"},\"datePublished\":\"2022-10-19T05:13:09+00:00\",\"dateModified\":\"2024-05-22T09:49:23+00:00\",\"breadcrumb\":{\"@id\":\"https:\\\/\\\/www.editorialclaret.cat\\\/producte\\\/prente-temps-v-8482977709\\\/#breadcrumb\"},\"inLanguage\":\"es\",\"potentialAction\":[{\"@type\":\"ReadAction\",\"target\":[\"https:\\\/\\\/www.editorialclaret.cat\\\/producte\\\/prente-temps-v-8482977709\\\/\"]}]},{\"@type\":\"BreadcrumbList\",\"@id\":\"https:\\\/\\\/www.editorialclaret.cat\\\/producte\\\/prente-temps-v-8482977709\\\/#breadcrumb\",\"itemListElement\":[{\"@type\":\"ListItem\",\"position\":1,\"name\":\"Portada\",\"item\":\"https:\\\/\\\/www.editorialclaret.cat\\\/es\\\/\"},{\"@type\":\"ListItem\",\"position\":2,\"name\":\"Botiga\",\"item\":\"https:\\\/\\\/www.editorialclaret.cat\\\/?page_id=16\"},{\"@type\":\"ListItem\",\"position\":3,\"name\":\"PREN-TE TEMPS V\"}]},{\"@type\":\"WebSite\",\"@id\":\"https:\\\/\\\/www.editorialclaret.cat\\\/#website\",\"url\":\"https:\\\/\\\/www.editorialclaret.cat\\\/\",\"name\":\"Editorial Claret\",\"description\":\"\",\"publisher\":{\"@id\":\"https:\\\/\\\/www.editorialclaret.cat\\\/#organization\"},\"potentialAction\":[{\"@type\":\"SearchAction\",\"target\":{\"@type\":\"EntryPoint\",\"urlTemplate\":\"https:\\\/\\\/www.editorialclaret.cat\\\/?s={search_term_string}\"},\"query-input\":{\"@type\":\"PropertyValueSpecification\",\"valueRequired\":true,\"valueName\":\"search_term_string\"}}],\"inLanguage\":\"es\"},{\"@type\":\"Organization\",\"@id\":\"https:\\\/\\\/www.editorialclaret.cat\\\/#organization\",\"name\":\"Editorial Claret\",\"url\":\"https:\\\/\\\/www.editorialclaret.cat\\\/\",\"logo\":{\"@type\":\"ImageObject\",\"inLanguage\":\"es\",\"@id\":\"https:\\\/\\\/www.editorialclaret.cat\\\/#\\\/schema\\\/logo\\\/image\\\/\",\"url\":\"https:\\\/\\\/www.editorialclaret.cat\\\/wp-content\\\/uploads\\\/.\\\/logo-claret.png\",\"contentUrl\":\"https:\\\/\\\/www.editorialclaret.cat\\\/wp-content\\\/uploads\\\/.\\\/logo-claret.png\",\"width\":194,\"height\":79,\"caption\":\"Editorial Claret\"},\"image\":{\"@id\":\"https:\\\/\\\/www.editorialclaret.cat\\\/#\\\/schema\\\/logo\\\/image\\\/\"}}]}<\/script>\n<!-- \/ Yoast SEO plugin. -->","yoast_head_json":{"title":"Editorial Claret","robots":{"index":"noindex","follow":"follow","max-snippet":"max-snippet:-1","max-image-preview":"max-image-preview:large","max-video-preview":"max-video-preview:-1"},"og_locale":"es_ES","og_type":"article","og_title":"PREN-TE TEMPS V - Editorial Claret","og_description":"CLARET","og_url":"https:\/\/www.editorialclaret.cat\/producte\/prente-temps-v-8482977709\/","og_site_name":"Editorial Claret","article_modified_time":"2024-05-22T09:49:23+00:00","twitter_card":"summary_large_image","twitter_misc":{"Tiempo de lectura":"1 minuto"},"schema":{"@context":"https:\/\/schema.org","@graph":[{"@type":"WebPage","@id":"https:\/\/www.editorialclaret.cat\/producte\/prente-temps-v-8482977709\/","url":"https:\/\/www.editorialclaret.cat\/producte\/prente-temps-v-8482977709\/","name":"PREN-TE TEMPS V - Editorial Claret","isPartOf":{"@id":"https:\/\/www.editorialclaret.cat\/#website"},"datePublished":"2022-10-19T05:13:09+00:00","dateModified":"2024-05-22T09:49:23+00:00","breadcrumb":{"@id":"https:\/\/www.editorialclaret.cat\/producte\/prente-temps-v-8482977709\/#breadcrumb"},"inLanguage":"es","potentialAction":[{"@type":"ReadAction","target":["https:\/\/www.editorialclaret.cat\/producte\/prente-temps-v-8482977709\/"]}]},{"@type":"BreadcrumbList","@id":"https:\/\/www.editorialclaret.cat\/producte\/prente-temps-v-8482977709\/#breadcrumb","itemListElement":[{"@type":"ListItem","position":1,"name":"Portada","item":"https:\/\/www.editorialclaret.cat\/es\/"},{"@type":"ListItem","position":2,"name":"Botiga","item":"https:\/\/www.editorialclaret.cat\/?page_id=16"},{"@type":"ListItem","position":3,"name":"PREN-TE TEMPS V"}]},{"@type":"WebSite","@id":"https:\/\/www.editorialclaret.cat\/#website","url":"https:\/\/www.editorialclaret.cat\/","name":"Editorial Claret","description":"","publisher":{"@id":"https:\/\/www.editorialclaret.cat\/#organization"},"potentialAction":[{"@type":"SearchAction","target":{"@type":"EntryPoint","urlTemplate":"https:\/\/www.editorialclaret.cat\/?s={search_term_string}"},"query-input":{"@type":"PropertyValueSpecification","valueRequired":true,"valueName":"search_term_string"}}],"inLanguage":"es"},{"@type":"Organization","@id":"https:\/\/www.editorialclaret.cat\/#organization","name":"Editorial Claret","url":"https:\/\/www.editorialclaret.cat\/","logo":{"@type":"ImageObject","inLanguage":"es","@id":"https:\/\/www.editorialclaret.cat\/#\/schema\/logo\/image\/","url":"https:\/\/www.editorialclaret.cat\/wp-content\/uploads\/.\/logo-claret.png","contentUrl":"https:\/\/www.editorialclaret.cat\/wp-content\/uploads\/.\/logo-claret.png","width":194,"height":79,"caption":"Editorial Claret"},"image":{"@id":"https:\/\/www.editorialclaret.cat\/#\/schema\/logo\/image\/"}}]}},"_links":{"self":[{"href":"https:\/\/www.editorialclaret.cat\/es\/wp-json\/wp\/v2\/product\/31286","targetHints":{"allow":["GET"]}}],"collection":[{"href":"https:\/\/www.editorialclaret.cat\/es\/wp-json\/wp\/v2\/product"}],"about":[{"href":"https:\/\/www.editorialclaret.cat\/es\/wp-json\/wp\/v2\/types\/product"}],"wp:attachment":[{"href":"https:\/\/www.editorialclaret.cat\/es\/wp-json\/wp\/v2\/media?parent=31286"}],"wp:term":[{"taxonomy":"product_brand","embeddable":true,"href":"https:\/\/www.editorialclaret.cat\/es\/wp-json\/wp\/v2\/product_brand?post=31286"},{"taxonomy":"product_cat","embeddable":true,"href":"https:\/\/www.editorialclaret.cat\/es\/wp-json\/wp\/v2\/product_cat?post=31286"},{"taxonomy":"product_tag","embeddable":true,"href":"https:\/\/www.editorialclaret.cat\/es\/wp-json\/wp\/v2\/product_tag?post=31286"}],"curies":[{"name":"wp","href":"https:\/\/api.w.org\/{rel}","templated":true}]}}