{"id":29480,"date":"2022-10-19T05:24:32","date_gmt":"2022-10-19T03:24:32","guid":{"rendered":"http:\/\/dev.editorialclaret.cat\/producte\/vers-jerusalem\/"},"modified":"2025-02-14T16:33:17","modified_gmt":"2025-02-14T15:33:17","slug":"vers-jerusalem-8482976745","status":"publish","type":"product","link":"https:\/\/www.editorialclaret.cat\/es\/producto\/vers-jerusalem-8482976745\/","title":{"rendered":"VERS JERUSALEM"},"content":{"rendered":"<p>Despr\u00e9s de m\u00e9s de vint anys de servei a la di\u00f2cesi de Mil\u00e0, el cardenal Martini es retira a Jerusalem.<br \/>Aquest llibre aplega alguns dels seus escrits relatius a la ciutat santa, que sempre ha estat un tema cabdal en la reflexi\u00f3 de Carlo Maria Martini.<br \/>S&#8217;hi presenta Jerusalem com a s\u00edmbol universal, com a ciutat hist\u00f2rica, com a ciutat ferida, com a \u00abmeta definitiva d&#8217;un cam\u00ed\u00bb.<br \/>Martini ref\u00e0 el complex itinerari espiritual, cultural i existencial que ha marcat el seu cam\u00ed \u00abvers Jerusalem\u00bb, deixant emergir sempre \u2013com a neguit o com a objectiu\u2013 la construcci\u00f3 de la pau entre els pobles i la conviv\u00e8ncia entre credos diferents.<br \/>\u00abSovint m&#8217;han demanat: per qu\u00e8 vol anar a Jerusalem quan acabi el seu ministeri a Mil\u00e0? I he contestat: no ho s\u00e9. Vaig \u00abportat per l&#8217;Esperit\u00bb, com deia Pau, mogut interiorment per l&#8217;Esperit del Senyor. Em sembla que comparteixo fortament els seus sentiments i els visc en el m\u00e9s pregon del cor. I marxo sense saber qu\u00e8 passar\u00e0. Ning\u00fa no sap que pot passar a Jerusalem, on s&#8217;esdevenen moltes coses doloroses i lacerants.\u00bb<br \/>Jerusalem ha estat sempre un tema cabdal en la reflexi\u00f3 de Carlo Maria Martini: Jerusalem com a s\u00edmbol universal, com a ciutat hist\u00f2rica, com a ciutat ferida, com a \u00abmeta definitiva d&#8217;un cam\u00ed\u00bb. En aquest llibre, el promotor de la \u00abC\u00e0tedra dels no-creients\u00bb ref\u00e0 el complex itinerari espiritual, cultural i existencial que ha marcat el seu cam\u00ed \u00abvers Jerusalem\u00bb, deixant emergir sempre \u2013com a neguit o com a objectiu\u2013 la construcci\u00f3 de la pau entre els pobles i la conviv\u00e8ncia entre credos diferents.<\/p>\n","protected":false},"excerpt":{"rendered":"<p>MARTINI, CARLO MARIA<\/p>\n","protected":false},"featured_media":68076,"template":"","meta":{"_acf_changed":false,"rs_blank_template":"","rs_page_bg_color":"","slide_template_v7":"","inline_featured_image":false,"_monsterinsights_skip_tracking":false,"_monsterinsights_sitenote_active":false,"_monsterinsights_sitenote_note":"","_monsterinsights_sitenote_category":0},"product_brand":[],"product_cat":[1213,976,1208,971],"product_tag":[],"class_list":{"0":"post-29480","1":"product","2":"type-product","3":"status-publish","4":"has-post-thumbnail","6":"product_cat-testimonios","7":"product_cat-testimonis","8":"product_cat-vida-cotidiana","9":"product_cat-vida-quotidiana","11":"first","12":"instock","13":"taxable","14":"shipping-taxable","15":"purchasable","16":"product-type-simple"},"acf":{"autor":"MARTINI, CARLO MARIA","codart":"848297674","libros-coleccion":"ELS DAUS","ediciones":"1","encuadernacion":"R\u00fastica","fecha_de_publicacion":"10\/10\/2003","novedad":"0","paginas":"224","subtitulo":"","orden":"999","portada":"0","idioma":"cat","autores-libros":[{"ID":46765,"post_author":"3","post_date":"2022-11-06 20:30:57","post_date_gmt":"2022-11-06 19:30:57","post_content":"","post_title":"CARLO MARIA MARTINI","post_excerpt":"","post_status":"publish","comment_status":"closed","ping_status":"closed","post_password":"","post_name":"carlo-maria-martini","to_ping":"","pinged":"","post_modified":"2022-11-06 20:30:57","post_modified_gmt":"2022-11-06 19:30:57","post_content_filtered":"","post_parent":0,"guid":"http:\/\/dev.editorialclaret.cat\/autor\/carlo-maria-martini\/","menu_order":0,"post_type":"autor","post_mime_type":"","comment_count":"0","filter":"raw"}]},"yoast_head":"<!-- This site is optimized with the Yoast SEO plugin v27.3 - https:\/\/yoast.com\/product\/yoast-seo-wordpress\/ -->\n<title>Editorial Claret<\/title>\n<meta name=\"robots\" content=\"noindex, follow, max-snippet:-1, max-image-preview:large, max-video-preview:-1\" \/>\n<meta property=\"og:locale\" content=\"es_ES\" \/>\n<meta property=\"og:type\" content=\"article\" \/>\n<meta property=\"og:title\" content=\"VERS JERUSALEM - Editorial Claret\" \/>\n<meta property=\"og:description\" content=\"MARTINI, CARLO MARIA\" \/>\n<meta property=\"og:url\" content=\"https:\/\/www.editorialclaret.cat\/producte\/vers-jerusalem-8482976745\/\" \/>\n<meta property=\"og:site_name\" content=\"Editorial Claret\" \/>\n<meta property=\"article:modified_time\" content=\"2025-02-14T15:33:17+00:00\" \/>\n<meta property=\"og:image\" content=\"https:\/\/www.editorialclaret.cat\/wp-content\/uploads\/9788482976747-1.jpg\" \/>\n\t<meta property=\"og:image:width\" content=\"350\" \/>\n\t<meta property=\"og:image:height\" content=\"480\" \/>\n\t<meta property=\"og:image:type\" content=\"image\/jpeg\" \/>\n<meta name=\"twitter:card\" content=\"summary_large_image\" \/>\n<meta name=\"twitter:label1\" content=\"Tiempo de lectura\" \/>\n\t<meta name=\"twitter:data1\" content=\"1 minuto\" \/>\n<script type=\"application\/ld+json\" class=\"yoast-schema-graph\">{\"@context\":\"https:\\\/\\\/schema.org\",\"@graph\":[{\"@type\":\"WebPage\",\"@id\":\"https:\\\/\\\/www.editorialclaret.cat\\\/producte\\\/vers-jerusalem-8482976745\\\/\",\"url\":\"https:\\\/\\\/www.editorialclaret.cat\\\/producte\\\/vers-jerusalem-8482976745\\\/\",\"name\":\"VERS JERUSALEM - Editorial Claret\",\"isPartOf\":{\"@id\":\"https:\\\/\\\/www.editorialclaret.cat\\\/#website\"},\"primaryImageOfPage\":{\"@id\":\"https:\\\/\\\/www.editorialclaret.cat\\\/producte\\\/vers-jerusalem-8482976745\\\/#primaryimage\"},\"image\":{\"@id\":\"https:\\\/\\\/www.editorialclaret.cat\\\/producte\\\/vers-jerusalem-8482976745\\\/#primaryimage\"},\"thumbnailUrl\":\"https:\\\/\\\/www.editorialclaret.cat\\\/wp-content\\\/uploads\\\/9788482976747-1.jpg\",\"datePublished\":\"2022-10-19T03:24:32+00:00\",\"dateModified\":\"2025-02-14T15:33:17+00:00\",\"breadcrumb\":{\"@id\":\"https:\\\/\\\/www.editorialclaret.cat\\\/producte\\\/vers-jerusalem-8482976745\\\/#breadcrumb\"},\"inLanguage\":\"es\",\"potentialAction\":[{\"@type\":\"ReadAction\",\"target\":[\"https:\\\/\\\/www.editorialclaret.cat\\\/producte\\\/vers-jerusalem-8482976745\\\/\"]}]},{\"@type\":\"ImageObject\",\"inLanguage\":\"es\",\"@id\":\"https:\\\/\\\/www.editorialclaret.cat\\\/producte\\\/vers-jerusalem-8482976745\\\/#primaryimage\",\"url\":\"https:\\\/\\\/www.editorialclaret.cat\\\/wp-content\\\/uploads\\\/9788482976747-1.jpg\",\"contentUrl\":\"https:\\\/\\\/www.editorialclaret.cat\\\/wp-content\\\/uploads\\\/9788482976747-1.jpg\",\"width\":350,\"height\":480,\"caption\":\"9788482976747.jpg\"},{\"@type\":\"BreadcrumbList\",\"@id\":\"https:\\\/\\\/www.editorialclaret.cat\\\/producte\\\/vers-jerusalem-8482976745\\\/#breadcrumb\",\"itemListElement\":[{\"@type\":\"ListItem\",\"position\":1,\"name\":\"Portada\",\"item\":\"https:\\\/\\\/www.editorialclaret.cat\\\/es\\\/\"},{\"@type\":\"ListItem\",\"position\":2,\"name\":\"Botiga\",\"item\":\"https:\\\/\\\/www.editorialclaret.cat\\\/?page_id=16\"},{\"@type\":\"ListItem\",\"position\":3,\"name\":\"VERS JERUSALEM\"}]},{\"@type\":\"WebSite\",\"@id\":\"https:\\\/\\\/www.editorialclaret.cat\\\/#website\",\"url\":\"https:\\\/\\\/www.editorialclaret.cat\\\/\",\"name\":\"Editorial Claret\",\"description\":\"\",\"publisher\":{\"@id\":\"https:\\\/\\\/www.editorialclaret.cat\\\/#organization\"},\"potentialAction\":[{\"@type\":\"SearchAction\",\"target\":{\"@type\":\"EntryPoint\",\"urlTemplate\":\"https:\\\/\\\/www.editorialclaret.cat\\\/?s={search_term_string}\"},\"query-input\":{\"@type\":\"PropertyValueSpecification\",\"valueRequired\":true,\"valueName\":\"search_term_string\"}}],\"inLanguage\":\"es\"},{\"@type\":\"Organization\",\"@id\":\"https:\\\/\\\/www.editorialclaret.cat\\\/#organization\",\"name\":\"Editorial Claret\",\"url\":\"https:\\\/\\\/www.editorialclaret.cat\\\/\",\"logo\":{\"@type\":\"ImageObject\",\"inLanguage\":\"es\",\"@id\":\"https:\\\/\\\/www.editorialclaret.cat\\\/#\\\/schema\\\/logo\\\/image\\\/\",\"url\":\"https:\\\/\\\/www.editorialclaret.cat\\\/wp-content\\\/uploads\\\/.\\\/logo-claret.png\",\"contentUrl\":\"https:\\\/\\\/www.editorialclaret.cat\\\/wp-content\\\/uploads\\\/.\\\/logo-claret.png\",\"width\":194,\"height\":79,\"caption\":\"Editorial Claret\"},\"image\":{\"@id\":\"https:\\\/\\\/www.editorialclaret.cat\\\/#\\\/schema\\\/logo\\\/image\\\/\"}}]}<\/script>\n<!-- \/ Yoast SEO plugin. -->","yoast_head_json":{"title":"Editorial Claret","robots":{"index":"noindex","follow":"follow","max-snippet":"max-snippet:-1","max-image-preview":"max-image-preview:large","max-video-preview":"max-video-preview:-1"},"og_locale":"es_ES","og_type":"article","og_title":"VERS JERUSALEM - Editorial Claret","og_description":"MARTINI, CARLO MARIA","og_url":"https:\/\/www.editorialclaret.cat\/producte\/vers-jerusalem-8482976745\/","og_site_name":"Editorial Claret","article_modified_time":"2025-02-14T15:33:17+00:00","og_image":[{"width":350,"height":480,"url":"https:\/\/www.editorialclaret.cat\/wp-content\/uploads\/9788482976747-1.jpg","type":"image\/jpeg"}],"twitter_card":"summary_large_image","twitter_misc":{"Tiempo de lectura":"1 minuto"},"schema":{"@context":"https:\/\/schema.org","@graph":[{"@type":"WebPage","@id":"https:\/\/www.editorialclaret.cat\/producte\/vers-jerusalem-8482976745\/","url":"https:\/\/www.editorialclaret.cat\/producte\/vers-jerusalem-8482976745\/","name":"VERS JERUSALEM - Editorial Claret","isPartOf":{"@id":"https:\/\/www.editorialclaret.cat\/#website"},"primaryImageOfPage":{"@id":"https:\/\/www.editorialclaret.cat\/producte\/vers-jerusalem-8482976745\/#primaryimage"},"image":{"@id":"https:\/\/www.editorialclaret.cat\/producte\/vers-jerusalem-8482976745\/#primaryimage"},"thumbnailUrl":"https:\/\/www.editorialclaret.cat\/wp-content\/uploads\/9788482976747-1.jpg","datePublished":"2022-10-19T03:24:32+00:00","dateModified":"2025-02-14T15:33:17+00:00","breadcrumb":{"@id":"https:\/\/www.editorialclaret.cat\/producte\/vers-jerusalem-8482976745\/#breadcrumb"},"inLanguage":"es","potentialAction":[{"@type":"ReadAction","target":["https:\/\/www.editorialclaret.cat\/producte\/vers-jerusalem-8482976745\/"]}]},{"@type":"ImageObject","inLanguage":"es","@id":"https:\/\/www.editorialclaret.cat\/producte\/vers-jerusalem-8482976745\/#primaryimage","url":"https:\/\/www.editorialclaret.cat\/wp-content\/uploads\/9788482976747-1.jpg","contentUrl":"https:\/\/www.editorialclaret.cat\/wp-content\/uploads\/9788482976747-1.jpg","width":350,"height":480,"caption":"9788482976747.jpg"},{"@type":"BreadcrumbList","@id":"https:\/\/www.editorialclaret.cat\/producte\/vers-jerusalem-8482976745\/#breadcrumb","itemListElement":[{"@type":"ListItem","position":1,"name":"Portada","item":"https:\/\/www.editorialclaret.cat\/es\/"},{"@type":"ListItem","position":2,"name":"Botiga","item":"https:\/\/www.editorialclaret.cat\/?page_id=16"},{"@type":"ListItem","position":3,"name":"VERS JERUSALEM"}]},{"@type":"WebSite","@id":"https:\/\/www.editorialclaret.cat\/#website","url":"https:\/\/www.editorialclaret.cat\/","name":"Editorial Claret","description":"","publisher":{"@id":"https:\/\/www.editorialclaret.cat\/#organization"},"potentialAction":[{"@type":"SearchAction","target":{"@type":"EntryPoint","urlTemplate":"https:\/\/www.editorialclaret.cat\/?s={search_term_string}"},"query-input":{"@type":"PropertyValueSpecification","valueRequired":true,"valueName":"search_term_string"}}],"inLanguage":"es"},{"@type":"Organization","@id":"https:\/\/www.editorialclaret.cat\/#organization","name":"Editorial Claret","url":"https:\/\/www.editorialclaret.cat\/","logo":{"@type":"ImageObject","inLanguage":"es","@id":"https:\/\/www.editorialclaret.cat\/#\/schema\/logo\/image\/","url":"https:\/\/www.editorialclaret.cat\/wp-content\/uploads\/.\/logo-claret.png","contentUrl":"https:\/\/www.editorialclaret.cat\/wp-content\/uploads\/.\/logo-claret.png","width":194,"height":79,"caption":"Editorial Claret"},"image":{"@id":"https:\/\/www.editorialclaret.cat\/#\/schema\/logo\/image\/"}}]}},"_links":{"self":[{"href":"https:\/\/www.editorialclaret.cat\/es\/wp-json\/wp\/v2\/product\/29480","targetHints":{"allow":["GET"]}}],"collection":[{"href":"https:\/\/www.editorialclaret.cat\/es\/wp-json\/wp\/v2\/product"}],"about":[{"href":"https:\/\/www.editorialclaret.cat\/es\/wp-json\/wp\/v2\/types\/product"}],"wp:featuredmedia":[{"embeddable":true,"href":"https:\/\/www.editorialclaret.cat\/es\/wp-json\/wp\/v2\/media\/68076"}],"wp:attachment":[{"href":"https:\/\/www.editorialclaret.cat\/es\/wp-json\/wp\/v2\/media?parent=29480"}],"wp:term":[{"taxonomy":"product_brand","embeddable":true,"href":"https:\/\/www.editorialclaret.cat\/es\/wp-json\/wp\/v2\/product_brand?post=29480"},{"taxonomy":"product_cat","embeddable":true,"href":"https:\/\/www.editorialclaret.cat\/es\/wp-json\/wp\/v2\/product_cat?post=29480"},{"taxonomy":"product_tag","embeddable":true,"href":"https:\/\/www.editorialclaret.cat\/es\/wp-json\/wp\/v2\/product_tag?post=29480"}],"curies":[{"name":"wp","href":"https:\/\/api.w.org\/{rel}","templated":true}]}}