{"id":28686,"date":"2022-10-19T05:00:09","date_gmt":"2022-10-19T03:00:09","guid":{"rendered":"http:\/\/dev.editorialclaret.cat\/producte\/el-llibre-de-la-pau\/"},"modified":"2026-01-31T13:45:30","modified_gmt":"2026-01-31T12:45:30","slug":"el-llibre-de-la-pau-8482976346","status":"publish","type":"product","link":"https:\/\/www.editorialclaret.cat\/es\/producto\/el-llibre-de-la-pau-8482976346\/","title":{"rendered":"EL LLIBRE DE LA PAU"},"content":{"rendered":"<p>A trav\u00e9s d&#8217;una ficci\u00f3 llegidora, mostra amb for\u00e7a i gr\u00e0cia que la terra podria ser salvada dels conflictes que l&#8217;amenacen, per la uni\u00f3 dels qui volen la pau. Un gran \u00e8xit internacional tradu\u00eft a nombrosos idiomes.<br \/>El Llibre de la pau va donar origen al moviment mundial anomenat \u00abEls amics del Llibre de la Pau\u00bb, fenomen que va comen\u00e7ar a Europa on el llibre va esdevenir un \u00e8xit i es va moure al Jap\u00f3, a la Uni\u00f3 Sovi\u00e8tica, Austr\u00e0lia i Estats Units.<br \/>La hist\u00f2ria \u00e9s molt senzilla. Un avi explica als seus n\u00e9ts com un nen i una nena van aconseguir establir el \u00abprimer dia sense guerra\u00bb de la hist\u00f2ria de la humanitat. El Llibre de la Pau, a trav\u00e9s d&#8217;una ficci\u00f3 llegidora, mostra amb for\u00e7a i gr\u00e0cia que la terra podria ser salvada del conflicte nuclear que l&#8217;amena\u00e7a, mitjan\u00e7ant la uni\u00f3 dels qui volen la pau.<br \/>Es tracta d&#8217;un text cl\u00e0ssic del moviment pacifista mundial, tant pel seu contingut com per l&#8217;est\u00e8tica un tant \u00abespecial\u00bb que desprenen els mateixos dibuixos de l&#8217;autor. Un conte per grans i petits per entendre l&#8217;aut\u00e8ntica naturalesa de la cursa armament\u00edstica.<br \/>La versi\u00f3 catalana que tenim a les mans ha estat promoguda per Just\u00edcia i Pau.<\/p>\n","protected":false},"excerpt":{"rendered":"<p>BENSON, BERNARD<\/p>\n","protected":false},"featured_media":70311,"template":"","meta":{"_acf_changed":false,"rs_blank_template":"","rs_page_bg_color":"","slide_template_v7":"","inline_featured_image":false,"_monsterinsights_skip_tracking":false,"_monsterinsights_sitenote_active":false,"_monsterinsights_sitenote_note":"","_monsterinsights_sitenote_category":0},"product_brand":[],"product_cat":[880,927,1117,1164,1137,900],"product_tag":[],"class_list":{"0":"post-28686","1":"product","2":"type-product","3":"status-publish","4":"has-post-thumbnail","6":"product_cat-educacio-en-valors","7":"product_cat-educacio-en-valors-pedagogia","8":"product_cat-educacion-en-valores","9":"product_cat-educacion-en-valores-pedagogia-humanidades","10":"product_cat-valores-y-convivencia","11":"product_cat-valors-i-convivencia","13":"first","14":"instock","15":"taxable","16":"shipping-taxable","17":"purchasable","18":"product-type-simple"},"acf":{"autor":"BENSON, BERNARD","codart":"848297634","libros-coleccion":"ELS DAUS","ediciones":"1","encuadernacion":"R\u00fastica","fecha_de_publicacion":"01\/03\/2003","novedad":"0","paginas":"224","subtitulo":"","orden":"999","portada":"0","idioma":"cat","autores-libros":[{"ID":10966,"post_author":"3","post_date":"2022-10-18 21:38:47","post_date_gmt":"2022-10-18 19:38:47","post_content":"","post_title":"BERNARD BENSON","post_excerpt":"","post_status":"publish","comment_status":"closed","ping_status":"closed","post_password":"","post_name":"bernard-benson","to_ping":"","pinged":"","post_modified":"2022-10-18 21:38:47","post_modified_gmt":"2022-10-18 19:38:47","post_content_filtered":"","post_parent":0,"guid":"http:\/\/dev.editorialclaret.cat\/autor\/bernard-benson\/","menu_order":0,"post_type":"autor","post_mime_type":"","comment_count":"0","filter":"raw"}],"booktrailer":"","resenas":""},"yoast_head":"<!-- This site is optimized with the Yoast SEO plugin v27.3 - https:\/\/yoast.com\/product\/yoast-seo-wordpress\/ -->\n<title>Editorial Claret<\/title>\n<meta name=\"robots\" content=\"noindex, follow, max-snippet:-1, max-image-preview:large, max-video-preview:-1\" \/>\n<meta property=\"og:locale\" content=\"es_ES\" \/>\n<meta property=\"og:type\" content=\"article\" \/>\n<meta property=\"og:title\" content=\"EL LLIBRE DE LA PAU - Editorial Claret\" \/>\n<meta property=\"og:description\" content=\"BENSON, BERNARD\" \/>\n<meta property=\"og:url\" content=\"https:\/\/www.editorialclaret.cat\/producte\/el-llibre-de-la-pau-8482976346\/\" \/>\n<meta property=\"og:site_name\" content=\"Editorial Claret\" \/>\n<meta property=\"article:modified_time\" content=\"2026-01-31T12:45:30+00:00\" \/>\n<meta property=\"og:image\" content=\"https:\/\/www.editorialclaret.cat\/wp-content\/uploads\/9788482976341-3.jpg\" \/>\n\t<meta property=\"og:image:width\" content=\"369\" \/>\n\t<meta property=\"og:image:height\" content=\"500\" \/>\n\t<meta property=\"og:image:type\" content=\"image\/jpeg\" \/>\n<meta name=\"twitter:card\" content=\"summary_large_image\" \/>\n<meta name=\"twitter:label1\" content=\"Tiempo de lectura\" \/>\n\t<meta name=\"twitter:data1\" content=\"1 minuto\" \/>\n<script type=\"application\/ld+json\" class=\"yoast-schema-graph\">{\"@context\":\"https:\\\/\\\/schema.org\",\"@graph\":[{\"@type\":\"WebPage\",\"@id\":\"https:\\\/\\\/www.editorialclaret.cat\\\/producte\\\/el-llibre-de-la-pau-8482976346\\\/\",\"url\":\"https:\\\/\\\/www.editorialclaret.cat\\\/producte\\\/el-llibre-de-la-pau-8482976346\\\/\",\"name\":\"EL LLIBRE DE LA PAU - Editorial Claret\",\"isPartOf\":{\"@id\":\"https:\\\/\\\/www.editorialclaret.cat\\\/#website\"},\"primaryImageOfPage\":{\"@id\":\"https:\\\/\\\/www.editorialclaret.cat\\\/producte\\\/el-llibre-de-la-pau-8482976346\\\/#primaryimage\"},\"image\":{\"@id\":\"https:\\\/\\\/www.editorialclaret.cat\\\/producte\\\/el-llibre-de-la-pau-8482976346\\\/#primaryimage\"},\"thumbnailUrl\":\"https:\\\/\\\/www.editorialclaret.cat\\\/wp-content\\\/uploads\\\/9788482976341-3.jpg\",\"datePublished\":\"2022-10-19T03:00:09+00:00\",\"dateModified\":\"2026-01-31T12:45:30+00:00\",\"breadcrumb\":{\"@id\":\"https:\\\/\\\/www.editorialclaret.cat\\\/producte\\\/el-llibre-de-la-pau-8482976346\\\/#breadcrumb\"},\"inLanguage\":\"es\",\"potentialAction\":[{\"@type\":\"ReadAction\",\"target\":[\"https:\\\/\\\/www.editorialclaret.cat\\\/producte\\\/el-llibre-de-la-pau-8482976346\\\/\"]}]},{\"@type\":\"ImageObject\",\"inLanguage\":\"es\",\"@id\":\"https:\\\/\\\/www.editorialclaret.cat\\\/producte\\\/el-llibre-de-la-pau-8482976346\\\/#primaryimage\",\"url\":\"https:\\\/\\\/www.editorialclaret.cat\\\/wp-content\\\/uploads\\\/9788482976341-3.jpg\",\"contentUrl\":\"https:\\\/\\\/www.editorialclaret.cat\\\/wp-content\\\/uploads\\\/9788482976341-3.jpg\",\"width\":369,\"height\":500,\"caption\":\"9788482976341.jpg\"},{\"@type\":\"BreadcrumbList\",\"@id\":\"https:\\\/\\\/www.editorialclaret.cat\\\/producte\\\/el-llibre-de-la-pau-8482976346\\\/#breadcrumb\",\"itemListElement\":[{\"@type\":\"ListItem\",\"position\":1,\"name\":\"Portada\",\"item\":\"https:\\\/\\\/www.editorialclaret.cat\\\/es\\\/\"},{\"@type\":\"ListItem\",\"position\":2,\"name\":\"Botiga\",\"item\":\"https:\\\/\\\/www.editorialclaret.cat\\\/?page_id=16\"},{\"@type\":\"ListItem\",\"position\":3,\"name\":\"EL LLIBRE DE LA PAU\"}]},{\"@type\":\"WebSite\",\"@id\":\"https:\\\/\\\/www.editorialclaret.cat\\\/#website\",\"url\":\"https:\\\/\\\/www.editorialclaret.cat\\\/\",\"name\":\"Editorial Claret\",\"description\":\"\",\"publisher\":{\"@id\":\"https:\\\/\\\/www.editorialclaret.cat\\\/#organization\"},\"potentialAction\":[{\"@type\":\"SearchAction\",\"target\":{\"@type\":\"EntryPoint\",\"urlTemplate\":\"https:\\\/\\\/www.editorialclaret.cat\\\/?s={search_term_string}\"},\"query-input\":{\"@type\":\"PropertyValueSpecification\",\"valueRequired\":true,\"valueName\":\"search_term_string\"}}],\"inLanguage\":\"es\"},{\"@type\":\"Organization\",\"@id\":\"https:\\\/\\\/www.editorialclaret.cat\\\/#organization\",\"name\":\"Editorial Claret\",\"url\":\"https:\\\/\\\/www.editorialclaret.cat\\\/\",\"logo\":{\"@type\":\"ImageObject\",\"inLanguage\":\"es\",\"@id\":\"https:\\\/\\\/www.editorialclaret.cat\\\/#\\\/schema\\\/logo\\\/image\\\/\",\"url\":\"https:\\\/\\\/www.editorialclaret.cat\\\/wp-content\\\/uploads\\\/.\\\/logo-claret.png\",\"contentUrl\":\"https:\\\/\\\/www.editorialclaret.cat\\\/wp-content\\\/uploads\\\/.\\\/logo-claret.png\",\"width\":194,\"height\":79,\"caption\":\"Editorial Claret\"},\"image\":{\"@id\":\"https:\\\/\\\/www.editorialclaret.cat\\\/#\\\/schema\\\/logo\\\/image\\\/\"}}]}<\/script>\n<!-- \/ Yoast SEO plugin. -->","yoast_head_json":{"title":"Editorial Claret","robots":{"index":"noindex","follow":"follow","max-snippet":"max-snippet:-1","max-image-preview":"max-image-preview:large","max-video-preview":"max-video-preview:-1"},"og_locale":"es_ES","og_type":"article","og_title":"EL LLIBRE DE LA PAU - Editorial Claret","og_description":"BENSON, BERNARD","og_url":"https:\/\/www.editorialclaret.cat\/producte\/el-llibre-de-la-pau-8482976346\/","og_site_name":"Editorial Claret","article_modified_time":"2026-01-31T12:45:30+00:00","og_image":[{"width":369,"height":500,"url":"https:\/\/www.editorialclaret.cat\/wp-content\/uploads\/9788482976341-3.jpg","type":"image\/jpeg"}],"twitter_card":"summary_large_image","twitter_misc":{"Tiempo de lectura":"1 minuto"},"schema":{"@context":"https:\/\/schema.org","@graph":[{"@type":"WebPage","@id":"https:\/\/www.editorialclaret.cat\/producte\/el-llibre-de-la-pau-8482976346\/","url":"https:\/\/www.editorialclaret.cat\/producte\/el-llibre-de-la-pau-8482976346\/","name":"EL LLIBRE DE LA PAU - Editorial Claret","isPartOf":{"@id":"https:\/\/www.editorialclaret.cat\/#website"},"primaryImageOfPage":{"@id":"https:\/\/www.editorialclaret.cat\/producte\/el-llibre-de-la-pau-8482976346\/#primaryimage"},"image":{"@id":"https:\/\/www.editorialclaret.cat\/producte\/el-llibre-de-la-pau-8482976346\/#primaryimage"},"thumbnailUrl":"https:\/\/www.editorialclaret.cat\/wp-content\/uploads\/9788482976341-3.jpg","datePublished":"2022-10-19T03:00:09+00:00","dateModified":"2026-01-31T12:45:30+00:00","breadcrumb":{"@id":"https:\/\/www.editorialclaret.cat\/producte\/el-llibre-de-la-pau-8482976346\/#breadcrumb"},"inLanguage":"es","potentialAction":[{"@type":"ReadAction","target":["https:\/\/www.editorialclaret.cat\/producte\/el-llibre-de-la-pau-8482976346\/"]}]},{"@type":"ImageObject","inLanguage":"es","@id":"https:\/\/www.editorialclaret.cat\/producte\/el-llibre-de-la-pau-8482976346\/#primaryimage","url":"https:\/\/www.editorialclaret.cat\/wp-content\/uploads\/9788482976341-3.jpg","contentUrl":"https:\/\/www.editorialclaret.cat\/wp-content\/uploads\/9788482976341-3.jpg","width":369,"height":500,"caption":"9788482976341.jpg"},{"@type":"BreadcrumbList","@id":"https:\/\/www.editorialclaret.cat\/producte\/el-llibre-de-la-pau-8482976346\/#breadcrumb","itemListElement":[{"@type":"ListItem","position":1,"name":"Portada","item":"https:\/\/www.editorialclaret.cat\/es\/"},{"@type":"ListItem","position":2,"name":"Botiga","item":"https:\/\/www.editorialclaret.cat\/?page_id=16"},{"@type":"ListItem","position":3,"name":"EL LLIBRE DE LA PAU"}]},{"@type":"WebSite","@id":"https:\/\/www.editorialclaret.cat\/#website","url":"https:\/\/www.editorialclaret.cat\/","name":"Editorial Claret","description":"","publisher":{"@id":"https:\/\/www.editorialclaret.cat\/#organization"},"potentialAction":[{"@type":"SearchAction","target":{"@type":"EntryPoint","urlTemplate":"https:\/\/www.editorialclaret.cat\/?s={search_term_string}"},"query-input":{"@type":"PropertyValueSpecification","valueRequired":true,"valueName":"search_term_string"}}],"inLanguage":"es"},{"@type":"Organization","@id":"https:\/\/www.editorialclaret.cat\/#organization","name":"Editorial Claret","url":"https:\/\/www.editorialclaret.cat\/","logo":{"@type":"ImageObject","inLanguage":"es","@id":"https:\/\/www.editorialclaret.cat\/#\/schema\/logo\/image\/","url":"https:\/\/www.editorialclaret.cat\/wp-content\/uploads\/.\/logo-claret.png","contentUrl":"https:\/\/www.editorialclaret.cat\/wp-content\/uploads\/.\/logo-claret.png","width":194,"height":79,"caption":"Editorial Claret"},"image":{"@id":"https:\/\/www.editorialclaret.cat\/#\/schema\/logo\/image\/"}}]}},"_links":{"self":[{"href":"https:\/\/www.editorialclaret.cat\/es\/wp-json\/wp\/v2\/product\/28686","targetHints":{"allow":["GET"]}}],"collection":[{"href":"https:\/\/www.editorialclaret.cat\/es\/wp-json\/wp\/v2\/product"}],"about":[{"href":"https:\/\/www.editorialclaret.cat\/es\/wp-json\/wp\/v2\/types\/product"}],"wp:featuredmedia":[{"embeddable":true,"href":"https:\/\/www.editorialclaret.cat\/es\/wp-json\/wp\/v2\/media\/70311"}],"wp:attachment":[{"href":"https:\/\/www.editorialclaret.cat\/es\/wp-json\/wp\/v2\/media?parent=28686"}],"wp:term":[{"taxonomy":"product_brand","embeddable":true,"href":"https:\/\/www.editorialclaret.cat\/es\/wp-json\/wp\/v2\/product_brand?post=28686"},{"taxonomy":"product_cat","embeddable":true,"href":"https:\/\/www.editorialclaret.cat\/es\/wp-json\/wp\/v2\/product_cat?post=28686"},{"taxonomy":"product_tag","embeddable":true,"href":"https:\/\/www.editorialclaret.cat\/es\/wp-json\/wp\/v2\/product_tag?post=28686"}],"curies":[{"name":"wp","href":"https:\/\/api.w.org\/{rel}","templated":true}]}}