{"id":24948,"date":"2022-10-19T03:10:47","date_gmt":"2022-10-19T01:10:47","guid":{"rendered":"http:\/\/dev.editorialclaret.cat\/producte\/desde-lo-hondo\/"},"modified":"2024-05-22T11:30:48","modified_gmt":"2024-05-22T09:30:48","slug":"desde-lo-hondo-8482975374","status":"publish","type":"product","link":"https:\/\/www.editorialclaret.cat\/es\/producto\/desde-lo-hondo-8482975374\/","title":{"rendered":"DESDE LO HONDO"},"content":{"rendered":"<p>Puede que Ludmila Javorova no sea la \u00fanica mujer cat\u00f3lica sacerdote desde el siglo I, pero es la primera que cuenta su historia p\u00fablicamente en esta biograf\u00eda autorizada. <br \/>\u00abDesde lo hondo\u00bb es el convincente testimonio de la determinaci\u00f3n y espiritualidad de una mujer.<br \/>Ordenada en 1970, Javorova fue vicaria general del m\u00e1s importante grupo de la iglesia clandestina checa durante veinte a\u00f1os. La ca\u00edda del tel\u00f3n de acero en 1990 puso tambi\u00e9n fin a sus actividades sacerdotales por orden de Roma, orden que ella acat\u00f3.<br \/>En un ambiente comunista y cuando los cristianos eran perseguidos en Europa oriental, la vida de Ludmila Javorova muestra toda su belleza y humildad. Llamada al sacramento del presbiterado, ella, una mujer, se ha convertido en una profeta para la Iglesia cat\u00f3lica al comienzo de este nuevo milenio. Miriam Therese Winter consigue sacar su extraordinaria historia desde lo hondo a la luz, en toda su complejidad y sorprendente dignidad. <br \/>\u00abYa no necesitamos teorizar m\u00e1s sobre lo que las mujeres sacerdotes podr\u00edan hacer por la Iglesia. Miriam Therese Winter nos muestra a Ludmila Javorova en acci\u00f3n, sirviendo al pueblo de Dios como pocos hombres podr\u00edan hacerlo, como sacerdote en la iglesia clandestina de Checoslovaquia. Pero adem\u00e1s este libro profundamente cat\u00f3lico nos muestra un estupendo retrato: el de un obispo valiente, Felix Davidek, mentor de Ludmila y el hombre que la orden\u00f3 a pesar de la oposici\u00f3n de los d\u00e9biles de coraz\u00f3n. Davidek es un modelo de lo que un obispo cercano al pueblo deber\u00eda ser en este siglo XXI.\u00bb<br \/>Robert Blair Kaiser, editor ayudante de Newsweek en Roma<\/p>\n","protected":false},"excerpt":{"rendered":"<p>THERESE WINTER, MIRIAM<\/p>\n","protected":false},"featured_media":24949,"template":"","meta":{"_acf_changed":false,"rs_blank_template":"","rs_page_bg_color":"","slide_template_v7":"","inline_featured_image":false,"_monsterinsights_skip_tracking":false,"_monsterinsights_sitenote_active":false,"_monsterinsights_sitenote_note":"","_monsterinsights_sitenote_category":0},"product_brand":[],"product_cat":[1017,1254,1054,816,1213,976],"product_tag":[],"class_list":{"0":"post-24948","1":"product","2":"type-product","3":"status-publish","4":"has-post-thumbnail","6":"product_cat-eclesiologia-teologia","7":"product_cat-eclesiologia-teologia-espiritualidad","8":"product_cat-pastoral-espiritualidad","9":"product_cat-pastoral","10":"product_cat-testimonios","11":"product_cat-testimonis","13":"first","14":"instock","15":"taxable","16":"shipping-taxable","17":"purchasable","18":"product-type-simple"},"acf":{"autor":"THERESE WINTER, MIRIAM","codart":"848297537","libros-coleccion":"PUNTO DE ENCUENTRO","ediciones":"1","encuadernacion":"R\u00fastica","fecha_de_publicacion":"01\/01\/2002","novedad":"0","paginas":"256","subtitulo":"LA HISTORIA DE LUDMILA JAVOROVA, UNA MUJER CAT\u00d3LICA ORDENADA SACERDOTE","orden":"999","portada":"0","idioma":"spa","autores-libros":[{"ID":19246,"post_author":"3","post_date":"2022-10-19 01:24:42","post_date_gmt":"2022-10-18 23:24:42","post_content":"","post_title":"MIRIAM THERESE WINTER","post_excerpt":"","post_status":"publish","comment_status":"closed","ping_status":"closed","post_password":"","post_name":"miriam-therese-winter","to_ping":"","pinged":"","post_modified":"2022-10-19 01:24:42","post_modified_gmt":"2022-10-18 23:24:42","post_content_filtered":"","post_parent":0,"guid":"http:\/\/dev.editorialclaret.cat\/autor\/miriam-therese-winter\/","menu_order":0,"post_type":"autor","post_mime_type":"","comment_count":"0","filter":"raw"}]},"yoast_head":"<!-- This site is optimized with the Yoast SEO plugin v27.5 - https:\/\/yoast.com\/product\/yoast-seo-wordpress\/ -->\n<title>Editorial Claret<\/title>\n<meta name=\"robots\" content=\"noindex, follow, max-snippet:-1, max-image-preview:large, max-video-preview:-1\" \/>\n<meta property=\"og:locale\" content=\"es_ES\" \/>\n<meta property=\"og:type\" content=\"article\" \/>\n<meta property=\"og:title\" content=\"DESDE LO HONDO - Editorial Claret\" \/>\n<meta property=\"og:description\" content=\"THERESE WINTER, MIRIAM\" \/>\n<meta property=\"og:url\" content=\"https:\/\/www.editorialclaret.cat\/producte\/desde-lo-hondo-8482975374\/\" \/>\n<meta property=\"og:site_name\" content=\"Editorial Claret\" \/>\n<meta property=\"article:modified_time\" content=\"2024-05-22T09:30:48+00:00\" \/>\n<meta property=\"og:image\" content=\"https:\/\/www.editorialclaret.cat\/wp-content\/uploads\/.\/9788482975375.jpg\" \/>\n\t<meta property=\"og:image:width\" content=\"179\" \/>\n\t<meta property=\"og:image:height\" content=\"281\" \/>\n\t<meta property=\"og:image:type\" content=\"image\/jpeg\" \/>\n<meta name=\"twitter:card\" content=\"summary_large_image\" \/>\n<meta name=\"twitter:label1\" content=\"Tiempo de lectura\" \/>\n\t<meta name=\"twitter:data1\" content=\"1 minuto\" \/>\n<script type=\"application\/ld+json\" class=\"yoast-schema-graph\">{\"@context\":\"https:\\\/\\\/schema.org\",\"@graph\":[{\"@type\":\"WebPage\",\"@id\":\"https:\\\/\\\/www.editorialclaret.cat\\\/producte\\\/desde-lo-hondo-8482975374\\\/\",\"url\":\"https:\\\/\\\/www.editorialclaret.cat\\\/producte\\\/desde-lo-hondo-8482975374\\\/\",\"name\":\"DESDE LO HONDO - Editorial Claret\",\"isPartOf\":{\"@id\":\"https:\\\/\\\/www.editorialclaret.cat\\\/#website\"},\"primaryImageOfPage\":{\"@id\":\"https:\\\/\\\/www.editorialclaret.cat\\\/producte\\\/desde-lo-hondo-8482975374\\\/#primaryimage\"},\"image\":{\"@id\":\"https:\\\/\\\/www.editorialclaret.cat\\\/producte\\\/desde-lo-hondo-8482975374\\\/#primaryimage\"},\"thumbnailUrl\":\"https:\\\/\\\/www.editorialclaret.cat\\\/wp-content\\\/uploads\\\/.\\\/9788482975375.jpg\",\"datePublished\":\"2022-10-19T01:10:47+00:00\",\"dateModified\":\"2024-05-22T09:30:48+00:00\",\"breadcrumb\":{\"@id\":\"https:\\\/\\\/www.editorialclaret.cat\\\/producte\\\/desde-lo-hondo-8482975374\\\/#breadcrumb\"},\"inLanguage\":\"es\",\"potentialAction\":[{\"@type\":\"ReadAction\",\"target\":[\"https:\\\/\\\/www.editorialclaret.cat\\\/producte\\\/desde-lo-hondo-8482975374\\\/\"]}]},{\"@type\":\"ImageObject\",\"inLanguage\":\"es\",\"@id\":\"https:\\\/\\\/www.editorialclaret.cat\\\/producte\\\/desde-lo-hondo-8482975374\\\/#primaryimage\",\"url\":\"https:\\\/\\\/www.editorialclaret.cat\\\/wp-content\\\/uploads\\\/.\\\/9788482975375.jpg\",\"contentUrl\":\"https:\\\/\\\/www.editorialclaret.cat\\\/wp-content\\\/uploads\\\/.\\\/9788482975375.jpg\",\"width\":179,\"height\":281,\"caption\":\"9788482975375.jpg\"},{\"@type\":\"BreadcrumbList\",\"@id\":\"https:\\\/\\\/www.editorialclaret.cat\\\/producte\\\/desde-lo-hondo-8482975374\\\/#breadcrumb\",\"itemListElement\":[{\"@type\":\"ListItem\",\"position\":1,\"name\":\"Portada\",\"item\":\"https:\\\/\\\/www.editorialclaret.cat\\\/es\\\/\"},{\"@type\":\"ListItem\",\"position\":2,\"name\":\"Botiga\",\"item\":\"https:\\\/\\\/www.editorialclaret.cat\\\/?page_id=16\"},{\"@type\":\"ListItem\",\"position\":3,\"name\":\"DESDE LO HONDO\"}]},{\"@type\":\"WebSite\",\"@id\":\"https:\\\/\\\/www.editorialclaret.cat\\\/#website\",\"url\":\"https:\\\/\\\/www.editorialclaret.cat\\\/\",\"name\":\"Editorial Claret\",\"description\":\"\",\"publisher\":{\"@id\":\"https:\\\/\\\/www.editorialclaret.cat\\\/#organization\"},\"potentialAction\":[{\"@type\":\"SearchAction\",\"target\":{\"@type\":\"EntryPoint\",\"urlTemplate\":\"https:\\\/\\\/www.editorialclaret.cat\\\/?s={search_term_string}\"},\"query-input\":{\"@type\":\"PropertyValueSpecification\",\"valueRequired\":true,\"valueName\":\"search_term_string\"}}],\"inLanguage\":\"es\"},{\"@type\":\"Organization\",\"@id\":\"https:\\\/\\\/www.editorialclaret.cat\\\/#organization\",\"name\":\"Editorial Claret\",\"url\":\"https:\\\/\\\/www.editorialclaret.cat\\\/\",\"logo\":{\"@type\":\"ImageObject\",\"inLanguage\":\"es\",\"@id\":\"https:\\\/\\\/www.editorialclaret.cat\\\/#\\\/schema\\\/logo\\\/image\\\/\",\"url\":\"https:\\\/\\\/www.editorialclaret.cat\\\/wp-content\\\/uploads\\\/.\\\/logo-claret.png\",\"contentUrl\":\"https:\\\/\\\/www.editorialclaret.cat\\\/wp-content\\\/uploads\\\/.\\\/logo-claret.png\",\"width\":194,\"height\":79,\"caption\":\"Editorial Claret\"},\"image\":{\"@id\":\"https:\\\/\\\/www.editorialclaret.cat\\\/#\\\/schema\\\/logo\\\/image\\\/\"}}]}<\/script>\n<!-- \/ Yoast SEO plugin. -->","yoast_head_json":{"title":"Editorial Claret","robots":{"index":"noindex","follow":"follow","max-snippet":"max-snippet:-1","max-image-preview":"max-image-preview:large","max-video-preview":"max-video-preview:-1"},"og_locale":"es_ES","og_type":"article","og_title":"DESDE LO HONDO - Editorial Claret","og_description":"THERESE WINTER, MIRIAM","og_url":"https:\/\/www.editorialclaret.cat\/producte\/desde-lo-hondo-8482975374\/","og_site_name":"Editorial Claret","article_modified_time":"2024-05-22T09:30:48+00:00","og_image":[{"width":179,"height":281,"url":"https:\/\/www.editorialclaret.cat\/wp-content\/uploads\/.\/9788482975375.jpg","type":"image\/jpeg"}],"twitter_card":"summary_large_image","twitter_misc":{"Tiempo de lectura":"1 minuto"},"schema":{"@context":"https:\/\/schema.org","@graph":[{"@type":"WebPage","@id":"https:\/\/www.editorialclaret.cat\/producte\/desde-lo-hondo-8482975374\/","url":"https:\/\/www.editorialclaret.cat\/producte\/desde-lo-hondo-8482975374\/","name":"DESDE LO HONDO - Editorial Claret","isPartOf":{"@id":"https:\/\/www.editorialclaret.cat\/#website"},"primaryImageOfPage":{"@id":"https:\/\/www.editorialclaret.cat\/producte\/desde-lo-hondo-8482975374\/#primaryimage"},"image":{"@id":"https:\/\/www.editorialclaret.cat\/producte\/desde-lo-hondo-8482975374\/#primaryimage"},"thumbnailUrl":"https:\/\/www.editorialclaret.cat\/wp-content\/uploads\/.\/9788482975375.jpg","datePublished":"2022-10-19T01:10:47+00:00","dateModified":"2024-05-22T09:30:48+00:00","breadcrumb":{"@id":"https:\/\/www.editorialclaret.cat\/producte\/desde-lo-hondo-8482975374\/#breadcrumb"},"inLanguage":"es","potentialAction":[{"@type":"ReadAction","target":["https:\/\/www.editorialclaret.cat\/producte\/desde-lo-hondo-8482975374\/"]}]},{"@type":"ImageObject","inLanguage":"es","@id":"https:\/\/www.editorialclaret.cat\/producte\/desde-lo-hondo-8482975374\/#primaryimage","url":"https:\/\/www.editorialclaret.cat\/wp-content\/uploads\/.\/9788482975375.jpg","contentUrl":"https:\/\/www.editorialclaret.cat\/wp-content\/uploads\/.\/9788482975375.jpg","width":179,"height":281,"caption":"9788482975375.jpg"},{"@type":"BreadcrumbList","@id":"https:\/\/www.editorialclaret.cat\/producte\/desde-lo-hondo-8482975374\/#breadcrumb","itemListElement":[{"@type":"ListItem","position":1,"name":"Portada","item":"https:\/\/www.editorialclaret.cat\/es\/"},{"@type":"ListItem","position":2,"name":"Botiga","item":"https:\/\/www.editorialclaret.cat\/?page_id=16"},{"@type":"ListItem","position":3,"name":"DESDE LO HONDO"}]},{"@type":"WebSite","@id":"https:\/\/www.editorialclaret.cat\/#website","url":"https:\/\/www.editorialclaret.cat\/","name":"Editorial Claret","description":"","publisher":{"@id":"https:\/\/www.editorialclaret.cat\/#organization"},"potentialAction":[{"@type":"SearchAction","target":{"@type":"EntryPoint","urlTemplate":"https:\/\/www.editorialclaret.cat\/?s={search_term_string}"},"query-input":{"@type":"PropertyValueSpecification","valueRequired":true,"valueName":"search_term_string"}}],"inLanguage":"es"},{"@type":"Organization","@id":"https:\/\/www.editorialclaret.cat\/#organization","name":"Editorial Claret","url":"https:\/\/www.editorialclaret.cat\/","logo":{"@type":"ImageObject","inLanguage":"es","@id":"https:\/\/www.editorialclaret.cat\/#\/schema\/logo\/image\/","url":"https:\/\/www.editorialclaret.cat\/wp-content\/uploads\/.\/logo-claret.png","contentUrl":"https:\/\/www.editorialclaret.cat\/wp-content\/uploads\/.\/logo-claret.png","width":194,"height":79,"caption":"Editorial Claret"},"image":{"@id":"https:\/\/www.editorialclaret.cat\/#\/schema\/logo\/image\/"}}]}},"_links":{"self":[{"href":"https:\/\/www.editorialclaret.cat\/es\/wp-json\/wp\/v2\/product\/24948","targetHints":{"allow":["GET"]}}],"collection":[{"href":"https:\/\/www.editorialclaret.cat\/es\/wp-json\/wp\/v2\/product"}],"about":[{"href":"https:\/\/www.editorialclaret.cat\/es\/wp-json\/wp\/v2\/types\/product"}],"wp:featuredmedia":[{"embeddable":true,"href":"https:\/\/www.editorialclaret.cat\/es\/wp-json\/wp\/v2\/media\/24949"}],"wp:attachment":[{"href":"https:\/\/www.editorialclaret.cat\/es\/wp-json\/wp\/v2\/media?parent=24948"}],"wp:term":[{"taxonomy":"product_brand","embeddable":true,"href":"https:\/\/www.editorialclaret.cat\/es\/wp-json\/wp\/v2\/product_brand?post=24948"},{"taxonomy":"product_cat","embeddable":true,"href":"https:\/\/www.editorialclaret.cat\/es\/wp-json\/wp\/v2\/product_cat?post=24948"},{"taxonomy":"product_tag","embeddable":true,"href":"https:\/\/www.editorialclaret.cat\/es\/wp-json\/wp\/v2\/product_tag?post=24948"}],"curies":[{"name":"wp","href":"https:\/\/api.w.org\/{rel}","templated":true}]}}