{"id":8119,"date":"2022-09-16T17:55:28","date_gmt":"2022-09-16T15:55:28","guid":{"rendered":"http:\/\/dev.editorialclaret.cat\/?page_id=8119"},"modified":"2022-09-19T17:00:10","modified_gmt":"2022-09-19T15:00:10","slug":"actividades-anteriores","status":"publish","type":"page","link":"https:\/\/www.editorialclaret.cat\/es\/editorial\/actividades-anteriores\/","title":{"rendered":"Actividades anteriores"},"content":{"rendered":"<div id=\"pl-8119\"  class=\"panel-layout\" ><div id=\"pg-8119-0\"  class=\"panel-grid panel-has-style\" ><div class=\"cont-actividades panel-row-style panel-row-style-for-8119-0\" ><div id=\"pgc-8119-0-0\"  class=\"panel-grid-cell\" ><ul class=\"loop-actividades loadmore\"><li><div class=\"img\"><a href=\"https:\/\/www.editorialclaret.cat\/es\/actividad\/presentacio-del-llibre-tots-els-dracs-de-sant-jordi\/\"><img decoding=\"async\" src=\"https:\/\/www.editorialclaret.cat\/wp-content\/uploads\/9788491366461-5.jpg\" \/><\/a><\/div><div class=\"datos\"><a href=\"https:\/\/www.editorialclaret.cat\/es\/actividad\/presentacio-del-llibre-tots-els-dracs-de-sant-jordi\/\"><p class=\"fecha\">16 \/ 04<\/p><p class=\"categoria\"><\/p><h3>Presentaci\u00f3 del llibre &#8216;Tots els dracs de Sant Jordi&#8217;<\/h3><p>Vols aprendre a con\u00e8ixer els dracs i dominar-los? \ud83d\udc09\u2694\ufe0f El cavaller Sant Jordi ha publicat Tots els dracs de Sant Jordi, una guia infantil sobre dracs que ajudar\u00e0 petits i grans a distingir els dracs bons dels dolents i perillosos, a no deixar-se enganyar per aquestes b\u00e8sties i a gestionar les emocions per superar qualsevol [&hellip;]<\/p>\n<\/a><\/div><div class=\"clr\"><\/div><\/li><li><div class=\"img\"><a href=\"https:\/\/www.editorialclaret.cat\/es\/actividad\/presentacio-del-llibre-la-dimensio-humana-el-jesus-dels-evangelis-a-barcelona\/\"><img decoding=\"async\" src=\"https:\/\/www.editorialclaret.cat\/wp-content\/uploads\/9788491366430.jpg\" \/><\/a><\/div><div class=\"datos\"><a href=\"https:\/\/www.editorialclaret.cat\/es\/actividad\/presentacio-del-llibre-la-dimensio-humana-el-jesus-dels-evangelis-a-barcelona\/\"><p class=\"fecha\">14 \/ 04<\/p><p class=\"categoria\"><\/p><h3>Presentaci\u00f3 del llibre &#8216;La dimensi\u00f3 humana. El Jes\u00fas dels evangelis&#8217; a Barcelona<\/h3><p>El proper dimarts 14 d&#8217;abril a les 18:30h et convidem a la presentaci\u00f3 del llibre La dimensi\u00f3 humana. El Jes\u00fas dels evangelis, del doctor en medicina i filosofia Jaume Duran i Navarro. Hi participaran tamb\u00e9 Claustre Sol\u00e9, doctora en teologia i Ramon M\u00aa Nogu\u00e9s Carulla, catedr\u00e0tic en antropologia biol\u00f2gica i te\u00f2leg. T&#8217;esperem a la llibreria [&hellip;]<\/p>\n<\/a><\/div><div class=\"clr\"><\/div><\/li><li><div class=\"img\"><a href=\"https:\/\/www.editorialclaret.cat\/es\/actividad\/presentacio-del-llibre-el-dia-es-lleva-la-tarda-es-colga-a-barcelona\/\"><img decoding=\"async\" src=\"https:\/\/www.editorialclaret.cat\/wp-content\/uploads\/9788491366447-4.jpg\" \/><\/a><\/div><div class=\"datos\"><a href=\"https:\/\/www.editorialclaret.cat\/es\/actividad\/presentacio-del-llibre-el-dia-es-lleva-la-tarda-es-colga-a-barcelona\/\"><p class=\"fecha\">09 \/ 04<\/p><p class=\"categoria\"><\/p><h3>Presentaci\u00f3 del llibre &#8216;El dia es lleva, la tarda es colga&#8217; a Barcelona<\/h3><p>El proper dijous 9 d&#8217;abril a les 18:30h us esperem a la llibreria Claret de Barcelona per gaudir de l&#8217;ultima novetat de la nostra Editorial: El dia es lleva, la tarda es colga. El doctor en filologia i te\u00f2leg Carles Riera i Fonts presentar\u00e0 el seu nou llibre de poemes, que inclou des de composicions [&hellip;]<\/p>\n<\/a><\/div><div class=\"clr\"><\/div><\/li><\/ul><div class=\"elm-wrapper\">\n  <button class=\"elm-button\" data-href=\"https:\/\/www.editorialclaret.cat\/es\/wp-json\/wp\/v2\/pages\/8119\" data-page=\"1\" data-max-pages=\"0\">\n    <div class=\"elm-loading-anim\">Cargando...<\/div>\n    <span class=\"elm-button-text\">Cargar m\u00e1s actividades<\/span>\n  <\/button>\n<\/div>\n<div id=\"panel-8119-0-0-0\" class=\"so-panel widget widget_sow-editor panel-first-child panel-last-child\" data-index=\"0\" ><div\n\t\t\t\n\t\t\tclass=\"so-widget-sow-editor so-widget-sow-editor-base\"\n\t\t\t\n\t\t>\n<div class=\"siteorigin-widget-tinymce textwidget\">\n\t\n<\/div>\n<\/div><\/div><\/div><div id=\"pgc-8119-0-1\"  class=\"panel-grid-cell\" ><div id=\"panel-8119-0-1-0\" class=\"so-panel widget widget_sow-editor panel-first-child\" data-index=\"1\" ><div\n\t\t\t\n\t\t\tclass=\"so-widget-sow-editor so-widget-sow-editor-base\"\n\t\t\t\n\t\t>\n<div class=\"siteorigin-widget-tinymce textwidget\">\n\t<h2>Pr\u00f3ximas actividades<\/h2>\n<\/div>\n<\/div><\/div><ul class=\"loop-actividades-widget\"><li><a href=\"https:\/\/www.editorialclaret.cat\/es\/actividad\/sant-jordi-2026-llibrera-claret\/\"><p class=\"fecha\">23 \/ 04<\/p><p class=\"categoria\"><\/p><h3>Sant Jordi 2026 a Claret<\/h3><\/a><\/li><\/ul><a href=\"\/es\/actividades\/\" class=\"vertodo\">Ver todo<\/a><div id=\"panel-8119-0-1-1\" class=\"so-panel widget widget_sow-editor panel-last-child\" data-index=\"2\" ><div\n\t\t\t\n\t\t\tclass=\"so-widget-sow-editor so-widget-sow-editor-base\"\n\t\t\t\n\t\t>\n<div class=\"siteorigin-widget-tinymce textwidget\">\n\t\n<\/div>\n<\/div><\/div><\/div><\/div><\/div><\/div>","protected":false},"excerpt":{"rendered":"<p>Pr\u00f3ximas actividades<\/p>\n","protected":false},"author":2,"featured_media":0,"parent":8100,"menu_order":6,"comment_status":"closed","ping_status":"closed","template":"template-fullwidth.php","meta":{"_acf_changed":false,"rs_blank_template":"","rs_page_bg_color":"","slide_template_v7":"","inline_featured_image":false,"_monsterinsights_skip_tracking":false,"_monsterinsights_sitenote_active":false,"_monsterinsights_sitenote_note":"","_monsterinsights_sitenote_category":0,"footnotes":""},"class_list":["post-8119","page","type-page","status-publish","hentry"],"acf":[],"yoast_head":"<!-- This site is optimized with the Yoast SEO plugin v27.3 - https:\/\/yoast.com\/product\/yoast-seo-wordpress\/ -->\n<title>Editorial Claret<\/title>\n<meta name=\"robots\" content=\"noindex, follow, max-snippet:-1, max-image-preview:large, max-video-preview:-1\" \/>\n<meta property=\"og:locale\" content=\"es_ES\" \/>\n<meta property=\"og:type\" content=\"article\" \/>\n<meta property=\"og:title\" content=\"Actividades anteriores - Editorial Claret\" \/>\n<meta property=\"og:description\" content=\"Pr\u00f3ximas actividades\" \/>\n<meta property=\"og:url\" content=\"https:\/\/www.editorialclaret.cat\/es\/editorial\/actividades-anteriores\/\" \/>\n<meta property=\"og:site_name\" content=\"Editorial Claret\" \/>\n<meta property=\"article:modified_time\" content=\"2022-09-19T15:00:10+00:00\" \/>\n<meta name=\"twitter:card\" content=\"summary_large_image\" \/>\n<script type=\"application\/ld+json\" class=\"yoast-schema-graph\">{\"@context\":\"https:\\\/\\\/schema.org\",\"@graph\":[{\"@type\":\"WebPage\",\"@id\":\"https:\\\/\\\/www.editorialclaret.cat\\\/es\\\/editorial\\\/actividades-anteriores\\\/\",\"url\":\"https:\\\/\\\/www.editorialclaret.cat\\\/es\\\/editorial\\\/actividades-anteriores\\\/\",\"name\":\"Actividades anteriores - Editorial Claret\",\"isPartOf\":{\"@id\":\"https:\\\/\\\/www.editorialclaret.cat\\\/#website\"},\"datePublished\":\"2022-09-16T15:55:28+00:00\",\"dateModified\":\"2022-09-19T15:00:10+00:00\",\"breadcrumb\":{\"@id\":\"https:\\\/\\\/www.editorialclaret.cat\\\/es\\\/editorial\\\/actividades-anteriores\\\/#breadcrumb\"},\"inLanguage\":\"es\",\"potentialAction\":[{\"@type\":\"ReadAction\",\"target\":[\"https:\\\/\\\/www.editorialclaret.cat\\\/es\\\/editorial\\\/actividades-anteriores\\\/\"]}]},{\"@type\":\"BreadcrumbList\",\"@id\":\"https:\\\/\\\/www.editorialclaret.cat\\\/es\\\/editorial\\\/actividades-anteriores\\\/#breadcrumb\",\"itemListElement\":[{\"@type\":\"ListItem\",\"position\":1,\"name\":\"Portada\",\"item\":\"https:\\\/\\\/www.editorialclaret.cat\\\/es\\\/\"},{\"@type\":\"ListItem\",\"position\":2,\"name\":\"Editorial\",\"item\":\"https:\\\/\\\/www.editorialclaret.cat\\\/es\\\/editorial\\\/\"},{\"@type\":\"ListItem\",\"position\":3,\"name\":\"Actividades anteriores\"}]},{\"@type\":\"WebSite\",\"@id\":\"https:\\\/\\\/www.editorialclaret.cat\\\/#website\",\"url\":\"https:\\\/\\\/www.editorialclaret.cat\\\/\",\"name\":\"Editorial Claret\",\"description\":\"\",\"publisher\":{\"@id\":\"https:\\\/\\\/www.editorialclaret.cat\\\/#organization\"},\"potentialAction\":[{\"@type\":\"SearchAction\",\"target\":{\"@type\":\"EntryPoint\",\"urlTemplate\":\"https:\\\/\\\/www.editorialclaret.cat\\\/?s={search_term_string}\"},\"query-input\":{\"@type\":\"PropertyValueSpecification\",\"valueRequired\":true,\"valueName\":\"search_term_string\"}}],\"inLanguage\":\"es\"},{\"@type\":\"Organization\",\"@id\":\"https:\\\/\\\/www.editorialclaret.cat\\\/#organization\",\"name\":\"Editorial Claret\",\"url\":\"https:\\\/\\\/www.editorialclaret.cat\\\/\",\"logo\":{\"@type\":\"ImageObject\",\"inLanguage\":\"es\",\"@id\":\"https:\\\/\\\/www.editorialclaret.cat\\\/#\\\/schema\\\/logo\\\/image\\\/\",\"url\":\"https:\\\/\\\/www.editorialclaret.cat\\\/wp-content\\\/uploads\\\/.\\\/logo-claret.png\",\"contentUrl\":\"https:\\\/\\\/www.editorialclaret.cat\\\/wp-content\\\/uploads\\\/.\\\/logo-claret.png\",\"width\":194,\"height\":79,\"caption\":\"Editorial Claret\"},\"image\":{\"@id\":\"https:\\\/\\\/www.editorialclaret.cat\\\/#\\\/schema\\\/logo\\\/image\\\/\"}}]}<\/script>\n<!-- \/ Yoast SEO plugin. -->","yoast_head_json":{"title":"Editorial Claret","robots":{"index":"noindex","follow":"follow","max-snippet":"max-snippet:-1","max-image-preview":"max-image-preview:large","max-video-preview":"max-video-preview:-1"},"og_locale":"es_ES","og_type":"article","og_title":"Actividades anteriores - Editorial Claret","og_description":"Pr\u00f3ximas actividades","og_url":"https:\/\/www.editorialclaret.cat\/es\/editorial\/actividades-anteriores\/","og_site_name":"Editorial Claret","article_modified_time":"2022-09-19T15:00:10+00:00","twitter_card":"summary_large_image","schema":{"@context":"https:\/\/schema.org","@graph":[{"@type":"WebPage","@id":"https:\/\/www.editorialclaret.cat\/es\/editorial\/actividades-anteriores\/","url":"https:\/\/www.editorialclaret.cat\/es\/editorial\/actividades-anteriores\/","name":"Actividades anteriores - Editorial Claret","isPartOf":{"@id":"https:\/\/www.editorialclaret.cat\/#website"},"datePublished":"2022-09-16T15:55:28+00:00","dateModified":"2022-09-19T15:00:10+00:00","breadcrumb":{"@id":"https:\/\/www.editorialclaret.cat\/es\/editorial\/actividades-anteriores\/#breadcrumb"},"inLanguage":"es","potentialAction":[{"@type":"ReadAction","target":["https:\/\/www.editorialclaret.cat\/es\/editorial\/actividades-anteriores\/"]}]},{"@type":"BreadcrumbList","@id":"https:\/\/www.editorialclaret.cat\/es\/editorial\/actividades-anteriores\/#breadcrumb","itemListElement":[{"@type":"ListItem","position":1,"name":"Portada","item":"https:\/\/www.editorialclaret.cat\/es\/"},{"@type":"ListItem","position":2,"name":"Editorial","item":"https:\/\/www.editorialclaret.cat\/es\/editorial\/"},{"@type":"ListItem","position":3,"name":"Actividades anteriores"}]},{"@type":"WebSite","@id":"https:\/\/www.editorialclaret.cat\/#website","url":"https:\/\/www.editorialclaret.cat\/","name":"Editorial Claret","description":"","publisher":{"@id":"https:\/\/www.editorialclaret.cat\/#organization"},"potentialAction":[{"@type":"SearchAction","target":{"@type":"EntryPoint","urlTemplate":"https:\/\/www.editorialclaret.cat\/?s={search_term_string}"},"query-input":{"@type":"PropertyValueSpecification","valueRequired":true,"valueName":"search_term_string"}}],"inLanguage":"es"},{"@type":"Organization","@id":"https:\/\/www.editorialclaret.cat\/#organization","name":"Editorial Claret","url":"https:\/\/www.editorialclaret.cat\/","logo":{"@type":"ImageObject","inLanguage":"es","@id":"https:\/\/www.editorialclaret.cat\/#\/schema\/logo\/image\/","url":"https:\/\/www.editorialclaret.cat\/wp-content\/uploads\/.\/logo-claret.png","contentUrl":"https:\/\/www.editorialclaret.cat\/wp-content\/uploads\/.\/logo-claret.png","width":194,"height":79,"caption":"Editorial Claret"},"image":{"@id":"https:\/\/www.editorialclaret.cat\/#\/schema\/logo\/image\/"}}]}},"_links":{"self":[{"href":"https:\/\/www.editorialclaret.cat\/es\/wp-json\/wp\/v2\/pages\/8119","targetHints":{"allow":["GET"]}}],"collection":[{"href":"https:\/\/www.editorialclaret.cat\/es\/wp-json\/wp\/v2\/pages"}],"about":[{"href":"https:\/\/www.editorialclaret.cat\/es\/wp-json\/wp\/v2\/types\/page"}],"author":[{"embeddable":true,"href":"https:\/\/www.editorialclaret.cat\/es\/wp-json\/wp\/v2\/users\/2"}],"replies":[{"embeddable":true,"href":"https:\/\/www.editorialclaret.cat\/es\/wp-json\/wp\/v2\/comments?post=8119"}],"version-history":[{"count":1,"href":"https:\/\/www.editorialclaret.cat\/es\/wp-json\/wp\/v2\/pages\/8119\/revisions"}],"predecessor-version":[{"id":8120,"href":"https:\/\/www.editorialclaret.cat\/es\/wp-json\/wp\/v2\/pages\/8119\/revisions\/8120"}],"up":[{"embeddable":true,"href":"https:\/\/www.editorialclaret.cat\/es\/wp-json\/wp\/v2\/pages\/8100"}],"wp:attachment":[{"href":"https:\/\/www.editorialclaret.cat\/es\/wp-json\/wp\/v2\/media?parent=8119"}],"curies":[{"name":"wp","href":"https:\/\/api.w.org\/{rel}","templated":true}]}}