{"id":8117,"date":"2022-09-07T18:18:10","date_gmt":"2022-09-07T16:18:10","guid":{"rendered":"http:\/\/dev.editorialclaret.cat\/?page_id=8117"},"modified":"2022-09-19T16:59:16","modified_gmt":"2022-09-19T14:59:16","slug":"actividades","status":"publish","type":"page","link":"https:\/\/www.editorialclaret.cat\/es\/editorial\/actividades\/","title":{"rendered":"Actividades"},"content":{"rendered":"<div id=\"pl-8117\"  class=\"panel-layout\" ><div id=\"pg-8117-0\"  class=\"panel-grid panel-has-style\" ><div class=\"cont-actividades panel-row-style panel-row-style-for-8117-0\" ><div id=\"pgc-8117-0-0\"  class=\"panel-grid-cell\" ><ul class=\"loop-actividades loadmore cropborder\"><li><div class=\"img\"><a href=\"https:\/\/www.editorialclaret.cat\/es\/actividad\/sant-jordi-2026-llibrera-claret\/\"><img decoding=\"async\" src=\"https:\/\/www.editorialclaret.cat\/wp-content\/uploads\/posts-xarxes-14.png\" \/><\/a><\/div><div class=\"datos\"><a href=\"https:\/\/www.editorialclaret.cat\/es\/actividad\/sant-jordi-2026-llibrera-claret\/\"><p class=\"fecha\">23 \/ 04<\/p><p class=\"categoria\"><\/p><h3>Sant Jordi 2026 a Claret<\/h3><p>El 23 d\u2019abril, celebra Sant Jordi a la llibreria Claret de Barcelona! T\u2019esperem de 9:00 a 21:00 a la nostra parada del passeig de Gr\u00e0cia (a l\u2019altura del Palau Robert), on trobar\u00e0s les millors recomanacions liter\u00e0ries i totes les nostres novetats! Tamb\u00e9 ens trobar\u00e0s de 8:30 a 21:00 a la llibreria Claret del carrer Sic\u00edlia, [&hellip;]<\/p>\n<\/a><\/div><div class=\"clr\"><\/div><\/li><\/ul><div id=\"panel-8117-0-0-0\" class=\"so-panel widget widget_sow-editor panel-first-child panel-last-child\" data-index=\"0\" ><div\n\t\t\t\n\t\t\tclass=\"so-widget-sow-editor so-widget-sow-editor-base\"\n\t\t\t\n\t\t>\n<div class=\"siteorigin-widget-tinymce textwidget\">\n\t\n<\/div>\n<\/div><\/div><\/div><div id=\"pgc-8117-0-1\"  class=\"panel-grid-cell\" ><div id=\"panel-8117-0-1-0\" class=\"so-panel widget widget_sow-editor panel-first-child\" data-index=\"1\" ><div\n\t\t\t\n\t\t\tclass=\"so-widget-sow-editor so-widget-sow-editor-base\"\n\t\t\t\n\t\t>\n<div class=\"siteorigin-widget-tinymce textwidget\">\n\t<h2>Historial<\/h2>\n<\/div>\n<\/div><\/div><ul class=\"loop-actividades-widget\"><li><a href=\"https:\/\/www.editorialclaret.cat\/es\/actividad\/presentacio-del-llibre-tots-els-dracs-de-sant-jordi\/\"><p class=\"fecha\">16 \/ 04<\/p><p class=\"categoria\"><\/p><h3>Presentaci\u00f3 del llibre &#8216;Tots els dracs de Sant Jordi&#8217;<\/h3><\/a><\/li><li><a href=\"https:\/\/www.editorialclaret.cat\/es\/actividad\/presentacio-del-llibre-la-dimensio-humana-el-jesus-dels-evangelis-a-barcelona\/\"><p class=\"fecha\">14 \/ 04<\/p><p class=\"categoria\"><\/p><h3>Presentaci\u00f3 del llibre &#8216;La dimensi\u00f3 humana. El Jes\u00fas dels evangelis&#8217; a Barcelona<\/h3><\/a><\/li><li><a href=\"https:\/\/www.editorialclaret.cat\/es\/actividad\/presentacio-del-llibre-el-dia-es-lleva-la-tarda-es-colga-a-barcelona\/\"><p class=\"fecha\">09 \/ 04<\/p><p class=\"categoria\"><\/p><h3>Presentaci\u00f3 del llibre &#8216;El dia es lleva, la tarda es colga&#8217; a Barcelona<\/h3><\/a><\/li><li><a href=\"https:\/\/www.editorialclaret.cat\/es\/actividad\/presentacio-del-llibre-el-deficit-de-atencion-con-hiperactividad\/\"><p class=\"fecha\">24 \/ 03<\/p><p class=\"categoria\"><\/p><h3>Presentaci\u00f3 del llibre &#8216;El d\u00e9ficit de atenci\u00f3n con hiperactividad&#8217;<\/h3><\/a><\/li><li><a href=\"https:\/\/www.editorialclaret.cat\/es\/actividad\/presentacio-del-llibre-el-papa-frontissa-lleo-xiv-a-barcelona\/\"><p class=\"fecha\">17 \/ 03<\/p><p class=\"categoria\"><\/p><h3>Presentaci\u00f3 del llibre &#8216;El Papa frontissa. Lle\u00f3 XIV&#8217; a Barcelona<\/h3><\/a><\/li><\/ul><a href=\"\/es\/actividades-anteriores\/\" class=\"vertodo\">Ver todo<\/a><div id=\"panel-8117-0-1-1\" class=\"so-panel widget widget_sow-editor panel-last-child\" data-index=\"2\" ><div\n\t\t\t\n\t\t\tclass=\"so-widget-sow-editor so-widget-sow-editor-base\"\n\t\t\t\n\t\t>\n<div class=\"siteorigin-widget-tinymce textwidget\">\n\t\n<\/div>\n<\/div><\/div><\/div><\/div><\/div><\/div>","protected":false},"excerpt":{"rendered":"<p>Historial<\/p>\n","protected":false},"author":2,"featured_media":0,"parent":8100,"menu_order":5,"comment_status":"closed","ping_status":"closed","template":"template-fullwidth.php","meta":{"_acf_changed":false,"rs_blank_template":"","rs_page_bg_color":"","slide_template_v7":"","inline_featured_image":false,"_monsterinsights_skip_tracking":false,"_monsterinsights_sitenote_active":false,"_monsterinsights_sitenote_note":"","_monsterinsights_sitenote_category":0,"footnotes":""},"class_list":["post-8117","page","type-page","status-publish","hentry"],"acf":[],"yoast_head":"<!-- This site is optimized with the Yoast SEO plugin v27.3 - https:\/\/yoast.com\/product\/yoast-seo-wordpress\/ -->\n<title>Editorial Claret<\/title>\n<meta name=\"robots\" content=\"noindex, follow, max-snippet:-1, max-image-preview:large, max-video-preview:-1\" \/>\n<meta property=\"og:locale\" content=\"es_ES\" \/>\n<meta property=\"og:type\" content=\"article\" \/>\n<meta property=\"og:title\" content=\"Actividades - Editorial Claret\" \/>\n<meta property=\"og:description\" content=\"Historial\" \/>\n<meta property=\"og:url\" content=\"https:\/\/www.editorialclaret.cat\/es\/editorial\/actividades\/\" \/>\n<meta property=\"og:site_name\" content=\"Editorial Claret\" \/>\n<meta property=\"article:modified_time\" content=\"2022-09-19T14:59:16+00:00\" \/>\n<meta name=\"twitter:card\" content=\"summary_large_image\" \/>\n<script type=\"application\/ld+json\" class=\"yoast-schema-graph\">{\"@context\":\"https:\\\/\\\/schema.org\",\"@graph\":[{\"@type\":\"WebPage\",\"@id\":\"https:\\\/\\\/www.editorialclaret.cat\\\/es\\\/editorial\\\/actividades\\\/\",\"url\":\"https:\\\/\\\/www.editorialclaret.cat\\\/es\\\/editorial\\\/actividades\\\/\",\"name\":\"Actividades - Editorial Claret\",\"isPartOf\":{\"@id\":\"https:\\\/\\\/www.editorialclaret.cat\\\/#website\"},\"datePublished\":\"2022-09-07T16:18:10+00:00\",\"dateModified\":\"2022-09-19T14:59:16+00:00\",\"breadcrumb\":{\"@id\":\"https:\\\/\\\/www.editorialclaret.cat\\\/es\\\/editorial\\\/actividades\\\/#breadcrumb\"},\"inLanguage\":\"es\",\"potentialAction\":[{\"@type\":\"ReadAction\",\"target\":[\"https:\\\/\\\/www.editorialclaret.cat\\\/es\\\/editorial\\\/actividades\\\/\"]}]},{\"@type\":\"BreadcrumbList\",\"@id\":\"https:\\\/\\\/www.editorialclaret.cat\\\/es\\\/editorial\\\/actividades\\\/#breadcrumb\",\"itemListElement\":[{\"@type\":\"ListItem\",\"position\":1,\"name\":\"Portada\",\"item\":\"https:\\\/\\\/www.editorialclaret.cat\\\/es\\\/\"},{\"@type\":\"ListItem\",\"position\":2,\"name\":\"Editorial\",\"item\":\"https:\\\/\\\/www.editorialclaret.cat\\\/es\\\/editorial\\\/\"},{\"@type\":\"ListItem\",\"position\":3,\"name\":\"Actividades\"}]},{\"@type\":\"WebSite\",\"@id\":\"https:\\\/\\\/www.editorialclaret.cat\\\/#website\",\"url\":\"https:\\\/\\\/www.editorialclaret.cat\\\/\",\"name\":\"Editorial Claret\",\"description\":\"\",\"publisher\":{\"@id\":\"https:\\\/\\\/www.editorialclaret.cat\\\/#organization\"},\"potentialAction\":[{\"@type\":\"SearchAction\",\"target\":{\"@type\":\"EntryPoint\",\"urlTemplate\":\"https:\\\/\\\/www.editorialclaret.cat\\\/?s={search_term_string}\"},\"query-input\":{\"@type\":\"PropertyValueSpecification\",\"valueRequired\":true,\"valueName\":\"search_term_string\"}}],\"inLanguage\":\"es\"},{\"@type\":\"Organization\",\"@id\":\"https:\\\/\\\/www.editorialclaret.cat\\\/#organization\",\"name\":\"Editorial Claret\",\"url\":\"https:\\\/\\\/www.editorialclaret.cat\\\/\",\"logo\":{\"@type\":\"ImageObject\",\"inLanguage\":\"es\",\"@id\":\"https:\\\/\\\/www.editorialclaret.cat\\\/#\\\/schema\\\/logo\\\/image\\\/\",\"url\":\"https:\\\/\\\/www.editorialclaret.cat\\\/wp-content\\\/uploads\\\/.\\\/logo-claret.png\",\"contentUrl\":\"https:\\\/\\\/www.editorialclaret.cat\\\/wp-content\\\/uploads\\\/.\\\/logo-claret.png\",\"width\":194,\"height\":79,\"caption\":\"Editorial Claret\"},\"image\":{\"@id\":\"https:\\\/\\\/www.editorialclaret.cat\\\/#\\\/schema\\\/logo\\\/image\\\/\"}}]}<\/script>\n<!-- \/ Yoast SEO plugin. -->","yoast_head_json":{"title":"Editorial Claret","robots":{"index":"noindex","follow":"follow","max-snippet":"max-snippet:-1","max-image-preview":"max-image-preview:large","max-video-preview":"max-video-preview:-1"},"og_locale":"es_ES","og_type":"article","og_title":"Actividades - Editorial Claret","og_description":"Historial","og_url":"https:\/\/www.editorialclaret.cat\/es\/editorial\/actividades\/","og_site_name":"Editorial Claret","article_modified_time":"2022-09-19T14:59:16+00:00","twitter_card":"summary_large_image","schema":{"@context":"https:\/\/schema.org","@graph":[{"@type":"WebPage","@id":"https:\/\/www.editorialclaret.cat\/es\/editorial\/actividades\/","url":"https:\/\/www.editorialclaret.cat\/es\/editorial\/actividades\/","name":"Actividades - Editorial Claret","isPartOf":{"@id":"https:\/\/www.editorialclaret.cat\/#website"},"datePublished":"2022-09-07T16:18:10+00:00","dateModified":"2022-09-19T14:59:16+00:00","breadcrumb":{"@id":"https:\/\/www.editorialclaret.cat\/es\/editorial\/actividades\/#breadcrumb"},"inLanguage":"es","potentialAction":[{"@type":"ReadAction","target":["https:\/\/www.editorialclaret.cat\/es\/editorial\/actividades\/"]}]},{"@type":"BreadcrumbList","@id":"https:\/\/www.editorialclaret.cat\/es\/editorial\/actividades\/#breadcrumb","itemListElement":[{"@type":"ListItem","position":1,"name":"Portada","item":"https:\/\/www.editorialclaret.cat\/es\/"},{"@type":"ListItem","position":2,"name":"Editorial","item":"https:\/\/www.editorialclaret.cat\/es\/editorial\/"},{"@type":"ListItem","position":3,"name":"Actividades"}]},{"@type":"WebSite","@id":"https:\/\/www.editorialclaret.cat\/#website","url":"https:\/\/www.editorialclaret.cat\/","name":"Editorial Claret","description":"","publisher":{"@id":"https:\/\/www.editorialclaret.cat\/#organization"},"potentialAction":[{"@type":"SearchAction","target":{"@type":"EntryPoint","urlTemplate":"https:\/\/www.editorialclaret.cat\/?s={search_term_string}"},"query-input":{"@type":"PropertyValueSpecification","valueRequired":true,"valueName":"search_term_string"}}],"inLanguage":"es"},{"@type":"Organization","@id":"https:\/\/www.editorialclaret.cat\/#organization","name":"Editorial Claret","url":"https:\/\/www.editorialclaret.cat\/","logo":{"@type":"ImageObject","inLanguage":"es","@id":"https:\/\/www.editorialclaret.cat\/#\/schema\/logo\/image\/","url":"https:\/\/www.editorialclaret.cat\/wp-content\/uploads\/.\/logo-claret.png","contentUrl":"https:\/\/www.editorialclaret.cat\/wp-content\/uploads\/.\/logo-claret.png","width":194,"height":79,"caption":"Editorial Claret"},"image":{"@id":"https:\/\/www.editorialclaret.cat\/#\/schema\/logo\/image\/"}}]}},"_links":{"self":[{"href":"https:\/\/www.editorialclaret.cat\/es\/wp-json\/wp\/v2\/pages\/8117","targetHints":{"allow":["GET"]}}],"collection":[{"href":"https:\/\/www.editorialclaret.cat\/es\/wp-json\/wp\/v2\/pages"}],"about":[{"href":"https:\/\/www.editorialclaret.cat\/es\/wp-json\/wp\/v2\/types\/page"}],"author":[{"embeddable":true,"href":"https:\/\/www.editorialclaret.cat\/es\/wp-json\/wp\/v2\/users\/2"}],"replies":[{"embeddable":true,"href":"https:\/\/www.editorialclaret.cat\/es\/wp-json\/wp\/v2\/comments?post=8117"}],"version-history":[{"count":1,"href":"https:\/\/www.editorialclaret.cat\/es\/wp-json\/wp\/v2\/pages\/8117\/revisions"}],"predecessor-version":[{"id":8118,"href":"https:\/\/www.editorialclaret.cat\/es\/wp-json\/wp\/v2\/pages\/8117\/revisions\/8118"}],"up":[{"embeddable":true,"href":"https:\/\/www.editorialclaret.cat\/es\/wp-json\/wp\/v2\/pages\/8100"}],"wp:attachment":[{"href":"https:\/\/www.editorialclaret.cat\/es\/wp-json\/wp\/v2\/media?parent=8117"}],"curies":[{"name":"wp","href":"https:\/\/api.w.org\/{rel}","templated":true}]}}