{"id":8102,"date":"2022-09-07T18:16:22","date_gmt":"2022-09-07T16:16:22","guid":{"rendered":"http:\/\/dev.editorialclaret.cat\/?page_id=8102"},"modified":"2025-10-08T14:00:19","modified_gmt":"2025-10-08T12:00:19","slug":"quienes-somos","status":"publish","type":"page","link":"https:\/\/www.editorialclaret.cat\/es\/editorial\/quienes-somos\/","title":{"rendered":"\u00bfQui\u00e9nes somos?"},"content":{"rendered":"<div id=\"pl-8102\"  class=\"panel-layout\" ><div id=\"pg-8102-0\"  class=\"panel-grid panel-no-style\" ><div id=\"pgc-8102-0-0\"  class=\"panel-grid-cell\" ><div id=\"panel-8102-0-0-0\" class=\"so-panel widget widget_sow-image panel-first-child panel-last-child\" data-index=\"0\" ><div\n\t\t\t\n\t\t\tclass=\"so-widget-sow-image so-widget-sow-image-default-c67d20f9f743-8102\"\n\t\t\t\n\t\t>\n<div class=\"sow-image-container\">\n\t\t<img \n\tsrc=\"https:\/\/www.editorialclaret.cat\/wp-content\/uploads\/llibreriaSicilia-1.jpg\" width=\"1536\" height=\"753\" srcset=\"https:\/\/www.editorialclaret.cat\/wp-content\/uploads\/\/llibreriaSicilia-1.jpg 1536w, https:\/\/www.editorialclaret.cat\/wp-content\/uploads\/\/llibreriaSicilia-1-250x123.jpg 250w, https:\/\/www.editorialclaret.cat\/wp-content\/uploads\/\/llibreriaSicilia-1-324x159.jpg 324w, https:\/\/www.editorialclaret.cat\/wp-content\/uploads\/\/llibreriaSicilia-1-416x204.jpg 416w\" sizes=\"(max-width: 1536px) 100vw, 1536px\" title=\"llibreriaSicilia\" alt=\"\" \t\tclass=\"so-widget-image\"\/>\n\t<\/div>\n\n<\/div><\/div><\/div><\/div><div id=\"pg-8102-1\"  class=\"panel-grid panel-no-style\" ><div id=\"pgc-8102-1-0\"  class=\"panel-grid-cell\" ><div id=\"panel-8102-1-0-0\" class=\"so-panel widget widget_sow-editor panel-first-child panel-last-child\" data-index=\"1\" ><div\n\t\t\t\n\t\t\tclass=\"so-widget-sow-editor so-widget-sow-editor-base\"\n\t\t\t\n\t\t>\n<div class=\"siteorigin-widget-tinymce textwidget\">\n\t<p>Editorial Claret, S.L.U. constituida actualmente como empresa integrada (Editorial, Librer\u00eda y Distribuidora) es una iniciativa de los Misioneros Claretianos de Catalu\u00f1a que recoge una de las actividades a las que San Antonio M\u00aa Claret\u00a0otorg\u00f3\u00a0suma\u00a0importancia.<\/p>\n<p>San Antonio M\u00aa Claret se dio cuenta de la gran importancia del\u00a0uso de la prensa escrita para la tarea de la comunicaci\u00f3n del Evangelio. Sabemos de su intensa actividad como escritor, a partir de la primera publicaci\u00f3n de\u00a0<em>Camino Recto\u00a0<\/em>- entonces un peque\u00f1o op\u00fasculo de 48 p\u00e1ginas- en 1843. Conocemos el pensamiento de Claret sobre el servicio de la palabra escrita porque en su\u00a0<em>Autobiograf\u00eda<\/em>, cuando habla de los medios para el apostolado, le dedica una extensi\u00f3n considerable (cf. nn. 310-333 de la\u00a0<em>Autobiograf\u00eda de San Antonio M\u00aa Claret<\/em>).<\/p>\n<\/div>\n<\/div><\/div><\/div><div id=\"pgc-8102-1-1\"  class=\"panel-grid-cell\" ><div id=\"panel-8102-1-1-0\" class=\"so-panel widget widget_sow-editor panel-first-child panel-last-child\" data-index=\"2\" ><div\n\t\t\t\n\t\t\tclass=\"so-widget-sow-editor so-widget-sow-editor-base\"\n\t\t\t\n\t\t>\n<div class=\"siteorigin-widget-tinymce textwidget\">\n\t<p>Este inter\u00e9s de Claret qued\u00f3 plasmado en proyectos concretos, el m\u00e1s conocido de los cuales la\u00a0<em>Librer\u00eda Religiosa<\/em>, cuya producci\u00f3n entre los a\u00f1os 1848 y 1866 super\u00f3 los 2.800.000 libros, y los 5.000.000 si contamos op\u00fasculos y hojas volantes.<\/p>\n<p>Por fidelidad a esta historia, Editorial Claret tiene como misi\u00f3n promover el despertar, la iniciaci\u00f3n, la formaci\u00f3n y la transmisi\u00f3n de la fe cristiana y, en general, de valores humanizadores a trav\u00e9s de la edici\u00f3n, venta y distribuci\u00f3n de libros y materiales audiovisuales.<\/p>\n<p>\u00bfQu\u00e9 dicen de nosotros?<\/p>\n<p><a href=\"https:\/\/drive.google.com\/file\/d\/1ij8tJn_diWRkqz4wePr0J2r-fY2dgeEb\/view?usp=sharing\">Catalunya Cristiana,\u00a0 21\/04\/2024<\/a><\/p>\n<p><a href=\"https:\/\/www.estelfitxers.com\/podcasts\/2025-2026\/CAPITOL_84_20250912_CONEXIONES___EDITORIALES.mp3\">R\u00e0dio Estel, 12\/09\/2025<\/a><\/p>\n<p>&nbsp;<\/p>\n<\/div>\n<\/div><\/div><\/div><\/div><\/div>","protected":false},"excerpt":{"rendered":"<p>Editorial Claret, S.L.U. constituida actualmente como empresa integrada (Editorial, Librer\u00eda y Distribuidora) es una iniciativa de los Misioneros Claretianos de Catalu\u00f1a que recoge una de las actividades a las que San Antonio M\u00aa Claret\u00a0otorg\u00f3\u00a0suma\u00a0importancia. San Antonio M\u00aa Claret se dio cuenta de la gran importancia del\u00a0uso de la prensa escrita para la tarea de la [&hellip;]<\/p>\n","protected":false},"author":2,"featured_media":0,"parent":8100,"menu_order":1,"comment_status":"closed","ping_status":"closed","template":"template-fullwidth.php","meta":{"_acf_changed":false,"rs_blank_template":"","rs_page_bg_color":"","slide_template_v7":"","inline_featured_image":false,"_monsterinsights_skip_tracking":false,"_monsterinsights_sitenote_active":false,"_monsterinsights_sitenote_note":"","_monsterinsights_sitenote_category":0,"footnotes":""},"class_list":["post-8102","page","type-page","status-publish","hentry"],"acf":[],"yoast_head":"<!-- This site is optimized with the Yoast SEO plugin v27.3 - https:\/\/yoast.com\/product\/yoast-seo-wordpress\/ -->\n<title>Editorial Claret<\/title>\n<meta name=\"robots\" content=\"noindex, follow, max-snippet:-1, max-image-preview:large, max-video-preview:-1\" \/>\n<meta property=\"og:locale\" content=\"es_ES\" \/>\n<meta property=\"og:type\" content=\"article\" \/>\n<meta property=\"og:title\" content=\"\u00bfQui\u00e9nes somos? - Editorial Claret\" \/>\n<meta property=\"og:description\" content=\"Editorial Claret, S.L.U. constituida actualmente como empresa integrada (Editorial, Librer\u00eda y Distribuidora) es una iniciativa de los Misioneros Claretianos de Catalu\u00f1a que recoge una de las actividades a las que San Antonio M\u00aa Claret\u00a0otorg\u00f3\u00a0suma\u00a0importancia. San Antonio M\u00aa Claret se dio cuenta de la gran importancia del\u00a0uso de la prensa escrita para la tarea de la [&hellip;]\" \/>\n<meta property=\"og:url\" content=\"https:\/\/www.editorialclaret.cat\/es\/editorial\/quienes-somos\/\" \/>\n<meta property=\"og:site_name\" content=\"Editorial Claret\" \/>\n<meta property=\"article:modified_time\" content=\"2025-10-08T12:00:19+00:00\" \/>\n<meta name=\"twitter:card\" content=\"summary_large_image\" \/>\n<meta name=\"twitter:label1\" content=\"Tiempo de lectura\" \/>\n\t<meta name=\"twitter:data1\" content=\"2 minutos\" \/>\n<script type=\"application\/ld+json\" class=\"yoast-schema-graph\">{\"@context\":\"https:\\\/\\\/schema.org\",\"@graph\":[{\"@type\":\"WebPage\",\"@id\":\"https:\\\/\\\/www.editorialclaret.cat\\\/es\\\/editorial\\\/quienes-somos\\\/\",\"url\":\"https:\\\/\\\/www.editorialclaret.cat\\\/es\\\/editorial\\\/quienes-somos\\\/\",\"name\":\"\u00bfQui\u00e9nes somos? - Editorial Claret\",\"isPartOf\":{\"@id\":\"https:\\\/\\\/www.editorialclaret.cat\\\/#website\"},\"datePublished\":\"2022-09-07T16:16:22+00:00\",\"dateModified\":\"2025-10-08T12:00:19+00:00\",\"breadcrumb\":{\"@id\":\"https:\\\/\\\/www.editorialclaret.cat\\\/es\\\/editorial\\\/quienes-somos\\\/#breadcrumb\"},\"inLanguage\":\"es\",\"potentialAction\":[{\"@type\":\"ReadAction\",\"target\":[\"https:\\\/\\\/www.editorialclaret.cat\\\/es\\\/editorial\\\/quienes-somos\\\/\"]}]},{\"@type\":\"BreadcrumbList\",\"@id\":\"https:\\\/\\\/www.editorialclaret.cat\\\/es\\\/editorial\\\/quienes-somos\\\/#breadcrumb\",\"itemListElement\":[{\"@type\":\"ListItem\",\"position\":1,\"name\":\"Portada\",\"item\":\"https:\\\/\\\/www.editorialclaret.cat\\\/es\\\/\"},{\"@type\":\"ListItem\",\"position\":2,\"name\":\"Editorial\",\"item\":\"https:\\\/\\\/www.editorialclaret.cat\\\/es\\\/editorial\\\/\"},{\"@type\":\"ListItem\",\"position\":3,\"name\":\"\u00bfQui\u00e9nes somos?\"}]},{\"@type\":\"WebSite\",\"@id\":\"https:\\\/\\\/www.editorialclaret.cat\\\/#website\",\"url\":\"https:\\\/\\\/www.editorialclaret.cat\\\/\",\"name\":\"Editorial Claret\",\"description\":\"\",\"publisher\":{\"@id\":\"https:\\\/\\\/www.editorialclaret.cat\\\/#organization\"},\"potentialAction\":[{\"@type\":\"SearchAction\",\"target\":{\"@type\":\"EntryPoint\",\"urlTemplate\":\"https:\\\/\\\/www.editorialclaret.cat\\\/?s={search_term_string}\"},\"query-input\":{\"@type\":\"PropertyValueSpecification\",\"valueRequired\":true,\"valueName\":\"search_term_string\"}}],\"inLanguage\":\"es\"},{\"@type\":\"Organization\",\"@id\":\"https:\\\/\\\/www.editorialclaret.cat\\\/#organization\",\"name\":\"Editorial Claret\",\"url\":\"https:\\\/\\\/www.editorialclaret.cat\\\/\",\"logo\":{\"@type\":\"ImageObject\",\"inLanguage\":\"es\",\"@id\":\"https:\\\/\\\/www.editorialclaret.cat\\\/#\\\/schema\\\/logo\\\/image\\\/\",\"url\":\"https:\\\/\\\/www.editorialclaret.cat\\\/wp-content\\\/uploads\\\/.\\\/logo-claret.png\",\"contentUrl\":\"https:\\\/\\\/www.editorialclaret.cat\\\/wp-content\\\/uploads\\\/.\\\/logo-claret.png\",\"width\":194,\"height\":79,\"caption\":\"Editorial Claret\"},\"image\":{\"@id\":\"https:\\\/\\\/www.editorialclaret.cat\\\/#\\\/schema\\\/logo\\\/image\\\/\"}}]}<\/script>\n<!-- \/ Yoast SEO plugin. -->","yoast_head_json":{"title":"Editorial Claret","robots":{"index":"noindex","follow":"follow","max-snippet":"max-snippet:-1","max-image-preview":"max-image-preview:large","max-video-preview":"max-video-preview:-1"},"og_locale":"es_ES","og_type":"article","og_title":"\u00bfQui\u00e9nes somos? - Editorial Claret","og_description":"Editorial Claret, S.L.U. constituida actualmente como empresa integrada (Editorial, Librer\u00eda y Distribuidora) es una iniciativa de los Misioneros Claretianos de Catalu\u00f1a que recoge una de las actividades a las que San Antonio M\u00aa Claret\u00a0otorg\u00f3\u00a0suma\u00a0importancia. San Antonio M\u00aa Claret se dio cuenta de la gran importancia del\u00a0uso de la prensa escrita para la tarea de la [&hellip;]","og_url":"https:\/\/www.editorialclaret.cat\/es\/editorial\/quienes-somos\/","og_site_name":"Editorial Claret","article_modified_time":"2025-10-08T12:00:19+00:00","twitter_card":"summary_large_image","twitter_misc":{"Tiempo de lectura":"2 minutos"},"schema":{"@context":"https:\/\/schema.org","@graph":[{"@type":"WebPage","@id":"https:\/\/www.editorialclaret.cat\/es\/editorial\/quienes-somos\/","url":"https:\/\/www.editorialclaret.cat\/es\/editorial\/quienes-somos\/","name":"\u00bfQui\u00e9nes somos? - Editorial Claret","isPartOf":{"@id":"https:\/\/www.editorialclaret.cat\/#website"},"datePublished":"2022-09-07T16:16:22+00:00","dateModified":"2025-10-08T12:00:19+00:00","breadcrumb":{"@id":"https:\/\/www.editorialclaret.cat\/es\/editorial\/quienes-somos\/#breadcrumb"},"inLanguage":"es","potentialAction":[{"@type":"ReadAction","target":["https:\/\/www.editorialclaret.cat\/es\/editorial\/quienes-somos\/"]}]},{"@type":"BreadcrumbList","@id":"https:\/\/www.editorialclaret.cat\/es\/editorial\/quienes-somos\/#breadcrumb","itemListElement":[{"@type":"ListItem","position":1,"name":"Portada","item":"https:\/\/www.editorialclaret.cat\/es\/"},{"@type":"ListItem","position":2,"name":"Editorial","item":"https:\/\/www.editorialclaret.cat\/es\/editorial\/"},{"@type":"ListItem","position":3,"name":"\u00bfQui\u00e9nes somos?"}]},{"@type":"WebSite","@id":"https:\/\/www.editorialclaret.cat\/#website","url":"https:\/\/www.editorialclaret.cat\/","name":"Editorial Claret","description":"","publisher":{"@id":"https:\/\/www.editorialclaret.cat\/#organization"},"potentialAction":[{"@type":"SearchAction","target":{"@type":"EntryPoint","urlTemplate":"https:\/\/www.editorialclaret.cat\/?s={search_term_string}"},"query-input":{"@type":"PropertyValueSpecification","valueRequired":true,"valueName":"search_term_string"}}],"inLanguage":"es"},{"@type":"Organization","@id":"https:\/\/www.editorialclaret.cat\/#organization","name":"Editorial Claret","url":"https:\/\/www.editorialclaret.cat\/","logo":{"@type":"ImageObject","inLanguage":"es","@id":"https:\/\/www.editorialclaret.cat\/#\/schema\/logo\/image\/","url":"https:\/\/www.editorialclaret.cat\/wp-content\/uploads\/.\/logo-claret.png","contentUrl":"https:\/\/www.editorialclaret.cat\/wp-content\/uploads\/.\/logo-claret.png","width":194,"height":79,"caption":"Editorial Claret"},"image":{"@id":"https:\/\/www.editorialclaret.cat\/#\/schema\/logo\/image\/"}}]}},"_links":{"self":[{"href":"https:\/\/www.editorialclaret.cat\/es\/wp-json\/wp\/v2\/pages\/8102","targetHints":{"allow":["GET"]}}],"collection":[{"href":"https:\/\/www.editorialclaret.cat\/es\/wp-json\/wp\/v2\/pages"}],"about":[{"href":"https:\/\/www.editorialclaret.cat\/es\/wp-json\/wp\/v2\/types\/page"}],"author":[{"embeddable":true,"href":"https:\/\/www.editorialclaret.cat\/es\/wp-json\/wp\/v2\/users\/2"}],"replies":[{"embeddable":true,"href":"https:\/\/www.editorialclaret.cat\/es\/wp-json\/wp\/v2\/comments?post=8102"}],"version-history":[{"count":10,"href":"https:\/\/www.editorialclaret.cat\/es\/wp-json\/wp\/v2\/pages\/8102\/revisions"}],"predecessor-version":[{"id":69023,"href":"https:\/\/www.editorialclaret.cat\/es\/wp-json\/wp\/v2\/pages\/8102\/revisions\/69023"}],"up":[{"embeddable":true,"href":"https:\/\/www.editorialclaret.cat\/es\/wp-json\/wp\/v2\/pages\/8100"}],"wp:attachment":[{"href":"https:\/\/www.editorialclaret.cat\/es\/wp-json\/wp\/v2\/media?parent=8102"}],"curies":[{"name":"wp","href":"https:\/\/api.w.org\/{rel}","templated":true}]}}