{"id":8095,"date":"2022-07-28T17:55:08","date_gmt":"2022-07-28T15:55:08","guid":{"rendered":"http:\/\/dev.editorialclaret.cat\/?page_id=8095"},"modified":"2023-02-06T08:00:54","modified_gmt":"2023-02-06T07:00:54","slug":"novedades","status":"publish","type":"page","link":"https:\/\/www.editorialclaret.cat\/es\/novedades\/","title":{"rendered":"Novedades"},"content":{"rendered":"<div id=\"pl-8095\"  class=\"panel-layout\" ><div id=\"pg-8095-0\"  class=\"panel-grid panel-no-style\" ><div id=\"pgc-8095-0-0\"  class=\"panel-grid-cell\" ><ul class=\"loop-productos grid4 loadmore\"><li id=\"producto70488\"><a href=\"https:\/\/www.editorialclaret.cat\/es\/producto\/la-misa-de-cada-dia-abril-2026-9788491366287\/?c=\"><img decoding=\"async\" src=\"https:\/\/www.editorialclaret.cat\/wp-content\/uploads\/9788491366287-2-250x220.jpg\" alt=\"LA MISA DE CADA D\u00cdA. ABRIL 2026\" \/><div class=\"titulo\"><h3>LA MISA DE CADA D\u00cdA. ABRIL 2026<\/h3><\/div><div class=\"autor\">CLARET<\/div><p class=\"precio\"><span class=\"woocommerce-Price-amount amount\"><bdi>4,11&nbsp;<span class=\"woocommerce-Price-currencySymbol\">&euro;<\/span><\/bdi><\/span> <span class=\"tachado\"><span class=\"woocommerce-Price-amount amount\"><bdi>4,33&nbsp;<span class=\"woocommerce-Price-currencySymbol\">&euro;<\/span><\/bdi><\/span><\/span><\/p><\/a><a href=\"javascript:;\" class=\"btgenerico\" onclick=\"agregarcarro(70488,'es')\" rel=\"nofollow\"><img decoding=\"async\" src=\"\/wp-content\/uploads\/ico-bt-comprar.svg\" \/>Comprar<\/a><\/li><li id=\"producto70494\"><a href=\"https:\/\/www.editorialclaret.cat\/es\/producto\/la-misa-de-cada-dia-junio-2026-9788491366300\/?c=\"><img decoding=\"async\" src=\"https:\/\/www.editorialclaret.cat\/wp-content\/uploads\/9788491366300-2-250x220.jpg\" alt=\"LA MISA DE CADA D\u00cdA. JUNIO 2026\" \/><div class=\"titulo\"><h3>LA MISA DE CADA D\u00cdA. JUNIO 2026<\/h3><\/div><div class=\"autor\">CLARET<\/div><p class=\"precio\"><span class=\"woocommerce-Price-amount amount\"><bdi>4,11&nbsp;<span class=\"woocommerce-Price-currencySymbol\">&euro;<\/span><\/bdi><\/span> <span class=\"tachado\"><span class=\"woocommerce-Price-amount amount\"><bdi>4,33&nbsp;<span class=\"woocommerce-Price-currencySymbol\">&euro;<\/span><\/bdi><\/span><\/span><\/p><\/a><a href=\"javascript:;\" class=\"btgenerico\" onclick=\"agregarcarro(70494,'es')\" rel=\"nofollow\"><img decoding=\"async\" src=\"\/wp-content\/uploads\/ico-bt-comprar.svg\" \/>Comprar<\/a><\/li><li id=\"producto70491\"><a href=\"https:\/\/www.editorialclaret.cat\/es\/producto\/la-misa-de-cada-dia-mayo-2026-9788491366294\/?c=\"><img decoding=\"async\" src=\"https:\/\/www.editorialclaret.cat\/wp-content\/uploads\/9788491366294-2-250x220.jpg\" alt=\"LA MISA DE CADA D\u00cdA. MAYO 2026\" \/><div class=\"titulo\"><h3>LA MISA DE CADA D\u00cdA. MAYO 2026<\/h3><\/div><div class=\"autor\">CLARET<\/div><p class=\"precio\"><span class=\"woocommerce-Price-amount amount\"><bdi>4,11&nbsp;<span class=\"woocommerce-Price-currencySymbol\">&euro;<\/span><\/bdi><\/span> <span class=\"tachado\"><span class=\"woocommerce-Price-amount amount\"><bdi>4,33&nbsp;<span class=\"woocommerce-Price-currencySymbol\">&euro;<\/span><\/bdi><\/span><\/span><\/p><\/a><a href=\"javascript:;\" class=\"btgenerico\" onclick=\"agregarcarro(70491,'es')\" rel=\"nofollow\"><img decoding=\"async\" src=\"\/wp-content\/uploads\/ico-bt-comprar.svg\" \/>Comprar<\/a><\/li><li id=\"producto70215\"><a href=\"https:\/\/www.editorialclaret.cat\/es\/producto\/el-deficit-de-atencion-con-hiperactividad-9788491365983\/?c=\"><img decoding=\"async\" src=\"https:\/\/www.editorialclaret.cat\/wp-content\/uploads\/9788491365983-5.jpg\" alt=\"EL D\u00c9FICIT DE ATENCI\u00d3N CON HIPERACTIVIDAD\" \/><div class=\"titulo\"><h3>EL D\u00c9FICIT DE ATENCI\u00d3N CON...<\/h3><\/div><div class=\"autor\">FRANCESC M.  ROVIRA TODA<\/div><p class=\"precio\"><span class=\"woocommerce-Price-amount amount\"><bdi>20,09&nbsp;<span class=\"woocommerce-Price-currencySymbol\">&euro;<\/span><\/bdi><\/span> <span class=\"tachado\"><span class=\"woocommerce-Price-amount amount\"><bdi>21,15&nbsp;<span class=\"woocommerce-Price-currencySymbol\">&euro;<\/span><\/bdi><\/span><\/span><\/p><\/a><a href=\"javascript:;\" class=\"btgenerico\" onclick=\"agregarcarro(70215,'es')\" rel=\"nofollow\"><img decoding=\"async\" src=\"\/wp-content\/uploads\/ico-bt-comprar.svg\" \/>Comprar<\/a><\/li><li id=\"producto70098\"><a href=\"https:\/\/www.editorialclaret.cat\/es\/producto\/rezar-con-gaudi-desde-la-sagrada-familia-9788491366027\/?c=\"><img decoding=\"async\" src=\"https:\/\/www.editorialclaret.cat\/wp-content\/uploads\/9788491366027-5.jpg\" alt=\"REZAR CON GAUD\u00cd DESDE LA SAGRADA FAMILIA\" \/><div class=\"titulo\"><h3>REZAR CON GAUD\u00cd DESDE LA...<\/h3><\/div><div class=\"autor\">DAVID JOU<\/div><p class=\"precio\"><span class=\"woocommerce-Price-amount amount\"><bdi>17,81&nbsp;<span class=\"woocommerce-Price-currencySymbol\">&euro;<\/span><\/bdi><\/span> <span class=\"tachado\"><span class=\"woocommerce-Price-amount amount\"><bdi>18,75&nbsp;<span class=\"woocommerce-Price-currencySymbol\">&euro;<\/span><\/bdi><\/span><\/span><\/p><\/a><a href=\"javascript:;\" class=\"btgenerico\" onclick=\"agregarcarro(70098,'es')\" rel=\"nofollow\"><img decoding=\"async\" src=\"\/wp-content\/uploads\/ico-bt-comprar.svg\" \/>Comprar<\/a><\/li><li id=\"producto69771\"><a href=\"https:\/\/www.editorialclaret.cat\/es\/producto\/la-misa-de-cada-dia-enero-2026-9788491366256\/?c=\"><img decoding=\"async\" src=\"https:\/\/www.editorialclaret.cat\/wp-content\/uploads\/9788491366256-1-250x220.jpg\" alt=\"LA MISA DE CADA D\u00cdA. ENERO 2026\" \/><div class=\"titulo\"><h3>LA MISA DE CADA D\u00cdA. ENERO 2026<\/h3><\/div><div class=\"autor\">CLARET<\/div><p class=\"precio\"><span class=\"woocommerce-Price-amount amount\"><bdi>4,11&nbsp;<span class=\"woocommerce-Price-currencySymbol\">&euro;<\/span><\/bdi><\/span> <span class=\"tachado\"><span class=\"woocommerce-Price-amount amount\"><bdi>4,33&nbsp;<span class=\"woocommerce-Price-currencySymbol\">&euro;<\/span><\/bdi><\/span><\/span><\/p><\/a><a href=\"javascript:;\" class=\"btgenerico\" onclick=\"agregarcarro(69771,'es')\" rel=\"nofollow\"><img decoding=\"async\" src=\"\/wp-content\/uploads\/ico-bt-comprar.svg\" \/>Comprar<\/a><\/li><li id=\"producto69763\"><a href=\"https:\/\/www.editorialclaret.cat\/es\/producto\/la-misa-de-cada-dia-febrero-2026-9788491366263\/?c=\"><img decoding=\"async\" src=\"https:\/\/www.editorialclaret.cat\/wp-content\/uploads\/9788491366263-3-250x220.jpg\" alt=\"LA MISA DE CADA D\u00cdA. FEBRERO 2026\" \/><div class=\"titulo\"><h3>LA MISA DE CADA D\u00cdA. FEBRERO...<\/h3><\/div><div class=\"autor\">CLARET<\/div><p class=\"precio\"><span class=\"woocommerce-Price-amount amount\"><bdi>4,11&nbsp;<span class=\"woocommerce-Price-currencySymbol\">&euro;<\/span><\/bdi><\/span> <span class=\"tachado\"><span class=\"woocommerce-Price-amount amount\"><bdi>4,33&nbsp;<span class=\"woocommerce-Price-currencySymbol\">&euro;<\/span><\/bdi><\/span><\/span><\/p><\/a><a href=\"javascript:;\" class=\"btgenerico\" onclick=\"agregarcarro(69763,'es')\" rel=\"nofollow\"><img decoding=\"async\" src=\"\/wp-content\/uploads\/ico-bt-comprar.svg\" \/>Comprar<\/a><\/li><li id=\"producto69766\"><a href=\"https:\/\/www.editorialclaret.cat\/es\/producto\/la-misa-de-cada-dia-marzo-2026-9788491366270\/?c=\"><img decoding=\"async\" src=\"https:\/\/www.editorialclaret.cat\/wp-content\/uploads\/9788491366270-2-250x220.jpg\" alt=\"LA MISA DE CADA D\u00cdA. MARZO 2026\" \/><div class=\"titulo\"><h3>LA MISA DE CADA D\u00cdA. MARZO 2026<\/h3><\/div><div class=\"autor\">CLARET<\/div><p class=\"precio\"><span class=\"woocommerce-Price-amount amount\"><bdi>4,11&nbsp;<span class=\"woocommerce-Price-currencySymbol\">&euro;<\/span><\/bdi><\/span> <span class=\"tachado\"><span class=\"woocommerce-Price-amount amount\"><bdi>4,33&nbsp;<span class=\"woocommerce-Price-currencySymbol\">&euro;<\/span><\/bdi><\/span><\/span><\/p><\/a><a href=\"javascript:;\" class=\"btgenerico\" onclick=\"agregarcarro(69766,'es')\" rel=\"nofollow\"><img decoding=\"async\" src=\"\/wp-content\/uploads\/ico-bt-comprar.svg\" \/>Comprar<\/a><\/li><li id=\"producto68892\"><a href=\"https:\/\/www.editorialclaret.cat\/es\/producto\/la-misa-de-cada-dia-noviembre-2025-9788491365792\/?c=\"><img decoding=\"async\" src=\"https:\/\/www.editorialclaret.cat\/wp-content\/uploads\/9788491365792-1-250x220.jpg\" alt=\"LA MISA DE CADA D\u00cdA : NOVIEMBRE 2025\" \/><div class=\"titulo\"><h3>LA MISA DE CADA D\u00cdA :...<\/h3><\/div><div class=\"autor\">CLARET<\/div><p class=\"precio\"><span class=\"woocommerce-Price-amount amount\"><bdi>3,89&nbsp;<span class=\"woocommerce-Price-currencySymbol\">&euro;<\/span><\/bdi><\/span> <span class=\"tachado\"><span class=\"woocommerce-Price-amount amount\"><bdi>4,09&nbsp;<span class=\"woocommerce-Price-currencySymbol\">&euro;<\/span><\/bdi><\/span><\/span><\/p><\/a><a href=\"javascript:;\" class=\"btgenerico\" onclick=\"agregarcarro(68892,'es')\" rel=\"nofollow\"><img decoding=\"async\" src=\"\/wp-content\/uploads\/ico-bt-comprar.svg\" \/>Comprar<\/a><\/li><li id=\"producto68897\"><a href=\"https:\/\/www.editorialclaret.cat\/es\/producto\/la-misa-de-cada-dia-diciembre-2025-9788491365808\/?c=\"><img decoding=\"async\" src=\"https:\/\/www.editorialclaret.cat\/wp-content\/uploads\/9788491365808-1-250x220.jpg\" alt=\"LA MISA DE CADA D\u00cdA: DICIEMBRE 2025\" \/><div class=\"titulo\"><h3>LA MISA DE CADA D\u00cdA: DICIEMBRE ...<\/h3><\/div><div class=\"autor\">CLARET<\/div><p class=\"precio\"><span class=\"woocommerce-Price-amount amount\"><bdi>3,89&nbsp;<span class=\"woocommerce-Price-currencySymbol\">&euro;<\/span><\/bdi><\/span> <span class=\"tachado\"><span class=\"woocommerce-Price-amount amount\"><bdi>4,09&nbsp;<span class=\"woocommerce-Price-currencySymbol\">&euro;<\/span><\/bdi><\/span><\/span><\/p><\/a><a href=\"javascript:;\" class=\"btgenerico\" onclick=\"agregarcarro(68897,'es')\" rel=\"nofollow\"><img decoding=\"async\" src=\"\/wp-content\/uploads\/ico-bt-comprar.svg\" \/>Comprar<\/a><\/li><li id=\"producto68887\"><a href=\"https:\/\/www.editorialclaret.cat\/es\/producto\/la-misa-de-cada-dia-octubre-2025-9788491365785\/?c=\"><img decoding=\"async\" src=\"https:\/\/www.editorialclaret.cat\/wp-content\/uploads\/9788491365785-2-250x220.jpg\" alt=\"LA MISA DE CADA D\u00cdA: OCTUBRE 2025\" \/><div class=\"titulo\"><h3>LA MISA DE CADA D\u00cdA: OCTUBRE...<\/h3><\/div><div class=\"autor\">CLARET<\/div><p class=\"precio\"><span class=\"woocommerce-Price-amount amount\"><bdi>3,89&nbsp;<span class=\"woocommerce-Price-currencySymbol\">&euro;<\/span><\/bdi><\/span> <span class=\"tachado\"><span class=\"woocommerce-Price-amount amount\"><bdi>4,09&nbsp;<span class=\"woocommerce-Price-currencySymbol\">&euro;<\/span><\/bdi><\/span><\/span><\/p><\/a><a href=\"javascript:;\" class=\"btgenerico\" onclick=\"agregarcarro(68887,'es')\" rel=\"nofollow\"><img decoding=\"async\" src=\"\/wp-content\/uploads\/ico-bt-comprar.svg\" \/>Comprar<\/a><\/li><li id=\"producto68361\"><a href=\"https:\/\/www.editorialclaret.cat\/es\/producto\/aplicacion-de-la-sinodalidad-9788491365945\/?c=\"><img decoding=\"async\" src=\"https:\/\/www.editorialclaret.cat\/wp-content\/uploads\/9788491365945-7.jpg\" alt=\"APLICACI\u00d3N DE LA SINODALIDAD\" \/><div class=\"titulo\"><h3>APLICACI\u00d3N DE LA SINODALIDAD<\/h3><\/div><div class=\"autor\">LLU\u00cdS MART\u00cdNEZ SISTACH<\/div><p class=\"precio\"><span class=\"woocommerce-Price-amount amount\"><bdi>15,08&nbsp;<span class=\"woocommerce-Price-currencySymbol\">&euro;<\/span><\/bdi><\/span> <span class=\"tachado\"><span class=\"woocommerce-Price-amount amount\"><bdi>15,87&nbsp;<span class=\"woocommerce-Price-currencySymbol\">&euro;<\/span><\/bdi><\/span><\/span><\/p><\/a><a href=\"javascript:;\" class=\"btgenerico\" onclick=\"agregarcarro(68361,'es')\" rel=\"nofollow\"><img decoding=\"async\" src=\"\/wp-content\/uploads\/ico-bt-comprar.svg\" \/>Comprar<\/a><\/li><\/ul><div class=\"elm-wrapper\">\n  <button class=\"elm-button\" data-href=\"https:\/\/www.editorialclaret.cat\/es\/wp-json\/wp\/v2\/pages\/8095\" data-page=\"1\" data-max-pages=\"0\">\n    <div class=\"elm-loading-anim\">Cargando...<\/div>\n    <span class=\"elm-button-text\">Cargar m\u00e1s libros<\/span>\n  <\/button>\n<\/div>\n<div id=\"panel-8095-0-0-0\" class=\"so-panel widget widget_sow-editor panel-first-child panel-last-child\" data-index=\"0\" ><div\n\t\t\t\n\t\t\tclass=\"so-widget-sow-editor so-widget-sow-editor-base\"\n\t\t\t\n\t\t>\n<div class=\"siteorigin-widget-tinymce textwidget\">\n\t\n<\/div>\n<\/div><\/div><\/div><\/div><\/div>","protected":false},"excerpt":{"rendered":"<p>LA MISA DE CADA D\u00cdA. ABRIL 2026CLARET4,11&nbsp;&euro; 4,33&nbsp;&euro;ComprarLA MISA DE CADA D\u00cdA. JUNIO 2026CLARET4,11&nbsp;&euro; 4,33&nbsp;&euro;ComprarLA MISA DE CADA D\u00cdA. MAYO 2026CLARET4,11&nbsp;&euro; 4,33&nbsp;&euro;ComprarEL D\u00c9FICIT DE ATENCI\u00d3N CON&#8230;FRANCESC M. ROVIRA TODA20,09&nbsp;&euro; 21,15&nbsp;&euro;ComprarREZAR CON GAUD\u00cd DESDE LA&#8230;DAVID JOU17,81&nbsp;&euro; 18,75&nbsp;&euro;ComprarLA MISA DE CADA D\u00cdA. ENERO 2026CLARET4,11&nbsp;&euro; 4,33&nbsp;&euro;ComprarLA MISA DE CADA D\u00cdA. FEBRERO&#8230;CLARET4,11&nbsp;&euro; 4,33&nbsp;&euro;ComprarLA MISA DE CADA D\u00cdA. MARZO 2026CLARET4,11&nbsp;&euro; [&hellip;]<\/p>\n","protected":false},"author":2,"featured_media":0,"parent":0,"menu_order":5,"comment_status":"closed","ping_status":"closed","template":"template-fullwidth.php","meta":{"_acf_changed":false,"rs_blank_template":"","rs_page_bg_color":"","slide_template_v7":"","inline_featured_image":false,"_monsterinsights_skip_tracking":false,"_monsterinsights_sitenote_active":false,"_monsterinsights_sitenote_note":"","_monsterinsights_sitenote_category":0,"footnotes":""},"class_list":["post-8095","page","type-page","status-publish","hentry"],"acf":[],"yoast_head":"<!-- This site is optimized with the Yoast SEO plugin v27.3 - https:\/\/yoast.com\/product\/yoast-seo-wordpress\/ -->\n<title>Editorial Claret<\/title>\n<meta name=\"robots\" content=\"noindex, follow, max-snippet:-1, max-image-preview:large, max-video-preview:-1\" \/>\n<meta property=\"og:locale\" content=\"es_ES\" \/>\n<meta property=\"og:type\" content=\"article\" \/>\n<meta property=\"og:title\" content=\"Novedades - Editorial Claret\" \/>\n<meta property=\"og:description\" content=\"LA MISA DE CADA D\u00cdA. ABRIL 2026CLARET4,11&nbsp;&euro; 4,33&nbsp;&euro;ComprarLA MISA DE CADA D\u00cdA. JUNIO 2026CLARET4,11&nbsp;&euro; 4,33&nbsp;&euro;ComprarLA MISA DE CADA D\u00cdA. MAYO 2026CLARET4,11&nbsp;&euro; 4,33&nbsp;&euro;ComprarEL D\u00c9FICIT DE ATENCI\u00d3N CON...FRANCESC M. ROVIRA TODA20,09&nbsp;&euro; 21,15&nbsp;&euro;ComprarREZAR CON GAUD\u00cd DESDE LA...DAVID JOU17,81&nbsp;&euro; 18,75&nbsp;&euro;ComprarLA MISA DE CADA D\u00cdA. ENERO 2026CLARET4,11&nbsp;&euro; 4,33&nbsp;&euro;ComprarLA MISA DE CADA D\u00cdA. FEBRERO...CLARET4,11&nbsp;&euro; 4,33&nbsp;&euro;ComprarLA MISA DE CADA D\u00cdA. MARZO 2026CLARET4,11&nbsp;&euro; [&hellip;]\" \/>\n<meta property=\"og:url\" content=\"https:\/\/www.editorialclaret.cat\/es\/novedades\/\" \/>\n<meta property=\"og:site_name\" content=\"Editorial Claret\" \/>\n<meta property=\"article:modified_time\" content=\"2023-02-06T07:00:54+00:00\" \/>\n<meta name=\"twitter:card\" content=\"summary_large_image\" \/>\n<meta name=\"twitter:label1\" content=\"Tiempo de lectura\" \/>\n\t<meta name=\"twitter:data1\" content=\"1 minuto\" \/>\n<script type=\"application\/ld+json\" class=\"yoast-schema-graph\">{\"@context\":\"https:\\\/\\\/schema.org\",\"@graph\":[{\"@type\":\"WebPage\",\"@id\":\"https:\\\/\\\/www.editorialclaret.cat\\\/es\\\/novedades\\\/\",\"url\":\"https:\\\/\\\/www.editorialclaret.cat\\\/es\\\/novedades\\\/\",\"name\":\"Novedades - Editorial Claret\",\"isPartOf\":{\"@id\":\"https:\\\/\\\/www.editorialclaret.cat\\\/#website\"},\"datePublished\":\"2022-07-28T15:55:08+00:00\",\"dateModified\":\"2023-02-06T07:00:54+00:00\",\"breadcrumb\":{\"@id\":\"https:\\\/\\\/www.editorialclaret.cat\\\/es\\\/novedades\\\/#breadcrumb\"},\"inLanguage\":\"es\",\"potentialAction\":[{\"@type\":\"ReadAction\",\"target\":[\"https:\\\/\\\/www.editorialclaret.cat\\\/es\\\/novedades\\\/\"]}]},{\"@type\":\"BreadcrumbList\",\"@id\":\"https:\\\/\\\/www.editorialclaret.cat\\\/es\\\/novedades\\\/#breadcrumb\",\"itemListElement\":[{\"@type\":\"ListItem\",\"position\":1,\"name\":\"Portada\",\"item\":\"https:\\\/\\\/www.editorialclaret.cat\\\/es\\\/\"},{\"@type\":\"ListItem\",\"position\":2,\"name\":\"Novedades\"}]},{\"@type\":\"WebSite\",\"@id\":\"https:\\\/\\\/www.editorialclaret.cat\\\/#website\",\"url\":\"https:\\\/\\\/www.editorialclaret.cat\\\/\",\"name\":\"Editorial Claret\",\"description\":\"\",\"publisher\":{\"@id\":\"https:\\\/\\\/www.editorialclaret.cat\\\/#organization\"},\"potentialAction\":[{\"@type\":\"SearchAction\",\"target\":{\"@type\":\"EntryPoint\",\"urlTemplate\":\"https:\\\/\\\/www.editorialclaret.cat\\\/?s={search_term_string}\"},\"query-input\":{\"@type\":\"PropertyValueSpecification\",\"valueRequired\":true,\"valueName\":\"search_term_string\"}}],\"inLanguage\":\"es\"},{\"@type\":\"Organization\",\"@id\":\"https:\\\/\\\/www.editorialclaret.cat\\\/#organization\",\"name\":\"Editorial Claret\",\"url\":\"https:\\\/\\\/www.editorialclaret.cat\\\/\",\"logo\":{\"@type\":\"ImageObject\",\"inLanguage\":\"es\",\"@id\":\"https:\\\/\\\/www.editorialclaret.cat\\\/#\\\/schema\\\/logo\\\/image\\\/\",\"url\":\"https:\\\/\\\/www.editorialclaret.cat\\\/wp-content\\\/uploads\\\/.\\\/logo-claret.png\",\"contentUrl\":\"https:\\\/\\\/www.editorialclaret.cat\\\/wp-content\\\/uploads\\\/.\\\/logo-claret.png\",\"width\":194,\"height\":79,\"caption\":\"Editorial Claret\"},\"image\":{\"@id\":\"https:\\\/\\\/www.editorialclaret.cat\\\/#\\\/schema\\\/logo\\\/image\\\/\"}}]}<\/script>\n<!-- \/ Yoast SEO plugin. -->","yoast_head_json":{"title":"Editorial Claret","robots":{"index":"noindex","follow":"follow","max-snippet":"max-snippet:-1","max-image-preview":"max-image-preview:large","max-video-preview":"max-video-preview:-1"},"og_locale":"es_ES","og_type":"article","og_title":"Novedades - Editorial Claret","og_description":"LA MISA DE CADA D\u00cdA. ABRIL 2026CLARET4,11&nbsp;&euro; 4,33&nbsp;&euro;ComprarLA MISA DE CADA D\u00cdA. JUNIO 2026CLARET4,11&nbsp;&euro; 4,33&nbsp;&euro;ComprarLA MISA DE CADA D\u00cdA. MAYO 2026CLARET4,11&nbsp;&euro; 4,33&nbsp;&euro;ComprarEL D\u00c9FICIT DE ATENCI\u00d3N CON...FRANCESC M. ROVIRA TODA20,09&nbsp;&euro; 21,15&nbsp;&euro;ComprarREZAR CON GAUD\u00cd DESDE LA...DAVID JOU17,81&nbsp;&euro; 18,75&nbsp;&euro;ComprarLA MISA DE CADA D\u00cdA. ENERO 2026CLARET4,11&nbsp;&euro; 4,33&nbsp;&euro;ComprarLA MISA DE CADA D\u00cdA. FEBRERO...CLARET4,11&nbsp;&euro; 4,33&nbsp;&euro;ComprarLA MISA DE CADA D\u00cdA. MARZO 2026CLARET4,11&nbsp;&euro; [&hellip;]","og_url":"https:\/\/www.editorialclaret.cat\/es\/novedades\/","og_site_name":"Editorial Claret","article_modified_time":"2023-02-06T07:00:54+00:00","twitter_card":"summary_large_image","twitter_misc":{"Tiempo de lectura":"1 minuto"},"schema":{"@context":"https:\/\/schema.org","@graph":[{"@type":"WebPage","@id":"https:\/\/www.editorialclaret.cat\/es\/novedades\/","url":"https:\/\/www.editorialclaret.cat\/es\/novedades\/","name":"Novedades - Editorial Claret","isPartOf":{"@id":"https:\/\/www.editorialclaret.cat\/#website"},"datePublished":"2022-07-28T15:55:08+00:00","dateModified":"2023-02-06T07:00:54+00:00","breadcrumb":{"@id":"https:\/\/www.editorialclaret.cat\/es\/novedades\/#breadcrumb"},"inLanguage":"es","potentialAction":[{"@type":"ReadAction","target":["https:\/\/www.editorialclaret.cat\/es\/novedades\/"]}]},{"@type":"BreadcrumbList","@id":"https:\/\/www.editorialclaret.cat\/es\/novedades\/#breadcrumb","itemListElement":[{"@type":"ListItem","position":1,"name":"Portada","item":"https:\/\/www.editorialclaret.cat\/es\/"},{"@type":"ListItem","position":2,"name":"Novedades"}]},{"@type":"WebSite","@id":"https:\/\/www.editorialclaret.cat\/#website","url":"https:\/\/www.editorialclaret.cat\/","name":"Editorial Claret","description":"","publisher":{"@id":"https:\/\/www.editorialclaret.cat\/#organization"},"potentialAction":[{"@type":"SearchAction","target":{"@type":"EntryPoint","urlTemplate":"https:\/\/www.editorialclaret.cat\/?s={search_term_string}"},"query-input":{"@type":"PropertyValueSpecification","valueRequired":true,"valueName":"search_term_string"}}],"inLanguage":"es"},{"@type":"Organization","@id":"https:\/\/www.editorialclaret.cat\/#organization","name":"Editorial Claret","url":"https:\/\/www.editorialclaret.cat\/","logo":{"@type":"ImageObject","inLanguage":"es","@id":"https:\/\/www.editorialclaret.cat\/#\/schema\/logo\/image\/","url":"https:\/\/www.editorialclaret.cat\/wp-content\/uploads\/.\/logo-claret.png","contentUrl":"https:\/\/www.editorialclaret.cat\/wp-content\/uploads\/.\/logo-claret.png","width":194,"height":79,"caption":"Editorial Claret"},"image":{"@id":"https:\/\/www.editorialclaret.cat\/#\/schema\/logo\/image\/"}}]}},"_links":{"self":[{"href":"https:\/\/www.editorialclaret.cat\/es\/wp-json\/wp\/v2\/pages\/8095","targetHints":{"allow":["GET"]}}],"collection":[{"href":"https:\/\/www.editorialclaret.cat\/es\/wp-json\/wp\/v2\/pages"}],"about":[{"href":"https:\/\/www.editorialclaret.cat\/es\/wp-json\/wp\/v2\/types\/page"}],"author":[{"embeddable":true,"href":"https:\/\/www.editorialclaret.cat\/es\/wp-json\/wp\/v2\/users\/2"}],"replies":[{"embeddable":true,"href":"https:\/\/www.editorialclaret.cat\/es\/wp-json\/wp\/v2\/comments?post=8095"}],"version-history":[{"count":3,"href":"https:\/\/www.editorialclaret.cat\/es\/wp-json\/wp\/v2\/pages\/8095\/revisions"}],"predecessor-version":[{"id":49959,"href":"https:\/\/www.editorialclaret.cat\/es\/wp-json\/wp\/v2\/pages\/8095\/revisions\/49959"}],"wp:attachment":[{"href":"https:\/\/www.editorialclaret.cat\/es\/wp-json\/wp\/v2\/media?parent=8095"}],"curies":[{"name":"wp","href":"https:\/\/api.w.org\/{rel}","templated":true}]}}