{"id":7447,"date":"2022-07-22T20:25:53","date_gmt":"2022-07-22T18:25:53","guid":{"rendered":"http:\/\/dev.editorialclaret.cat\/?page_id=7447"},"modified":"2023-11-08T12:35:32","modified_gmt":"2023-11-08T11:35:32","slug":"politica-de-cookies","status":"publish","type":"page","link":"https:\/\/www.editorialclaret.cat\/es\/politica-de-cookies\/","title":{"rendered":"Pol\u00edtica de cookies"},"content":{"rendered":"<div id=\"pl-7447\"  class=\"panel-layout\" ><div id=\"pg-7447-0\"  class=\"panel-grid panel-no-style\" ><div id=\"pgc-7447-0-0\"  class=\"panel-grid-cell\" ><div id=\"panel-7447-0-0-0\" class=\"so-panel widget widget_sow-editor panel-first-child panel-last-child\" data-index=\"0\" ><div\n\t\t\t\n\t\t\tclass=\"so-widget-sow-editor so-widget-sow-editor-base\"\n\t\t\t\n\t\t>\n<div class=\"siteorigin-widget-tinymce textwidget\">\n\t<h2>I. Objetivo<\/h2>\n<ol style=\"list-style-type: lower-latin;\">\n<li>Editorial Claret, S.L.U. (Editorial Claret) reconoce la importancia de la normativa y regulaci\u00f3n vigente en materia de privacidad y protecci\u00f3n de datos. En este sentido, la protecci\u00f3n de la seguridad, integridad y confidencialidad de la informaci\u00f3n de nuestros clientes y usuarios es muy relevante para nosotros y, por tanto, queremos actuar de forma responsable en esta materia. La presente pol\u00edtica describe la pol\u00edtica de cookies que utilizamos en nuestra p\u00e1gina web <a href=\"https:\/\/www.editorialclaret.cat\">www.editorialclaret.cat<\/a> (Web de Editorial Claret).<\/li>\n<li>A efectos de la presente pol\u00edtica de cookies, ser\u00e1 de aplicaci\u00f3n conjunta las disposiciones contenidas en el aviso legal y la pol\u00edtica de privacidad.<\/li>\n<\/ol>\n<h2>II. Aceptaci\u00f3n de la pol\u00edtica de <em>cookies<\/em><\/h2>\n<ol style=\"list-style-type: lower-latin;\">\n<li>Tal como hemos indicado en la primera capa (\u201cbanner sobre cookies\u201d) el usuario ha aceptado o puede aceptar la presente pol\u00edtica de cookies.<\/li>\n<li>El hecho de que un usuario haga servir medios t\u00e9cnicos para impedir la descarga de cookies en su navegador, no invalida el consentimiento prestado a efectos jur\u00eddicos, aunque el resultado t\u00e9cnico pudiera implicar la no descarga parcial o total con los efectos que se describen en la cl\u00e1usula 3.d de la presente pol\u00edtica de cookies.<\/li>\n<\/ol>\n<h2>III. <em>Cookies<\/em><\/h2>\n<ol style=\"list-style-type: lower-latin;\">\n<li>En Editorial Claret utilizamos cookies con el objetivo de hacer m\u00e1s funcional y \u00fatil la navegaci\u00f3n de los usuarios en nuestra web de Editorial Claret. En este sentido y con el objeto de garantizar al usuario toda la informaci\u00f3n necesaria para una correcta navegaci\u00f3n, ponemos a disposici\u00f3n el siguiente texto informativo de qu\u00e9 son las cookies, qu\u00e9 tipolog\u00eda existe en nuestra web y c\u00f3mo las puede inhabilitar.<\/li>\n<li>Actualmente, todas las p\u00e1ginas web (independientemente del servicio prestado) utilizan cookies, es decir, almacenan informaci\u00f3n de la utilizaci\u00f3n realizada por el usuario en una p\u00e1gina web. Es por esto que una cookie puede definirse como un peque\u00f1o archivo de texto o dispositivo de uso generalizado que se descarga en el equipo terminal del usuario cuando navega por las p\u00e1ginas web con la finalidad de almacenar datos que podr\u00e1n ser actualizados y recuperados por la entidad responsable de su instalaci\u00f3n. Las cookies permiten a la Editorial Claret almacenar y recuperar informaci\u00f3n sobre los h\u00e1bitos de navegaci\u00f3n del usuario y, dependiendo de la informaci\u00f3n que contenga y de la forma en que se utilice en su equipo, pueden reconocer al usuario.<\/li>\n<li>En esta web utilizamos las siguientes cookies:<\/li>\n<\/ol>\n<p style=\"padding-left: 40px;\"><strong><em>Cookies<\/em><\/strong><strong> anal\u00edticas:<\/strong> Son aquellas que permiten al responsable el seguimiento y an\u00e1lisis del comportamiento de los usuarios de los lugares web a los cuales est\u00e1n vinculados. La informaci\u00f3n recogida mediante este tipo de <em>cookies<\/em> se utiliza\u00a0 para\u00a0 medici\u00f3n de la actividad de los lugares web, aplicaciones o plataformas y para la elaboraci\u00f3n de perfiles de navegaci\u00f3n de los usuarios de lugares, aplicaciones y plataformas, con la finalidad de introducir mejoras en las funciones de an\u00e1lisis de los datos de uso que hacen los usuarios del servicio.<\/p>\n<p style=\"padding-left: 40px;\"><strong><em>Cookies<\/em><\/strong><strong> de terceros:<\/strong> Son aquellas que se env\u00edan al equipo terminal del usuario desde un equipo o dominio que no est\u00e1 gestionado per el editor, sino por otra entidad que trata los datos obtenidos a trav\u00e9s de las <em>cookies<\/em>.<\/p>\n<p style=\"padding-left: 40px;\"><strong><em>Cookies<\/em><\/strong><strong> persistentes:<\/strong> Son un tipo de <em>cookies<\/em> en las que los datos contin\u00faan almacenados en la terminal y pueden ser accesibles y tratados durante un periodo definido per el responsable de la <em>cookie<\/em>.<\/p>\n<p style=\"padding-left: 40px;\"><strong><em>Cookies<\/em> t\u00e9cnicas:<\/strong> Son las que permiten al usuario la navegaci\u00f3n a trav\u00e9s de una p\u00e1gina web, plataforma o aplicaci\u00f3n y la utilizaci\u00f3n de les diferentes opciones o servicios que existen como, por ejemplo, controlar el tr\u00e1fico y la comunicaci\u00f3n de datos, identificar la sesi\u00f3n, acceder a las partes de acceso restringido, recordar los elementos que integran un pedido, realizar el proceso de compra de un pedido, realizar la solicitud de inscripci\u00f3n o participaci\u00f3n en un evento, utilizar elementos de seguridad durante la navegaci\u00f3n, almacenar contenidos para la difusi\u00f3n de v\u00eddeos y sonido o compartir contenidos a trav\u00e9s de redes sociales.<\/p>\n<p style=\"font-weight: 400;\">A continuaci\u00f3n, detallamos las <em>cookies<\/em> que utilizamos en la web de editorial Claret<\/p>\n<p style=\"font-weight: 400; padding-left: 40px;\"><strong>Google, Inc.:<\/strong> Nuestra web utiliza Google Analytics. Estas <em>cookies<\/em> se utilizan para recopilar informaci\u00f3n sobre c\u00f3mo los usuarios utilizan nuestra web. La informaci\u00f3n an\u00f3nima que generan las <em>cookies<\/em> en la web de editorial Claret (incluyendo la direcci\u00f3n IP) ser\u00e1 directamente transmitida y archivada por Google en sus servidores. Entre otras cosas, incluye el n\u00famero de visitantes al sitio web, de donde han accedido los usuarios en la web de editorial Claret y las p\u00e1ginas que visitaron en la web.<\/p>\n<p style=\"font-weight: 400; padding-left: 40px;\">Google usar\u00e1 esta informaci\u00f3n por nuestra cuenta con el prop\u00f3sito de hacer el seguimiento del uso de la web de editorial Claret, recopilando informes de la actividad del sitio web y prestando otros servicios relacionados con la actividad de la web y el uso de Internet. Google podr\u00e1 transmitir dicha informaci\u00f3n a terceros cuando as\u00ed se lo requiera la legislaci\u00f3n aplicable, o cuando dichos terceros procesen la informaci\u00f3n por cuenta de Google. Al utilizar la web de editorial Claret, el usuario consiente el tratamiento de sus datos por Google en la forma y para los fines arriba indicados.<\/p>\n<p style=\"padding-left: 40px;\"><strong>Procedimiento de oposici\u00f3n a la instalaci\u00f3n de las <em>cookies<\/em>. <\/strong>La mayor\u00eda de ordenadores acepta la utilizaci\u00f3n de cookies autom\u00e1ticamente. A\u00fan as\u00ed, el usuario tiene la posibilidad de decidir si mantiene las <em>cookies<\/em> habilitadas o no en su ordenador. El hecho de inhabilitar las <em>cookies<\/em> puede implicar la p\u00e9rdida de un funcionamiento \u00f3ptimo de la web de editorial Claret, quedando inhabilitadas algunas de las caracter\u00edsticas o servicios prestados por esta (por ejemplo, imposibilidad de utilizar la compra de todos los productos seleccionados o la imposibilidad registrarse, entre otros). Sin embargo, habiendo desactivado todas las <em>cookies<\/em>, el navegador web recoge determinada informaci\u00f3n esencial para el funcionamiento b\u00e1sico de la web de editorial Claret.<\/p>\n<p style=\"font-weight: 400; padding-left: 40px;\"><strong>\u00a0<\/strong>El usuario que desee inhabilitar las <em>cookies<\/em> puede hacerlo desde la secci\u00f3n de preferencias de su navegador de Internet. A continuaci\u00f3n, se detalla c\u00f3mo desactivar las <em>cookies<\/em> en los navegadores m\u00e1s populares. Las siguientes instrucciones pueden estar sujetas a modificaciones por parte de los navegadores:<\/p>\n<p style=\"font-weight: 400;\"><strong>Google Chrome<\/strong><\/p>\n<ol>\n<li>Abre el navegador Google Chrome en el ordenador;<\/li>\n<li>En la parte superior derecha, haz clic en el signo de tres puntos en la columna y posteriormente haz clic en \"Configuraci\u00f3n\";<\/li>\n<li>En la parte inferior, haz clic en \"Mostrar configuraci\u00f3n avanzada\";<\/li>\n<li>En la secci\u00f3n de privacidad, haz clic en \"Configuraci\u00f3n de contenido\";<\/li>\n<li>En la secci\u00f3n de \"<em>cookies<\/em>\", haz clic en \"Todas las <em>cookies<\/em> y los datos de sitios\"; y<\/li>\n<li>Para eliminar todas las <em>cookies<\/em>, haz clic en \"eliminar todo\"; o<\/li>\n<li>Para eliminar una <em>cookie<\/em> espec\u00edfica, haz clic en el sitio web concreto y haz clic en el bot\u00f3n de la derecha.<\/li>\n<\/ol>\n<p style=\"font-weight: 400;\"><strong>Internet Explorer<\/strong><\/p>\n<ol>\n<li>Haz clic en \"herramientas\";<\/li>\n<li>Haz clic en \"Seguridad\" y seleccione \"Eliminar historial de exploraci\u00f3n\"; y<\/li>\n<li>Active la casilla \"<em>Cookies<\/em> y datos del sitio web\" y haz clic en \"Eliminar\".<\/li>\n<\/ol>\n<p style=\"font-weight: 400;\"><strong>Mozilla<\/strong><\/p>\n<ol>\n<li>Abre Firefox;<\/li>\n<li>Seleccione la pesta\u00f1a que se encuentra al lado de la barra de direcciones;<\/li>\n<li>Seleccione el icono del engranaje; y<\/li>\n<li>Haz clic en el bot\u00f3n \"Limpiar las <em>cookies<\/em> y los datos almacenados\" y, para confirmarlo, haz clic en \"aceptar\".<\/li>\n<\/ol>\n<p style=\"font-weight: 400;\"><strong>Safari<\/strong><\/p>\n<ol>\n<li>Abre Safari y seleccione \"Preferencias\";<\/li>\n<li>Haz clic en \"Privacidad\" y realice cualquiera de las siguientes operaciones;<\/li>\n<li>Haz clic en \"Eliminar todos los datos de los sitios web\"; o<\/li>\n<li>En el apartado \"Detalles\", seleccione el sitio web y haz clic en \"Eliminar\".<\/li>\n<\/ol>\n<p><strong>Prestaci\u00f3n del consentimiento<\/strong><br \/>\nLe informamos que si usted hace clic en el bot\u00f3n \"ACEPTAR\" del banner informativo, usted acepta la instalaci\u00f3n de las Cookies anteriormente indicadas en su dispositivo.<\/p>\n<p><strong>Denegaci\u00f3n del consentimiento<\/strong><br \/>\nPara cada una de las Cookies indicadas m\u00e1s arriba, ponemos a su disposici\u00f3n la opci\u00f3n de desactivarlas haciendo clic en el enlace que se encuentra en la columna \"Configurar\/Desactivar\", que dirige a la funci\u00f3n de Configurar\/Desactivar del proveedor de las Cookies.<\/p>\n<p><strong>Configuraci\u00f3n de su navegador para el uso de las Cookies<\/strong><br \/>\nEn cumplimiento de la normativa legal vigente, ponemos a su disposici\u00f3n la informaci\u00f3n que le permite configurar sus navegadores\/Internet para mantener su privacidad y seguridad en relaci\u00f3n con las Cookies. Por lo tanto, proporcionamos informaci\u00f3n y enlaces a los centros de ayuda oficiales de los principales navegadores para que pueda decidir si quiere o no quiere aceptar el uso de Cookies.<\/p>\n<p>Puede bloquear las Cookies a trav\u00e9s de las herramientas de configuraci\u00f3n del navegador, o bien puede configurar su navegador para que le avise cuando un servidor quiera guardar una Cookie:<\/p>\n<p>Si utiliza Microsoft Internet Explorer, encontrar\u00e1 la opci\u00f3n en el men\u00fa \"Herramientas\/Opciones de Internet\/Privacidad\/Ajustes\".<br \/>\nPara m\u00e1s informaci\u00f3n, visite: <a href=\"http:\/\/windows.microsoft.com\/es-es\/windows-vista\/block-or-allow-Cookies y windows.microsoft.com\/es-es\/windows7\/how-to-manage-Cookies-in-internet-explorer-9\">windows.microsoft.com\/es-es\/windows-vista\/block-or-allow-Cookies y windows.microsoft.com\/es-es\/windows7\/how-to-manage-Cookies-in-internet-explorer-9<\/a><br \/>\n- Si utiliza Firefox, encontrar\u00e1 la opci\u00f3n en el men\u00fa \"Herramientas\/Opciones\/Privacidad\/Cookies\".<br \/>\nPara m\u00e1s informaci\u00f3n, visite:<a href=\"http:\/\/support.mozilla.org\/es\/kb\/habilitar-y-deshabilitar-Cookies-que-los-sitios-we\"> support.mozilla.org\/es\/kb\/habilitar-y-deshabilitar-Cookies-que-los-sitios-we<\/a><br \/>\n- Si utiliza Chrome, bajo \"Configuraci\u00f3n\/Privacidad y seguridad\".<br \/>\nPara m\u00e1s informaci\u00f3n, visite: <a href=\"http:\/\/support.google.com\/accounts\/answer\/61416?hl=en\">support.google.com\/accounts\/answer\/61416?hl=en<\/a><br \/>\n- Si utiliza Opera, en la opci\u00f3n de \"Seguridad y privacidad\", puede configurar el navegador.<br \/>\nPara m\u00e1s informaci\u00f3n, visite: <a href=\"http:\/\/help.opera.com\/Windows\/11.50\/en\/Cookies.html\">help.opera.com\/Windows\/11.50\/en\/Cookies.html<\/a><br \/>\n- Si utiliza Safari, encontrar\u00e1 la opci\u00f3n en el men\u00fa \"Preferencias\/Privacidad\".<br \/>\nPara m\u00e1s informaci\u00f3n, visite:<a href=\"http:\/\/support.apple.com\/kb\/HT1677?viewlocale=en_US\"> support.apple.com\/kb\/HT1677?viewlocale=en_US<\/a><\/p>\n<h2>IV. Contacto<\/h2>\n<ol style=\"list-style-type: lower-latin;\">\n<li>Para cualquier pregunta relacionada con el uso de la web de Editorial Claret y los t\u00e9rminos de uso y condiciones que la regula, usted puede ponerse en contacto directamente con nosotros mediante correo electr\u00f3nico a la siguiente direcci\u00f3n protecciondatos@claret.es y\/o mediante petici\u00f3n escrita dirigida a nuestras oficinas ubicadas en: C\/ Sic\u00edlia 410, 08025 Barcelona.<\/li>\n<\/ol>\n<\/div>\n<\/div><\/div><\/div><\/div><\/div>","protected":false},"excerpt":{"rendered":"<p>I. Objetivo Editorial Claret, S.L.U. (Editorial Claret) reconoce la importancia de la normativa y regulaci\u00f3n vigente en materia de privacidad y protecci\u00f3n de datos. En este sentido, la protecci\u00f3n de la seguridad, integridad y confidencialidad de la informaci\u00f3n de nuestros clientes y usuarios es muy relevante para nosotros y, por tanto, queremos actuar de forma [&hellip;]<\/p>\n","protected":false},"author":2,"featured_media":0,"parent":0,"menu_order":102,"comment_status":"closed","ping_status":"closed","template":"template-fullwidth.php","meta":{"_acf_changed":false,"rs_blank_template":"","rs_page_bg_color":"","slide_template_v7":"","inline_featured_image":false,"_monsterinsights_skip_tracking":false,"_monsterinsights_sitenote_active":false,"_monsterinsights_sitenote_note":"","_monsterinsights_sitenote_category":0,"footnotes":""},"class_list":["post-7447","page","type-page","status-publish","hentry"],"acf":[],"yoast_head":"<!-- This site is optimized with the Yoast SEO plugin v27.3 - https:\/\/yoast.com\/product\/yoast-seo-wordpress\/ -->\n<title>Editorial Claret<\/title>\n<meta name=\"robots\" content=\"noindex, follow, max-snippet:-1, max-image-preview:large, max-video-preview:-1\" \/>\n<meta property=\"og:locale\" content=\"es_ES\" \/>\n<meta property=\"og:type\" content=\"article\" \/>\n<meta property=\"og:title\" content=\"Pol\u00edtica de cookies - Editorial Claret\" \/>\n<meta property=\"og:description\" content=\"I. Objetivo Editorial Claret, S.L.U. (Editorial Claret) reconoce la importancia de la normativa y regulaci\u00f3n vigente en materia de privacidad y protecci\u00f3n de datos. En este sentido, la protecci\u00f3n de la seguridad, integridad y confidencialidad de la informaci\u00f3n de nuestros clientes y usuarios es muy relevante para nosotros y, por tanto, queremos actuar de forma [&hellip;]\" \/>\n<meta property=\"og:url\" content=\"https:\/\/www.editorialclaret.cat\/es\/politica-de-cookies\/\" \/>\n<meta property=\"og:site_name\" content=\"Editorial Claret\" \/>\n<meta property=\"article:modified_time\" content=\"2023-11-08T11:35:32+00:00\" \/>\n<meta name=\"twitter:card\" content=\"summary_large_image\" \/>\n<meta name=\"twitter:label1\" content=\"Tiempo de lectura\" \/>\n\t<meta name=\"twitter:data1\" content=\"9 minutos\" \/>\n<script type=\"application\/ld+json\" class=\"yoast-schema-graph\">{\"@context\":\"https:\\\/\\\/schema.org\",\"@graph\":[{\"@type\":\"WebPage\",\"@id\":\"https:\\\/\\\/www.editorialclaret.cat\\\/es\\\/politica-de-cookies\\\/\",\"url\":\"https:\\\/\\\/www.editorialclaret.cat\\\/es\\\/politica-de-cookies\\\/\",\"name\":\"Pol\u00edtica de cookies - Editorial Claret\",\"isPartOf\":{\"@id\":\"https:\\\/\\\/www.editorialclaret.cat\\\/#website\"},\"datePublished\":\"2022-07-22T18:25:53+00:00\",\"dateModified\":\"2023-11-08T11:35:32+00:00\",\"breadcrumb\":{\"@id\":\"https:\\\/\\\/www.editorialclaret.cat\\\/es\\\/politica-de-cookies\\\/#breadcrumb\"},\"inLanguage\":\"es\",\"potentialAction\":[{\"@type\":\"ReadAction\",\"target\":[\"https:\\\/\\\/www.editorialclaret.cat\\\/es\\\/politica-de-cookies\\\/\"]}]},{\"@type\":\"BreadcrumbList\",\"@id\":\"https:\\\/\\\/www.editorialclaret.cat\\\/es\\\/politica-de-cookies\\\/#breadcrumb\",\"itemListElement\":[{\"@type\":\"ListItem\",\"position\":1,\"name\":\"Portada\",\"item\":\"https:\\\/\\\/www.editorialclaret.cat\\\/es\\\/\"},{\"@type\":\"ListItem\",\"position\":2,\"name\":\"Pol\u00edtica de cookies\"}]},{\"@type\":\"WebSite\",\"@id\":\"https:\\\/\\\/www.editorialclaret.cat\\\/#website\",\"url\":\"https:\\\/\\\/www.editorialclaret.cat\\\/\",\"name\":\"Editorial Claret\",\"description\":\"\",\"publisher\":{\"@id\":\"https:\\\/\\\/www.editorialclaret.cat\\\/#organization\"},\"potentialAction\":[{\"@type\":\"SearchAction\",\"target\":{\"@type\":\"EntryPoint\",\"urlTemplate\":\"https:\\\/\\\/www.editorialclaret.cat\\\/?s={search_term_string}\"},\"query-input\":{\"@type\":\"PropertyValueSpecification\",\"valueRequired\":true,\"valueName\":\"search_term_string\"}}],\"inLanguage\":\"es\"},{\"@type\":\"Organization\",\"@id\":\"https:\\\/\\\/www.editorialclaret.cat\\\/#organization\",\"name\":\"Editorial Claret\",\"url\":\"https:\\\/\\\/www.editorialclaret.cat\\\/\",\"logo\":{\"@type\":\"ImageObject\",\"inLanguage\":\"es\",\"@id\":\"https:\\\/\\\/www.editorialclaret.cat\\\/#\\\/schema\\\/logo\\\/image\\\/\",\"url\":\"https:\\\/\\\/www.editorialclaret.cat\\\/wp-content\\\/uploads\\\/.\\\/logo-claret.png\",\"contentUrl\":\"https:\\\/\\\/www.editorialclaret.cat\\\/wp-content\\\/uploads\\\/.\\\/logo-claret.png\",\"width\":194,\"height\":79,\"caption\":\"Editorial Claret\"},\"image\":{\"@id\":\"https:\\\/\\\/www.editorialclaret.cat\\\/#\\\/schema\\\/logo\\\/image\\\/\"}}]}<\/script>\n<!-- \/ Yoast SEO plugin. -->","yoast_head_json":{"title":"Editorial Claret","robots":{"index":"noindex","follow":"follow","max-snippet":"max-snippet:-1","max-image-preview":"max-image-preview:large","max-video-preview":"max-video-preview:-1"},"og_locale":"es_ES","og_type":"article","og_title":"Pol\u00edtica de cookies - Editorial Claret","og_description":"I. Objetivo Editorial Claret, S.L.U. (Editorial Claret) reconoce la importancia de la normativa y regulaci\u00f3n vigente en materia de privacidad y protecci\u00f3n de datos. En este sentido, la protecci\u00f3n de la seguridad, integridad y confidencialidad de la informaci\u00f3n de nuestros clientes y usuarios es muy relevante para nosotros y, por tanto, queremos actuar de forma [&hellip;]","og_url":"https:\/\/www.editorialclaret.cat\/es\/politica-de-cookies\/","og_site_name":"Editorial Claret","article_modified_time":"2023-11-08T11:35:32+00:00","twitter_card":"summary_large_image","twitter_misc":{"Tiempo de lectura":"9 minutos"},"schema":{"@context":"https:\/\/schema.org","@graph":[{"@type":"WebPage","@id":"https:\/\/www.editorialclaret.cat\/es\/politica-de-cookies\/","url":"https:\/\/www.editorialclaret.cat\/es\/politica-de-cookies\/","name":"Pol\u00edtica de cookies - Editorial Claret","isPartOf":{"@id":"https:\/\/www.editorialclaret.cat\/#website"},"datePublished":"2022-07-22T18:25:53+00:00","dateModified":"2023-11-08T11:35:32+00:00","breadcrumb":{"@id":"https:\/\/www.editorialclaret.cat\/es\/politica-de-cookies\/#breadcrumb"},"inLanguage":"es","potentialAction":[{"@type":"ReadAction","target":["https:\/\/www.editorialclaret.cat\/es\/politica-de-cookies\/"]}]},{"@type":"BreadcrumbList","@id":"https:\/\/www.editorialclaret.cat\/es\/politica-de-cookies\/#breadcrumb","itemListElement":[{"@type":"ListItem","position":1,"name":"Portada","item":"https:\/\/www.editorialclaret.cat\/es\/"},{"@type":"ListItem","position":2,"name":"Pol\u00edtica de cookies"}]},{"@type":"WebSite","@id":"https:\/\/www.editorialclaret.cat\/#website","url":"https:\/\/www.editorialclaret.cat\/","name":"Editorial Claret","description":"","publisher":{"@id":"https:\/\/www.editorialclaret.cat\/#organization"},"potentialAction":[{"@type":"SearchAction","target":{"@type":"EntryPoint","urlTemplate":"https:\/\/www.editorialclaret.cat\/?s={search_term_string}"},"query-input":{"@type":"PropertyValueSpecification","valueRequired":true,"valueName":"search_term_string"}}],"inLanguage":"es"},{"@type":"Organization","@id":"https:\/\/www.editorialclaret.cat\/#organization","name":"Editorial Claret","url":"https:\/\/www.editorialclaret.cat\/","logo":{"@type":"ImageObject","inLanguage":"es","@id":"https:\/\/www.editorialclaret.cat\/#\/schema\/logo\/image\/","url":"https:\/\/www.editorialclaret.cat\/wp-content\/uploads\/.\/logo-claret.png","contentUrl":"https:\/\/www.editorialclaret.cat\/wp-content\/uploads\/.\/logo-claret.png","width":194,"height":79,"caption":"Editorial Claret"},"image":{"@id":"https:\/\/www.editorialclaret.cat\/#\/schema\/logo\/image\/"}}]}},"_links":{"self":[{"href":"https:\/\/www.editorialclaret.cat\/es\/wp-json\/wp\/v2\/pages\/7447","targetHints":{"allow":["GET"]}}],"collection":[{"href":"https:\/\/www.editorialclaret.cat\/es\/wp-json\/wp\/v2\/pages"}],"about":[{"href":"https:\/\/www.editorialclaret.cat\/es\/wp-json\/wp\/v2\/types\/page"}],"author":[{"embeddable":true,"href":"https:\/\/www.editorialclaret.cat\/es\/wp-json\/wp\/v2\/users\/2"}],"replies":[{"embeddable":true,"href":"https:\/\/www.editorialclaret.cat\/es\/wp-json\/wp\/v2\/comments?post=7447"}],"version-history":[{"count":9,"href":"https:\/\/www.editorialclaret.cat\/es\/wp-json\/wp\/v2\/pages\/7447\/revisions"}],"predecessor-version":[{"id":65040,"href":"https:\/\/www.editorialclaret.cat\/es\/wp-json\/wp\/v2\/pages\/7447\/revisions\/65040"}],"wp:attachment":[{"href":"https:\/\/www.editorialclaret.cat\/es\/wp-json\/wp\/v2\/media?parent=7447"}],"curies":[{"name":"wp","href":"https:\/\/api.w.org\/{rel}","templated":true}]}}